{"id":88,"date":"2017-11-15T14:19:09","date_gmt":"2017-11-15T14:19:09","guid":{"rendered":"http:\/\/www.ull.es\/centros\/escuela-superior-de-ingenieria-y-tecnologia\/?page_id=88"},"modified":"2025-04-22T07:51:20","modified_gmt":"2025-04-22T07:51:20","slug":"organizacion-estudiantil","status":"publish","type":"page","link":"https:\/\/www.ull.es\/centros\/facultad-humanidades\/informacion-general\/organizacion-estudiantil\/","title":{"rendered":"Organizaci\u00f3n estudiantil"},"content":{"rendered":"<p>[vc_row full_width=\u00bbstretch_row_content_no_spaces\u00bb el_class=\u00bbSliderPortada\u00bb css=\u00bb.vc_custom_1745237111535{margin-top: -100px !important;}\u00bb][vc_column][rev_slider_vc alias=\u00bbportada\u00bb][\/vc_column][\/vc_row][vc_row full_width=\u00bbstretch_row_content_no_spaces\u00bb][vc_column][vc_custom_heading text=\u00bb\u00bb font_container=\u00bbtag:h2|text_align:center\u00bb google_fonts=\u00bbfont_family:Montserrat%3Aregular%2C700|font_style:700%20bold%20regular%3A700%3Anormal\u00bb css=\u00bb.vc_custom_1721221176088{padding-top: 15px !important;padding-bottom: 15px !important;background-color: #360060 !important;}\u00bb][\/vc_column][\/vc_row][vc_row css=\u00bb.vc_custom_1745233821598{margin-top: 50px !important;}\u00bb][vc_column width=\u00bb2\/3&#8243; el_class=\u00bbpadding-50-right\u00bb css=\u00bb.vc_custom_1494506721665{padding-right: 50px !important;}\u00bb][vc_column_text]<\/p>\n<h1>Organizaci\u00f3n estudiantil<\/h1>\n<p>[\/vc_column_text][vc_tta_accordion shape=\u00bbsquare\u00bb c_icon=\u00bbchevron\u00bb c_position=\u00bbright\u00bb active_section=\u00bb\u00bb no_fill=\u00bbtrue\u00bb collapsible_all=\u00bbtrue\u00bb][vc_tta_section title=\u00bbSecci\u00f3n de Filosof\u00eda\u00bb tab_id=\u00bbseccion-filosofia\u00bb][vc_column_text]<\/p>\n<h3>Aula de Cultura de Filosof\u00eda<\/h3>\n<p>El Aula de Cultura de Filosof\u00eda dispone de un local en la planta baja del Edificio Departamental. Est\u00e1 formada por alumnos de la Facultad y organizan actividades culturales y de extensi\u00f3n.<\/p>\n<p>El encargado del Aula de Cultura de Filosof\u00eda es Steven Galvis<\/p>\n<h3>Representantes de alumnos en Junta de Facultad<\/h3>\n<p>Los alumnos representantes en Junta de Facultad, que funcionan como Delegaci\u00f3n de alumnos, disponen de un espacio en la planta alta del Edificio Departamental. Asimismo disponen de un buz\u00f3n en Conserjer\u00eda de la planta baja.[\/vc_column_text][\/vc_tta_section][vc_tta_section title=\u00bbSecci\u00f3n de Geograf\u00eda e Historia\u00bb tab_id=\u00bbseccion-geografia-historia\u00bb][vc_column_text]La Delegaci\u00f3n de Alumnos de la Secci\u00f3n se encuentra en la planta baja del Edificio Departamental, en el espacio A0-04.<\/p>\n<p>Para contactar con la misma puedes hacerlo\u00a0 a trav\u00e9s del Buz\u00f3n de la Delegaci\u00f3n de Alumnos, situado en la sala B0-01, ubicada tambi\u00e9n en la planta baja del edificio.[\/vc_column_text][\/vc_tta_section][\/vc_tta_accordion][\/vc_column][vc_column width=\u00bb1\/3&#8243;][vc_column_text el_class=\u00bbcontacto\u00bb]\n<ul class=\"widget-box\">\n<li class='contacto-header'>Informaci\u00f3n de contacto<\/li><li><i class=\"fa fa-map-marker\"><\/i> Facultad de Humanidades. Plaza del Rector D. Jos\u00e9 Carlos Alberto Bethencourt Apartado 456. C\u00f3digo postal 38200. San Crist\u00f3bal de La Laguna. S\/C de Tenerife.<\/li><li><i class=\"fa fa-phone\"><\/i> (+34) 922 31 77 18<\/li><li><i class=\"fa fa-envelope\"><\/i>  <a href=mailto:sechuman@ull.es>sechuman@ull.es<\/a><\/li><li><i class=\"fa fa-calendar\"><\/i><a href=\"http:\/\/citaprevia.ull.es\/index.php?s=humanidades\"> Cita previa<\/a><\/li><li><i class=\"fa fa-archive\"><\/i><a href=\"https:\/\/sede.ull.es\/ecivilis-site\/catalog\/showProcedure\/484\"> Procedimiento para quejas, sugerencias y felicitaciones<\/a><\/li>\n<\/ul>\n\n[\/vc_column_text][\/vc_column][\/vc_row]<\/p>\n","protected":false},"excerpt":{"rendered":"<p>[vc_row full_width=\u00bbstretch_row_content_no_spaces\u00bb el_class=\u00bbSliderPortada\u00bb css=\u00bb.vc_custom_1745237111535{margin-top: -100px !important;}\u00bb][vc_column][rev_slider_vc alias=\u00bbportada\u00bb][\/vc_column][\/vc_row][vc_row full_width=\u00bbstretch_row_content_no_spaces\u00bb][vc_column][vc_custom_heading text=\u00bb\u00bb font_container=\u00bbtag:h2|text_align:center\u00bb google_fonts=\u00bbfont_family:Montserrat%3Aregular%2C700|font_style:700%20bold%20regular%3A700%3Anormal\u00bb css=\u00bb.vc_custom_1721221176088{padding-top: 15px !important;padding-bottom: 15px !important;background-color: #360060 !important;}\u00bb][\/vc_column][\/vc_row][vc_row css=\u00bb.vc_custom_1745233821598{margin-top: 50px !important;}\u00bb][vc_column width=\u00bb2\/3&#8243; el_class=\u00bbpadding-50-right\u00bb css=\u00bb.vc_custom_1494506721665{padding-right: 50px !important;}\u00bb][vc_column_text] Organizaci\u00f3n estudiantil [\/vc_column_text][vc_tta_accordion shape=\u00bbsquare\u00bb c_icon=\u00bbchevron\u00bb c_position=\u00bbright\u00bb active_section=\u00bb\u00bb no_fill=\u00bbtrue\u00bb collapsible_all=\u00bbtrue\u00bb][vc_tta_section title=\u00bbSecci\u00f3n de Filosof\u00eda\u00bb tab_id=\u00bbseccion-filosofia\u00bb][vc_column_text] Aula de Cultura de Filosof\u00eda El Aula de Cultura de Filosof\u00eda dispone de un local en&#8230;<\/p>\n","protected":false},"author":1,"featured_media":0,"parent":40,"menu_order":0,"comment_status":"closed","ping_status":"closed","template":"templates\/template-frontpage.php","meta":[],"acf":[],"_links":{"self":[{"href":"https:\/\/www.ull.es\/centros\/facultad-humanidades\/wp-json\/wp\/v2\/pages\/88"}],"collection":[{"href":"https:\/\/www.ull.es\/centros\/facultad-humanidades\/wp-json\/wp\/v2\/pages"}],"about":[{"href":"https:\/\/www.ull.es\/centros\/facultad-humanidades\/wp-json\/wp\/v2\/types\/page"}],"author":[{"embeddable":true,"href":"https:\/\/www.ull.es\/centros\/facultad-humanidades\/wp-json\/wp\/v2\/users\/1"}],"replies":[{"embeddable":true,"href":"https:\/\/www.ull.es\/centros\/facultad-humanidades\/wp-json\/wp\/v2\/comments?post=88"}],"version-history":[{"count":14,"href":"https:\/\/www.ull.es\/centros\/facultad-humanidades\/wp-json\/wp\/v2\/pages\/88\/revisions"}],"predecessor-version":[{"id":1153,"href":"https:\/\/www.ull.es\/centros\/facultad-humanidades\/wp-json\/wp\/v2\/pages\/88\/revisions\/1153"}],"up":[{"embeddable":true,"href":"https:\/\/www.ull.es\/centros\/facultad-humanidades\/wp-json\/wp\/v2\/pages\/40"}],"wp:attachment":[{"href":"https:\/\/www.ull.es\/centros\/facultad-humanidades\/wp-json\/wp\/v2\/media?parent=88"}],"curies":[{"name":"wp","href":"https:\/\/api.w.org\/{rel}","templated":true}]}}