{"id":127,"date":"2017-11-16T10:05:56","date_gmt":"2017-11-16T10:05:56","guid":{"rendered":"http:\/\/www.ull.es\/centros\/escuela-superior-de-ingenieria-y-tecnologia\/?page_id=127"},"modified":"2025-10-14T09:38:39","modified_gmt":"2025-10-14T09:38:39","slug":"sgc-medicina","status":"publish","type":"page","link":"https:\/\/www.ull.es\/centros\/facultad-medicina\/informacion-general\/sistema-de-garantia-de-calidad\/sgc-medicina\/","title":{"rendered":"SGC Secci\u00f3n de Medicina"},"content":{"rendered":"<p>[vc_row full_width=\u00bbstretch_row_content_no_spaces\u00bb el_class=\u00bbSliderPortada\u00bb css=\u00bb.vc_custom_1745237111535{margin-top: -100px !important;}\u00bb][vc_column][rev_slider_vc alias=\u00bbportada\u00bb][\/vc_column][\/vc_row][vc_row full_width=\u00bbstretch_row_content_no_spaces\u00bb][vc_column][vc_custom_heading text=\u00bb\u00bb font_container=\u00bbtag:h2|text_align:center\u00bb google_fonts=\u00bbfont_family:Montserrat%3Aregular%2C700|font_style:700%20bold%20regular%3A700%3Anormal\u00bb css=\u00bb.vc_custom_1721221176088{padding-top: 15px !important;padding-bottom: 15px !important;background-color: #360060 !important;}\u00bb][\/vc_column][\/vc_row][vc_row css=\u00bb.vc_custom_1760434717330{margin-top: 30px !important;}\u00bb][vc_column][vc_column_text]<\/p>\n<h1>Sistema de Garant\u00eda de Calidad<\/h1>\n<h2>Secci\u00f3n de Medicina<\/h2>\n<p>[\/vc_column_text][vc_tta_accordion shape=\u00bbsquare\u00bb c_icon=\u00bbchevron\u00bb c_position=\u00bbright\u00bb active_section=\u00bb\u00bb no_fill=\u00bbtrue\u00bb collapsible_all=\u00bbtrue\u00bb][vc_tta_section title=\u00bbPresentaci\u00f3n\u00bb tab_id=\u00bbpresentacion\u00bb][vc_column_text]La Facultad de Medicina (actual Secci\u00f3n) ha adquirido el compromiso de implantar el programa AUDIT-Sistemas de Garant\u00eda Interna de Calidad (SGIC), cuyo dise\u00f1o fue aprobado en marzo de 2011 por la Agencia Nacional de Evaluaci\u00f3n de la Calidad y Acreditaci\u00f3n (ANECA) (<a href=\"https:\/\/drive.google.com\/open?id=1n3jg-LlH5P0fb2gTt7Z9VbgWVG4WmfCX\" target=\"_blank\" rel=\"noopener\" target=\"_blank\" rel=\"noopener\">Informe de evaluaci\u00f3n del dise\u00f1o del SGIC<\/a>). El \u00e1mbito de aplicaci\u00f3n del SGIC de la Facultad de Medicina (actual Secci\u00f3n),\u00a0 incluye a todas las titulaciones que se imparten y a sus responsables.<\/p>\n<p>El dise\u00f1o del SGIC de la Facultad de Medicina consta de veinti\u00fan\u00a0<a href=\"https:\/\/drive.google.com\/drive\/u\/1\/folders\/1vEEMKrpo7Z4lWJO9vIjbQnBQY_p69j1S?ogsrc=32\" target=\"_blank\" rel=\"noopener\">procedimientos<\/a>\u00a0que contemplan los siguientes criterios, orientados a la mejora continua:<\/p>\n<ul>\n<li>Pol\u00edtica y objetivos de calidad<\/li>\n<li>Dise\u00f1o de la oferta formativa<\/li>\n<li>Desarrollo de la ense\u00f1anza y otras actuaciones orientadas a los estudiantes<\/li>\n<li>Personal acad\u00e9mico y de apoyo a la docencia<\/li>\n<li>Recursos materiales y servicios<\/li>\n<li>Resultados de la formaci\u00f3n<\/li>\n<li>Informaci\u00f3n p\u00fablica<\/li>\n<\/ul>\n<p>La documentaci\u00f3n del SGIC consta de un\u00a0<a href=\"https:\/\/drive.google.com\/file\/d\/17OUBvU1Gpq_tpM6aJHGBZU8ZbJC9wZ1P\/view\" target=\"_blank\" rel=\"noopener\">Manual de Calidad<\/a>, en el que se definen las caracter\u00edsticas generales del sistema y un\u00a0<a href=\"https:\/\/drive.google.com\/open?id=14h3j7hYHlkE2RVKwWnfdv_6J9gehTJsf\" target=\"_blank\" rel=\"noopener\" target=\"_blank\" rel=\"noopener\">Manual de Procedimientos<\/a>\u00a0compuesto por una serie de procedimientos que est\u00e1n en consonancia con los \u201cCriterios y directrices para la garant\u00eda de calidad en el Espacio Europeo de Educaci\u00f3n Superior\u201d, elaborados por la Agencia Europea de Aseguramiento de la Calidad en la Educaci\u00f3n Superior (ENQUA), y adaptados por la ANECA.[\/vc_column_text][\/vc_tta_section][vc_tta_section title=\u00bbResponsables\u00bb tab_id=\u00bbresponsables\u00bb][vc_column_text]<\/p>\n<h2>Responsable Sistema Garant\u00eda Int. Calidad. Secci\u00f3n de Medicina<\/h2>\n<ul>\n<li>Jos\u00e9 David Machado Ponce: <a href=\"mailto:jdmacha@ull.es\" target=\"_blank\" rel=\"noopener\">jdmacha@ull.es<\/a><\/li>\n<\/ul>\n<p>[\/vc_column_text][\/vc_tta_section][vc_tta_section title=\u00bbPol\u00edticas y Objetivos de Calidad\u00bb tab_id=\u00bbpoliticas-objetivos-calidad\u00bb][vc_column_text]La Facultad de Medicina de la Universidad de La Laguna, convencida de la importancia de mantener una cultura de Calidad en el \u00e1mbito universitario, considera la perseverancia en una pol\u00edtica de calidad el elemento estrat\u00e9gico para optimizar su funcionamiento, conseguir los satisfacci\u00f3n de los agentes implicados y asegurar que los futuros m\u00e9dicos alcancen las competencias necesarias para su desarrollo profesional. Esta vocaci\u00f3n se plasma en el Sistema Interno de Garant\u00eda de Calidad (SIGC) vigente para la titulaci\u00f3n e incluido en el documento VERIFICA aprobado por la ANECA en junio de 2010. Adicionalmente, se ha procedido a la formulaci\u00f3n del Sistema de Garant\u00eda de Calidad correspondiente al Centro, verificado por la ANECA en enero 2011 y para el que se obtuvo certificado de excelencia.<\/p>\n<p class=\"p1\">El SIGC de la Titulaci\u00f3n de Medicina prev\u00e9 la elaboraci\u00f3n anual de un documento de Pol\u00edtica y Objetivos de Calidad, que debe ser ratificado por la Comisi\u00f3n de Calidad (CCC) y refrendado por la Junta de Facultad. Posteriormente, este documento quedar\u00e1 expuesto para su consulta por los colectivos implicados y el p\u00fablico en general.<\/p>\n<p class=\"p2\">El decanato de la Facultad de Medicina de la ULL entiende como parte de su pol\u00edtica de calidad la enunciaci\u00f3n de objetivos tangibles, concretos y demostrables. De este modo, se propone articular los objetivos de calidad en tres \u00e1mbitos, con sus respectivos objetivos generales:<\/p>\n<p class=\"p2\"><strong>1. Acad\u00e9mico &#8211; formativo<\/strong><\/p>\n<p class=\"p1\">Formar profesionales de reconocida calidad y prestigio, con las competencias t\u00e9cnicas precisas para iniciar la formaci\u00f3n especializada, atendiendo adem\u00e1s a su formaci\u00f3n humana y \u00e9tica, as\u00ed como inculcar la necesidad de formaci\u00f3n continuada.<\/p>\n<p class=\"p1\">Los objetivos en este aspecto deben contemplar el car\u00e1cter clave de este a\u00f1o, en el que completa la introducci\u00f3n del grado para casi todos los cursos y alumnos de la titulaci\u00f3n.<\/p>\n<p class=\"p1\"><strong>2. Investigaci\u00f3n<\/strong><\/p>\n<p class=\"p1\">Fomentar y favorecer una investigaci\u00f3n de excelencia de sus grupos que son la garant\u00eda de un adecuado progreso en el conocimiento.<\/p>\n<p class=\"p1\"><strong>3. Medios<\/strong><\/p>\n<p class=\"p1\">Analizar y gestionar la dotaci\u00f3n de recursos humanos y materiales suficientes para que los dos primeros objetivos sean alcanzados, as\u00ed como ponerse al servicio de la sociedad y garantizar el adecuado ambiente de trabajo entre los miembros que integran la comunidad del Centro.<\/p>\n<p class=\"p1\">Adicionalmente, el Sistema Interno de Garant\u00eda de Calidad prev\u00e9 la elaboraci\u00f3n de otros documentos:<\/p>\n<ul class=\"ul1\">\n<li class=\"li1\">Informe sobre la coherencia del Plan de Estudios con los objetivos de aprendizaje<\/li>\n<li class=\"li1\">Procedimiento para la garant\u00eda de calidad de las pr\u00e1cticas hospitalarias<\/li>\n<li class=\"li1\">Informaci\u00f3n necesaria para gestionar los procesos de movilidad<\/li>\n<li class=\"li1\">An\u00e1lisis de la inserci\u00f3n laboral de los graduados y de\u00a0 satisfacci\u00f3n con la formaci\u00f3n<\/li>\n<li class=\"li1\">An\u00e1lisis de la satisfacci\u00f3n de los colectivos<\/li>\n<\/ul>\n<p class=\"p2\">Que ser\u00e1n objeto de discusi\u00f3n en CCC y publicaci\u00f3n si corresponde.<\/p>\n<ul>\n<li><a href=\"https:\/\/drive.google.com\/open?id=1p-W7wGoY8bwHAdTUMhgf5KDFcz_ITwB_\" target=\"_blank\" rel=\"noopener\" target=\"_blank\" rel=\"noopener\">POC 2012 (20-03-13)<br \/>\n<\/a><\/li>\n<li><a href=\"https:\/\/drive.google.com\/open?id=1GObN_0W9Ne687RDZQjyJXMf3u2a58BD9\" target=\"_blank\" rel=\"noopener\" target=\"_blank\" rel=\"noopener\">POC Consecuci\u00f3n de objetivos. A\u00f1o 2013 (20-03-13)<br \/>\n<\/a><\/li>\n<li><a href=\"https:\/\/drive.google.com\/open?id=1QM83u_I0YH13HkZrAO-Y7Jko3q4ZENdT\" target=\"_blank\" rel=\"noopener\">Documento sobre pol\u00edtica y objetivos de Calidad para el a\u00f1o 2016. <\/a>Aprobado el 13\/02\/17<\/li>\n<\/ul>\n<p>[\/vc_column_text][\/vc_tta_section][vc_tta_section title=\u00bbManual de calidad\u00bb tab_id=\u00bbmanual-calidad\u00bb][vc_column_text]<\/p>\n<ul>\n<li><a href=\"https:\/\/drive.google.com\/open?id=17OUBvU1Gpq_tpM6aJHGBZU8ZbJC9wZ1P\" target=\"_blank\" rel=\"noopener\">Manual SGIC<\/a><\/li>\n<li><a href=\"https:\/\/drive.google.com\/open?id=14h3j7hYHlkE2RVKwWnfdv_6J9gehTJsf\" target=\"_blank\" rel=\"noopener\">Manual de procedimientos<\/a><\/li>\n<li><a href=\"https:\/\/drive.google.com\/open?id=1p-W7wGoY8bwHAdTUMhgf5KDFcz_ITwB_\" target=\"_blank\" rel=\"noopener\">Documento de pol\u00edtica y objetivos de Calidad 2012<\/a><\/li>\n<li><a href=\"https:\/\/drive.google.com\/open?id=1n3jg-LlH5P0fb2gTt7Z9VbgWVG4WmfCX\" target=\"_blank\" rel=\"noopener\">Informe favorable de la ANECA sobre evaluaci\u00f3n del dise\u00f1o del SIGC<\/a><\/li>\n<\/ul>\n<p>[\/vc_column_text][\/vc_tta_section][vc_tta_section title=\u00bbProcedimientos\u00bb tab_id=\u00bbprocedimientos\u00bb][vc_column_text]<\/p>\n<ul>\n<li><a href=\"https:\/\/drive.google.com\/open?id=1vEEMKrpo7Z4lWJO9vIjbQnBQY_p69j1S\" target=\"_blank\" rel=\"noopener\">Acceso a los procedimientos de la secci\u00f3n de Medicina<\/a><\/li>\n<\/ul>\n<p>[\/vc_column_text][\/vc_tta_section][vc_tta_section title=\u00bbInformes y resultados\u00bb tab_id=\u00bbinformes-resultados\u00bb][vc_column_text]<\/p>\n<ul>\n<li><a href=\"https:\/\/drive.google.com\/open?id=1h_t7uiejOWtiFCz6mkGyk2cCHfQUSnhu\" target=\"_blank\" rel=\"noopener\" target=\"_blank\" rel=\"noopener\">Resultados de la encuesta de satisfacci\u00f3n del alumnado (20-02-14)<\/a><\/li>\n<li><a href=\"https:\/\/drive.google.com\/open?id=148J59AP-ccVndkl0Qbshf3hoinFrtV8B\" target=\"_blank\" rel=\"noopener\" target=\"_blank\" rel=\"noopener\">Indicadores de rendimiento de la titulaci\u00f3n (20-02-14)<\/a><\/li>\n<li><a href=\"https:\/\/drive.google.com\/open?id=1zl4li0EphXeu2MsnZTeRRW8Gi1AnCl1a\" target=\"_blank\" rel=\"noopener\" target=\"_blank\" rel=\"noopener\">Informe favorable de la ANECA sobre evaluaci\u00f3n del dise\u00f1o del SIGC (20-03-13)<br \/>\n<\/a><\/li>\n<li><a href=\"https:\/\/drive.google.com\/open?id=1Nqr4OfG5XRqARDTw2Mtsf10TfPhTzgs7\" target=\"_blank\" rel=\"noopener\" target=\"_blank\" rel=\"noopener\">Informe encuesta de satisfacci\u00f3n (13-03-13)<\/a><\/li>\n<\/ul>\n<hr \/>\n<ul>\n<li><a href=\"https:\/\/drive.google.com\/open?id=1cFyvOIKRUMHVlR-tpoQGEyNjO7dvntN1\" target=\"_blank\" rel=\"noopener\">Resumen de las encuestas de satisfacci\u00f3n del alumnado con el Grado en Medicina Resumen de las encuestas de satisfacci\u00f3n del alumnado con el Grado en Medicina<\/a><\/li>\n<li><a href=\"https:\/\/drive.google.com\/open?id=15Wgt866wO4nPvxrQCsyPsnQiW8jZDQAj\" target=\"_blank\" rel=\"noopener\">Resumen de las encuestas de satisfacci\u00f3n del PDI con el Grado en Medicina Resumen de las encuestas de satisfacci\u00f3n del PDI con el Grado en Medicina<\/a><\/li>\n<li><a href=\"https:\/\/drive.google.com\/open?id=1fRsOdfxfY5RhF5ElZ2Ww95dzVlIkRF3M\" target=\"_blank\" rel=\"noopener\">Resumen de las encuestas de satisfacci\u00f3n de los egresados con el Grado en Medicina e inserci\u00f3n laboral. Evoluci\u00f3n Resumen de las encuestas de satisfacci\u00f3n de los egresados con el Grado en Medicina e inserci\u00f3n laboral. Evoluci\u00f3n.<\/a><\/li>\n<li>PR 16. Informe de resultados: tasas. Comparaci\u00f3n de resultados: Titulaciones a extinguir vs. Grados PR 16. Informe de resultados: tasas.<\/li>\n<li>Comparaci\u00f3n de resultados: Titulaciones a extinguir vs. Grados<\/li>\n<li>Informe favorable de la ANECA sobre evaluaci\u00f3n del dise\u00f1o del SIGC<\/li>\n<\/ul>\n<p>[\/vc_column_text][\/vc_tta_section][\/vc_tta_accordion][\/vc_column][\/vc_row]<\/p>\n","protected":false},"excerpt":{"rendered":"<p>[vc_row full_width=\u00bbstretch_row_content_no_spaces\u00bb el_class=\u00bbSliderPortada\u00bb css=\u00bb.vc_custom_1745237111535{margin-top: -100px !important;}\u00bb][vc_column][rev_slider_vc alias=\u00bbportada\u00bb][\/vc_column][\/vc_row][vc_row full_width=\u00bbstretch_row_content_no_spaces\u00bb][vc_column][vc_custom_heading text=\u00bb\u00bb font_container=\u00bbtag:h2|text_align:center\u00bb google_fonts=\u00bbfont_family:Montserrat%3Aregular%2C700|font_style:700%20bold%20regular%3A700%3Anormal\u00bb css=\u00bb.vc_custom_1721221176088{padding-top: 15px !important;padding-bottom: 15px !important;background-color: #360060 !important;}\u00bb][\/vc_column][\/vc_row][vc_row css=\u00bb.vc_custom_1760434717330{margin-top: 30px !important;}\u00bb][vc_column][vc_column_text] Sistema de Garant\u00eda de Calidad Secci\u00f3n de Medicina [\/vc_column_text][vc_tta_accordion shape=\u00bbsquare\u00bb c_icon=\u00bbchevron\u00bb c_position=\u00bbright\u00bb active_section=\u00bb\u00bb no_fill=\u00bbtrue\u00bb collapsible_all=\u00bbtrue\u00bb][vc_tta_section title=\u00bbPresentaci\u00f3n\u00bb tab_id=\u00bbpresentacion\u00bb][vc_column_text]La Facultad de Medicina (actual Secci\u00f3n) ha adquirido el compromiso de implantar el programa AUDIT-Sistemas de Garant\u00eda Interna&#8230;<\/p>\n","protected":false},"author":1,"featured_media":0,"parent":123,"menu_order":0,"comment_status":"closed","ping_status":"closed","template":"templates\/template-frontpage.php","meta":[],"acf":[],"_links":{"self":[{"href":"https:\/\/www.ull.es\/centros\/facultad-medicina\/wp-json\/wp\/v2\/pages\/127"}],"collection":[{"href":"https:\/\/www.ull.es\/centros\/facultad-medicina\/wp-json\/wp\/v2\/pages"}],"about":[{"href":"https:\/\/www.ull.es\/centros\/facultad-medicina\/wp-json\/wp\/v2\/types\/page"}],"author":[{"embeddable":true,"href":"https:\/\/www.ull.es\/centros\/facultad-medicina\/wp-json\/wp\/v2\/users\/1"}],"replies":[{"embeddable":true,"href":"https:\/\/www.ull.es\/centros\/facultad-medicina\/wp-json\/wp\/v2\/comments?post=127"}],"version-history":[{"count":22,"href":"https:\/\/www.ull.es\/centros\/facultad-medicina\/wp-json\/wp\/v2\/pages\/127\/revisions"}],"predecessor-version":[{"id":885,"href":"https:\/\/www.ull.es\/centros\/facultad-medicina\/wp-json\/wp\/v2\/pages\/127\/revisions\/885"}],"up":[{"embeddable":true,"href":"https:\/\/www.ull.es\/centros\/facultad-medicina\/wp-json\/wp\/v2\/pages\/123"}],"wp:attachment":[{"href":"https:\/\/www.ull.es\/centros\/facultad-medicina\/wp-json\/wp\/v2\/media?parent=127"}],"curies":[{"name":"wp","href":"https:\/\/api.w.org\/{rel}","templated":true}]}}