{"id":450,"date":"2018-01-30T11:23:18","date_gmt":"2018-01-30T11:23:18","guid":{"rendered":"http:\/\/www.ull.es\/centros\/facultad-ciencias-salud\/?page_id=450"},"modified":"2025-10-14T09:38:26","modified_gmt":"2025-10-14T09:38:26","slug":"sgc-enfermeria-fisioterapia","status":"publish","type":"page","link":"https:\/\/www.ull.es\/centros\/facultad-medicina\/informacion-general\/sistema-de-garantia-de-calidad\/sgc-enfermeria-fisioterapia\/","title":{"rendered":"SGC Secci\u00f3n de Fisioterapia"},"content":{"rendered":"<p>[vc_row full_width=\u00bbstretch_row_content_no_spaces\u00bb el_class=\u00bbSliderPortada\u00bb css=\u00bb.vc_custom_1745237111535{margin-top: -100px !important;}\u00bb][vc_column][rev_slider_vc alias=\u00bbportada\u00bb][\/vc_column][\/vc_row][vc_row full_width=\u00bbstretch_row_content_no_spaces\u00bb][vc_column][vc_custom_heading text=\u00bb\u00bb font_container=\u00bbtag:h2|text_align:center\u00bb google_fonts=\u00bbfont_family:Montserrat%3Aregular%2C700|font_style:700%20bold%20regular%3A700%3Anormal\u00bb css=\u00bb.vc_custom_1721221176088{padding-top: 15px !important;padding-bottom: 15px !important;background-color: #360060 !important;}\u00bb][\/vc_column][\/vc_row][vc_row css=\u00bb.vc_custom_1760434703309{margin-top: 30px !important;}\u00bb][vc_column][vc_column_text]<\/p>\n<h1>Sistema de Garant\u00eda de Calidad<\/h1>\n<h2>Secci\u00f3n de Fisioterapia<\/h2>\n<p>[\/vc_column_text][vc_tta_accordion shape=\u00bbsquare\u00bb c_icon=\u00bbchevron\u00bb c_position=\u00bbright\u00bb active_section=\u00bb\u00bb no_fill=\u00bbtrue\u00bb collapsible_all=\u00bbtrue\u00bb][vc_tta_section title=\u00bbPresentaci\u00f3n\u00bb tab_id=\u00bbpresentacion\u00bb][vc_column_text]El Sistema de Garant\u00eda Interna de Calidad (SGIC) en las Instituciones Universitarias es uno de los elementos fundamentales en los que se asienta la construcci\u00f3n del Espacio Europeo de Ense\u00f1anza Superior. El SGIC de la\u00a0 Escuela Universitaria de Enfermer\u00eda y Fisioterapia ha tomado como referencia los criterios y directrices propuestos por la Agencia Nacional de Evaluaci\u00f3n de la Calidad y Acreditaci\u00f3n (ANECA) para el establecimiento del SGIC.<\/p>\n<p>El \u00e1mbito de aplicaci\u00f3n del SGIC de la Escuela Universitaria de Enfermer\u00eda y Fisioterapia, incluye a todas las titulaciones que se imparten y a sus responsables, as\u00ed como a las de futura\u00a0 implantaci\u00f3n.<\/p>\n<p>El objetivo del Sistema de Garant\u00eda Interna de la Calidad de la Escuela Universitaria de Enfermer\u00eda y Fisioterapia, es garantizar la calidad de los nuevos Planes de Estudio de Graduado en Enfermer\u00eda y Graduado en Fisioterapia implantados en el curso 2009-2010 y futuros Grados, M\u00e1ster, Maestr\u00edas y T\u00edtulos Propios, impartidos en el Centro, as\u00ed como el compromiso del mismo y de la propia Universidad en el cumplimiento y en la mejora de su trabajo docente.<\/p>\n<p>Los documentos que configuran el SGIC de la Escuela Universitaria de Enfermer\u00eda y Fisioterapia, son<\/p>\n<ul>\n<li>El\u00a0<strong><a href=\"https:\/\/drive.google.com\/open?id=1dFhaVFk90Wn4mgz6wR8sOA2s0CKekh3a\" target=\"_blank\" rel=\"noopener noreferrer\" target=\"_blank\" rel=\"noopener\">Manual del SGIC<\/a><\/strong>\u00a0(MSGIC), en el que se recogen las directrices establecidas por la ANECA para el dise\u00f1o del SGIC del Centro, junto con los Anexos 1, 2, 3 y 4 (\u201cMapa de procesos\u201d, \u201cLista de comprobaci\u00f3n para el seguimiento de la implantaci\u00f3n del SGIC\u201d, \u201cPol\u00edtica y objetivos de calidad del centro\u201d y \u201cActa de nombramiento de la Comisi\u00f3n de Calidad del Centro\u201c, respectivamente).<\/li>\n<li>El<strong>\u00a0<a href=\"https:\/\/drive.google.com\/open?id=1CMBlI-r-IGfHFsxEsQ95QRM5sqPo8Yaj\" target=\"_blank\" rel=\"noopener noreferrer\" target=\"_blank\" rel=\"noopener\">Manual de Procedimientos<\/a><\/strong>, en el que se re\u00fanen los veinte procedimientos a los que se hace continua referencia en el MSGIC, junto con los Anexos relativos a los mismos.<\/li>\n<\/ul>\n<p>Los documentos b\u00e1sicos han sido elaborados por la Unidad de Evaluaci\u00f3n y Mejora de la Calidad (UEMC), bajo la forma de documento marco, que posteriormente ha sido personalizado por el Centro atendiendo a sus diferentes particularidades, pero garantizando el cumplimiento de los requisitos contenidos en la propuesta de acreditaci\u00f3n elaborada por ANECA.<\/p>\n<p>El Manual del SGIC ha sido elaborado a partir de la propuesta del Programa AUDIT (ANECA), que indica que un SGIC debe contemplar, como m\u00ednimo, los siguientes elementos que afectan a la formaci\u00f3n universitaria:<\/p>\n<ul>\n<li>Pol\u00edtica y objetivos de calidad<\/li>\n<li>Garant\u00eda de Calidad de los programas formativos<\/li>\n<li>Orientaci\u00f3n a los estudiantes y desarrollo de las ense\u00f1anzas<\/li>\n<li>Personal acad\u00e9mico y de apoyo a la docencia<\/li>\n<li>Recursos materiales y Servicios<\/li>\n<li>Resultados de la formaci\u00f3n<\/li>\n<li>Informaci\u00f3n p\u00fablica<\/li>\n<\/ul>\n<p>El sistema Interno de Garant\u00eda de Calidad de la Escuela Universitaria de Enfermer\u00eda y Fisioterapia de la Universidad de La Laguna ha sido evaluado positivamente por la Agencia Nacional de Evaluaci\u00f3n de la Calidad y la Acreditaci\u00f3n en Marzo de 2010<\/p>\n<ul>\n<li><span class=\"Apple-style-span\"><a href=\"https:\/\/drive.google.com\/open?id=19oY6IXZtWQ53NUMmoCG1EtMOC8xauqwP\" target=\"_blank\" rel=\"noopener noreferrer\" target=\"_blank\" rel=\"noopener\">Informe de evaluaci\u00f3n del dise\u00f1o del SGIC de la Escuela Universitaria de Enfermer\u00eda y Fisioterapia de la ULL, Programa AUDIT de la ANECA<\/a><\/span><\/li>\n<\/ul>\n<p>[\/vc_column_text][\/vc_tta_section][vc_tta_section title=\u00bbResponsables\u00bb tab_id=\u00bbresponsables\u00bb][vc_column_text]<strong>Vicerrectorado de Profesorado y Calidad Docente.<\/strong> El Vicerrectorado de Profesorado y Calidad Docente apoya firmemente la implantaci\u00f3n y desarrollo de Sistemas de Garant\u00eda de Calidad, en tanto que suponen un refuerzo de la garant\u00eda de la calidad y mejora continua de sus titulaciones, facilitando el proceso de acreditaci\u00f3n de las mismas. El apoyo del Equipo Rectoral se realiza a trav\u00e9s de la UEMC de la ULL, la cual aporta la documentaci\u00f3n gen\u00e9rica, colabora en la revisi\u00f3n, planificaci\u00f3n de la implantaci\u00f3n y en el seguimiento de los Sistemas de Garant\u00eda de Calidad. Asimismo, facilitar\u00e1 la informaci\u00f3n necesaria (informes, encuestas, etc.) para proceder al continuo an\u00e1lisis de resultados.<\/p>\n<p><strong>Equipo de Direcci\u00f3n del Centro.<\/strong>\u00a0El Equipo de Direcci\u00f3n del Centro y, en particular, su Decano\/Director, asume la responsabilidad de establecer la propuesta de pol\u00edtica y objetivos de calidad del Centro, nombrar\u00e1 un Coordinador de Calidad para que lo represente en todo lo relativo al seguimiento del SGIC y propondr\u00e1 a la Junta de Centro la revisi\u00f3n de la composici\u00f3n y funciones de la Comisi\u00f3n de Calidad de Centro (CCC).<\/p>\n<p><strong>Coordinador de Calidad.<\/strong>\u00a0Para ayudar al Decano\/Director en las tareas correspondientes al dise\u00f1o, implantaci\u00f3n, mantenimiento y mejora del SGIC, se nombrar\u00e1 un Coordinador de Calidad. Con independencia de las responsabilidades que se le indiquen en el correspondiente nombramiento o que le sean asignadas, el Coordinador de Calidad tiene la responsabilidad y autoridad<br \/>\nsuficiente para:<\/p>\n<ul>\n<li>Asegurarse de que se establecen, implantan y mantienen los procesos necesarios para el desarrollo del SGIC.<\/li>\n<li>Informar al Equipo de Direcci\u00f3n del Centro sobre el desempe\u00f1o del SGIC y de cualquier necesidad de mejora requerida por el Centro.<\/li>\n<li>Asegurarse de que se promueve la toma de conciencia de la rendici\u00f3n de cuentas a los grupos de inter\u00e9s en todos los niveles del Centro.<\/li>\n<\/ul>\n<p><strong>Comisi\u00f3n de Calidad del Centro (CCC)<\/strong>. La CCC es un \u00f3rgano que participa en las tareas de planificaci\u00f3n y seguimiento del SGIC, actuando adem\u00e1s como uno de los veh\u00edculos de comunicaci\u00f3n interna de la pol\u00edtica, objetivos, planes, programas, responsabilidades y logros de este sistema. Son funciones de la CCC:<\/p>\n<ul>\n<li>Dise\u00f1ar el SGIC.<\/li>\n<li>Recibir informaci\u00f3n del Decano\/Director sobre los proyectos de modificaci\u00f3n del organigrama y se posiciona ante los mismos.<\/li>\n<li>Estar informada por el Decano\/Director respecto a la Pol\u00edtica y los Objetivos Generales de la Calidad del Centro y se encarga de la difusi\u00f3n de esta informaci\u00f3n al resto del Centro.<\/li>\n<li>Verificar la planificaci\u00f3n del SGIC.<\/li>\n<li>Realizar el seguimiento del SGIC.<\/li>\n<li>Desarrollar procesos de revisi\u00f3n y mejora de los programas formativos.<\/li>\n<li>Realizar el seguimiento de la eficacia de los procesos a trav\u00e9s de los indicadores asociados a estos.<\/li>\n<li>Estudiar y, en su caso, aprobar la implantaci\u00f3n de las propuestas de mejora del SGIC sugeridas por los restantes miembros del Centro.<\/li>\n<li>Controlar la ejecuci\u00f3n de: las acciones correctivas y\/o preventivas, actuaciones derivadas de la revisi\u00f3n del sistema, acciones de respuesta a las sugerencias, quejas y reclamaciones.<\/li>\n<\/ul>\n<p>La Comisi\u00f3n de Calidad de la EUEF est\u00e1 compuesta por\u00a0<a href=\"http:\/\/www.ull.es\/centros\/facultad-ciencias-salud\/informacion-general\/junta-de-facultad-y-comisiones\/\" target=\"_blank\" rel=\"noopener noreferrer\" target=\"_blank\" rel=\"noopener\">(pulsar enlace):<\/a><\/p>\n<ul>\n<li>El Director del Centro que actuar\u00e1 de Presidente<\/li>\n<li>El Secretario del Centro que actuar\u00e1 como Secretario<\/li>\n<li>El Coordinador de Calidad<\/li>\n<li>Siete profesores: 4 representantes de los Departamentos con mayor carga docente en el Centro y 3 representantes de las titulaciones que se imparten en el Centro (Grado en Fisioterapia y M\u00e1ster en Investigaci\u00f3n, Gesti\u00f3n y Calidad en Cuidados para la Salud)<\/li>\n<li>Dos representantes del PTGAS, uno de ello ser\u00e1 el Administrador del Centro<\/li>\n<li>Dos representantes de los alumnos<\/li>\n<\/ul>\n<p>[\/vc_column_text][\/vc_tta_section][vc_tta_section title=\u00bbPol\u00edticas y Objetivos de Calidad del Centro\u00bb tab_id=\u00bbpoliticas-objetivos-calidad-centro\u00bb][vc_column_text]<a href=\"https:\/\/drive.google.com\/open?id=1lvpFiJ8enG5mz_6ZWBNgM_GKDQHfztnV\" target=\"_blank\" rel=\"noopener noreferrer\" target=\"_blank\" rel=\"noopener\">Procedimiento PR_1: definici\u00f3n de la pol\u00edtica y objetivos de calidad de la EUEF<\/a><\/p>\n<ul>\n<li><a href=\"https:\/\/drive.google.com\/open?id=1qQ1zmklnerD4a0GgOZ7v-fMwPmQYkr34\" target=\"_blank\" rel=\"noopener\">Pol\u00edtica de Calidad de la ULL: Principios y Compromisos<\/a><\/li>\n<li><a href=\"https:\/\/drive.google.com\/open?id=1a6v_XHPYv7GP2x3aEnN62J3ykD99i98n\" target=\"_blank\" rel=\"noopener\">Borrador de Pol\u00edtica y Objetivos de Calidad de la EUEF. Curso 2012\/13<\/a><\/li>\n<li><a href=\"https:\/\/drive.google.com\/open?id=1ysXkAb0BF4ZyD22CIGU7grK6lPfeWL38\" target=\"_blank\" rel=\"noopener\">Borrador de Pol\u00edtica y Objetivos de Calidad de la EUEF. Curso 2013\/14<\/a><\/li>\n<\/ul>\n<p><strong>Informes de resultados<\/strong><\/p>\n<ul>\n<li><a href=\"https:\/\/drive.google.com\/open?id=10S-3gAhyBZ8FFTElbXfBsPB9k-5ZqkjM\" target=\"_blank\" rel=\"noopener\">Informe de comprobaci\u00f3n del cumplimiento de los Objetivos de Calidad de la EUEF, Curso 2012-13<\/a><\/li>\n<li><a href=\"https:\/\/drive.google.com\/open?id=1gtuNTgXTDYGQLlHerePFqB3jTMl1Qwgh\" target=\"_blank\" rel=\"noopener\">Autoinforme del POAT de la EUEF, curso 2012-13<\/a><\/li>\n<\/ul>\n<p>[\/vc_column_text][\/vc_tta_section][vc_tta_section title=\u00bbManual de calidad\u00bb tab_id=\u00bbmanual-calidad\u00bb][vc_column_text]<\/p>\n<ul>\n<li><a href=\"https:\/\/drive.google.com\/open?id=1dFhaVFk90Wn4mgz6wR8sOA2s0CKekh3a\" target=\"_blank\" rel=\"noopener\">Manual de Sistema de Garant\u00eda Interna de Calidad de la Secci\u00f3n de Fisioterapia<\/a><\/li>\n<li>Anexos al manual:\n<ul>\n<li><a href=\"https:\/\/drive.google.com\/open?id=1PXoZljuoUYDmxolkY4u9TvBrLaGMrptw\" target=\"_blank\" rel=\"noopener\">AM_1: Mapa de Procesos<\/a><\/li>\n<li><a href=\"https:\/\/drive.google.com\/open?id=1wWSAL6POuPRPQi2tAqibhVn3Sjj7uU4t\" target=\"_blank\" rel=\"noopener\">AM_2: Lista de comprobaci\u00f3n para el seguimiento de la implantaci\u00f3n del SGIC<\/a><\/li>\n<li><a href=\"https:\/\/drive.google.com\/open?id=10ianiLEu6BVHOryU0CLyRltZLrcNl_ct\" target=\"_blank\" rel=\"noopener\">AM_3: Pol\u00edtica de Calidad de la Universidad de La Laguna<\/a><\/li>\n<li><a href=\"https:\/\/drive.google.com\/open?id=1qAS-G4AgHpCbzkr-5OEFAI1H1pY2-OiL\" target=\"_blank\" rel=\"noopener\">AM_4: Actas de Nombramiento de las Comisiones de Titulaci\u00f3n, Orientaci\u00f3n, Movilidad, Pr\u00e1cticas Externas y Calidad de la EUEF<\/a><\/li>\n<\/ul>\n<\/li>\n<\/ul>\n<p>[\/vc_column_text][\/vc_tta_section][vc_tta_section title=\u00bbProcedimientos\u00bb tab_id=\u00bbprocedimientos\u00bb][vc_column_text]<\/p>\n<ul>\n<li><a href=\"https:\/\/drive.google.com\/open?id=1mPu_FvLC8G90jnYbobi6R_Pg1MuTQcnr\" target=\"_blank\" rel=\"noopener\">Acceso a los procedimientos de la secci\u00f3n de Fisioterapia<\/a><\/li>\n<\/ul>\n<p>[\/vc_column_text][\/vc_tta_section][vc_tta_section title=\u00bbInformes y resultados\u00bb tab_id=\u00bbinformes-resultados\u00bb][vc_column_text]<\/p>\n<ul>\n<li><a href=\"https:\/\/drive.google.com\/open?id=1ia2LPJnRGjTcxE2GzHPwCwhNc1voZ3z6\" target=\"_blank\" rel=\"noopener\">Informes de la Agencia Canaria de Calidad Universitaria y Evaluaci\u00f3n Educativa (ACECAU)<\/a><\/li>\n<li><a href=\"https:\/\/drive.google.com\/open?id=19oY6IXZtWQ53NUMmoCG1EtMOC8xauqwP\" target=\"_blank\" rel=\"noopener\">Informe de la Agencia Nacional de Evaluaci\u00f3n de la Calidad y Acreditaci\u00f3n (ANECA)<\/a><\/li>\n<li><a href=\"https:\/\/drive.google.com\/open?id=1cesYu3Js_rLkc-xtbq-pmkmkFinmhYmC\" target=\"_blank\" rel=\"noopener\">Informes elaborados por la Unidad de Evaluaci\u00f3n y Mejora de la Calidad (UEMC)<\/a><\/li>\n<li><a href=\"https:\/\/drive.google.com\/open?id=1HTYatEUzjV_Dsm02hVntGtQBsD18CLV8\" target=\"_blank\" rel=\"noopener\">Informes elaborados por el Gabinete de An\u00e1lisis y Planificaci\u00f3n (GAP)<\/a><\/li>\n<li><a href=\"https:\/\/drive.google.com\/open?id=1Gv42NYxThHOT7jA2PyxhiLSnKIkG90oS\" target=\"_blank\" rel=\"noopener\">Informes elaborados por el Centro: Escuela Universitaria de Enfermer\u00eda y Fisioterapia (EUEF)<\/a><\/li>\n<\/ul>\n<p>[\/vc_column_text][\/vc_tta_section][\/vc_tta_accordion][\/vc_column][\/vc_row]<\/p>\n","protected":false},"excerpt":{"rendered":"<p>[vc_row full_width=\u00bbstretch_row_content_no_spaces\u00bb el_class=\u00bbSliderPortada\u00bb css=\u00bb.vc_custom_1745237111535{margin-top: -100px !important;}\u00bb][vc_column][rev_slider_vc alias=\u00bbportada\u00bb][\/vc_column][\/vc_row][vc_row full_width=\u00bbstretch_row_content_no_spaces\u00bb][vc_column][vc_custom_heading text=\u00bb\u00bb font_container=\u00bbtag:h2|text_align:center\u00bb google_fonts=\u00bbfont_family:Montserrat%3Aregular%2C700|font_style:700%20bold%20regular%3A700%3Anormal\u00bb css=\u00bb.vc_custom_1721221176088{padding-top: 15px !important;padding-bottom: 15px !important;background-color: #360060 !important;}\u00bb][\/vc_column][\/vc_row][vc_row css=\u00bb.vc_custom_1760434703309{margin-top: 30px !important;}\u00bb][vc_column][vc_column_text] Sistema de Garant\u00eda de Calidad Secci\u00f3n de Fisioterapia [\/vc_column_text][vc_tta_accordion shape=\u00bbsquare\u00bb c_icon=\u00bbchevron\u00bb c_position=\u00bbright\u00bb active_section=\u00bb\u00bb no_fill=\u00bbtrue\u00bb collapsible_all=\u00bbtrue\u00bb][vc_tta_section title=\u00bbPresentaci\u00f3n\u00bb tab_id=\u00bbpresentacion\u00bb][vc_column_text]El Sistema de Garant\u00eda Interna de Calidad (SGIC) en las Instituciones Universitarias es uno de los elementos fundamentales&#8230;<\/p>\n","protected":false},"author":1,"featured_media":0,"parent":123,"menu_order":0,"comment_status":"closed","ping_status":"closed","template":"templates\/template-frontpage.php","meta":[],"acf":[],"_links":{"self":[{"href":"https:\/\/www.ull.es\/centros\/facultad-medicina\/wp-json\/wp\/v2\/pages\/450"}],"collection":[{"href":"https:\/\/www.ull.es\/centros\/facultad-medicina\/wp-json\/wp\/v2\/pages"}],"about":[{"href":"https:\/\/www.ull.es\/centros\/facultad-medicina\/wp-json\/wp\/v2\/types\/page"}],"author":[{"embeddable":true,"href":"https:\/\/www.ull.es\/centros\/facultad-medicina\/wp-json\/wp\/v2\/users\/1"}],"replies":[{"embeddable":true,"href":"https:\/\/www.ull.es\/centros\/facultad-medicina\/wp-json\/wp\/v2\/comments?post=450"}],"version-history":[{"count":13,"href":"https:\/\/www.ull.es\/centros\/facultad-medicina\/wp-json\/wp\/v2\/pages\/450\/revisions"}],"predecessor-version":[{"id":884,"href":"https:\/\/www.ull.es\/centros\/facultad-medicina\/wp-json\/wp\/v2\/pages\/450\/revisions\/884"}],"up":[{"embeddable":true,"href":"https:\/\/www.ull.es\/centros\/facultad-medicina\/wp-json\/wp\/v2\/pages\/123"}],"wp:attachment":[{"href":"https:\/\/www.ull.es\/centros\/facultad-medicina\/wp-json\/wp\/v2\/media?parent=450"}],"curies":[{"name":"wp","href":"https:\/\/api.w.org\/{rel}","templated":true}]}}