{"id":78,"date":"2017-11-15T12:31:18","date_gmt":"2017-11-15T12:31:18","guid":{"rendered":"http:\/\/www.ull.es\/centros\/escuela-superior-de-ingenieria-y-tecnologia\/?page_id=78"},"modified":"2026-03-06T11:10:41","modified_gmt":"2026-03-06T11:10:41","slug":"junta-de-facultad-y-comisiones","status":"publish","type":"page","link":"https:\/\/www.ull.es\/centros\/facultad-medicina\/informacion-general\/junta-de-facultad-y-comisiones\/","title":{"rendered":"Junta de facultad y comisiones"},"content":{"rendered":"<p>[vc_row full_width=\u00bbstretch_row_content_no_spaces\u00bb el_class=\u00bbSliderPortada\u00bb css=\u00bb.vc_custom_1745237111535{margin-top: -100px !important;}\u00bb][vc_column][rev_slider_vc alias=\u00bbportada\u00bb][\/vc_column][\/vc_row][vc_row full_width=\u00bbstretch_row_content_no_spaces\u00bb][vc_column][vc_custom_heading text=\u00bb\u00bb font_container=\u00bbtag:h2|text_align:center\u00bb google_fonts=\u00bbfont_family:Montserrat%3Aregular%2C700|font_style:700%20bold%20regular%3A700%3Anormal\u00bb css=\u00bb.vc_custom_1721221176088{padding-top: 15px !important;padding-bottom: 15px !important;background-color: #360060 !important;}\u00bb][\/vc_column][\/vc_row][vc_row css=\u00bb.vc_custom_1745233821598{margin-top: 50px !important;}\u00bb][vc_column width=\u00bb2\/3&#8243; el_class=\u00bbpadding-50-right\u00bb css=\u00bb.vc_custom_1494506721665{padding-right: 50px !important;}\u00bb][vc_column_text]<\/p>\n<h1>Junta de facultad y comisiones<\/h1>\n<p>[\/vc_column_text][vc_tta_accordion shape=\u00bbsquare\u00bb c_icon=\u00bbchevron\u00bb c_position=\u00bbright\u00bb active_section=\u00bb\u00bb no_fill=\u00bbtrue\u00bb collapsible_all=\u00bbtrue\u00bb][vc_tta_section title=\u00bbFunciones de la Junta de Facultad\u00bb tab_id=\u00bbfunciones-de-la-junta-de-facultad\u00bb][vc_column_text]De conformidad con los Estatutos de la Universidad, corresponde a la Junta de esta Facultad\u00a0 las siguientes funciones:<\/p>\n<ul>\n<li>Definir y aprobar la pol\u00edtica de actuaci\u00f3n del Centro, tanto en lo que concierne a la docencia y la investigaci\u00f3n, como en lo relativo a su r\u00e9gimen administrativo y econ\u00f3mico.<\/li>\n<li>Aprobar los planes de ordenaci\u00f3n docente del Centro y proponer e informar la modificaci\u00f3n de sus planes de estudio.<\/li>\n<li>Aprobar la distribuci\u00f3n de los fondos asignados al Centro con cargo a los Presupuestos de la Universidad.<\/li>\n<li>Supervisar y conocer la actuaci\u00f3n de los \u00f3rganos colegiados y unipersonales de gobierno del Centro y de sus servicios, de conformidad con lo previsto en el apartado segundo del presente art\u00edculo.<\/li>\n<li>Ejercer cualesquiera otras funciones que le asignen los \u00f3rganos superiores de gobierno universitario o le reconozca el ordenamiento vigente&#8230;<\/li>\n<li>Y, en general, las dem\u00e1s funciones previstas para los \u00f3rganos colegiados en el art\u00edculo 139 de los Estatutos de la Universidad.<\/li>\n<\/ul>\n<p>[\/vc_column_text][\/vc_tta_section][vc_tta_section title=\u00bbComposici\u00f3n de la Junta\u00bb tab_id=\u00bbcomposicion\u00bb][vc_column_text]Una representaci\u00f3n de los distintos sectores que integran el centro, cuya composici\u00f3n se ajustar\u00e1 a los siguientes porcentajes:<\/p>\n<p><strong>El Equipo Decanal:<\/strong><\/p>\n<ul>\n<li>El decano presidir\u00e1; los vicedecanos; el secretario del centro, que ser\u00e1 su secretario; y el administrador del centro.<\/li>\n<\/ul>\n<p><strong>Un 51% por ciento constituido por:<\/strong><\/p>\n<ul>\n<li>El profesorado funcionario que figure en la programaci\u00f3n docente del centro, y que desarrolle al menos el 25% de su actividad docente en el mismo.<\/li>\n<li>Los directores de aquellos departamentos que impartan al menos un 25% de su carga lectiva en el centro y sean funcionarios de los cuerpos docentes universitarios.<\/li>\n<li>El resto del profesorado funcionario necesario para completar el 51% mediante elecci\u00f3n entre los que presten servicios en el centro.<\/li>\n<\/ul>\n<p><strong>Un 9% por ciento constituido por:<\/strong><\/p>\n<ul>\n<li>Los directores de aquellos departamentos que impartan al menos un 25% de su carga lectiva en el centro y sean profesores contratados.<\/li>\n<li>El resto del profesorado contratado necesario para completar el 9% mediante elecci\u00f3n entre los que figuren en la programaci\u00f3n docente del centro, y que desarrollen al menos el 25% de su actividad docente en el mismo.<\/li>\n<\/ul>\n<p>En todo caso deber\u00e1n estar representadas todas las \u00e1reas de conocimiento que impartan docencia en el centro. Los directores de los Departamentos que impartan docencia en el centro y no formen parte de la Junta de Centro tendr\u00e1n derecho a audiencia en las juntas de centro en las que se sometan a debate cuestiones relativas a las materias que imparten en el mismo.<\/p>\n<p><strong>Un 30% por ciento del alumnado de los diversos ciclos matriculado en el Centro.<\/strong><\/p>\n<p><strong>Un 10% del personal de administraci\u00f3n y servicios que presta sus servicios en el centro y en los departamentos de la Facultad.<\/strong><\/p>\n<p>En el caso de que el alumnado y\/o el personal de administraci\u00f3n y servicios no cubran por completo los puestos que les corresponden en la Junta de Centro, dichos puestos ser\u00e1n atribuidos al sector del profesorado contratado.<\/p>\n<p>En el caso en que el profesorado contratado y el personal de administraci\u00f3n y servicios no cubran por completo los puestos que les corresponden en la Junta de Centro, dichos puestos ser\u00e1n atribuidos al alumnado.<\/p>\n<p>La Junta de Facultad invitar\u00e1 a sus sesiones a los directores m\u00e9dicos de los Hospitales Universitarios que tendr\u00e1n voz pero no voto.<\/p>\n<hr \/>\n<ul>\n<li><a href=\"https:\/\/drive.google.com\/file\/d\/1pELscr0H6PCO4GR0LrtENZl29YknsNC5\/view?usp=sharing\" target=\"_blank\" rel=\"noopener\">Acceso a la composici\u00f3n de la Junta de la Facultad de Ciencias de la Salud<\/a><\/li>\n<li><a href=\"https:\/\/drive.google.com\/file\/d\/1lcxSLy8cwy3LX-hjxpuzPgUxogO_MKLV\/view?usp=sharing\" target=\"_blank\" rel=\"noopener\">Acceso a la composici\u00f3n de la Junta de la Secci\u00f3n de Fisioterapia<\/a><\/li>\n<li><a href=\"https:\/\/drive.google.com\/file\/d\/1p02oJu3hmUkZELTdOLkp7HdmUqT-fvX1\/view?usp=sharing\" target=\"_blank\" rel=\"noopener\">Acceso a la composici\u00f3n de la Junta de la Secci\u00f3n de Medicina<\/a><\/li>\n<\/ul>\n<p>[\/vc_column_text][\/vc_tta_section][vc_tta_section title=\u00bbComisiones\u00bb tab_id=\u00bbcomisiones\u00bb][vc_column_text]<\/p>\n<table style=\"font-weight: 400;\" width=\"635\">\n<tbody>\n<tr>\n<td colspan=\"2\" width=\"635\">\n<h3><strong>COMISIO\u0301N PERMANENTE<\/strong><\/h3>\n<\/td>\n<\/tr>\n<tr>\n<td width=\"293\"><strong>Decano<\/strong><\/td>\n<td>Jos\u00e9 Luis Pais Brito<\/td>\n<\/tr>\n<tr>\n<td width=\"293\"><strong>Secretario<\/strong><\/td>\n<td>M\u00aa Candelaria Mart\u00edn Gonz\u00e1lez<\/td>\n<\/tr>\n<tr>\n<td width=\"293\"><strong>Vic. Medicina<\/strong><\/td>\n<td>Jos\u00e9 David Machado Ponce<\/td>\n<\/tr>\n<tr>\n<td width=\"293\"><strong>Vic. Fisioterapia<\/strong><\/td>\n<td>Mar\u00eda Consuelo Revert Giron\u00e9s<\/td>\n<\/tr>\n<tr>\n<td width=\"293\"><strong>Vic. Calidad FCS<\/strong><\/td>\n<td>\u00a0Ibrahim Gonz\u00e1lez Marrero<\/td>\n<\/tr>\n<tr>\n<td width=\"293\"><strong>Vic. Calidad Medicina<\/strong><\/td>\n<td>Miriam Gonz\u00e1lez G\u00f3mez<\/td>\n<\/tr>\n<tr>\n<td width=\"293\"><strong>Vic. Calidad Fisioterapia<\/strong><\/td>\n<td>Pedro \u00c1ngel Salazar Carballo<\/td>\n<\/tr>\n<tr>\n<td width=\"293\"><strong>Vic. de Coordinaci\u00f3n Cl\u00ednica y Simulaci\u00f3n<\/strong><\/td>\n<td>Mar\u00eda Candelaria Mart\u00edn Gonz\u00e1lez<\/td>\n<\/tr>\n<tr>\n<td width=\"293\"><strong>Prof. Medicina<\/strong><\/td>\n<td>Ciro Casanova Macario<\/td>\n<\/tr>\n<tr>\n<td width=\"293\"><strong>Prof. Fisioterapia<\/strong><\/td>\n<td>Juan Elicio Hern\u00e1ndez Xumet<\/td>\n<\/tr>\n<tr>\n<td width=\"293\"><strong>Estudiante Medicina<\/strong><\/td>\n<td>Gisela Saavedra Rocamora<\/td>\n<\/tr>\n<tr>\n<td width=\"293\"><strong>Estudiante Medicina<\/strong><\/td>\n<td>Jessica Paola M\u00e1rquez Mart\u00edn<\/td>\n<\/tr>\n<tr>\n<td width=\"293\"><strong>Estudiante Medicina<\/strong><\/td>\n<td>Jorge Calvo Gonz\u00e1lez<\/td>\n<\/tr>\n<tr>\n<td width=\"293\"><strong>Estudiante Fisioterapia<\/strong><\/td>\n<td>Juan Borges Dorta<\/td>\n<\/tr>\n<tr>\n<td width=\"293\"><strong>Estudiante Fisioterapia<\/strong><\/td>\n<td>Alexia de los Reyes Mendoza Mach\u00edn<\/td>\n<\/tr>\n<tr>\n<td width=\"293\"><strong>Administrador<\/strong><\/td>\n<td>Juan Miguel Segovia Bonnet<\/td>\n<\/tr>\n<tr>\n<td width=\"293\"><strong>PTGAS<\/strong><\/td>\n<td>Mar\u00eda Lidia Ruiz Mayor<\/td>\n<\/tr>\n<\/tbody>\n<\/table>\n<p>&nbsp;<\/p>\n<table width=\"635\">\n<tbody>\n<tr>\n<td colspan=\"2\" width=\"635\">\n<h3><strong>COMISI\u00d3N CALIDAD E INNOVACI\u00d3N FCS<\/strong><\/h3>\n<\/td>\n<\/tr>\n<tr>\n<td width=\"293\"><strong>Decano<\/strong><\/td>\n<td>Jos\u00e9 Luis Pais Brito<\/td>\n<\/tr>\n<tr>\n<td width=\"293\"><strong>Secretario<\/strong><\/td>\n<td>M\u00aa Candelaria Mart\u00edn Gonz\u00e1lez<\/td>\n<\/tr>\n<tr>\n<td width=\"293\"><strong>Vic. Calidad FCS<\/strong><\/td>\n<td>Ibrahim Gonz\u00e1lez Marrero<\/td>\n<\/tr>\n<tr>\n<td width=\"293\"><strong>Vic. Calidad Medicina<\/strong><\/td>\n<td>Miriam Gonz\u00e1lez G\u00f3mez<\/td>\n<\/tr>\n<tr>\n<td width=\"293\"><strong>Vic. Calidad Fisioterapia<\/strong><\/td>\n<td>Pedro \u00c1ngel Salazar Carballo<\/td>\n<\/tr>\n<tr>\n<td width=\"293\"><strong>Prof. Medicina<\/strong><\/td>\n<td>Emilio Jos\u00e9 Sanz \u00c1lvarez<\/td>\n<\/tr>\n<tr>\n<td width=\"293\"><strong>Prof. Medicina<\/strong><\/td>\n<td>Mario Ulises Herrera P\u00e9rez<\/td>\n<\/tr>\n<tr>\n<td width=\"293\"><strong>Prof. Medicina<\/strong><\/td>\n<td><\/td>\n<\/tr>\n<tr>\n<td width=\"293\"><strong>Prof. Medicina<\/strong><\/td>\n<td>Luciano Delgado Plasencia<\/td>\n<\/tr>\n<tr>\n<td width=\"293\"><strong>Prof. Fisioterapia<\/strong><\/td>\n<td>Juan Elicio Hern\u00e1nez Xumet<\/td>\n<\/tr>\n<tr>\n<td width=\"293\"><strong>Prof. Fisioterapia<\/strong><\/td>\n<td>Mar\u00eda de los \u00c1ngeles Cruz Marrero<\/td>\n<\/tr>\n<tr>\n<td width=\"293\"><strong>Estudiante (medicina)<\/strong><\/td>\n<td>Jessica Paola M\u00e1rquez Mart\u00edn<\/td>\n<\/tr>\n<tr>\n<td width=\"293\"><strong>Estudiante (fisioterapia)<\/strong><\/td>\n<td>Juan Borges Dorta<\/td>\n<\/tr>\n<tr>\n<td width=\"293\"><strong>PTGAS<\/strong><\/td>\n<td>Juan Miguel Segovia Bonnet<\/td>\n<\/tr>\n<tr>\n<td width=\"293\"><strong>PTGAS<\/strong><\/td>\n<td>Mar\u00eda Lidia Ru\u00edz Mayor<\/td>\n<\/tr>\n<tr>\n<td width=\"293\"><\/td>\n<td><\/td>\n<\/tr>\n<tr>\n<td width=\"293\"><\/td>\n<td><\/td>\n<\/tr>\n<\/tbody>\n<\/table>\n<p>&nbsp;<\/p>\n<table width=\"635\">\n<tbody>\n<tr>\n<td colspan=\"2\" width=\"635\">\n<h3><strong>COMISI\u00d3N MOVILIDAD FCS<\/strong><\/h3>\n<\/td>\n<\/tr>\n<tr>\n<td width=\"293\"><strong>Decano<\/strong><\/td>\n<td>Jos\u00e9 Luis Pais Brito<\/td>\n<\/tr>\n<tr>\n<td width=\"293\"><strong>Secretario<\/strong><\/td>\n<td>M\u00aa Candelaria Mart\u00edn Gonz\u00e1lez<\/td>\n<\/tr>\n<tr>\n<td width=\"293\"><strong>Vic. Medicina<\/strong><\/td>\n<td>Jos\u00e9 David Machado Ponce<\/td>\n<\/tr>\n<tr>\n<td width=\"293\"><strong>Vic. Fisioterapia<\/strong><\/td>\n<td>Mar\u00eda Consuelo Revert Giron\u00e9s<\/td>\n<\/tr>\n<tr>\n<td width=\"293\"><strong>Coordinador\/a Movilidad Internacional Medicina<\/strong><\/td>\n<td>Cristi\u00e1n David Modro\u00f1o Pascual<\/td>\n<\/tr>\n<tr>\n<td width=\"293\"><strong>Coordinador\/a Movilidad SICUE Medicina<\/strong><\/td>\n<td>Manuel Morales Gonz\u00e1lez<\/td>\n<\/tr>\n<tr>\n<td width=\"293\"><strong>Coordinador\/a Movilidad Internacional Fisioterapia<\/strong><\/td>\n<td>Vidina Goretti Su\u00e1rez Rodr\u00edguez<\/td>\n<\/tr>\n<tr>\n<td width=\"293\"><strong>Coordinador\/a Movilidad SICUE Fisioterapia<\/strong><\/td>\n<td>Pedro \u00c1ngel Salazar Carballo<\/td>\n<\/tr>\n<tr>\n<td width=\"293\"><strong>Estudiante (medicina)<\/strong><\/td>\n<td>Kiana Zand<\/td>\n<\/tr>\n<tr>\n<td width=\"293\"><strong>Estudiante (fisioterapia)<\/strong><\/td>\n<td>Juan Borges Dorta<\/td>\n<\/tr>\n<tr>\n<td width=\"293\"><strong>Administrador<\/strong><\/td>\n<td>Juan Miguel Segovia Bonnet<\/td>\n<\/tr>\n<tr>\n<td width=\"293\"><\/td>\n<td><\/td>\n<\/tr>\n<\/tbody>\n<\/table>\n<p>[\/vc_column_text][\/vc_tta_section][\/vc_tta_accordion][\/vc_column][vc_column width=\u00bb1\/3&#8243;][vc_column_text el_class=\u00bbcontacto\u00bb]\n<ul class=\"widget-box\">\n<li class='contacto-header'>Informaci\u00f3n de contacto<\/li><li><i class=\"fa fa-map-marker\"><\/i> C\/ Sta. Mar\u00eda Soledad, s\/n. Facultad de Medicina. Apartado 456. C\u00f3digo postal 38200. San Crist\u00f3bal de La Laguna. S\/C de Tenerife<\/li><li><i class=\"fa fa-phone\"><\/i> (+34) 922 31 92 77<\/li><li><i class=\"fa fa-envelope\"><\/i>  <a href=mailto:fcsalud@ull.es>fcsalud@ull.es<\/a><\/li><li><i class=\"fa fa-calendar\"><\/i><a href=\"http:\/\/citaprevia.ull.es\/\"> Cita previa<\/a><\/li><li><i class=\"fa fa-archive\"><\/i><a href=\"https:\/\/sede.ull.es\/ecivilis-site\/catalog\/showProcedure\/484\"> Procedimiento para quejas, sugerencias y felicitaciones<\/a><\/li>\n<\/ul>\n\n[\/vc_column_text][\/vc_column][\/vc_row]<\/p>\n","protected":false},"excerpt":{"rendered":"<p>[vc_row full_width=\u00bbstretch_row_content_no_spaces\u00bb el_class=\u00bbSliderPortada\u00bb css=\u00bb.vc_custom_1745237111535{margin-top: -100px !important;}\u00bb][vc_column][rev_slider_vc alias=\u00bbportada\u00bb][\/vc_column][\/vc_row][vc_row full_width=\u00bbstretch_row_content_no_spaces\u00bb][vc_column][vc_custom_heading text=\u00bb\u00bb font_container=\u00bbtag:h2|text_align:center\u00bb google_fonts=\u00bbfont_family:Montserrat%3Aregular%2C700|font_style:700%20bold%20regular%3A700%3Anormal\u00bb css=\u00bb.vc_custom_1721221176088{padding-top: 15px !important;padding-bottom: 15px !important;background-color: #360060 !important;}\u00bb][\/vc_column][\/vc_row][vc_row css=\u00bb.vc_custom_1745233821598{margin-top: 50px !important;}\u00bb][vc_column width=\u00bb2\/3&#8243; el_class=\u00bbpadding-50-right\u00bb css=\u00bb.vc_custom_1494506721665{padding-right: 50px !important;}\u00bb][vc_column_text] Junta de facultad y comisiones [\/vc_column_text][vc_tta_accordion shape=\u00bbsquare\u00bb c_icon=\u00bbchevron\u00bb c_position=\u00bbright\u00bb active_section=\u00bb\u00bb no_fill=\u00bbtrue\u00bb collapsible_all=\u00bbtrue\u00bb][vc_tta_section title=\u00bbFunciones de la Junta de Facultad\u00bb tab_id=\u00bbfunciones-de-la-junta-de-facultad\u00bb][vc_column_text]De conformidad con los Estatutos de la Universidad, corresponde a la&#8230;<\/p>\n","protected":false},"author":1,"featured_media":0,"parent":40,"menu_order":0,"comment_status":"closed","ping_status":"closed","template":"templates\/template-frontpage.php","meta":[],"acf":[],"_links":{"self":[{"href":"https:\/\/www.ull.es\/centros\/facultad-medicina\/wp-json\/wp\/v2\/pages\/78"}],"collection":[{"href":"https:\/\/www.ull.es\/centros\/facultad-medicina\/wp-json\/wp\/v2\/pages"}],"about":[{"href":"https:\/\/www.ull.es\/centros\/facultad-medicina\/wp-json\/wp\/v2\/types\/page"}],"author":[{"embeddable":true,"href":"https:\/\/www.ull.es\/centros\/facultad-medicina\/wp-json\/wp\/v2\/users\/1"}],"replies":[{"embeddable":true,"href":"https:\/\/www.ull.es\/centros\/facultad-medicina\/wp-json\/wp\/v2\/comments?post=78"}],"version-history":[{"count":44,"href":"https:\/\/www.ull.es\/centros\/facultad-medicina\/wp-json\/wp\/v2\/pages\/78\/revisions"}],"predecessor-version":[{"id":904,"href":"https:\/\/www.ull.es\/centros\/facultad-medicina\/wp-json\/wp\/v2\/pages\/78\/revisions\/904"}],"up":[{"embeddable":true,"href":"https:\/\/www.ull.es\/centros\/facultad-medicina\/wp-json\/wp\/v2\/pages\/40"}],"wp:attachment":[{"href":"https:\/\/www.ull.es\/centros\/facultad-medicina\/wp-json\/wp\/v2\/media?parent=78"}],"curies":[{"name":"wp","href":"https:\/\/api.w.org\/{rel}","templated":true}]}}