{"id":88,"date":"2017-11-15T14:19:09","date_gmt":"2017-11-15T14:19:09","guid":{"rendered":"http:\/\/www.ull.es\/centros\/escuela-superior-de-ingenieria-y-tecnologia\/?page_id=88"},"modified":"2025-04-22T11:10:15","modified_gmt":"2025-04-22T11:10:15","slug":"organizacion-estudiantil","status":"publish","type":"page","link":"https:\/\/www.ull.es\/centros\/facultad-medicina\/informacion-general\/organizacion-estudiantil\/","title":{"rendered":"Organizaci\u00f3n estudiantil"},"content":{"rendered":"<p>[vc_row full_width=\u00bbstretch_row_content_no_spaces\u00bb el_class=\u00bbSliderPortada\u00bb css=\u00bb.vc_custom_1745237111535{margin-top: -100px !important;}\u00bb][vc_column][rev_slider_vc alias=\u00bbportada\u00bb][\/vc_column][\/vc_row][vc_row full_width=\u00bbstretch_row_content_no_spaces\u00bb][vc_column][vc_custom_heading text=\u00bb\u00bb font_container=\u00bbtag:h2|text_align:center\u00bb google_fonts=\u00bbfont_family:Montserrat%3Aregular%2C700|font_style:700%20bold%20regular%3A700%3Anormal\u00bb css=\u00bb.vc_custom_1721221176088{padding-top: 15px !important;padding-bottom: 15px !important;background-color: #360060 !important;}\u00bb][\/vc_column][\/vc_row][vc_row css=\u00bb.vc_custom_1745233821598{margin-top: 50px !important;}\u00bb][vc_column width=\u00bb2\/3&#8243; el_class=\u00bbpadding-50-right\u00bb css=\u00bb.vc_custom_1494506721665{padding-right: 50px !important;}\u00bb][vc_column_text]<\/p>\n<h1>Organizaci\u00f3n estudiantil<\/h1>\n<p>[\/vc_column_text][vc_column_text]<\/p>\n<h2>DemULL<\/h2>\n<p>La Delegaci\u00f3n de Estudiantes de Medicina de la Universidad de La Laguna es el organismo m\u00e1s leg\u00edtimo y soberano de representaci\u00f3n de los estudiantes del grado de Medicina\u00a0 tanto dentro como fuera de ella.<\/p>\n<p>B\u00e1sicamente nuestra misi\u00f3n no es otra que la de velar por los derechos de los estudiantes, y la de intentar mejorar su estancia aqu\u00ed tanto a nivel cultural, acad\u00e9mico, como de enriquecimiento de la vida universitaria, desde que ingresan el primer d\u00eda de clase, hasta que salen como Graduados en Medicina.<\/p>\n<p>Est\u00e1 formada por estudiantes que intentamos que la Universidad funcione mejor, que creemos que merece la pena dedicar un peque\u00f1o esfuerzo para intentar hacer la vida aqu\u00ed m\u00e1s llevadera. Sabemos que la carrera de Medicina es ya muy dura de por s\u00ed, por lo que crear un ambiente distendido y de bienestar general es fundamental para no acabar \u201cvolvi\u00e9ndonos locos\u201d.<\/p>\n<p><strong>\u00bfQu\u00e9 hacemos en demULL?<\/strong><\/p>\n<p>La variedad de actividades que promovemos desde demULL es muy interesante:<\/p>\n<p><span style=\"text-decoration: underline;\"><a href=\"http:\/\/www.flickr.com\/photos\/fac_medicina_ull\/collections\/72157627473150167\/\" target=\"_blank\" rel=\"noopener\">Fotolog\u00eda<\/a>:<\/span> todos los a\u00f1os desde 2008 presentamos un concurso de Fotolog\u00eda. Todas las im\u00e1genes son expuestas por toda la Facultad, principalmente en la Cafeter\u00eda y CECS. Adem\u00e1s, para los m\u00e1s amantes de la Fotograf\u00eda, los novedosos premios que se dan, van desde premios en met\u00e1lico hasta cursos de fotograf\u00eda.<\/p>\n<p><span style=\"text-decoration: underline;\">Comit\u00e9 de Actividades:<\/span> Reci\u00e9n inaugurada secci\u00f3n dentro de la delegaci\u00f3n que se encargar\u00e1 de organizar desde talleres de habilidades m\u00e9dicas, como Jornadas de Formaci\u00f3n, pasando por alg\u00fan que otro torneo de Ping Pong o futbol\u00edn.<\/p>\n<p><span style=\"text-decoration: underline;\">Congreso de Estudiantes de Ciencias de la Salud (CECS):<\/span> el Congreso de Estudiantes de Ciencias de la Salud (CECS) es uno de los proyectos bandera de la Delegaci\u00f3n y donde tienen la oportunidad de encontrarse el mayor n\u00famero de estudiantes. Adem\u00e1s, se puede disfrutar de talleres de habilidades pr\u00e1cticas, mesas redondas sobre aspectos actuales e interesantes sobre la salud o la pr\u00e1ctica m\u00e9dica, as\u00ed como de charlas sobre cooperaci\u00f3n, enfermedades, etc. Este proyecto invita a unirse a cualquier estudiante y persona que est\u00e9 interesada en la formaci\u00f3n.<\/p>\n<p>\u00a1No te pierdas esta gran oportunidad y vive la magia del Congreso!<\/p>\n<p><span style=\"text-decoration: underline;\">CEEM (Consejo Estatal de Estudiantes de Medicina):<\/span> por formar parte de demULL, autom\u00e1ticamente entramos en un organismo de representaci\u00f3n a nivel nacional, el CEEM (Consejo Estatal de Estudiante de Medicina). Todos los a\u00f1os se realizan dos JEEM (Jornadas Estatales de Estudiantes de Medicina), en Madrid, Salamanca, Murcia\u2026 en definitiva, donde toque.<\/p>\n<p>Adem\u00e1s de muchos m\u00e1s eventos de car\u00e1cter deportivo (CEEMCup, cuya segunda edici\u00f3n fue organizada por nosotros), formativo y de integraci\u00f3n de novatos.<\/p>\n<p>Desde la Facultad mandamos a los miembros de demULL que m\u00e1s movimiento y m\u00e1s iniciativa han demostrado.<\/p>\n<p><span style=\"text-decoration: underline;\">Otras actividades:<\/span><\/p>\n<ul>\n<li>Pedido de fonendos masivo para conseguirlos hasta un 20% m\u00e1s baratos.<\/li>\n<li>Jornadas Formativas, que consiste en una convivencia durante un fin de semana donde con la ayuda de formadores locales y de la pen\u00ednsula se busca el desarrollo de habilidades representativas y personales de una manera totalmente innovadora.<\/li>\n<\/ul>\n<p><strong>\u00bfC\u00f3mo puedo formar parte de demULL?<\/strong><\/p>\n<p>Realmente, como ya os habr\u00e9is dado cuenta, la demULL \u201csomos todos\u201d. Cuanto m\u00e1s activamente participemos, m\u00e1s f\u00e1cil y m\u00e1s provechoso ser\u00e1 el tiempo que dediquemos a todas estas actividades, y mejor ser\u00e1 nuestra convivencia en esta nuestra 2\u00aa casa. Pod\u00e9is poneros en contacto con nosotros a trav\u00e9s del Facebook (<a href=\"https:\/\/es-es.facebook.com\/DEMULL.Delegacion.Estudiantes.Medicina.ULL\/\" target=\"_blank\" rel=\"noopener\">Demull<\/a>), Twitter (<a href=\"https:\/\/twitter.com\/DAMULLDAMULL\" target=\"_blank\" rel=\"noopener\">@dem_ull<\/a>). Adem\u00e1s, en el curso 16-17 se podr\u00e1 en marcha nuestra web Demull.es.<\/p>\n<p>Tambi\u00e9n nos puedes encontrar en nuestro despacho situado en el CECS (entrada por los aparcamientos).<\/p>\n<p>Accede a nuestro espacio en el <a href=\"http:\/\/campusvirtual.ull.es\/facultades\/course\/view.php?id=93\" target=\"_blank\" rel=\"noopener\">Campus Virtual<\/a> bajo la contrase\u00f1a: \u00abDEMULL\u00bb (May\u00fascula). Desde aqu\u00ed les informaremos de todas las actividades que realicemos.<\/p>\n<hr \/>\n<h2>Aemte<\/h2>\n<p><strong>\u00bfQui\u00e9nes somos?<\/strong><\/p>\n<p>Somos un grupo de estudiantes de la Facultad de Ciencias de la Salud de Universidad de La Laguna que se han unido para formar la Asociaci\u00f3n de Estudiantes de Medicina de Tenerife (AEMTE\/ IFMSA-Tenerife). AEMTE es el Comit\u00e9 Local que representa IFMSA-Spain, la Federaci\u00f3n Espa\u00f1ola de Asociaciones de Estudiantes de Medicina para la Cooperaci\u00f3n Internacional, en nuestra isla. Es una ONG apartidista y arreligiosa que forma parte de IFMSA (International Federation of Medical Student\u2019s Associations), que representa a una de las mayores organizaciones estudiantiles del mundo. Fundada en Copenhague, en 1951, pretende promover la cooperaci\u00f3n entre los estudiantes de medicina a nivel global, regional y local.<\/p>\n<p>En la actualidad, IFMSA est\u00e1 constituida por asociaciones de estudiantes de medicina de m\u00e1s de 90 pa\u00edses del mundo. Cualquier estudiante de medicina de una facultad miembro de la federaci\u00f3n puede tomar parte en sus actividades, lo que significa que la IFMSA representa aproximadamente a 610.000 estudiantes de medicina de unas 550 facultades de medicina de 94 pa\u00edses del mundo.<\/p>\n<p>Nuestra Asociaci\u00f3n se divide en varios grupos de trabajo:<\/p>\n<ul>\n<li>SCOME:\u00a0Grupo de Trabajo de Educaci\u00f3n M\u00e9dica.<\/li>\n<li>SCOPH:\u00a0Grupo de Trabajo de Salud P\u00fablica.<\/li>\n<li>SCORP:\u00a0Grupo de Trabajo de Derechos Humanos y Paz.<\/li>\n<li>SCORSA:\u00a0Grupo de Trabajo de Salud Reproductiva, Sexualidad y SIDA.<\/li>\n<li>SCOPE:\u00a0Grupo de Trabajo de Intercambios Cl\u00ednicos.<\/li>\n<li>SCORE:\u00a0Grupo de Trabajo de Intercambios de Investigaci\u00f3n.<\/li>\n<li>SCONE:\u00a0Grupo de Trabajo de Intercambios Nacionales.<\/li>\n<\/ul>\n<p><strong>\u00bfQu\u00e9 hacemos?<\/strong><\/p>\n<ul>\n<li>Realizamos diferentes actividades de sensibilizaci\u00f3n, de voluntariado dentro del contexto social que nos encontramos en Tenerife, promovemos charlas, debates, hacemos rastrillos, realizamos campa\u00f1as de prevenci\u00f3n de salud, etc.<\/li>\n<li>Promovemos nuestras propias actividades y colaboramos con otras asociaciones u ONG\u2019s como son M\u00e9dicos del Mundo, Cruz Roja, \u00c1mate, Invisibles ULL, etc&#8230; Nuestra intenci\u00f3n es la de brindar a los estudiantes de nuestra Facultad la oportunidad de poder involucrarse en tareas de voluntariado, realizar proyectos de cooperaci\u00f3n tanto asistenciales, como de desarrollo humano local y global; y realizar labores socio-sanitarias de primer nivel. Llenar un vac\u00edo existente entre nuestros estudiantes, haci\u00e9ndoles cercanos los aspectos realmente humanos de la profesi\u00f3n m\u00e9dica.<\/li>\n<li>Ofrecemos Becas de Intercambios para hacer pr\u00e1cticas cl\u00ednicas o de investigaci\u00f3n, tanto nacional como en el extranjero, por el per\u00edodo de un mes durante el verano a los socios mediante un sistema de puntos seg\u00fan las actividades en las que se participe. Tambi\u00e9n acogemos durante el mismo periodo vacacional a estudiantes de otras universidades para que hagan pr\u00e1cticas aqu\u00ed.<\/li>\n<\/ul>\n<p><strong>\u00bfC\u00f3mo ser parte de AEMTE?<\/strong><\/p>\n<p>Puedes visitar nuestra p\u00e1gina de Facebook (www.facebook.com\/aemteifmsa) para enterarte de todas nuestras actividades y ser parte de ellas. Si quieres conocer m\u00e1s sobre IFMSA-Spain puedes visitar la p\u00e1gina web: ifmsa-spain.org\/wordpress.[\/vc_column_text][\/vc_column][vc_column width=\u00bb1\/3&#8243;][vc_column_text el_class=\u00bbcontacto\u00bb]\n<ul class=\"widget-box\">\n<li class='contacto-header'>Informaci\u00f3n de contacto<\/li><li><i class=\"fa fa-map-marker\"><\/i> C\/ Sta. Mar\u00eda Soledad, s\/n. Facultad de Medicina. Apartado 456. C\u00f3digo postal 38200. San Crist\u00f3bal de La Laguna. S\/C de Tenerife<\/li><li><i class=\"fa fa-phone\"><\/i> (+34) 922 31 92 77<\/li><li><i class=\"fa fa-envelope\"><\/i>  <a href=mailto:fcsalud@ull.es>fcsalud@ull.es<\/a><\/li><li><i class=\"fa fa-calendar\"><\/i><a href=\"http:\/\/citaprevia.ull.es\/\"> Cita previa<\/a><\/li><li><i class=\"fa fa-archive\"><\/i><a href=\"https:\/\/sede.ull.es\/ecivilis-site\/catalog\/showProcedure\/484\"> Procedimiento para quejas, sugerencias y felicitaciones<\/a><\/li>\n<\/ul>\n\n[\/vc_column_text][\/vc_column][\/vc_row]<\/p>\n","protected":false},"excerpt":{"rendered":"<p>[vc_row full_width=\u00bbstretch_row_content_no_spaces\u00bb el_class=\u00bbSliderPortada\u00bb css=\u00bb.vc_custom_1745237111535{margin-top: -100px !important;}\u00bb][vc_column][rev_slider_vc alias=\u00bbportada\u00bb][\/vc_column][\/vc_row][vc_row full_width=\u00bbstretch_row_content_no_spaces\u00bb][vc_column][vc_custom_heading text=\u00bb\u00bb font_container=\u00bbtag:h2|text_align:center\u00bb google_fonts=\u00bbfont_family:Montserrat%3Aregular%2C700|font_style:700%20bold%20regular%3A700%3Anormal\u00bb css=\u00bb.vc_custom_1721221176088{padding-top: 15px !important;padding-bottom: 15px !important;background-color: #360060 !important;}\u00bb][\/vc_column][\/vc_row][vc_row css=\u00bb.vc_custom_1745233821598{margin-top: 50px !important;}\u00bb][vc_column width=\u00bb2\/3&#8243; el_class=\u00bbpadding-50-right\u00bb css=\u00bb.vc_custom_1494506721665{padding-right: 50px !important;}\u00bb][vc_column_text] Organizaci\u00f3n estudiantil [\/vc_column_text][vc_column_text] DemULL La Delegaci\u00f3n de Estudiantes de Medicina de la Universidad de La Laguna es el organismo m\u00e1s leg\u00edtimo y soberano de representaci\u00f3n de los estudiantes del&#8230;<\/p>\n","protected":false},"author":1,"featured_media":0,"parent":40,"menu_order":0,"comment_status":"closed","ping_status":"closed","template":"templates\/template-frontpage.php","meta":[],"acf":[],"_links":{"self":[{"href":"https:\/\/www.ull.es\/centros\/facultad-medicina\/wp-json\/wp\/v2\/pages\/88"}],"collection":[{"href":"https:\/\/www.ull.es\/centros\/facultad-medicina\/wp-json\/wp\/v2\/pages"}],"about":[{"href":"https:\/\/www.ull.es\/centros\/facultad-medicina\/wp-json\/wp\/v2\/types\/page"}],"author":[{"embeddable":true,"href":"https:\/\/www.ull.es\/centros\/facultad-medicina\/wp-json\/wp\/v2\/users\/1"}],"replies":[{"embeddable":true,"href":"https:\/\/www.ull.es\/centros\/facultad-medicina\/wp-json\/wp\/v2\/comments?post=88"}],"version-history":[{"count":22,"href":"https:\/\/www.ull.es\/centros\/facultad-medicina\/wp-json\/wp\/v2\/pages\/88\/revisions"}],"predecessor-version":[{"id":862,"href":"https:\/\/www.ull.es\/centros\/facultad-medicina\/wp-json\/wp\/v2\/pages\/88\/revisions\/862"}],"up":[{"embeddable":true,"href":"https:\/\/www.ull.es\/centros\/facultad-medicina\/wp-json\/wp\/v2\/pages\/40"}],"wp:attachment":[{"href":"https:\/\/www.ull.es\/centros\/facultad-medicina\/wp-json\/wp\/v2\/media?parent=88"}],"curies":[{"name":"wp","href":"https:\/\/api.w.org\/{rel}","templated":true}]}}