{"id":211,"date":"2021-11-11T12:55:37","date_gmt":"2021-11-11T12:55:37","guid":{"rendered":"https:\/\/www.ull.es\/centros\/facultad-psicologia-logopedia\/?page_id=211"},"modified":"2025-12-04T12:30:26","modified_gmt":"2025-12-04T12:30:26","slug":"elecciones-alumnos-para-junta-de-centro","status":"publish","type":"page","link":"https:\/\/www.ull.es\/centros\/facultad-psicologia-logopedia\/elecciones-alumnos-para-junta-de-centro\/","title":{"rendered":"Elecciones alumnos para Junta de Centro"},"content":{"rendered":"<p>[vc_row][vc_column][vc_column_text]<\/p>\n<h1>Elecciones alumnado para Junta de Centro 2025<\/h1>\n<p><a href=\"https:\/\/drive.google.com\/file\/d\/1bKkfX-xuVFzPlTKtyGrCjlr-E6QLZRO4\/view?usp=sharing\" target=\"_blank\" rel=\"noopener\">Censo provisional de alumnado 2025<\/a><\/p>\n<p><a href=\"https:\/\/drive.google.com\/file\/d\/1cVIiyttgkBCJYDyal0XXMWwYHyEycCjE\/view?usp=sharing\" target=\"_blank\" rel=\"noopener\">Calendario electoral alumnado 2025<\/a><\/p>\n<p><a href=\"https:\/\/drive.google.com\/file\/d\/1ot2cTav6bNntlp7ihb7dEPBPuYDFwk8i\/view?usp=sharing\" target=\"_blank\" rel=\"noopener\" target=\"_blank\" rel=\"noopener\">Candidatura alumnado<\/a><\/p>\n<p><a href=\"https:\/\/drive.google.com\/file\/d\/1RgkuENrIqNYPRGqIJNokgklf-LhhrUki\/view?usp=sharing\" target=\"_blank\" rel=\"noopener\" target=\"_blank\" rel=\"noopener\">Censo definitivo de alumnado 2025<\/a><\/p>\n<p><a href=\"https:\/\/drive.google.com\/file\/d\/1l0jvOfkpvpQyYbusPlIl0w-Hu_9TnMir\/view?usp=sharing\" target=\"_blank\" rel=\"noopener\">Resoluci\u00f3n publicaci\u00f3n provisional de candidaturas<\/a><\/p>\n<p><a href=\"https:\/\/drive.google.com\/file\/d\/1TbCOPS5q-PG6F58RqDSZLFDuOrRz-c7W\/view?usp=sharing\" target=\"_blank\" rel=\"noopener\">Resoluci\u00f3n publicaci\u00f3n definitiva de ausencia de candidaturas<\/a>[\/vc_column_text][\/vc_column][\/vc_row]<\/p>\n","protected":false},"excerpt":{"rendered":"<p>[vc_row][vc_column][vc_column_text] Elecciones alumnado para Junta de Centro 2025 Censo provisional de alumnado 2025 Calendario electoral alumnado 2025 Candidatura alumnado Censo definitivo de alumnado 2025 Resoluci\u00f3n publicaci\u00f3n provisional de candidaturas Resoluci\u00f3n publicaci\u00f3n definitiva de ausencia de candidaturas[\/vc_column_text][\/vc_column][\/vc_row]<\/p>\n","protected":false},"author":35,"featured_media":0,"parent":0,"menu_order":0,"comment_status":"closed","ping_status":"closed","template":"","meta":[],"acf":[],"_links":{"self":[{"href":"https:\/\/www.ull.es\/centros\/facultad-psicologia-logopedia\/wp-json\/wp\/v2\/pages\/211"}],"collection":[{"href":"https:\/\/www.ull.es\/centros\/facultad-psicologia-logopedia\/wp-json\/wp\/v2\/pages"}],"about":[{"href":"https:\/\/www.ull.es\/centros\/facultad-psicologia-logopedia\/wp-json\/wp\/v2\/types\/page"}],"author":[{"embeddable":true,"href":"https:\/\/www.ull.es\/centros\/facultad-psicologia-logopedia\/wp-json\/wp\/v2\/users\/35"}],"replies":[{"embeddable":true,"href":"https:\/\/www.ull.es\/centros\/facultad-psicologia-logopedia\/wp-json\/wp\/v2\/comments?post=211"}],"version-history":[{"count":21,"href":"https:\/\/www.ull.es\/centros\/facultad-psicologia-logopedia\/wp-json\/wp\/v2\/pages\/211\/revisions"}],"predecessor-version":[{"id":403,"href":"https:\/\/www.ull.es\/centros\/facultad-psicologia-logopedia\/wp-json\/wp\/v2\/pages\/211\/revisions\/403"}],"wp:attachment":[{"href":"https:\/\/www.ull.es\/centros\/facultad-psicologia-logopedia\/wp-json\/wp\/v2\/media?parent=211"}],"curies":[{"name":"wp","href":"https:\/\/api.w.org\/{rel}","templated":true}]}}