{"id":22,"date":"2018-10-30T10:14:32","date_gmt":"2018-10-30T10:14:32","guid":{"rendered":"http:\/\/www.ull.es\/centros\/facultad-psicologia-logopedia\/?page_id=22"},"modified":"2025-04-22T08:02:54","modified_gmt":"2025-04-22T08:02:54","slug":"departamentos","status":"publish","type":"page","link":"https:\/\/www.ull.es\/centros\/facultad-psicologia-logopedia\/departamentos\/","title":{"rendered":"Departamentos"},"content":{"rendered":"<p>[vc_row full_width=\u00bbstretch_row_content_no_spaces\u00bb el_class=\u00bbSliderPortada\u00bb css=\u00bb.vc_custom_1745237111535{margin-top: -100px !important;}\u00bb][vc_column][rev_slider_vc alias=\u00bbportada\u00bb][\/vc_column][\/vc_row][vc_row full_width=\u00bbstretch_row_content_no_spaces\u00bb][vc_column][vc_custom_heading text=\u00bb\u00bb font_container=\u00bbtag:h2|text_align:center\u00bb google_fonts=\u00bbfont_family:Montserrat%3Aregular%2C700|font_style:700%20bold%20regular%3A700%3Anormal\u00bb css=\u00bb.vc_custom_1721221176088{padding-top: 15px !important;padding-bottom: 15px !important;background-color: #360060 !important;}\u00bb][\/vc_column][\/vc_row][vc_row css=\u00bb.vc_custom_1745233821598{margin-top: 50px !important;}\u00bb][vc_column width=\u00bb2\/3&#8243; el_class=\u00bbpadding-50-right\u00bb css=\u00bb.vc_custom_1494506721665{padding-right: 50px !important;}\u00bb][vc_column_text]<\/p>\n<h1 style=\"text-align: left;\">Departamentos<\/h1>\n<ul>\n<li><a href=\"https:\/\/www.ull.es\/departamentos\/ciencias-medicas-basicas\/\" target=\"_blank\" rel=\"noopener\" target=\"_blank\" rel=\"noopener\">Ciencia M\u00e9dica B\u00e1sicas<\/a><\/li>\n<li><a href=\"https:\/\/www.ull.es\/departamentos\/cirugia\/\" target=\"_blank\" rel=\"noopener\" target=\"_blank\" rel=\"noopener\">Cirug\u00eda<\/a><\/li>\n<li><a href=\"https:\/\/www.ull.es\/departamentos\/didactica-e-investigacion-educativa\/\" target=\"_blank\" rel=\"noopener\" target=\"_blank\" rel=\"noopener\">Did\u00e1ctica e Investigaci\u00f3n Educativa<\/a><\/li>\n<li><a href=\"https:\/\/www.ull.es\/departamentos\/filologia-espanola\/\" target=\"_blank\" rel=\"noopener\" target=\"_blank\" rel=\"noopener\">Filolog\u00eda Espa\u00f1ola<\/a><\/li>\n<li><a href=\"https:\/\/www.ull.es\/departamentos\/psicologia-clinica-psicobiologia-y-metodologia\/\" target=\"_blank\" rel=\"noopener\" target=\"_blank\" rel=\"noopener\">Psicolog\u00eda Cl\u00ednica, Psicobiolog\u00eda y Metodolog\u00eda<\/a><\/li>\n<li><a href=\"https:\/\/www.ull.es\/departamentos\/psicologia-cognitiva-social-y-organizacional\/\" target=\"_blank\" rel=\"noopener\" target=\"_blank\" rel=\"noopener\">Psicolog\u00eda Cognitiva, Social y Organizacional<\/a><\/li>\n<li><a href=\"https:\/\/www.ull.es\/departamentos\/psicologia-evolutiva-y-de-la-educacion\/\" target=\"_blank\" rel=\"noopener\" target=\"_blank\" rel=\"noopener\">Psicolog\u00eda Evolutiva y de la Educaci\u00f3n<\/a><\/li>\n<\/ul>\n<p>[\/vc_column_text][\/vc_column][vc_column width=\u00bb1\/3&#8243;][vc_column_text el_class=\u00bbcontacto\u00bb]\n<ul class=\"widget-box\">\n<li class='contacto-header'>Informaci\u00f3n de contacto<\/li><li><i class=\"fa fa-map-marker\"><\/i> C\/ Profesor Jos\u00e9 Luis Moreno Becerra s\/n. Campus de Guajara. Apartado 456.  C\u00f3digo postarl 38200. San Crist\u00f3bal de La Laguna. S\/C de Tenerife<\/li><li><i class=\"fa fa-phone\"><\/i> (+34) 922 31 74 60<\/li><li><i class=\"fa fa-envelope\"><\/i>  <a href=mailto:psicologia@ull.es>psicologia@ull.es<\/a><\/li><li><i class=\"fa fa-archive\"><\/i><a href=\"https:\/\/sede.ull.es\/ecivilis-site\/catalog\/showProcedure\/484\"> Procedimiento para quejas, sugerencias y felicitaciones<\/a><\/li>\n<\/ul>\n\n[\/vc_column_text][\/vc_column][\/vc_row]<\/p>\n","protected":false},"excerpt":{"rendered":"<p>[vc_row full_width=\u00bbstretch_row_content_no_spaces\u00bb el_class=\u00bbSliderPortada\u00bb css=\u00bb.vc_custom_1745237111535{margin-top: -100px !important;}\u00bb][vc_column][rev_slider_vc alias=\u00bbportada\u00bb][\/vc_column][\/vc_row][vc_row full_width=\u00bbstretch_row_content_no_spaces\u00bb][vc_column][vc_custom_heading text=\u00bb\u00bb font_container=\u00bbtag:h2|text_align:center\u00bb google_fonts=\u00bbfont_family:Montserrat%3Aregular%2C700|font_style:700%20bold%20regular%3A700%3Anormal\u00bb css=\u00bb.vc_custom_1721221176088{padding-top: 15px !important;padding-bottom: 15px !important;background-color: #360060 !important;}\u00bb][\/vc_column][\/vc_row][vc_row css=\u00bb.vc_custom_1745233821598{margin-top: 50px !important;}\u00bb][vc_column width=\u00bb2\/3&#8243; el_class=\u00bbpadding-50-right\u00bb css=\u00bb.vc_custom_1494506721665{padding-right: 50px !important;}\u00bb][vc_column_text] Departamentos Ciencia M\u00e9dica B\u00e1sicas Cirug\u00eda Did\u00e1ctica e Investigaci\u00f3n Educativa Filolog\u00eda Espa\u00f1ola Psicolog\u00eda Cl\u00ednica, Psicobiolog\u00eda y Metodolog\u00eda Psicolog\u00eda Cognitiva, Social y Organizacional Psicolog\u00eda Evolutiva y de la Educaci\u00f3n [\/vc_column_text][\/vc_column][vc_column width=\u00bb1\/3&#8243;][vc_column_text&#8230;<\/p>\n","protected":false},"author":37,"featured_media":0,"parent":0,"menu_order":0,"comment_status":"closed","ping_status":"closed","template":"templates\/template-frontpage.php","meta":[],"acf":[],"_links":{"self":[{"href":"https:\/\/www.ull.es\/centros\/facultad-psicologia-logopedia\/wp-json\/wp\/v2\/pages\/22"}],"collection":[{"href":"https:\/\/www.ull.es\/centros\/facultad-psicologia-logopedia\/wp-json\/wp\/v2\/pages"}],"about":[{"href":"https:\/\/www.ull.es\/centros\/facultad-psicologia-logopedia\/wp-json\/wp\/v2\/types\/page"}],"author":[{"embeddable":true,"href":"https:\/\/www.ull.es\/centros\/facultad-psicologia-logopedia\/wp-json\/wp\/v2\/users\/37"}],"replies":[{"embeddable":true,"href":"https:\/\/www.ull.es\/centros\/facultad-psicologia-logopedia\/wp-json\/wp\/v2\/comments?post=22"}],"version-history":[{"count":7,"href":"https:\/\/www.ull.es\/centros\/facultad-psicologia-logopedia\/wp-json\/wp\/v2\/pages\/22\/revisions"}],"predecessor-version":[{"id":390,"href":"https:\/\/www.ull.es\/centros\/facultad-psicologia-logopedia\/wp-json\/wp\/v2\/pages\/22\/revisions\/390"}],"wp:attachment":[{"href":"https:\/\/www.ull.es\/centros\/facultad-psicologia-logopedia\/wp-json\/wp\/v2\/media?parent=22"}],"curies":[{"name":"wp","href":"https:\/\/api.w.org\/{rel}","templated":true}]}}