{"id":28,"date":"2018-10-30T10:16:50","date_gmt":"2018-10-30T10:16:50","guid":{"rendered":"http:\/\/www.ull.es\/centros\/facultad-psicologia-logopedia\/?page_id=28"},"modified":"2025-04-22T08:03:32","modified_gmt":"2025-04-22T08:03:32","slug":"infraestructuras-y-servicios","status":"publish","type":"page","link":"https:\/\/www.ull.es\/centros\/facultad-psicologia-logopedia\/infraestructuras-y-servicios\/","title":{"rendered":"Infraestructuras y servicios"},"content":{"rendered":"<p>[vc_row full_width=\u00bbstretch_row_content_no_spaces\u00bb el_class=\u00bbSliderPortada\u00bb css=\u00bb.vc_custom_1745237111535{margin-top: -100px !important;}\u00bb][vc_column][rev_slider_vc alias=\u00bbportada\u00bb][\/vc_column][\/vc_row][vc_row full_width=\u00bbstretch_row_content_no_spaces\u00bb][vc_column][vc_custom_heading text=\u00bb\u00bb font_container=\u00bbtag:h2|text_align:center\u00bb google_fonts=\u00bbfont_family:Montserrat%3Aregular%2C700|font_style:700%20bold%20regular%3A700%3Anormal\u00bb css=\u00bb.vc_custom_1721221176088{padding-top: 15px !important;padding-bottom: 15px !important;background-color: #360060 !important;}\u00bb][\/vc_column][\/vc_row][vc_row css=\u00bb.vc_custom_1745233821598{margin-top: 50px !important;}\u00bb][vc_column width=\u00bb2\/3&#8243; el_class=\u00bbpadding-50-right\u00bb css=\u00bb.vc_custom_1494506721665{padding-right: 50px !important;}\u00bb][vc_column_text]<\/p>\n<h1 style=\"text-align: left;\">Infraestructuras y servicios<\/h1>\n<p>[\/vc_column_text][vc_column_text]<\/p>\n<h3 style=\"text-align: left;\">Facultad de Psicolog\u00eda\u00a0y Logopedia<\/h3>\n<p>[\/vc_column_text][vc_tta_accordion active_section=\u00bb\u00bb collapsible_all=\u00bbtrue\u00bb][vc_tta_section title=\u00bbRecursos materiales\u00bb tab_id=\u00bb1539088370696-b5cb64af-ab95&#8243;][vc_column_text]<\/p>\n<h3 style=\"text-align: left;\">Servicio\u00a0de Apoyo\u00a0a\u00a0la Investigaci\u00f3n (S.A.I.)<\/h3>\n<p style=\"text-align: left;\">El Servicio de apoyo a la investigaci\u00f3n\u00a0 tiene como objetivo facilitar el uso de los recursos t\u00e9cnicos para la tarea investigadora, a trav\u00e9s del mantenimiento de la infraestructura existente, la producci\u00f3n de materiales para la investigaci\u00f3n y el asesoramiento t\u00e9cnico. Para contactar con el SAI puedes hacerlo de 8:00 a 21:00 en los despachos B0-03 &#8211; 04 o llamando al 922 317 933.<\/p>\n<h3 style=\"text-align: left;\">Aula de Inform\u00e1tica<\/h3>\n<p style=\"text-align: left;\">El aula est\u00e1 dotada de 15 ordenadores para uso del alumnado y del profesorado de la Facultad. Adem\u00e1s, dispone de proyector y c\u00e1mara. El aula puede solicitarse en la Conserjer\u00eda de la Facultad.<\/p>\n<h3 style=\"text-align: left;\">Ocupaci\u00f3n de las aulas de Psicolog\u00eda y Logopedia en el aulario de Guajara<\/h3>\n<p style=\"text-align: left;\">La ocupaci\u00f3n de las aulas asignadas a Psicolog\u00eda y Logopedia aparece en los Cronogramas de cada t\u00edtulo y est\u00e1 disponible en la Conserjer\u00eda del Aulario de Guajara.<\/p>\n<p>[\/vc_column_text][\/vc_tta_section][\/vc_tta_accordion][\/vc_column][vc_column width=\u00bb1\/3&#8243;][vc_column_text el_class=\u00bbcontacto\u00bb]\n<ul class=\"widget-box\">\n<li class='contacto-header'>Informaci\u00f3n de contacto<\/li><li><i class=\"fa fa-map-marker\"><\/i> C\/ Profesor Jos\u00e9 Luis Moreno Becerra s\/n. Campus de Guajara. Apartado 456.  C\u00f3digo postarl 38200. San Crist\u00f3bal de La Laguna. S\/C de Tenerife<\/li><li><i class=\"fa fa-phone\"><\/i> (+34) 922 31 74 60<\/li><li><i class=\"fa fa-envelope\"><\/i>  <a href=mailto:psicologia@ull.es>psicologia@ull.es<\/a><\/li><li><i class=\"fa fa-archive\"><\/i><a href=\"https:\/\/sede.ull.es\/ecivilis-site\/catalog\/showProcedure\/484\"> Procedimiento para quejas, sugerencias y felicitaciones<\/a><\/li>\n<\/ul>\n\n[\/vc_column_text][\/vc_column][\/vc_row]<\/p>\n","protected":false},"excerpt":{"rendered":"<p>[vc_row full_width=\u00bbstretch_row_content_no_spaces\u00bb el_class=\u00bbSliderPortada\u00bb css=\u00bb.vc_custom_1745237111535{margin-top: -100px !important;}\u00bb][vc_column][rev_slider_vc alias=\u00bbportada\u00bb][\/vc_column][\/vc_row][vc_row full_width=\u00bbstretch_row_content_no_spaces\u00bb][vc_column][vc_custom_heading text=\u00bb\u00bb font_container=\u00bbtag:h2|text_align:center\u00bb google_fonts=\u00bbfont_family:Montserrat%3Aregular%2C700|font_style:700%20bold%20regular%3A700%3Anormal\u00bb css=\u00bb.vc_custom_1721221176088{padding-top: 15px !important;padding-bottom: 15px !important;background-color: #360060 !important;}\u00bb][\/vc_column][\/vc_row][vc_row css=\u00bb.vc_custom_1745233821598{margin-top: 50px !important;}\u00bb][vc_column width=\u00bb2\/3&#8243; el_class=\u00bbpadding-50-right\u00bb css=\u00bb.vc_custom_1494506721665{padding-right: 50px !important;}\u00bb][vc_column_text] Infraestructuras y servicios [\/vc_column_text][vc_column_text] Facultad de Psicolog\u00eda\u00a0y Logopedia [\/vc_column_text][vc_tta_accordion active_section=\u00bb\u00bb collapsible_all=\u00bbtrue\u00bb][vc_tta_section title=\u00bbRecursos materiales\u00bb tab_id=\u00bb1539088370696-b5cb64af-ab95&#8243;][vc_column_text] Servicio\u00a0de Apoyo\u00a0a\u00a0la Investigaci\u00f3n (S.A.I.) El Servicio de apoyo a la investigaci\u00f3n\u00a0 tiene como objetivo facilitar&#8230;<\/p>\n","protected":false},"author":37,"featured_media":0,"parent":0,"menu_order":0,"comment_status":"closed","ping_status":"closed","template":"templates\/template-frontpage.php","meta":[],"acf":[],"_links":{"self":[{"href":"https:\/\/www.ull.es\/centros\/facultad-psicologia-logopedia\/wp-json\/wp\/v2\/pages\/28"}],"collection":[{"href":"https:\/\/www.ull.es\/centros\/facultad-psicologia-logopedia\/wp-json\/wp\/v2\/pages"}],"about":[{"href":"https:\/\/www.ull.es\/centros\/facultad-psicologia-logopedia\/wp-json\/wp\/v2\/types\/page"}],"author":[{"embeddable":true,"href":"https:\/\/www.ull.es\/centros\/facultad-psicologia-logopedia\/wp-json\/wp\/v2\/users\/37"}],"replies":[{"embeddable":true,"href":"https:\/\/www.ull.es\/centros\/facultad-psicologia-logopedia\/wp-json\/wp\/v2\/comments?post=28"}],"version-history":[{"count":7,"href":"https:\/\/www.ull.es\/centros\/facultad-psicologia-logopedia\/wp-json\/wp\/v2\/pages\/28\/revisions"}],"predecessor-version":[{"id":391,"href":"https:\/\/www.ull.es\/centros\/facultad-psicologia-logopedia\/wp-json\/wp\/v2\/pages\/28\/revisions\/391"}],"wp:attachment":[{"href":"https:\/\/www.ull.es\/centros\/facultad-psicologia-logopedia\/wp-json\/wp\/v2\/media?parent=28"}],"curies":[{"name":"wp","href":"https:\/\/api.w.org\/{rel}","templated":true}]}}