{"id":30,"date":"2018-10-30T10:17:45","date_gmt":"2018-10-30T10:17:45","guid":{"rendered":"http:\/\/www.ull.es\/centros\/facultad-psicologia-logopedia\/?page_id=30"},"modified":"2026-01-19T14:19:49","modified_gmt":"2026-01-19T14:19:49","slug":"junta-de-facultad-y-comisiones","status":"publish","type":"page","link":"https:\/\/www.ull.es\/centros\/facultad-psicologia-logopedia\/junta-de-facultad-y-comisiones\/","title":{"rendered":"Junta de facultad y comisiones"},"content":{"rendered":"<p>[vc_row full_width=\u00bbstretch_row_content_no_spaces\u00bb el_class=\u00bbSliderPortada\u00bb css=\u00bb.vc_custom_1745237111535{margin-top: -100px !important;}\u00bb][vc_column][rev_slider_vc alias=\u00bbportada\u00bb][\/vc_column][\/vc_row][vc_row full_width=\u00bbstretch_row_content_no_spaces\u00bb][vc_column][vc_custom_heading text=\u00bb\u00bb font_container=\u00bbtag:h2|text_align:center\u00bb google_fonts=\u00bbfont_family:Montserrat%3Aregular%2C700|font_style:700%20bold%20regular%3A700%3Anormal\u00bb css=\u00bb.vc_custom_1721221176088{padding-top: 15px !important;padding-bottom: 15px !important;background-color: #360060 !important;}\u00bb][\/vc_column][\/vc_row][vc_row css=\u00bb.vc_custom_1745233821598{margin-top: 50px !important;}\u00bb][vc_column width=\u00bb2\/3&#8243; el_class=\u00bbpadding-50-right\u00bb css=\u00bb.vc_custom_1494506721665{padding-right: 50px !important;}\u00bb][vc_column_text]<\/p>\n<h1>Junta de facultad y comisiones<\/h1>\n<p>[\/vc_column_text][vc_tta_accordion shape=\u00bbsquare\u00bb c_icon=\u00bbchevron\u00bb c_position=\u00bbright\u00bb active_section=\u00bb\u00bb no_fill=\u00bbtrue\u00bb collapsible_all=\u00bbtrue\u00bb][vc_tta_section title=\u00bbFunciones de la Junta de Facultad\u00bb tab_id=\u00bbfunciones-de-la-junta-de-facultad\u00bb][vc_column_text]De conformidad con los Estatutos de la Universidad, corresponde a la Junta de esta Facultad\u00a0 las siguientes funciones:<\/p>\n<ul>\n<li>Definir y aprobar la pol\u00edtica de actuaci\u00f3n del Centro, tanto en lo que concierne a la docencia y la investigaci\u00f3n, como en lo relativo a su r\u00e9gimen administrativo y econ\u00f3mico.<\/li>\n<li>Aprobar los planes de ordenaci\u00f3n docente del Centro y proponer e informar la modificaci\u00f3n de sus planes de estudio.<\/li>\n<li>Aprobar la distribuci\u00f3n de los fondos asignados al Centro con cargo a los Presupuestos de la Universidad.<\/li>\n<li>Supervisar y conocer la actuaci\u00f3n de los \u00f3rganos colegiados y unipersonales de gobierno del Centro y de sus servicios, de conformidad con lo previsto en el apartado segundo del presente art\u00edculo.<\/li>\n<li>Ejercer cualesquiera otras funciones que le asignen los \u00f3rganos superiores de gobierno universitario o le reconozca el ordenamiento vigente\u2026<\/li>\n<li>Y, en general, las dem\u00e1s funciones previstas para los \u00f3rganos colegiados en el art\u00edculo 139 de los Estatutos de la Universidad.<\/li>\n<\/ul>\n<p>[\/vc_column_text][\/vc_tta_section][vc_tta_section title=\u00bbComposici\u00f3n\u00bb tab_id=\u00bbcomposicion\u00bb][vc_column_text]Una representaci\u00f3n de los distintos sectores que integran el centro, cuya composici\u00f3n se ajustar\u00e1 a los siguientes porcentajes:<\/p>\n<p><strong>El Equipo Decanal:<\/strong><\/p>\n<ul>\n<li>El decano presidir\u00e1; los vicedecanos; el secretario del centro, que ser\u00e1 su secretario; y el administrador del centro.<\/li>\n<\/ul>\n<p><strong>Un 51% por ciento constituido por:<\/strong><\/p>\n<ul>\n<li>El profesorado funcionario que figure en la programaci\u00f3n docente del centro, y que desarrolle al menos el 25% de su actividad docente en el mismo.<\/li>\n<li>Los directores de aquellos departamentos que impartan al menos un 25% de su carga lectiva en el centro y sean funcionarios de los cuerpos docentes universitarios.<\/li>\n<li>El resto del profesorado funcionario necesario para completar el 51% mediante elecci\u00f3n entre los que presten servicios en el centro.<\/li>\n<\/ul>\n<p><strong>Un 9% por ciento constituido por:<\/strong><\/p>\n<ul>\n<li>Los directores de aquellos departamentos que impartan al menos un 25% de su carga lectiva en el centro y sean profesores contratados.<\/li>\n<li>El resto del profesorado contratado necesario para completar el 9% mediante elecci\u00f3n entre los que figuren en la programaci\u00f3n docente del centro, y que desarrollen al menos el 25% de su actividad docente en el mismo.<\/li>\n<\/ul>\n<p>En todo caso deber\u00e1n estar representadas todas las \u00e1reas de conocimiento que impartan docencia en el centro. Los directores de los Departamentos que impartan docencia en el centro y no formen parte de la Junta de Centro tendr\u00e1n derecho a audiencia en las juntas de centro en las que se sometan a debate cuestiones relativas a las materias que imparten en el mismo.<\/p>\n<p><strong>Un 30% por ciento del alumnado de los diversos ciclos matriculado en el Centro.<\/strong><\/p>\n<p><strong>Un 10% del personal de administraci\u00f3n y servicios que presta sus servicios en el centro y en los departamentos de la Facultad.<\/strong><\/p>\n<p>En el caso de que el alumnado y\/o el personal de administraci\u00f3n y servicios no cubran por completo los puestos que les corresponden en la Junta de Centro, dichos puestos ser\u00e1n atribuidos al sector del profesorado contratado.<\/p>\n<p>En el caso en que el profesorado contratado y el personal de administraci\u00f3n y servicios no cubran por completo los puestos que les corresponden en la Junta de Centro, dichos puestos ser\u00e1n atribuidos al alumnado.<\/p>\n<p>La Junta de Facultad invitar\u00e1 a sus sesiones a los directores m\u00e9dicos de los Hospitales Universitarios que tendr\u00e1n voz pero no voto.<\/p>\n<hr \/>\n<ul>\n<li><a href=\"https:\/\/drive.google.com\/file\/d\/1Tmdf57rcFQI9wKayqRBWm0qZpN06Ykrd\/view?usp=drive_link\" target=\"_blank\" rel=\"noopener\" target=\"_blank\" rel=\"noopener\">Acceso a la composici\u00f3n de Psicolog\u00eda y Logopedia<\/a><\/li>\n<\/ul>\n<p>[\/vc_column_text][\/vc_tta_section][vc_tta_section title=\u00bbComisiones\u00bb tab_id=\u00bbcomisiones\u00bb][vc_column_text]<\/p>\n<ul>\n<li><a href=\"https:\/\/drive.google.com\/file\/d\/1frqgP9Lwje5p0n3ZFMmB7MVdJDGnXozI\/view?usp=sharing\" target=\"_blank\" rel=\"noopener\" target=\"_blank\" rel=\"noopener\">Acceso a las comisiones de Psicolog\u00eda y Logopedia<\/a><\/li>\n<\/ul>\n<p>[\/vc_column_text][\/vc_tta_section][vc_tta_section title=\u00bbComisi\u00f3n en Pol\u00edticas de Igualdad de G\u00e9nero\u00bb tab_id=\u00bbpoliticas-igualdad\u00bb][vc_column_text]<strong>Comisi\u00f3n de la Facultad en pol\u00edticas de Igualdad de G\u00e9nero<\/strong><\/p>\n<p>La Unidad de Igualdad de G\u00e9nero de la ULL cuenta con representantes de la unidad en las diferentes facultades y, en algunas, se han creado comisiones espec\u00edficas que promueven la difusi\u00f3n de las actividades, normativas y acciones de sensibilizaci\u00f3n en el \u00e1mbito de la igualdad de g\u00e9nero. En la Facultad se cre\u00f3 dicha comisi\u00f3n en marzo de 2022.<\/p>\n<p>El alumnado o personal de la Facultad que quiera informarse de los recursos de la ULL en temas de igualdad como son el Plan de Igualdad de G\u00e9nero o el Protocolo para la detecci\u00f3n, prevenci\u00f3n y actuaci\u00f3n en los supuestos de acoso sexual y de acoso sexista, puede ponerse en contacto con Helena Bonache Recio (<a href=\"mailto:hbonache@ull.edu.es\" target=\"_blank\" rel=\"noopener\" target=\"_blank\" rel=\"noopener\">hbonache@ull.es<\/a>), como coordinadora de la comisi\u00f3n o con cualquiera de sus componentes:<\/p>\n<p>Carmen M. Hern\u00e1ndez Jorge (<a href=\"mailto:cherjo@ull.edu.es\" target=\"_blank\" rel=\"noopener\">cherjo@ull.es<\/a>)<\/p>\n<p>Teresa Olivares P\u00e9rez (<a href=\"mailto:tolivarp@ull.edu.es\" target=\"_blank\" rel=\"noopener\">tolivarp@ull.es<\/a>\u00a0)<\/p>\n<p>M\u00f3nica Carballeira Abella (<a href=\"mailto:mabella@ull.edu.es\" target=\"_blank\" rel=\"noopener\">mabella@ull.es<\/a>\u00a0)<\/p>\n<p>Elena Rodr\u00edguez Naveiras (<a href=\"mailto:naveiras@ull.edu.es\" target=\"_blank\" rel=\"noopener\">naveiras@ull.es<\/a>)<\/p>\n<p>Helena Bonache Recio (<a href=\"mailto:hbonache@ull.edu.es\" target=\"_blank\" rel=\"noopener\">hbonache@ull.es<\/a>\u00a0)<\/p>\n<p>Montserrat Teixid\u00f3 Garc\u00eda (<a href=\"mailto:mteixido@ull.edu.es\" target=\"_blank\" rel=\"noopener\">mteixido@ull.es<\/a>)<\/p>\n<p>Zuleyka Artiles Marrero (<a href=\"mailto:alu0101359502@ull.edu.es\" target=\"_blank\" rel=\"noopener\">alu0101359502@ull.es<\/a>)<\/p>\n<ul>\n<li><a href=\"https:\/\/drive.google.com\/file\/d\/1GBhg1-9JVnaJK5MCJ2mhMx-j016IK1hx\/view?usp=sharing\" target=\"_blank\" rel=\"noopener\" target=\"_blank\" rel=\"noopener\">Actividades realizadas por la Comisi\u00f3n de Igualdad<\/a><\/li>\n<\/ul>\n<p>[\/vc_column_text][\/vc_tta_section][\/vc_tta_accordion][\/vc_column][vc_column width=\u00bb1\/3&#8243;][vc_column_text el_class=\u00bbcontacto\u00bb]\n<ul class=\"widget-box\">\n<li class='contacto-header'>Informaci\u00f3n de contacto<\/li><li><i class=\"fa fa-map-marker\"><\/i> C\/ Profesor Jos\u00e9 Luis Moreno Becerra s\/n. Campus de Guajara. Apartado 456.  C\u00f3digo postarl 38200. San Crist\u00f3bal de La Laguna. S\/C de Tenerife<\/li><li><i class=\"fa fa-phone\"><\/i> (+34) 922 31 74 60<\/li><li><i class=\"fa fa-envelope\"><\/i>  <a href=mailto:psicologia@ull.es>psicologia@ull.es<\/a><\/li><li><i class=\"fa fa-archive\"><\/i><a href=\"https:\/\/sede.ull.es\/ecivilis-site\/catalog\/showProcedure\/484\"> Procedimiento para quejas, sugerencias y felicitaciones<\/a><\/li>\n<\/ul>\n\n[\/vc_column_text][\/vc_column][\/vc_row]<\/p>\n","protected":false},"excerpt":{"rendered":"<p>[vc_row full_width=\u00bbstretch_row_content_no_spaces\u00bb el_class=\u00bbSliderPortada\u00bb css=\u00bb.vc_custom_1745237111535{margin-top: -100px !important;}\u00bb][vc_column][rev_slider_vc alias=\u00bbportada\u00bb][\/vc_column][\/vc_row][vc_row full_width=\u00bbstretch_row_content_no_spaces\u00bb][vc_column][vc_custom_heading text=\u00bb\u00bb font_container=\u00bbtag:h2|text_align:center\u00bb google_fonts=\u00bbfont_family:Montserrat%3Aregular%2C700|font_style:700%20bold%20regular%3A700%3Anormal\u00bb css=\u00bb.vc_custom_1721221176088{padding-top: 15px !important;padding-bottom: 15px !important;background-color: #360060 !important;}\u00bb][\/vc_column][\/vc_row][vc_row css=\u00bb.vc_custom_1745233821598{margin-top: 50px !important;}\u00bb][vc_column width=\u00bb2\/3&#8243; el_class=\u00bbpadding-50-right\u00bb css=\u00bb.vc_custom_1494506721665{padding-right: 50px !important;}\u00bb][vc_column_text] Junta de facultad y comisiones [\/vc_column_text][vc_tta_accordion shape=\u00bbsquare\u00bb c_icon=\u00bbchevron\u00bb c_position=\u00bbright\u00bb active_section=\u00bb\u00bb no_fill=\u00bbtrue\u00bb collapsible_all=\u00bbtrue\u00bb][vc_tta_section title=\u00bbFunciones de la Junta de Facultad\u00bb tab_id=\u00bbfunciones-de-la-junta-de-facultad\u00bb][vc_column_text]De conformidad con los Estatutos de la Universidad, corresponde a la&#8230;<\/p>\n","protected":false},"author":37,"featured_media":0,"parent":0,"menu_order":0,"comment_status":"closed","ping_status":"closed","template":"templates\/template-frontpage.php","meta":[],"acf":[],"_links":{"self":[{"href":"https:\/\/www.ull.es\/centros\/facultad-psicologia-logopedia\/wp-json\/wp\/v2\/pages\/30"}],"collection":[{"href":"https:\/\/www.ull.es\/centros\/facultad-psicologia-logopedia\/wp-json\/wp\/v2\/pages"}],"about":[{"href":"https:\/\/www.ull.es\/centros\/facultad-psicologia-logopedia\/wp-json\/wp\/v2\/types\/page"}],"author":[{"embeddable":true,"href":"https:\/\/www.ull.es\/centros\/facultad-psicologia-logopedia\/wp-json\/wp\/v2\/users\/37"}],"replies":[{"embeddable":true,"href":"https:\/\/www.ull.es\/centros\/facultad-psicologia-logopedia\/wp-json\/wp\/v2\/comments?post=30"}],"version-history":[{"count":39,"href":"https:\/\/www.ull.es\/centros\/facultad-psicologia-logopedia\/wp-json\/wp\/v2\/pages\/30\/revisions"}],"predecessor-version":[{"id":404,"href":"https:\/\/www.ull.es\/centros\/facultad-psicologia-logopedia\/wp-json\/wp\/v2\/pages\/30\/revisions\/404"}],"wp:attachment":[{"href":"https:\/\/www.ull.es\/centros\/facultad-psicologia-logopedia\/wp-json\/wp\/v2\/media?parent=30"}],"curies":[{"name":"wp","href":"https:\/\/api.w.org\/{rel}","templated":true}]}}