{"id":32,"date":"2018-10-30T10:31:58","date_gmt":"2018-10-30T10:31:58","guid":{"rendered":"http:\/\/www.ull.es\/centros\/facultad-psicologia-logopedia\/?page_id=32"},"modified":"2025-04-22T08:02:15","modified_gmt":"2025-04-22T08:02:15","slug":"organizacion-estudiantil","status":"publish","type":"page","link":"https:\/\/www.ull.es\/centros\/facultad-psicologia-logopedia\/organizacion-estudiantil\/","title":{"rendered":"Organizaci\u00f3n estudiantil"},"content":{"rendered":"<p>[vc_row full_width=\u00bbstretch_row_content_no_spaces\u00bb el_class=\u00bbSliderPortada\u00bb css=\u00bb.vc_custom_1745237111535{margin-top: -100px !important;}\u00bb][vc_column][rev_slider_vc alias=\u00bbportada\u00bb][\/vc_column][\/vc_row][vc_row full_width=\u00bbstretch_row_content_no_spaces\u00bb][vc_column][vc_custom_heading text=\u00bb\u00bb font_container=\u00bbtag:h2|text_align:center\u00bb google_fonts=\u00bbfont_family:Montserrat%3Aregular%2C700|font_style:700%20bold%20regular%3A700%3Anormal\u00bb css=\u00bb.vc_custom_1721221176088{padding-top: 15px !important;padding-bottom: 15px !important;background-color: #360060 !important;}\u00bb][\/vc_column][\/vc_row][vc_row css=\u00bb.vc_custom_1745233821598{margin-top: 50px !important;}\u00bb][vc_column width=\u00bb2\/3&#8243; el_class=\u00bbpadding-50-right\u00bb css=\u00bb.vc_custom_1494506721665{padding-right: 50px !important;}\u00bb][vc_column_text]<\/p>\n<h1 style=\"text-align: left;\">Organizaci\u00f3n estudiantil<\/h1>\n<h2 style=\"text-align: left;\">Facultad de Psicolog\u00eda y Logopedia<\/h2>\n<p>[\/vc_column_text][vc_column_text]<\/p>\n<p style=\"text-align: left;\">La Delegaci\u00f3n de Estudiantes de Psicolog\u00eda\u00a0 y Logopedia de la Universidad de La Laguna es la m\u00e1xima\u00a0 representaci\u00f3n de los estudiantes de los grados de Psicolog\u00eda y Logopedia.<\/p>\n<p style=\"text-align: left;\">B\u00e1sicamente, nuestra misi\u00f3n no es otra que la de velar por los derechos de los estudiantes, y la de intentar mejorar su estancia aqu\u00ed tanto a nivel cultural y acad\u00e9mico, como de enriquecimiento de la vida universitaria, desde que ingresan el primer d\u00eda de clase, hasta que salen como Psic\u00f3logos\/as y Logopedas.<\/p>\n<p style=\"text-align: left;\">Est\u00e1 formada por estudiantes que intentamos que la Universidad funcione mejor, que creemos que merece la pena dedicar un peque\u00f1o esfuerzo para intentar hacer la vida aqu\u00ed m\u00e1s llevadera, de la misma forma que consideramos que la Universidad no es como un colegio al que venir e irse, sino m\u00e1s bien un lugar en el que uno puede dejar su huella.<\/p>\n<h2 style=\"text-align: left;\">\u00bfQu\u00e9 hacemos en la Delegaci\u00f3n?<\/h2>\n<p style=\"text-align: left;\">Desde la Delegaci\u00f3n\u00a0 intentamos promover todas las actividades que se hacen en el Campus, pero especialmente participamos en el Congreso de Estudiantes de Psicolog\u00eda y Logopedia que se realiza con motivo de la semana del Patr\u00f3n de nuestra Facultad, de la misma forma que intentamos colaborar con el evento anual del D\u00eda de la Bici. De la misma forma que tiene su parte divertida tambi\u00e9n tiene su parte aburrida, por as\u00ed decirlo. Como m\u00e1ximo representante del alumnado se espera (y nosotros lo llevamos a cabo en la medida de lo posible) que participemos en todas las Comisiones y en las Juntas de Facultad como representantes del alumnado.<br \/>\nSi tienes alguna aportaci\u00f3n sobre alguna actividad que se podr\u00eda realizar, nos lo puedes mandar por correo a\u00a0<a href=\"mailto:dapsico@ull.es\" target=\"_blank\" rel=\"noopener\">dapsico@ull.es<\/a><\/p>\n<h2 style=\"text-align: left;\">\u00bfC\u00f3mo puedo formar parte de Delegaci\u00f3n?<\/h2>\n<p style=\"text-align: left;\">Realmente, como ya os habr\u00e9is dado cuenta, la delegaci\u00f3n\u00a0 \u201csomos todos\u201d. Cuanto m\u00e1s activamente participemos, m\u00e1s f\u00e1cil y m\u00e1s provechoso ser\u00e1 el tiempo que dediquemos a todas estas actividades, y mejor ser\u00e1 nuestra convivencia<\/p>\n<p style=\"text-align: left;\">Puedes ponerte en contacto con nosotros a trav\u00e9s de nuestras redes sociales:<\/p>\n<ul style=\"text-align: left;\">\n<li>Nuestra p\u00e1gina de Facebook:\u00a0<a href=\"http:\/\/www.facebook.com\/Psico-Logo-ULL-202269043292649\/?ref=aymt_homepage_panel\" target=\"_blank\" rel=\"noopener\" target=\"_blank\" rel=\"noopener\">Psico-Logo ULL<\/a><\/li>\n<li>Nuestro Twitter e Instagram: <a href=\"https:\/\/twitter.com\/psicologoull\" target=\"_blank\" rel=\"noopener\">@PsicoLogoULL<\/a><\/li>\n<li>O a trav\u00e9s de nuestro correo electr\u00f3nico:\u00a0<a href=\"mailto:dapsico@ull.edu.es\" target=\"_blank\" rel=\"noopener\">dapsico@ull.es<\/a><\/li>\n<\/ul>\n<p style=\"text-align: left;\">\u00a1Se nos olvidaba!\u00a0 Nuestra mascota tambi\u00e9n quiere dirigirte unas palabras de presentaci\u00f3n:<\/p>\n<p style=\"text-align: left;\"><img loading=\"lazy\" class=\" wp-image-482 alignleft\" src=\"https:\/\/www.ull.es\/centros\/facultad-ciencias-salud\/wp-content\/uploads\/sites\/13\/2017\/11\/lopsi.jpg\" alt=\"\" width=\"317\" height=\"330\" \/><\/p>\n<p style=\"text-align: left;\">\u00a1Hola! \u00a1Me llamo Lopsi!<\/p>\n<p style=\"text-align: left;\">Hace unos a\u00f1os me present\u00e9 a un concurso para representar a esta Facultad de Psicolog\u00eda y Logopedia, a su profesorado, personal de administraci\u00f3n y servicios y, como no, su alumnado. \u00a1Y ahora formo parte de esta gran familia!<\/p>\n<p style=\"text-align: left;\">Con mi color morado, quiero distinguir a esta Facultad del resto de las Facultades de la ULL. Los cuatro pelos que salen de mi coronilla los he peinado con cuidado y cari\u00f1o para representar a los alumnos de 1\u00ba, 2\u00ba, 3\u00ba y 4\u00ba de ambos grados (Psicolog\u00eda y Logopedia).<\/p>\n<p style=\"text-align: left;\">Y el cerebro, me lo prest\u00f3 la profe de Anatom\u00eda Humana, para la ocasi\u00f3n.<\/p>\n<p style=\"text-align: left;\">Sin m\u00e1s, me despido.<\/p>\n<p style=\"text-align: left;\"><em>LOPSI<\/em><\/p>\n<p>[\/vc_column_text][\/vc_column][vc_column width=\u00bb1\/3&#8243;][vc_column_text el_class=\u00bbcontacto\u00bb]\n<ul class=\"widget-box\">\n<li class='contacto-header'>Informaci\u00f3n de contacto<\/li><li><i class=\"fa fa-map-marker\"><\/i> C\/ Profesor Jos\u00e9 Luis Moreno Becerra s\/n. Campus de Guajara. Apartado 456.  C\u00f3digo postarl 38200. San Crist\u00f3bal de La Laguna. S\/C de Tenerife<\/li><li><i class=\"fa fa-phone\"><\/i> (+34) 922 31 74 60<\/li><li><i class=\"fa fa-envelope\"><\/i>  <a href=mailto:psicologia@ull.es>psicologia@ull.es<\/a><\/li><li><i class=\"fa fa-archive\"><\/i><a href=\"https:\/\/sede.ull.es\/ecivilis-site\/catalog\/showProcedure\/484\"> Procedimiento para quejas, sugerencias y felicitaciones<\/a><\/li>\n<\/ul>\n\n[\/vc_column_text][\/vc_column][\/vc_row]<\/p>\n","protected":false},"excerpt":{"rendered":"<p>[vc_row full_width=\u00bbstretch_row_content_no_spaces\u00bb el_class=\u00bbSliderPortada\u00bb css=\u00bb.vc_custom_1745237111535{margin-top: -100px !important;}\u00bb][vc_column][rev_slider_vc alias=\u00bbportada\u00bb][\/vc_column][\/vc_row][vc_row full_width=\u00bbstretch_row_content_no_spaces\u00bb][vc_column][vc_custom_heading text=\u00bb\u00bb font_container=\u00bbtag:h2|text_align:center\u00bb google_fonts=\u00bbfont_family:Montserrat%3Aregular%2C700|font_style:700%20bold%20regular%3A700%3Anormal\u00bb css=\u00bb.vc_custom_1721221176088{padding-top: 15px !important;padding-bottom: 15px !important;background-color: #360060 !important;}\u00bb][\/vc_column][\/vc_row][vc_row css=\u00bb.vc_custom_1745233821598{margin-top: 50px !important;}\u00bb][vc_column width=\u00bb2\/3&#8243; el_class=\u00bbpadding-50-right\u00bb css=\u00bb.vc_custom_1494506721665{padding-right: 50px !important;}\u00bb][vc_column_text] Organizaci\u00f3n estudiantil Facultad de Psicolog\u00eda y Logopedia [\/vc_column_text][vc_column_text] La Delegaci\u00f3n de Estudiantes de Psicolog\u00eda\u00a0 y Logopedia de la Universidad de La Laguna es la m\u00e1xima\u00a0 representaci\u00f3n de los estudiantes&#8230;<\/p>\n","protected":false},"author":37,"featured_media":0,"parent":0,"menu_order":0,"comment_status":"closed","ping_status":"closed","template":"templates\/template-frontpage.php","meta":[],"acf":[],"_links":{"self":[{"href":"https:\/\/www.ull.es\/centros\/facultad-psicologia-logopedia\/wp-json\/wp\/v2\/pages\/32"}],"collection":[{"href":"https:\/\/www.ull.es\/centros\/facultad-psicologia-logopedia\/wp-json\/wp\/v2\/pages"}],"about":[{"href":"https:\/\/www.ull.es\/centros\/facultad-psicologia-logopedia\/wp-json\/wp\/v2\/types\/page"}],"author":[{"embeddable":true,"href":"https:\/\/www.ull.es\/centros\/facultad-psicologia-logopedia\/wp-json\/wp\/v2\/users\/37"}],"replies":[{"embeddable":true,"href":"https:\/\/www.ull.es\/centros\/facultad-psicologia-logopedia\/wp-json\/wp\/v2\/comments?post=32"}],"version-history":[{"count":9,"href":"https:\/\/www.ull.es\/centros\/facultad-psicologia-logopedia\/wp-json\/wp\/v2\/pages\/32\/revisions"}],"predecessor-version":[{"id":389,"href":"https:\/\/www.ull.es\/centros\/facultad-psicologia-logopedia\/wp-json\/wp\/v2\/pages\/32\/revisions\/389"}],"wp:attachment":[{"href":"https:\/\/www.ull.es\/centros\/facultad-psicologia-logopedia\/wp-json\/wp\/v2\/media?parent=32"}],"curies":[{"name":"wp","href":"https:\/\/api.w.org\/{rel}","templated":true}]}}