{"id":34,"date":"2018-10-30T10:32:49","date_gmt":"2018-10-30T10:32:49","guid":{"rendered":"http:\/\/www.ull.es\/centros\/facultad-psicologia-logopedia\/?page_id=34"},"modified":"2025-04-22T08:13:47","modified_gmt":"2025-04-22T08:13:47","slug":"orientacion-y-tutorizacion","status":"publish","type":"page","link":"https:\/\/www.ull.es\/centros\/facultad-psicologia-logopedia\/orientacion-y-tutorizacion\/","title":{"rendered":"Orientaci\u00f3n y tutorizaci\u00f3n"},"content":{"rendered":"<p>[vc_row full_width=\u00bbstretch_row_content_no_spaces\u00bb el_class=\u00bbSliderPortada\u00bb css=\u00bb.vc_custom_1745237111535{margin-top: -100px !important;}\u00bb][vc_column][rev_slider_vc alias=\u00bbportada\u00bb][\/vc_column][\/vc_row][vc_row full_width=\u00bbstretch_row_content_no_spaces\u00bb][vc_column][vc_custom_heading text=\u00bb\u00bb font_container=\u00bbtag:h2|text_align:center\u00bb google_fonts=\u00bbfont_family:Montserrat%3Aregular%2C700|font_style:700%20bold%20regular%3A700%3Anormal\u00bb css=\u00bb.vc_custom_1721221176088{padding-top: 15px !important;padding-bottom: 15px !important;background-color: #360060 !important;}\u00bb][\/vc_column][\/vc_row][vc_row css=\u00bb.vc_custom_1745233821598{margin-top: 50px !important;}\u00bb][vc_column width=\u00bb2\/3&#8243; el_class=\u00bbpadding-50-right\u00bb css=\u00bb.vc_custom_1494506721665{padding-right: 50px !important;}\u00bb][vc_column_text]<\/p>\n<h1 style=\"text-align: left;\">Orientaci\u00f3n y Tutorizaci\u00f3n<\/h1>\n<p>[\/vc_column_text][vc_column_text]<\/p>\n<h2 style=\"text-align: left;\">Plan de orientaci\u00f3n y acci\u00f3n tutorial (POAT)<\/h2>\n<p>El objetivo de este plan es mejorar la organizaci\u00f3n y desarrollo de las acciones de orientaci\u00f3n y tutor\u00eda del centro. Va dirigido a todo el alumnado de los grados de Psicolog\u00eda y Logopedia poniendo especial \u00e9nfasis en los estudiantes de primero, en su fase de adaptaci\u00f3n e integraci\u00f3n en el centro. Incluye actividades de varios tipos, como charlas y talleres grupales informativos, sesiones de tutor\u00eda, sesiones de estudiantes-mentores, actividades de coordinaci\u00f3n acad\u00e9mica, etc.<\/p>\n<p>Desde el a\u00f1o 2013 la Facultad cuenta con un programa de \u201cMentorizaci\u00f3n\u201d, donde alumnos y alumnas del \u00faltimo curso mentorizan al alumnado de primero que lo solicite. Esto significa que desde el principio del primer cuatrimestre un\/a alumno\/a que se acaba de incorporar a los grados de Psicolog\u00eda o Logopedia puede tener un asesoramiento personalizado por alguien que est\u00e1 terminando el grado. Esta asignaci\u00f3n de mentores\/as y mentorizados\/as se realiza en el primer mes del primer cuatrimestre.<\/p>\n<p>Las actividades que se realizan se anuncian con antelaci\u00f3n a trav\u00e9s del aula virtual del POAT de cada grado.<\/p>\n<p>La profesora coordinadora del POAT en esta Facultad es: Helena Bonache Recio (<a href=\"mailto:hbonache@ull.edu.es\" target=\"_blank\" rel=\"noopener\" target=\"_blank\" rel=\"noopener\">hbonache@ull.es<\/a>).<\/p>\n<p>La profesora tutora de POAT de 1\u00ba de Psicolog\u00eda es: Elena Rodr\u00edguez Naveiras (<a href=\"mailto:naveiras@ull.edu.es\" target=\"_blank\" rel=\"noopener\" target=\"_blank\" rel=\"noopener\">naveiras@ull.es<\/a>), \u00a0y Elena Lorenzo S\u00e1nchez (<a href=\"mailto:elorenzs@ull.edu.es\" target=\"_blank\" rel=\"noopener\" target=\"_blank\" rel=\"noopener\">elorenzs@ull.es<\/a>).<\/p>\n<p>La profesora tutora de POAT de 1\u00ba de Logopedia es: Rut Correia Delgado (<a href=\"mailto:rcorreia@ull.edu.es\" target=\"_blank\" rel=\"noopener\" target=\"_blank\" rel=\"noopener\">rcorreia@ull.es<\/a>).<\/p>\n<p><a href=\"https:\/\/drive.google.com\/file\/d\/1-ADNUGeSbDGuvyRDiFVki3Cs6xSpU5LG\/view?usp=sharing\" target=\"_blank\" rel=\"noopener\" target=\"_blank\" rel=\"noopener\"><strong>Plan de Orientaci\u00f3n y Acci\u00f3n Tutorial curso 2024-25<\/strong><\/a><\/p>\n<p><a href=\"https:\/\/drive.google.com\/file\/d\/13Tj8P8eZimObUttLKSWTXSYiPHVXPlqw\/view?usp=sharing\" target=\"_blank\" rel=\"noopener\" target=\"_blank\" rel=\"noopener\"><strong>Plan de Orientaci\u00f3n y Acci\u00f3n Tutorial curso 2023-24<\/strong><\/a><\/p>\n<p><a href=\"https:\/\/drive.google.com\/file\/d\/1XdgKXfbflGTm8Bx5Wq0xV69DoYlUgl7D\/view?usp=sharing\" target=\"_blank\" rel=\"noopener\" target=\"_blank\" rel=\"noopener\"><strong>Plan de Orientaci\u00f3n y Acci\u00f3n Tutorial curso 2022-23<\/strong><\/a><\/p>\n<p><a href=\"https:\/\/drive.google.com\/file\/d\/1T9bJ6FVtp1idAU9MjBJd9Xp7JDamG6Bv\/view?usp=sharing\" target=\"_blank\" rel=\"noopener\" target=\"_blank\" rel=\"noopener\"><strong>Plan de Orientaci\u00f3n y Acci\u00f3n Tutorial curso 2021-22\u00a0<\/strong><\/a><\/p>\n<p><a href=\"https:\/\/drive.google.com\/file\/d\/1gIpnMvZozdila1n_5JyJgA9KovWeAqSG\/view?usp=share_link\" target=\"_blank\" rel=\"noopener\" target=\"_blank\" rel=\"noopener\"><strong>Memoria del Plan\u00a0de Orientaci\u00f3n y Acci\u00f3n Tutorial curso 2021-22<\/strong><\/a><\/p>\n<p>&nbsp;<\/p>\n<h2>Representante de la Facultad en pol\u00edticas de Igualdad de G\u00e9nero<\/h2>\n<p>En cada Facultad, la <a href=\"https:\/\/www.ull.es\/servicios\/igualdad\/\" target=\"_blank\" rel=\"noopener noreferrer\" target=\"_blank\" rel=\"noopener\">Unidad de Igualdad de G\u00e9nero<\/a> cuenta con un\/a representante que colabora en la difusi\u00f3n de las actividades, normativas y acciones de sensibilizaci\u00f3n relacionadas con el \u00e1mbito de la igualdad de g\u00e9nero.<\/p>\n<p>Cualquier alumno\/a o personal de la Facultad que quiera informarse de los recursos de la ULL en temas de igualdad, como son: el Plan de Igualdad de G\u00e9nero o el Protocolo para la detecci\u00f3n, prevenci\u00f3n y actuaci\u00f3n en los supuestos de acoso sexual y de acoso sexista en la ULL puede ponerse en contacto con la profesora Helena Bonache Recio <span style=\"color: #0000ff;\">(<\/span><span style=\"color: #0000ff;\"><a href=\"mailto:hbonache@ull.edu.es\" target=\"_blank\" rel=\"noopener\" target=\"_blank\" rel=\"noopener\">hbonache@ull.es<\/a>)<\/span>.[\/vc_column_text][\/vc_column][vc_column width=\u00bb1\/3&#8243;][vc_column_text el_class=\u00bbcontacto\u00bb]\n<ul class=\"widget-box\">\n<li class='contacto-header'>Informaci\u00f3n de contacto<\/li><li><i class=\"fa fa-map-marker\"><\/i> C\/ Profesor Jos\u00e9 Luis Moreno Becerra s\/n. Campus de Guajara. Apartado 456.  C\u00f3digo postarl 38200. San Crist\u00f3bal de La Laguna. S\/C de Tenerife<\/li><li><i class=\"fa fa-phone\"><\/i> (+34) 922 31 74 60<\/li><li><i class=\"fa fa-envelope\"><\/i>  <a href=mailto:psicologia@ull.es>psicologia@ull.es<\/a><\/li><li><i class=\"fa fa-archive\"><\/i><a href=\"https:\/\/sede.ull.es\/ecivilis-site\/catalog\/showProcedure\/484\"> Procedimiento para quejas, sugerencias y felicitaciones<\/a><\/li>\n<\/ul>\n\n[\/vc_column_text][\/vc_column][\/vc_row]<\/p>\n","protected":false},"excerpt":{"rendered":"<p>[vc_row full_width=\u00bbstretch_row_content_no_spaces\u00bb el_class=\u00bbSliderPortada\u00bb css=\u00bb.vc_custom_1745237111535{margin-top: -100px !important;}\u00bb][vc_column][rev_slider_vc alias=\u00bbportada\u00bb][\/vc_column][\/vc_row][vc_row full_width=\u00bbstretch_row_content_no_spaces\u00bb][vc_column][vc_custom_heading text=\u00bb\u00bb font_container=\u00bbtag:h2|text_align:center\u00bb google_fonts=\u00bbfont_family:Montserrat%3Aregular%2C700|font_style:700%20bold%20regular%3A700%3Anormal\u00bb css=\u00bb.vc_custom_1721221176088{padding-top: 15px !important;padding-bottom: 15px !important;background-color: #360060 !important;}\u00bb][\/vc_column][\/vc_row][vc_row css=\u00bb.vc_custom_1745233821598{margin-top: 50px !important;}\u00bb][vc_column width=\u00bb2\/3&#8243; el_class=\u00bbpadding-50-right\u00bb css=\u00bb.vc_custom_1494506721665{padding-right: 50px !important;}\u00bb][vc_column_text] Orientaci\u00f3n y Tutorizaci\u00f3n [\/vc_column_text][vc_column_text] Plan de orientaci\u00f3n y acci\u00f3n tutorial (POAT) El objetivo de este plan es mejorar la organizaci\u00f3n y desarrollo de las acciones de orientaci\u00f3n y tutor\u00eda&#8230;<\/p>\n","protected":false},"author":37,"featured_media":0,"parent":0,"menu_order":0,"comment_status":"closed","ping_status":"closed","template":"templates\/template-frontpage.php","meta":[],"acf":[],"_links":{"self":[{"href":"https:\/\/www.ull.es\/centros\/facultad-psicologia-logopedia\/wp-json\/wp\/v2\/pages\/34"}],"collection":[{"href":"https:\/\/www.ull.es\/centros\/facultad-psicologia-logopedia\/wp-json\/wp\/v2\/pages"}],"about":[{"href":"https:\/\/www.ull.es\/centros\/facultad-psicologia-logopedia\/wp-json\/wp\/v2\/types\/page"}],"author":[{"embeddable":true,"href":"https:\/\/www.ull.es\/centros\/facultad-psicologia-logopedia\/wp-json\/wp\/v2\/users\/37"}],"replies":[{"embeddable":true,"href":"https:\/\/www.ull.es\/centros\/facultad-psicologia-logopedia\/wp-json\/wp\/v2\/comments?post=34"}],"version-history":[{"count":21,"href":"https:\/\/www.ull.es\/centros\/facultad-psicologia-logopedia\/wp-json\/wp\/v2\/pages\/34\/revisions"}],"predecessor-version":[{"id":393,"href":"https:\/\/www.ull.es\/centros\/facultad-psicologia-logopedia\/wp-json\/wp\/v2\/pages\/34\/revisions\/393"}],"wp:attachment":[{"href":"https:\/\/www.ull.es\/centros\/facultad-psicologia-logopedia\/wp-json\/wp\/v2\/media?parent=34"}],"curies":[{"name":"wp","href":"https:\/\/api.w.org\/{rel}","templated":true}]}}