{"id":2,"date":"2018-12-14T12:50:09","date_gmt":"2018-12-14T12:50:09","guid":{"rendered":"http:\/\/www.ull.es\/centros\/jardin-botanico-wildpret\/?page_id=2"},"modified":"2020-06-26T10:38:51","modified_gmt":"2020-06-26T10:38:51","slug":"inicio","status":"publish","type":"page","link":"https:\/\/www.ull.es\/centros\/jardin-campus-salud\/","title":{"rendered":"Inicio"},"content":{"rendered":"<p>[vc_row css=\u00bb.vc_custom_1548250880655{margin-top: 0px !important;margin-bottom: 20px !important;padding-top: 0px !important;}\u00bb][vc_column css=\u00bb.vc_custom_1548250896198{margin-top: 0px !important;padding-top: 0px !important;}\u00bb][rev_slider_vc alias=\u00bbthirty_sixth\u00bb][\/vc_column][\/vc_row][vc_row][vc_column][vc_empty_space height=\u00bb15px\u00bb][\/vc_column][\/vc_row][vc_row full_width=\u00bbstretch_row_content\u00bb content_placement=\u00bbmiddle\u00bb][vc_column][vc_raw_html]JTNDZGl2JTIwY2xhc3MlM0QlMjJ0b2RvJTIyJTNFJTBBJTNDZGl2JTIwY2xhc3MlM0QlMjJjb250YWluZXIxJTIyJTNFJTBBJTNDYSUyMGNsYXNzJTNEJTIybGVhJTIyJTIwc3R5bGUlM0QlMjJjb2xvciUzQSUyMzVjMDY4YyUyMiUyMGhyZWYlM0QlMjJodHRwcyUzQSUyRiUyRnd3dy51bGwuZXMlMkZjZW50cm9zJTJGamFyZGluLWNhbXB1cy1zYWx1ZCUyRmhlcmJhY2VhcyUyRiUyMiUzRSUzQ2RpdiUyMGNsYXNzJTNEJTIyY2xpZW50MSUyMiUzRSUwQSUzQ2RpdiUyMGNsYXNzJTNEJTIybG9nbyUyMiUzRSUwQSUzQ2RpdiUyMGNsYXNzJTNEJTIydmNfaWNvbl9lbGVtZW50LWljb24lMjBpY29uczgtY2VzcGVkJTIyJTIwc3R5bGUlM0QlMjJmb250LXNpemUlM0ElMjAzMHB4JTIwJTIxaW1wb3J0YW50JTNCJTIwbWFyZ2luLXRvcCUzQSUyMDE4cHglMjAlMjFpbXBvcnRhbnQlM0IlMjBtYXJnaW4tbGVmdCUzQSUyMDJweCUyMCUyMWltcG9ydGFudCUzQiUyMiUzRSUzQyUyRmRpdiUzRSUwQSUzQyUyRmRpdiUzRSUwQSUzQ2gyJTNFSEVSQkFDRUFTJTNDJTJGaDIlM0UlMEElM0MlMkZkaXYlM0UlM0MlMkZhJTNFJTBBJTNDJTJGZGl2JTNFJTBBJTBBJTNDZGl2JTIwY2xhc3MlM0QlMjJjb250YWluZXIxJTIyJTNFJTBBJTNDYSUyMGNsYXNzJTNEJTIybGVhJTIyJTIwc3R5bGUlM0QlMjJjb2xvciUzQSUyMzVjMDY4YyUyMiUyMGhyZWYlM0QlMjJodHRwcyUzQSUyRiUyRnd3dy51bGwuZXMlMkZjZW50cm9zJTJGamFyZGluLWNhbXB1cy1zYWx1ZCUyRnN1Y3VsZW50YXMlMkYlMjIlM0UlM0NkaXYlMjBjbGFzcyUzRCUyMmNsaWVudDElMjIlM0UlMEElM0NkaXYlMjBjbGFzcyUzRCUyMmxvZ28lMjIlM0UlMEElM0NkaXYlMjBjbGFzcyUzRCUyMnZjX2ljb25fZWxlbWVudC1pY29uJTIwZmElMjBmYS1lbnZpcmElMjIlMjBzdHlsZSUzRCUyMmZvbnQtc2l6ZSUzQSUyMDMwcHglMjAlMjFpbXBvcnRhbnQlM0IlMjBtYXJnaW4tdG9wJTNBJTIwMTlweCUyMCUyMWltcG9ydGFudCUzQiUyMG1hcmdpbi1sZWZ0JTNBJTIwNXB4JTIwJTIxaW1wb3J0YW50JTNCJTIyJTNFJTNDJTJGZGl2JTNFJTBBJTNDJTJGZGl2JTNFJTBBJTNDaDIlM0VTVUNVTEVOVEFTJTNDJTJGaDIlM0UlMEElM0MlMkZkaXYlM0UlM0MlMkZhJTNFJTBBJTNDJTJGZGl2JTNFJTBBJTBBJTNDZGl2JTIwY2xhc3MlM0QlMjJjb250YWluZXIxJTIyJTNFJTBBJTNDYSUyMGNsYXNzJTNEJTIybGVhJTIyJTIwc3R5bGUlM0QlMjJjb2xvciUzQSUyMzVjMDY4YyUyMiUyMGhyZWYlM0QlMjJodHRwcyUzQSUyRiUyRnd3dy51bGwuZXMlMkZjZW50cm9zJTJGamFyZGluLWNhbXB1cy1zYWx1ZCUyRnBhbG1lcmFzJTJGJTIyJTNFJTNDZGl2JTIwY2xhc3MlM0QlMjJjbGllbnQxJTIyJTNFJTBBJTNDZGl2JTIwY2xhc3MlM0QlMjJsb2dvJTIyJTNFJTBBJTNDZGl2JTIwY2xhc3MlM0QlMjJ2Y19pY29uX2VsZW1lbnQtaWNvbiUyMGljb25zOC1wYWxtZXJhJTIyJTIwc3R5bGUlM0QlMjJmb250LXNpemUlM0ElMjAzMHB4JTIwJTIxaW1wb3J0YW50JTNCJTIwbWFyZ2luLXRvcCUzQSUyMDE4cHglMjAlMjFpbXBvcnRhbnQlM0IlMjBtYXJnaW4tbGVmdCUzQSUyMDJweCUyMCUyMWltcG9ydGFudCUzQiUyMiUzRSUzQyUyRmRpdiUzRSUwQSUzQyUyRmRpdiUzRSUwQSUzQ2gyJTNFUEFMTUVSQVMlM0MlMkZoMiUzRSUwQSUzQyUyRmRpdiUzRSUzQyUyRmElM0UlMEElM0MlMkZkaXYlM0UlMEElMEElM0NkaXYlMjBjbGFzcyUzRCUyMmNvbnRhaW5lcjElMjIlM0UlMEElM0NhJTIwY2xhc3MlM0QlMjJsZWElMjIlMjBzdHlsZSUzRCUyMmNvbG9yJTNBJTIzNWMwNjhjJTIyJTIwaHJlZiUzRCUyMmh0dHBzJTNBJTJGJTJGd3d3LnVsbC5lcyUyRmNlbnRyb3MlMkZqYXJkaW4tY2FtcHVzLXNhbHVkJTJGYXJib2xlcyUyRiUyMiUzRSUzQ2RpdiUyMGNsYXNzJTNEJTIyY2xpZW50MSUyMiUzRSUwQSUzQ2RpdiUyMGNsYXNzJTNEJTIybG9nbyUyMiUzRSUwQSUzQ2RpdiUyMGNsYXNzJTNEJTIydmNfaWNvbl9lbGVtZW50LWljb24lMjBmYSUyMGZhLXRyZWUlMjIlMjBzdHlsZSUzRCUyMmZvbnQtc2l6ZSUzQSUyMDMwcHglMjAlMjFpbXBvcnRhbnQlM0IlMjBtYXJnaW4tdG9wJTNBJTIwMTlweCUyMCUyMWltcG9ydGFudCUzQiUyMG1hcmdpbi1sZWZ0JTNBJTIwNXB4JTIwJTIxaW1wb3J0YW50JTNCJTIyJTNFJTNDJTJGZGl2JTNFJTBBJTNDJTJGZGl2JTNFJTBBJTNDaDIlM0UlQzMlODFSQk9MRVMlM0MlMkZoMiUzRSUwQSUzQyUyRmRpdiUzRSUzQyUyRmElM0UlMEElM0MlMkZkaXYlM0UlMEElMEElM0NkaXYlMjBjbGFzcyUzRCUyMmNvbnRhaW5lcjElMjIlM0UlMEElM0NhJTIwY2xhc3MlM0QlMjJsZWElMjIlMjBzdHlsZSUzRCUyMmNvbG9yJTNBJTIzNWMwNjhjJTIyJTIwaHJlZiUzRCUyMmh0dHBzJTNBJTJGJTJGd3d3LnVsbC5lcyUyRmNlbnRyb3MlMkZqYXJkaW4tY2FtcHVzLXNhbHVkJTJGYXJidXN0b3MlMkYlMjIlM0UlM0NkaXYlMjBjbGFzcyUzRCUyMmNsaWVudDElMjIlM0UlMEElM0NkaXYlMjBjbGFzcyUzRCUyMmxvZ28lMjIlM0UlMEElM0NkaXYlMjBjbGFzcyUzRCUyMnZjX2ljb25fZWxlbWVudC1pY29uJTIwZmElMjBmYS1sZWFmJTIyJTIwc3R5bGUlM0QlMjJmb250LXNpemUlM0ElMjAzMHB4JTIwJTIxaW1wb3J0YW50JTNCJTIwbWFyZ2luLXRvcCUzQSUyMDE4cHglMjAlMjFpbXBvcnRhbnQlM0IlMjBtYXJnaW4tbGVmdCUzQSUyMDJweCUyMCUyMWltcG9ydGFudCUzQiUyMiUzRSUzQyUyRmRpdiUzRSUwQSUzQyUyRmRpdiUzRSUwQSUzQ2gyJTNFQVJCVVNUT1MlM0MlMkZoMiUzRSUwQSUzQyUyRmRpdiUzRSUzQyUyRmElM0UlMEElM0MlMkZkaXYlM0UlMEElMEElM0MlMkZkaXYlM0U=[\/vc_raw_html][\/vc_column][\/vc_row][vc_row][vc_column][vc_empty_space height=\u00bb40px\u00bb][\/vc_column][\/vc_row][vc_row full_width=\u00bbstretch_row_content\u00bb][vc_column css=\u00bb.vc_custom_1593167929887{padding-right: 10% !important;padding-left: 10% !important;}\u00bb][vc_column_text]<\/p>\n<div>La p\u00e1gina web de <strong>Los Jardines del Campus de Ciencias de la Salud<\/strong> ofrece una visita virtual al\u00a0patrimonio\u00a0bot\u00e1nico que <strong>Kevin Carracedo Agnew<\/strong> ha elaborado durante m\u00e1s de 15 a\u00f1os. Lim\u00edtrofe a aulas, laboratorios y departamentos, el espacio verde, testigo del d\u00eda a d\u00eda en la Facultad, ha desarrollado su potencial gracias al equipo de jardiner\u00eda. Todas las referencias que se encuentran en la web, entre las que hay multitud de especies raras y de los de cinco continentes, est\u00e1n clasificadas en diferentes categor\u00edas: herb\u00e1ceas, suculentas, palmeras, \u00e1rboles y arbustos. Al acceder a cualquier ejemplar se ofrecen im\u00e1genes, ficha t\u00e9cnica con sus principales caracter\u00edsticas, denominaci\u00f3n cient\u00edfica, y un plano de geolocalizaci\u00f3n en las diferentes \u00e1reas ajardinadas.<\/div>\n<div>\n<div>\n<div dir=\"ltr\">\n<div dir=\"ltr\">\n<div dir=\"ltr\">\n<div dir=\"ltr\">\n<div dir=\"ltr\">\n<div dir=\"ltr\">\n<div dir=\"ltr\">\n<div dir=\"ltr\">\n<div dir=\"ltr\">\n<div dir=\"ltr\">\n<div dir=\"ltr\">\n<div dir=\"ltr\">\n<div dir=\"ltr\">\n<div dir=\"ltr\">\n<div dir=\"ltr\">\n<div dir=\"ltr\">\n<div dir=\"ltr\">\n<div dir=\"ltr\">\n<div dir=\"ltr\">\n<div dir=\"ltr\">\n<div dir=\"ltr\">\n<div dir=\"ltr\">\n<div dir=\"ltr\">\n<div dir=\"ltr\">\n<div dir=\"ltr\">\n<div dir=\"ltr\">\n<div dir=\"ltr\">\n<div dir=\"ltr\">\n<div dir=\"ltr\">\n<div dir=\"ltr\">\n<div dir=\"ltr\">\n<div dir=\"ltr\">\n<div dir=\"ltr\">\n<div dir=\"ltr\">\n<div dir=\"ltr\">\n<div dir=\"ltr\">\n<div dir=\"ltr\">\n<div dir=\"ltr\">\n<div dir=\"ltr\">\n<div dir=\"ltr\">\n<div dir=\"ltr\">\n<div dir=\"ltr\">\n<div dir=\"ltr\">\n<div dir=\"ltr\">\n<div dir=\"ltr\">\n<div dir=\"ltr\">\n<div dir=\"ltr\">\n<div dir=\"ltr\">\n<div dir=\"ltr\">\n<div dir=\"ltr\">\n<div dir=\"ltr\">\n<div dir=\"ltr\">\n<div dir=\"ltr\">\n<div dir=\"ltr\">\n<div dir=\"ltr\">\n<div><\/div>\n<\/div>\n<\/div>\n<\/div>\n<\/div>\n<\/div>\n<\/div>\n<\/div>\n<\/div>\n<\/div>\n<\/div>\n<\/div>\n<\/div>\n<\/div>\n<\/div>\n<\/div>\n<\/div>\n<\/div>\n<\/div>\n<\/div>\n<\/div>\n<\/div>\n<\/div>\n<\/div>\n<\/div>\n<\/div>\n<\/div>\n<\/div>\n<\/div>\n<\/div>\n<\/div>\n<\/div>\n<\/div>\n<\/div>\n<\/div>\n<\/div>\n<\/div>\n<\/div>\n<\/div>\n<\/div>\n<\/div>\n<\/div>\n<\/div>\n<\/div>\n<\/div>\n<\/div>\n<\/div>\n<\/div>\n<\/div>\n<\/div>\n<\/div>\n<\/div>\n<\/div>\n<\/div>\n<\/div>\n<\/div>\n<\/div>\n<\/div>\n<p>[\/vc_column_text][vc_empty_space][\/vc_column][\/vc_row][vc_row][vc_column css=\u00bb.vc_custom_1593167678342{background-color: #ededed !important;}\u00bb][vc_column_text]<\/p>\n<p style=\"margin-bottom: 34px;padding: 5px;text-align: center\">Del mismo modo que la vegetaci\u00f3n, el proyecto de <strong>Los Jardines del Campus de Ciencias de la Salud<\/strong>\u00a0se encuentra en constante crecimiento, por lo que invitamos a volver a visitar el portal para encontrar nuevas rese\u00f1as.<\/p>\n<p>[\/vc_column_text][\/vc_column][\/vc_row][vc_row][vc_column][vc_empty_space height=\u00bb50px\u00bb][\/vc_column][\/vc_row][vc_row][vc_column offset=\u00bbvc_hidden-lg vc_hidden-md vc_hidden-sm vc_hidden-xs\u00bb][vc_column_text][datatable post_type=\u00bbconvocatorias\u00bb idioma=\u00bbes\u00bb num_posts=\u00bb10&#8243; categoria=ull][\/vc_column_text][\/vc_column][\/vc_row][vc_row][vc_column width=\u00bb1\/3&#8243;][vc_column_text]<style>\n    .news-group .bg-size {\n        background-position: center;\n        background-size: cover;\n        width: 100%;\n        height: 48px;\n    }\n    .news-group .list-group-item-text {\n        font-size: 13px;\n    }\n    .news-group .col-md-3 {\n        padding-right: 0;\n    }\n    .news-group .list-group-item-date {\n        font-size: 11px;\n        color: #A4A4A4;\n        margin-bottom: 2px;\n        text-transform: uppercase;\n    }\n\n    .mensaje.alert-warning{\n        font-size: 12px;\n        margin: 14px !important;\n        padding: 4px 8px;\n        color: #cca60b;\n    }\n<\/style>\n\n<div class=\"panel panel-default\">\n    <div class=\"panel-heading\">\n        <h3 class=\"panel-title\">Noticias<\/h3>\n    <\/div>\n\n    <div class=\"list-group news-group\">\n\n        <div class=\"mensaje alert alert-warning\">No hay noticias disponibles.<\/div>\n    <\/div>\n\n\n<\/div>[\/vc_column_text][\/vc_column][vc_column width=\u00bb1\/3&#8243;][vc_column_text]\n<style>\n    .events-group .bg-size {\n        background-position: center;\n        background-size: cover;\n        width: 100%;\n        height: 48px;\n    }\n    .events-group .list-group-item-text {\n        font-size: 13px;\n    }\n    .events-group .col-md-3 {\n        padding-right: 0;\n    }\n    .events-group .list-group-item-date {\n        font-size: 11px;\n        color: #A4A4A4;\n        margin-bottom: 2px;\n        text-transform: uppercase;\n    }\n\n    .mensaje.alert-warning{\n        font-size: 12px;\n        margin: 14px !important;\n        padding: 4px 8px;\n        color: #cca60b;\n    }\n\n<\/style>\n\n<div class=\"panel panel-default\">\n    <div class=\"panel-heading\">\n        <h3 class=\"panel-title\">Eventos<\/h3>\n    <\/div>\n\n    <div class=\"list-group events-group\">\n\n        <div class=\"mensaje alert alert-warning\">No hay eventos disponibles.<\/div>\n    <\/div>\n\n\n<\/div>\n[\/vc_column_text][\/vc_column][vc_column width=\u00bb1\/3&#8243;][vc_column_text]\n<ul class=\"widget-box\">\n<li class='contacto-header'>Informaci\u00f3n de contacto<\/li><li><i class=\"fa fa-map-marker\"><\/i> C\/ Sta. Mar\u00eda Soledad s\/n. Facultad de Ciencias de la Salud. C\u00f3digo postal 38200. San Crist\u00f3bal de La Laguna. S\/C de Tenerife<\/li><li><i class=\"fa fa-phone\"><\/i> (+34) 922 31 92 77<\/li><li><i class=\"fa fa-envelope\"><\/i>  <a href=mailto:fcsalud@ull.es>fcsalud@ull.es<\/a><\/li>\n<\/ul>\n\n[\/vc_column_text][vc_column_text]\n    \n<style>\n    .google-maps {\n        position: relative;\n        padding-bottom: 75%;\n        height: 0;\n        overflow: hidden;\n    }\n    .google-maps iframe {\n        position: absolute;\n        top: 0;\n        left: 0;\n        width: 100% !important;\n        height: 100% !important;\n    }\n<\/style>\n\n\n<div class=\"google-maps\">\n    <iframe src=\"https:\/\/www.openstreetmap.org\/export\/embed.html?bbox=-16.293866356224%2C28.451388337536%2C-16.287722546634%2C28.457200559816&amp;layer=mapnik&amp;marker=28.455571293275874%2C-16.291040182113647\" style=\"border: 1px solid black\"><\/iframe>\n<\/div>\n\n<div class=\"btn-widget\">\n    <a href=\"https:\/\/www.openstreetmap.org\/directions?engine=graphhopper_car&from=&to=28.455571293275874%2C-16.291040182113647#map=17\/28.455571293275874\/-16.291040182113647\">C\u00f3mo llegar<\/a>  \n<\/div>\n\n  <\/body>\n<\/html>\n\n[\/vc_column_text][\/vc_column][\/vc_row][vc_row disable_element=\u00bbyes\u00bb][vc_column][vc_raw_html]JTNDZGl2JTIwY2xhc3MlM0QlMjJ0b2RvJTIyJTNFJTBBJTNDZGl2JTIwY2xhc3MlM0QlMjJjb250YWluZXIxJTIyJTNFJTBBJTNDYSUyMGNsYXNzJTNEJTIybGVhJTIyJTIwc3R5bGUlM0QlMjJjb2xvciUzQSUyMzVjMDY4YyUyMiUyMGhyZWYlM0QlMjJodHRwcyUzQSUyRiUyRnd3dy51bGwuZXMlMkZjZW50cm9zJTJGamFyZGluLWJvdGFuaWNvLXdpbGRwcmV0JTJGcGFsbWVyYXMlMkYlMjIlM0UlM0NkaXYlMjBjbGFzcyUzRCUyMmNsaWVudDElMjIlM0UlMEElM0NkaXYlMjBjbGFzcyUzRCUyMmxvZ28lMjIlM0UlMEElM0NkaXYlMjBjbGFzcyUzRCUyMnZjX2ljb25fZWxlbWVudC1pY29uJTIwaWNvbnM4LXBhbG1lcmElMjIlMjBzdHlsZSUzRCUyMmZvbnQtc2l6ZSUzQSUyMDMwcHglMjAlMjFpbXBvcnRhbnQlM0IlMjBtYXJnaW4tdG9wJTNBJTIwMThweCUyMCUyMWltcG9ydGFudCUzQiUyMG1hcmdpbi1sZWZ0JTNBJTIwMnB4JTIwJTIxaW1wb3J0YW50JTNCJTIyJTNFJTNDJTJGZGl2JTNFJTBBJTNDJTJGZGl2JTNFJTBBJTNDaDIlM0VQQUxNRVJBUyUzQyUyRmgyJTNFJTBBJTNDJTJGZGl2JTNFJTNDJTJGYSUzRSUwQSUzQyUyRmRpdiUzRSUwQSUwQSUzQ2RpdiUyMGNsYXNzJTNEJTIyY29udGFpbmVyMSUyMiUzRSUwQSUzQ2ElMjBjbGFzcyUzRCUyMmxlYSUyMiUyMHN0eWxlJTNEJTIyY29sb3IlM0ElMjM1YzA2OGMlMjIlMjBocmVmJTNEJTIyaHR0cHMlM0ElMkYlMkZ3d3cudWxsLmVzJTJGY2VudHJvcyUyRmphcmRpbi1ib3Rhbmljby13aWxkcHJldCUyRmFyYm9sZXMlMkYlMjIlM0UlM0NkaXYlMjBjbGFzcyUzRCUyMmNsaWVudDElMjIlM0UlMEElM0NkaXYlMjBjbGFzcyUzRCUyMmxvZ28lMjIlM0UlMEElM0NkaXYlMjBjbGFzcyUzRCUyMnZjX2ljb25fZWxlbWVudC1pY29uJTIwZmElMjBmYS10cmVlJTIyJTIwc3R5bGUlM0QlMjJmb250LXNpemUlM0ElMjAzMHB4JTIwJTIxaW1wb3J0YW50JTNCJTIwbWFyZ2luLXRvcCUzQSUyMDE5cHglMjAlMjFpbXBvcnRhbnQlM0IlMjBtYXJnaW4tbGVmdCUzQSUyMDVweCUyMCUyMWltcG9ydGFudCUzQiUyMiUzRSUzQyUyRmRpdiUzRSUwQSUzQyUyRmRpdiUzRSUwQSUzQ2gyJTNFJUMzJTgxUkJPTEVTJTNDJTJGaDIlM0UlMEElM0NoMyUzRSUzQyUyRmgzJTNFJTBBJTNDJTJGZGl2JTNFJTNDJTJGYSUzRSUwQSUzQyUyRmRpdiUzRSUwQSUwQSUzQ2RpdiUyMGNsYXNzJTNEJTIyY29udGFpbmVyMSUyMiUzRSUwQSUzQ2ElMjBjbGFzcyUzRCUyMmxlYSUyMiUyMHN0eWxlJTNEJTIyY29sb3IlM0ElMjM1YzA2OGMlMjIlMjBocmVmJTNEJTIyaHR0cHMlM0ElMkYlMkZ3d3cudWxsLmVzJTJGY2VudHJvcyUyRmphcmRpbi1ib3Rhbmljby13aWxkcHJldCUyRmFyYnVzdG9zJTJGJTIyJTNFJTNDZGl2JTIwY2xhc3MlM0QlMjJjbGllbnQxJTIyJTNFJTBBJTNDZGl2JTIwY2xhc3MlM0QlMjJsb2dvJTIyJTNFJTBBJTNDZGl2JTIwY2xhc3MlM0QlMjJ2Y19pY29uX2VsZW1lbnQtaWNvbiUyMGZhJTIwZmEtbGVhZiUyMiUyMHN0eWxlJTNEJTIyZm9udC1zaXplJTNBJTIwMzBweCUyMCUyMWltcG9ydGFudCUzQiUyMG1hcmdpbi10b3AlM0ElMjAxOHB4JTIwJTIxaW1wb3J0YW50JTNCJTIwbWFyZ2luLWxlZnQlM0ElMjAycHglMjAlMjFpbXBvcnRhbnQlM0IlMjIlM0UlM0MlMkZkaXYlM0UlMEElM0MlMkZkaXYlM0UlMEElM0NoMiUzRUFSQlVTVE9TJTNDJTJGaDIlM0UlMEElM0NoMyUzRSUzQyUyRmgzJTNFJTBBJTNDJTJGZGl2JTNFJTNDJTJGYSUzRSUwQSUzQyUyRmRpdiUzRSUwQSUwQSUzQyUyRmRpdiUzRQ==[\/vc_raw_html][vc_raw_html]JTNDZGl2JTIwY2xhc3MlM0QlMjJ0b2RvJTIyJTNFJTBBJTNDZGl2JTIwY2xhc3MlM0QlMjJjb250YWluZXIxJTIyJTNFJTBBJTNDYSUyMGNsYXNzJTNEJTIybGVhJTIyJTIwc3R5bGUlM0QlMjJjb2xvciUzQSUyMzVjMDY4YyUyMiUyMGhyZWYlM0QlMjJodHRwcyUzQSUyRiUyRnd3dy51bGwuZXMlMkZjZW50cm9zJTJGamFyZGluLWJvdGFuaWNvLXdpbGRwcmV0JTJGYXJidXN0b3MlMkYlMjIlM0UlM0NkaXYlMjBjbGFzcyUzRCUyMmNsaWVudDElMjIlM0UlMEElM0NkaXYlMjBjbGFzcyUzRCUyMmxvZ28lMjIlM0UlMEElM0NkaXYlMjBjbGFzcyUzRCUyMnZjX2ljb25fZWxlbWVudC1pY29uJTIwZmElMjBmYS1wYWdlbGluZXMlMjIlMjBzdHlsZSUzRCUyMmZvbnQtc2l6ZSUzQSUyMDMwcHglMjAlMjFpbXBvcnRhbnQlM0IlMjBtYXJnaW4tdG9wJTNBJTIwMThweCUyMCUyMWltcG9ydGFudCUzQiUyMG1hcmdpbi1sZWZ0JTNBJTIwMnB4JTIwJTIxaW1wb3J0YW50JTNCJTIyJTNFJTNDJTJGZGl2JTNFJTBBJTNDJTJGZGl2JTNFJTBBJTNDaDIlM0VQTEFOVEFTJTNDJTJGaDIlM0UlMEElM0MlMkZkaXYlM0UlM0MlMkZhJTNFJTBBJTNDJTJGZGl2JTNFJTBBJTBBJTNDZGl2JTIwY2xhc3MlM0QlMjJjb250YWluZXIxJTIyJTNFJTBBJTNDYSUyMGNsYXNzJTNEJTIybGVhJTIyJTIwc3R5bGUlM0QlMjJjb2xvciUzQSUyMzVjMDY4YyUyMiUyMGhyZWYlM0QlMjJodHRwcyUzQSUyRiUyRnd3dy51bGwuZXMlMkZjZW50cm9zJTJGamFyZGluLWJvdGFuaWNvLXdpbGRwcmV0JTJGYXJib2xlcyUyRiUyMiUzRSUzQ2RpdiUyMGNsYXNzJTNEJTIyY2xpZW50MSUyMiUzRSUwQSUzQ2RpdiUyMGNsYXNzJTNEJTIybG9nbyUyMiUzRSUwQSUzQ2RpdiUyMGNsYXNzJTNEJTIydmNfaWNvbl9lbGVtZW50LWljb24lMjBmYSUyMGZhLXRyZWUlMjIlMjBzdHlsZSUzRCUyMmZvbnQtc2l6ZSUzQSUyMDMwcHglMjAlMjFpbXBvcnRhbnQlM0IlMjBtYXJnaW4tdG9wJTNBJTIwMTlweCUyMCUyMWltcG9ydGFudCUzQiUyMG1hcmdpbi1sZWZ0JTNBJTIwNXB4JTIwJTIxaW1wb3J0YW50JTNCJTIyJTNFJTNDJTJGZGl2JTNFJTBBJTNDJTJGZGl2JTNFJTBBJTNDaDIlM0UlQzMlODFSQk9MRVMlM0MlMkZoMiUzRSUwQSUzQ2gzJTNFJTNDJTJGaDMlM0UlMEElM0MlMkZkaXYlM0UlM0MlMkZhJTNFJTBBJTNDJTJGZGl2JTNFJTBBJTBBJTNDZGl2JTIwY2xhc3MlM0QlMjJjb250YWluZXIxJTIyJTNFJTBBJTNDYSUyMGNsYXNzJTNEJTIybGVhJTIyJTIwc3R5bGUlM0QlMjJjb2xvciUzQSUyMzVjMDY4YyUyMiUyMGhyZWYlM0QlMjJodHRwcyUzQSUyRiUyRnd3dy51bGwuZXMlMkZjZW50cm9zJTJGamFyZGluLWJvdGFuaWNvLXdpbGRwcmV0JTJGYXJidXN0b3MlMkYlMjIlM0UlM0NkaXYlMjBjbGFzcyUzRCUyMmNsaWVudDElMjIlM0UlMEElM0NkaXYlMjBjbGFzcyUzRCUyMmxvZ28lMjIlM0UlMEElM0NkaXYlMjBjbGFzcyUzRCUyMnZjX2ljb25fZWxlbWVudC1pY29uJTIwZmElMjBmYS1sZWFmJTIyJTIwc3R5bGUlM0QlMjJmb250LXNpemUlM0ElMjAzMHB4JTIwJTIxaW1wb3J0YW50JTNCJTIwbWFyZ2luLXRvcCUzQSUyMDE4cHglMjAlMjFpbXBvcnRhbnQlM0IlMjBtYXJnaW4tbGVmdCUzQSUyMDJweCUyMCUyMWltcG9ydGFudCUzQiUyMiUzRSUzQyUyRmRpdiUzRSUwQSUzQyUyRmRpdiUzRSUwQSUzQ2gyJTNFQVJCVVNUT1MlM0MlMkZoMiUzRSUwQSUzQ2gzJTNFJTNDJTJGaDMlM0UlMEElM0MlMkZkaXYlM0UlM0MlMkZhJTNFJTBBJTNDJTJGZGl2JTNFJTBBJTBBJTBBJTNDZGl2JTIwY2xhc3MlM0QlMjJjb250YWluZXIxJTIyJTNFJTBBJTNDYSUyMGNsYXNzJTNEJTIybGVhJTIyJTIwc3R5bGUlM0QlMjJjb2xvciUzQSUyMzVjMDY4YyUyMiUyMGhyZWYlM0QlMjJodHRwcyUzQSUyRiUyRnd3dy51bGwuZXMlMkZjZW50cm9zJTJGamFyZGluLWJvdGFuaWNvLXdpbGRwcmV0JTJGdHJlcGFkb3JhcyUyRiUyMiUzRSUzQ2RpdiUyMGNsYXNzJTNEJTIyY2xpZW50MSUyMiUzRSUwQSUzQ2RpdiUyMGNsYXNzJTNEJTIybG9nbyUyMiUzRSUwQSUzQ2RpdiUyMGNsYXNzJTNEJTIydmNfaWNvbl9lbGVtZW50LWljb24lMjBmYSUyMGZhLWFuZ2xlLWRvdWJsZS11cCUyMiUyMHN0eWxlJTNEJTIyZm9udC1zaXplJTNBJTIwMzBweCUyMCUyMWltcG9ydGFudCUzQiUyMG1hcmdpbi10b3AlM0ElMjAxOHB4JTIwJTIxaW1wb3J0YW50JTNCJTIwbWFyZ2luLWxlZnQlM0ElMjAycHglMjAlMjFpbXBvcnRhbnQlM0IlMjIlM0UlM0MlMkZkaXYlM0UlMEElM0MlMkZkaXYlM0UlMEElM0NoMiUzRVRSRVBBRE9SQVMlM0MlMkZoMiUzRSUwQSUzQyUyRmRpdiUzRSUzQyUyRmElM0UlMEElM0MlMkZkaXYlM0UlMEElMEElMEElM0MlMkZkaXYlM0U=[\/vc_raw_html][\/vc_column][\/vc_row]<\/p>\n","protected":false},"excerpt":{"rendered":"<p>[vc_row css=\u00bb.vc_custom_1548250880655{margin-top: 0px !important;margin-bottom: 20px !important;padding-top: 0px !important;}\u00bb][vc_column css=\u00bb.vc_custom_1548250896198{margin-top: 0px !important;padding-top: 0px !important;}\u00bb][rev_slider_vc alias=\u00bbthirty_sixth\u00bb][\/vc_column][\/vc_row][vc_row][vc_column][vc_empty_space height=\u00bb15px\u00bb][\/vc_column][\/vc_row][vc_row full_width=\u00bbstretch_row_content\u00bb content_placement=\u00bbmiddle\u00bb][vc_column][vc_raw_html]JTNDZGl2JTIwY2xhc3MlM0QlMjJ0b2RvJTIyJTNFJTBBJTNDZGl2JTIwY2xhc3MlM0QlMjJjb250YWluZXIxJTIyJTNFJTBBJTNDYSUyMGNsYXNzJTNEJTIybGVhJTIyJTIwc3R5bGUlM0QlMjJjb2xvciUzQSUyMzVjMDY4YyUyMiUyMGhyZWYlM0QlMjJodHRwcyUzQSUyRiUyRnd3dy51bGwuZXMlMkZjZW50cm9zJTJGamFyZGluLWNhbXB1cy1zYWx1ZCUyRmhlcmJhY2VhcyUyRiUyMiUzRSUzQ2RpdiUyMGNsYXNzJTNEJTIyY2xpZW50MSUyMiUzRSUwQSUzQ2RpdiUyMGNsYXNzJTNEJTIybG9nbyUyMiUzRSUwQSUzQ2RpdiUyMGNsYXNzJTNEJTIydmNfaWNvbl9lbGVtZW50LWljb24lMjBpY29uczgtY2VzcGVkJTIyJTIwc3R5bGUlM0QlMjJmb250LXNpemUlM0ElMjAzMHB4JTIwJTIxaW1wb3J0YW50JTNCJTIwbWFyZ2luLXRvcCUzQSUyMDE4cHglMjAlMjFpbXBvcnRhbnQlM0IlMjBtYXJnaW4tbGVmdCUzQSUyMDJweCUyMCUyMWltcG9ydGFudCUzQiUyMiUzRSUzQyUyRmRpdiUzRSUwQSUzQyUyRmRpdiUzRSUwQSUzQ2gyJTNFSEVSQkFDRUFTJTNDJTJGaDIlM0UlMEElM0MlMkZkaXYlM0UlM0MlMkZhJTNFJTBBJTNDJTJGZGl2JTNFJTBBJTBBJTNDZGl2JTIwY2xhc3MlM0QlMjJjb250YWluZXIxJTIyJTNFJTBBJTNDYSUyMGNsYXNzJTNEJTIybGVhJTIyJTIwc3R5bGUlM0QlMjJjb2xvciUzQSUyMzVjMDY4YyUyMiUyMGhyZWYlM0QlMjJodHRwcyUzQSUyRiUyRnd3dy51bGwuZXMlMkZjZW50cm9zJTJGamFyZGluLWNhbXB1cy1zYWx1ZCUyRnN1Y3VsZW50YXMlMkYlMjIlM0UlM0NkaXYlMjBjbGFzcyUzRCUyMmNsaWVudDElMjIlM0UlMEElM0NkaXYlMjBjbGFzcyUzRCUyMmxvZ28lMjIlM0UlMEElM0NkaXYlMjBjbGFzcyUzRCUyMnZjX2ljb25fZWxlbWVudC1pY29uJTIwZmElMjBmYS1lbnZpcmElMjIlMjBzdHlsZSUzRCUyMmZvbnQtc2l6ZSUzQSUyMDMwcHglMjAlMjFpbXBvcnRhbnQlM0IlMjBtYXJnaW4tdG9wJTNBJTIwMTlweCUyMCUyMWltcG9ydGFudCUzQiUyMG1hcmdpbi1sZWZ0JTNBJTIwNXB4JTIwJTIxaW1wb3J0YW50JTNCJTIyJTNFJTNDJTJGZGl2JTNFJTBBJTNDJTJGZGl2JTNFJTBBJTNDaDIlM0VTVUNVTEVOVEFTJTNDJTJGaDIlM0UlMEElM0MlMkZkaXYlM0UlM0MlMkZhJTNFJTBBJTNDJTJGZGl2JTNFJTBBJTBBJTNDZGl2JTIwY2xhc3MlM0QlMjJjb250YWluZXIxJTIyJTNFJTBBJTNDYSUyMGNsYXNzJTNEJTIybGVhJTIyJTIwc3R5bGUlM0QlMjJjb2xvciUzQSUyMzVjMDY4YyUyMiUyMGhyZWYlM0QlMjJodHRwcyUzQSUyRiUyRnd3dy51bGwuZXMlMkZjZW50cm9zJTJGamFyZGluLWNhbXB1cy1zYWx1ZCUyRnBhbG1lcmFzJTJGJTIyJTNFJTNDZGl2JTIwY2xhc3MlM0QlMjJjbGllbnQxJTIyJTNFJTBBJTNDZGl2JTIwY2xhc3MlM0QlMjJsb2dvJTIyJTNFJTBBJTNDZGl2JTIwY2xhc3MlM0QlMjJ2Y19pY29uX2VsZW1lbnQtaWNvbiUyMGljb25zOC1wYWxtZXJhJTIyJTIwc3R5bGUlM0QlMjJmb250LXNpemUlM0ElMjAzMHB4JTIwJTIxaW1wb3J0YW50JTNCJTIwbWFyZ2luLXRvcCUzQSUyMDE4cHglMjAlMjFpbXBvcnRhbnQlM0IlMjBtYXJnaW4tbGVmdCUzQSUyMDJweCUyMCUyMWltcG9ydGFudCUzQiUyMiUzRSUzQyUyRmRpdiUzRSUwQSUzQyUyRmRpdiUzRSUwQSUzQ2gyJTNFUEFMTUVSQVMlM0MlMkZoMiUzRSUwQSUzQyUyRmRpdiUzRSUzQyUyRmElM0UlMEElM0MlMkZkaXYlM0UlMEElMEElM0NkaXYlMjBjbGFzcyUzRCUyMmNvbnRhaW5lcjElMjIlM0UlMEElM0NhJTIwY2xhc3MlM0QlMjJsZWElMjIlMjBzdHlsZSUzRCUyMmNvbG9yJTNBJTIzNWMwNjhjJTIyJTIwaHJlZiUzRCUyMmh0dHBzJTNBJTJGJTJGd3d3LnVsbC5lcyUyRmNlbnRyb3MlMkZqYXJkaW4tY2FtcHVzLXNhbHVkJTJGYXJib2xlcyUyRiUyMiUzRSUzQ2RpdiUyMGNsYXNzJTNEJTIyY2xpZW50MSUyMiUzRSUwQSUzQ2RpdiUyMGNsYXNzJTNEJTIybG9nbyUyMiUzRSUwQSUzQ2RpdiUyMGNsYXNzJTNEJTIydmNfaWNvbl9lbGVtZW50LWljb24lMjBmYSUyMGZhLXRyZWUlMjIlMjBzdHlsZSUzRCUyMmZvbnQtc2l6ZSUzQSUyMDMwcHglMjAlMjFpbXBvcnRhbnQlM0IlMjBtYXJnaW4tdG9wJTNBJTIwMTlweCUyMCUyMWltcG9ydGFudCUzQiUyMG1hcmdpbi1sZWZ0JTNBJTIwNXB4JTIwJTIxaW1wb3J0YW50JTNCJTIyJTNFJTNDJTJGZGl2JTNFJTBBJTNDJTJGZGl2JTNFJTBBJTNDaDIlM0UlQzMlODFSQk9MRVMlM0MlMkZoMiUzRSUwQSUzQyUyRmRpdiUzRSUzQyUyRmElM0UlMEElM0MlMkZkaXYlM0UlMEElMEElM0NkaXYlMjBjbGFzcyUzRCUyMmNvbnRhaW5lcjElMjIlM0UlMEElM0NhJTIwY2xhc3MlM0QlMjJsZWElMjIlMjBzdHlsZSUzRCUyMmNvbG9yJTNBJTIzNWMwNjhjJTIyJTIwaHJlZiUzRCUyMmh0dHBzJTNBJTJGJTJGd3d3LnVsbC5lcyUyRmNlbnRyb3MlMkZqYXJkaW4tY2FtcHVzLXNhbHVkJTJGYXJidXN0b3MlMkYlMjIlM0UlM0NkaXYlMjBjbGFzcyUzRCUyMmNsaWVudDElMjIlM0UlMEElM0NkaXYlMjBjbGFzcyUzRCUyMmxvZ28lMjIlM0UlMEElM0NkaXYlMjBjbGFzcyUzRCUyMnZjX2ljb25fZWxlbWVudC1pY29uJTIwZmElMjBmYS1sZWFmJTIyJTIwc3R5bGUlM0QlMjJmb250LXNpemUlM0ElMjAzMHB4JTIwJTIxaW1wb3J0YW50JTNCJTIwbWFyZ2luLXRvcCUzQSUyMDE4cHglMjAlMjFpbXBvcnRhbnQlM0IlMjBtYXJnaW4tbGVmdCUzQSUyMDJweCUyMCUyMWltcG9ydGFudCUzQiUyMiUzRSUzQyUyRmRpdiUzRSUwQSUzQyUyRmRpdiUzRSUwQSUzQ2gyJTNFQVJCVVNUT1MlM0MlMkZoMiUzRSUwQSUzQyUyRmRpdiUzRSUzQyUyRmElM0UlMEElM0MlMkZkaXYlM0UlMEElMEElM0MlMkZkaXYlM0U=[\/vc_raw_html][\/vc_column][\/vc_row][vc_row][vc_column][vc_empty_space height=\u00bb40px\u00bb][\/vc_column][\/vc_row][vc_row full_width=\u00bbstretch_row_content\u00bb][vc_column css=\u00bb.vc_custom_1593167929887{padding-right: 10% !important;padding-left: 10% !important;}\u00bb][vc_column_text] La p\u00e1gina web de Los Jardines del Campus de Ciencias de la Salud ofrece una visita virtual al\u00a0patrimonio\u00a0bot\u00e1nico que Kevin Carracedo Agnew ha elaborado durante m\u00e1s de 15 a\u00f1os. Lim\u00edtrofe a&#8230;<\/p>\n","protected":false},"author":10,"featured_media":0,"parent":0,"menu_order":0,"comment_status":"closed","ping_status":"open","template":"templates\/template-frontpage.php","meta":[],"acf":[],"_links":{"self":[{"href":"https:\/\/www.ull.es\/centros\/jardin-campus-salud\/wp-json\/wp\/v2\/pages\/2"}],"collection":[{"href":"https:\/\/www.ull.es\/centros\/jardin-campus-salud\/wp-json\/wp\/v2\/pages"}],"about":[{"href":"https:\/\/www.ull.es\/centros\/jardin-campus-salud\/wp-json\/wp\/v2\/types\/page"}],"author":[{"embeddable":true,"href":"https:\/\/www.ull.es\/centros\/jardin-campus-salud\/wp-json\/wp\/v2\/users\/10"}],"replies":[{"embeddable":true,"href":"https:\/\/www.ull.es\/centros\/jardin-campus-salud\/wp-json\/wp\/v2\/comments?post=2"}],"version-history":[{"count":87,"href":"https:\/\/www.ull.es\/centros\/jardin-campus-salud\/wp-json\/wp\/v2\/pages\/2\/revisions"}],"predecessor-version":[{"id":1036,"href":"https:\/\/www.ull.es\/centros\/jardin-campus-salud\/wp-json\/wp\/v2\/pages\/2\/revisions\/1036"}],"wp:attachment":[{"href":"https:\/\/www.ull.es\/centros\/jardin-campus-salud\/wp-json\/wp\/v2\/media?parent=2"}],"curies":[{"name":"wp","href":"https:\/\/api.w.org\/{rel}","templated":true}]}}