{"id":1008,"date":"2021-05-13T08:32:02","date_gmt":"2021-05-13T08:32:02","guid":{"rendered":"https:\/\/www.ull.es\/centros\/jardin-experimental\/?page_id=1008"},"modified":"2021-05-24T08:08:44","modified_gmt":"2021-05-24T08:08:44","slug":"biodiversidad","status":"publish","type":"page","link":"https:\/\/www.ull.es\/centros\/jardin-experimental\/biodiversidad\/","title":{"rendered":"Biodiversidad"},"content":{"rendered":"<p>[vc_row full_width=\u00bbstretch_row_content_no_spaces\u00bb][vc_column][rev_slider_vc alias=\u00bbbiodiversidad\u00bb][\/vc_column][\/vc_row][vc_row][vc_column][vc_empty_space height=\u00bb20&#8243;][\/vc_column][\/vc_row][vc_row full_width=\u00bbstretch_row_content\u00bb equal_height=\u00bbyes\u00bb content_placement=\u00bbmiddle\u00bb css=\u00bb.vc_custom_1621512221593{padding-right: 5% !important;padding-left: 5% !important;}\u00bb][vc_column width=\u00bb1\/2&#8243; offset=\u00bbvc_hidden-sm vc_hidden-xs\u00bb][vc_gallery type=\u00bbimage_grid\u00bb images=\u00bb891,892,893,894,895,896,897,898&#8243; img_size=\u00bb175&#215;200&#8243;][\/vc_column][vc_column width=\u00bb1\/2&#8243; offset=\u00bbvc_hidden-sm vc_hidden-xs\u00bb][vc_column_text]<\/p>\n<h4>El jard\u00edn experimental se ha consolidado como un verdadero punto de biodiversidad vegetal. En este discreto espacio se asientan m\u00e1s de 100 especies vegetales aut\u00f3ctonas de la isla.<\/h4>\n<p class=\"p1\"><span class=\"s1\">Con las primeras lluvias del oto\u00f1o muchas de ellas despiertan de su letargo estival. A medida que el ambiente se vuelve m\u00e1s h\u00famedo y fresco una interesante flora micol\u00f3gica acompa\u00f1a a la flora vascular.<\/span><\/p>\n<p class=\"p1\"><span class=\"s1\">En el jard\u00edn se pueden observar adem\u00e1s diferentes especies de fauna vertebrada como la lisa de Tenerife (<i>Chalcides viridanus),<\/i> el lagarto tiz\u00f3n (<i>Gallotia galloti<\/i>) y bastantes aves. Es f\u00e1cil avistar al cern\u00edcalo com\u00fan (<i>Falco tinnunculus canariensis<\/i>) acechando a los pollos del mirlo canario (<i>Turdus merula cabrerae<\/i>), especie que nidifica en el jard\u00edn al igual que el mosquitero (<i>Phylloscopus<\/i> sp.). Tampoco es extra\u00f1o ver herrerillos (<i>Cyanistes teneriffae<\/i>), alpispas (<i>Motacilla cinerea<\/i>), canarios (<i>Serinus canarius<\/i>), verdecillos (<i>Serinus serinus<\/i>), alg\u00fan capirote (<i>Sylvia atricapilla heineken<\/i>) o petirrojo (<i>Erithacus rubecula<\/i>) e incluso las asustadizas perdices morunas correteando a primera o \u00faltima hora del d\u00eda (<i>Alectoris barbara<\/i>).<\/span><\/p>\n<p class=\"p1\"><span class=\"s1\">Entre los invertebrados, adem\u00e1s de m\u00faltiples especies de insectos y ar\u00e1cnidos, destaca la presencia del limaco gigante de Tenerife (<i>Drusia tenerifensis<\/i>), endemismo local de La Laguna en peligro de extinci\u00f3n.<\/span><\/p>\n<p>[\/vc_column_text][\/vc_column][\/vc_row][vc_row][vc_column width=\u00bb1\/2&#8243; offset=\u00bbvc_hidden-lg vc_hidden-md\u00bb][vc_column_text]<\/p>\n<h4>El jard\u00edn experimental se ha consolidado como un verdadero punto de biodiversidad vegetal. En este discreto espacio se asientan m\u00e1s de 100 especies vegetales aut\u00f3ctonas de la isla.<\/h4>\n<p class=\"p1\"><span class=\"s1\">Con las primeras lluvias del oto\u00f1o muchas de ellas despiertan de su letargo estival. A medida que el ambiente se vuelve m\u00e1s h\u00famedo y fresco una interesante flora micol\u00f3gica acompa\u00f1a a la flora vascular.<\/span><\/p>\n<p class=\"p1\"><span class=\"s1\">En el jard\u00edn se pueden observar adem\u00e1s diferentes especies de fauna vertebrada como la lisa de Tenerife (<i>Chalcides viridanus),<\/i> el lagarto tiz\u00f3n (<i>Gallotia galloti<\/i>) y bastantes aves. Es f\u00e1cil avistar al cern\u00edcalo com\u00fan (<i>Falco tinnunculus canariensis<\/i>) acechando a los pollos del mirlo canario (<i>Turdus merula cabrerae<\/i>), especie que nidifica en el jard\u00edn al igual que el mosquitero (<i>Phylloscopus<\/i> sp.). Tampoco es extra\u00f1o ver herrerillos (<i>Cyanistes teneriffae<\/i>), alpispas (<i>Motacilla cinerea<\/i>), canarios (<i>Serinus canarius<\/i>), verdecillos (<i>Serinus serinus<\/i>), alg\u00fan capirote (<i>Sylvia atricapilla heineken<\/i>) o petirrojo (<i>Erithacus rubecula<\/i>) e incluso las asustadizas perdices morunas correteando a primera o \u00faltima hora del d\u00eda (<i>Alectoris barbara<\/i>).<\/span><\/p>\n<p class=\"p1\"><span class=\"s1\">Entre los invertebrados, adem\u00e1s de m\u00faltiples especies de insectos y ar\u00e1cnidos, destaca la presencia del limaco gigante de Tenerife (<i>Drusia tenerifensis<\/i>), endemismo local de La Laguna en peligro de extinci\u00f3n.<\/span><\/p>\n<p>[\/vc_column_text][\/vc_column][vc_column width=\u00bb1\/2&#8243; offset=\u00bbvc_hidden-lg vc_hidden-md\u00bb][vc_gallery type=\u00bbimage_grid\u00bb images=\u00bb891,892,893,894,895,896,897,898&#8243; img_size=\u00bb125&#215;150&#8243;][\/vc_column][\/vc_row]<\/p>\n","protected":false},"excerpt":{"rendered":"<p>[vc_row full_width=\u00bbstretch_row_content_no_spaces\u00bb][vc_column][rev_slider_vc alias=\u00bbbiodiversidad\u00bb][\/vc_column][\/vc_row][vc_row][vc_column][vc_empty_space height=\u00bb20&#8243;][\/vc_column][\/vc_row][vc_row full_width=\u00bbstretch_row_content\u00bb equal_height=\u00bbyes\u00bb content_placement=\u00bbmiddle\u00bb css=\u00bb.vc_custom_1621512221593{padding-right: 5% !important;padding-left: 5% !important;}\u00bb][vc_column width=\u00bb1\/2&#8243; offset=\u00bbvc_hidden-sm vc_hidden-xs\u00bb][vc_gallery type=\u00bbimage_grid\u00bb images=\u00bb891,892,893,894,895,896,897,898&#8243; img_size=\u00bb175&#215;200&#8243;][\/vc_column][vc_column width=\u00bb1\/2&#8243; offset=\u00bbvc_hidden-sm vc_hidden-xs\u00bb][vc_column_text] El jard\u00edn experimental se ha consolidado como un verdadero punto de biodiversidad vegetal. En este discreto espacio se asientan m\u00e1s de 100 especies vegetales aut\u00f3ctonas de la isla. Con las primeras lluvias del oto\u00f1o&#8230;<\/p>\n","protected":false},"author":37,"featured_media":0,"parent":0,"menu_order":0,"comment_status":"closed","ping_status":"closed","template":"templates\/template-frontpage.php","meta":[],"acf":[],"_links":{"self":[{"href":"https:\/\/www.ull.es\/centros\/jardin-experimental\/wp-json\/wp\/v2\/pages\/1008"}],"collection":[{"href":"https:\/\/www.ull.es\/centros\/jardin-experimental\/wp-json\/wp\/v2\/pages"}],"about":[{"href":"https:\/\/www.ull.es\/centros\/jardin-experimental\/wp-json\/wp\/v2\/types\/page"}],"author":[{"embeddable":true,"href":"https:\/\/www.ull.es\/centros\/jardin-experimental\/wp-json\/wp\/v2\/users\/37"}],"replies":[{"embeddable":true,"href":"https:\/\/www.ull.es\/centros\/jardin-experimental\/wp-json\/wp\/v2\/comments?post=1008"}],"version-history":[{"count":7,"href":"https:\/\/www.ull.es\/centros\/jardin-experimental\/wp-json\/wp\/v2\/pages\/1008\/revisions"}],"predecessor-version":[{"id":1150,"href":"https:\/\/www.ull.es\/centros\/jardin-experimental\/wp-json\/wp\/v2\/pages\/1008\/revisions\/1150"}],"wp:attachment":[{"href":"https:\/\/www.ull.es\/centros\/jardin-experimental\/wp-json\/wp\/v2\/media?parent=1008"}],"curies":[{"name":"wp","href":"https:\/\/api.w.org\/{rel}","templated":true}]}}