{"id":16,"date":"2021-03-25T17:32:31","date_gmt":"2021-03-25T17:32:31","guid":{"rendered":"https:\/\/www.ull.es\/centros\/jardin-experimental\/?page_id=16"},"modified":"2021-05-20T12:00:42","modified_gmt":"2021-05-20T12:00:42","slug":"la-flora-canaria-en-la-universidad","status":"publish","type":"page","link":"https:\/\/www.ull.es\/centros\/jardin-experimental\/la-flora-canaria-en-la-universidad\/","title":{"rendered":"La Flora Canaria en La Universidad"},"content":{"rendered":"<p>[vc_row full_width=\u00bbstretch_row_content_no_spaces\u00bb][vc_column][rev_slider_vc alias=\u00bbflora-anaria\u00bb][\/vc_column][\/vc_row][vc_row][vc_column][vc_empty_space height=\u00bb50px\u00bb][\/vc_column][\/vc_row][vc_row][vc_column][vc_column_text]<\/p>\n<h4 style=\"text-align: left\">Afortunadamente, muchos de los espacios universitarios albergan una variada representaci\u00f3n de la flora aut\u00f3ctona canaria, gracias a la iniciativa de algunos miembros de la comunidad universitaria y del equipo de mantenimiento de Parques y Jardines.<\/h4>\n<p>[\/vc_column_text][\/vc_column][\/vc_row][vc_row][vc_column][vc_empty_space height=\u00bb30px\u00bb][\/vc_column][\/vc_row][vc_row content_placement=\u00bbmiddle\u00bb][vc_column width=\u00bb1\/2&#8243;][vc_column_text]<\/p>\n<h3>Campus Central<\/h3>\n<h4>Los primeros ejemplares de palmeras, dragos, pinos canarios y vi\u00f1\u00e1tigos se plantaron hace m\u00e1s de 60 a\u00f1os, frente al edificio de la antigua sede universitaria, teniendo hoy en d\u00eda un porte considerable.<\/h4>\n<p class=\"p1\"><span class=\"s1\">El espacio posee una notable biodiversidad, con especies pertenecientes a los diferentes pisos de vegetaci\u00f3n de la isla. Algunas de estas plantas son dif\u00edcilmente observables en otras \u00e1reas ajardinadas.<\/span><\/p>\n<p class=\"p1\"><span class=\"s1\">Merece la pena visitar el jard\u00edn del patio interior, situado en el edificio principal, con numerosos endemismos identificados con letreros entorno a la fuente central.<\/span><\/p>\n<p class=\"p1\"><span class=\"s1\">La flora canaria tambi\u00e9n est\u00e1 presente en los espacios ajardinados de la Escuela Polit\u00e9cnica Superior de Ingenier\u00eda (Secci\u00f3n de Ingenier\u00eda Civil) y en el entorno de las instalaciones del polideportivo universitario.<\/span><\/p>\n<p>[\/vc_column_text][\/vc_column][vc_column width=\u00bb1\/2&#8243;][vc_gallery type=\u00bbimage_grid\u00bb images=\u00bb835,842,841,840,839,838,837,836&#8243; img_size=\u00bb125&#215;150&#8243;][\/vc_column][\/vc_row][vc_row][vc_column][vc_empty_space height=\u00bb30px\u00bb][\/vc_column][\/vc_row][vc_row content_placement=\u00bbmiddle\u00bb][vc_column width=\u00bb1\/2&#8243; offset=\u00bbvc_hidden-sm vc_hidden-xs\u00bb][vc_gallery type=\u00bbimage_grid\u00bb images=\u00bb843,844,845,846,847,848,849,850&#8243; img_size=\u00bb125&#215;150&#8243;][\/vc_column][vc_column width=\u00bb1\/2&#8243; offset=\u00bbvc_hidden-sm vc_hidden-xs\u00bb][vc_column_text]<\/p>\n<h3 style=\"text-align: right\">Campus de Anchieta<\/h3>\n<h4 style=\"text-align: right\">Las primeras plantaciones se llevaron a cabo entorno a los centros con mayor afinidad con la bot\u00e1nica, en donde los promotores desarrollaban su actividad docente e investigadora (antigua Facultad de Biolog\u00eda y Qu\u00edmica, Facultad de Farmacia y antigua Escuela de Ingenier\u00eda Agraria).<\/h4>\n<p class=\"p1\" style=\"text-align: right\"><span class=\"s1\">Est\u00e1n presentes diferentes especies arb\u00f3reas con arbustos end\u00e9micos de vistosas floraciones.<\/span><\/p>\n<p class=\"p1\" style=\"text-align: right\"><span class=\"s1\">Frente a la Escuela Superior de Ingenier\u00eda y Tecnolog\u00eda se puede visitar otro interesante jard\u00edn de plantas aut\u00f3ctonas. Aqu\u00ed conviven numerosas especies term\u00f3filas y del monteverde en un ambiente asilvestrado.<\/span><\/p>\n<p class=\"p1\" style=\"text-align: right\"><span class=\"s1\">Uno de los jardines de m\u00e1s reciente creaci\u00f3n ocupa una parcela rectangular frente al edificio del SEGAI. \u00c1rboles y arbustos de la flora term\u00f3fila conforman un interesante conjunto, sobre un fondo uniforme de pic\u00f3n rojo. <\/span><\/p>\n<p style=\"text-align: right\">.<\/p>\n<p>[\/vc_column_text][\/vc_column][\/vc_row][vc_row content_placement=\u00bbmiddle\u00bb][vc_column width=\u00bb1\/2&#8243; offset=\u00bbvc_hidden-lg vc_hidden-md\u00bb][vc_column_text]<\/p>\n<h3 style=\"text-align: left\">Campus de Anchieta<\/h3>\n<h4 style=\"text-align: left\">Las primeras plantaciones se llevaron a cabo entorno a los centros con mayor afinidad con la bot\u00e1nica, en donde los promotores desarrollaban su actividad docente e investigadora (antigua Facultad de Biolog\u00eda y Qu\u00edmica, Facultad de Farmacia y antigua Escuela de Ingenier\u00eda Agraria).<\/h4>\n<p class=\"p1\" style=\"text-align: left\"><span class=\"s1\">Est\u00e1n presentes diferentes especies arb\u00f3reas con arbustos end\u00e9micos de vistosas floraciones.<\/span><\/p>\n<p class=\"p1\" style=\"text-align: left\"><span class=\"s1\">Frente a la Escuela Superior de Ingenier\u00eda y Tecnolog\u00eda se puede visitar otro interesante jard\u00edn de plantas aut\u00f3ctonas. Aqu\u00ed conviven numerosas especies term\u00f3filas y del monteverde en un ambiente asilvestrado.<\/span><\/p>\n<p class=\"p1\" style=\"text-align: left\"><span class=\"s1\">Uno de los jardines de m\u00e1s reciente creaci\u00f3n ocupa una parcela rectangular frente al edificio del SEGAI. \u00c1rboles y arbustos de la flora term\u00f3fila conforman un interesante conjunto, sobre un fondo uniforme de pic\u00f3n rojo. <\/span><\/p>\n<p style=\"text-align: left\">.<\/p>\n<p>[\/vc_column_text][\/vc_column][vc_column width=\u00bb1\/2&#8243; offset=\u00bbvc_hidden-lg vc_hidden-md\u00bb][vc_gallery type=\u00bbimage_grid\u00bb images=\u00bb843,844,845,846,847,848,849,850&#8243; img_size=\u00bb125&#215;150&#8243;][\/vc_column][\/vc_row][vc_row][vc_column][vc_empty_space height=\u00bb30px\u00bb][\/vc_column][\/vc_row][vc_row content_placement=\u00bbmiddle\u00bb][vc_column width=\u00bb1\/2&#8243;][vc_column_text]<\/p>\n<h3>Campus de Guajara<\/h3>\n<h4>En su moderno paisajismo, identificable por las extensas y bien cuidadas praderas de c\u00e9sped, el equipo de mantenimiento ha ido integrando las especies nativas.<\/h4>\n<p class=\"p1\"><span class=\"s1\">Al margen de la presencia de numerosos ejemplares de palmera canaria, podemos disfrutar de la flora nativa en los patios interiores y la escalinata trasera de la Facultad de Derecho o asomarnos al sabinar adjunto al edificio de servicios al alumnado (Caja Canarias).<\/span><\/p>\n<p class=\"p1\"><span class=\"s1\">Junto a la entrada principal de la facultad de Econom\u00eda, Empresa y Turismo crecen grandes ejemplares candelabriformes de tabaiba amarga y verode, pero destaca la composici\u00f3n vegetal de \u00e1rboles y arbustos establecida en el talud del margen sur del campus, una de las m\u00e1s interesantes de toda la Universidad.<\/span><\/p>\n<p>[\/vc_column_text][\/vc_column][vc_column width=\u00bb1\/2&#8243;][vc_gallery type=\u00bbimage_grid\u00bb images=\u00bb1017,852,853,854,855,856,857,1018&#8243; img_size=\u00bb125&#215;150&#8243;][\/vc_column][\/vc_row]<\/p>\n","protected":false},"excerpt":{"rendered":"<p>[vc_row full_width=\u00bbstretch_row_content_no_spaces\u00bb][vc_column][rev_slider_vc alias=\u00bbflora-anaria\u00bb][\/vc_column][\/vc_row][vc_row][vc_column][vc_empty_space height=\u00bb50px\u00bb][\/vc_column][\/vc_row][vc_row][vc_column][vc_column_text] Afortunadamente, muchos de los espacios universitarios albergan una variada representaci\u00f3n de la flora aut\u00f3ctona canaria, gracias a la iniciativa de algunos miembros de la comunidad universitaria y del equipo de mantenimiento de Parques y Jardines. [\/vc_column_text][\/vc_column][\/vc_row][vc_row][vc_column][vc_empty_space height=\u00bb30px\u00bb][\/vc_column][\/vc_row][vc_row content_placement=\u00bbmiddle\u00bb][vc_column width=\u00bb1\/2&#8243;][vc_column_text] Campus Central Los primeros ejemplares de palmeras, dragos, pinos canarios y vi\u00f1\u00e1tigos&#8230;<\/p>\n","protected":false},"author":37,"featured_media":0,"parent":0,"menu_order":0,"comment_status":"closed","ping_status":"closed","template":"templates\/template-frontpage.php","meta":[],"acf":[],"_links":{"self":[{"href":"https:\/\/www.ull.es\/centros\/jardin-experimental\/wp-json\/wp\/v2\/pages\/16"}],"collection":[{"href":"https:\/\/www.ull.es\/centros\/jardin-experimental\/wp-json\/wp\/v2\/pages"}],"about":[{"href":"https:\/\/www.ull.es\/centros\/jardin-experimental\/wp-json\/wp\/v2\/types\/page"}],"author":[{"embeddable":true,"href":"https:\/\/www.ull.es\/centros\/jardin-experimental\/wp-json\/wp\/v2\/users\/37"}],"replies":[{"embeddable":true,"href":"https:\/\/www.ull.es\/centros\/jardin-experimental\/wp-json\/wp\/v2\/comments?post=16"}],"version-history":[{"count":57,"href":"https:\/\/www.ull.es\/centros\/jardin-experimental\/wp-json\/wp\/v2\/pages\/16\/revisions"}],"predecessor-version":[{"id":1128,"href":"https:\/\/www.ull.es\/centros\/jardin-experimental\/wp-json\/wp\/v2\/pages\/16\/revisions\/1128"}],"wp:attachment":[{"href":"https:\/\/www.ull.es\/centros\/jardin-experimental\/wp-json\/wp\/v2\/media?parent=16"}],"curies":[{"name":"wp","href":"https:\/\/api.w.org\/{rel}","templated":true}]}}