{"id":229,"date":"2021-04-07T17:17:45","date_gmt":"2021-04-07T17:17:45","guid":{"rendered":"https:\/\/www.ull.es\/centros\/jardin-experimental\/?page_id=229"},"modified":"2021-05-27T07:51:01","modified_gmt":"2021-05-27T07:51:01","slug":"descripcion-del-jardin","status":"publish","type":"page","link":"https:\/\/www.ull.es\/centros\/jardin-experimental\/descripcion-del-jardin\/","title":{"rendered":"Descripci\u00f3n del jard\u00edn"},"content":{"rendered":"<p>[vc_row full_width=\u00bbstretch_row_content_no_spaces\u00bb][vc_column][rev_slider_vc alias=\u00bbheader_dj\u00bb][\/vc_column][\/vc_row][vc_row full_width=\u00bbstretch_row_content\u00bb gap=\u00bb15&#8243; content_placement=\u00bbmiddle\u00bb css=\u00bb.vc_custom_1621423463184{padding-left: 15% !important;}\u00bb][vc_column offset=\u00bbvc_hidden-md vc_hidden-sm vc_hidden-xs\u00bb][vc_row_inner][vc_column_inner width=\u00bb2\/3&#8243;][\/vc_column_inner][vc_column_inner width=\u00bb1\/3&#8243; css=\u00bb.vc_custom_1617819900814{background-color: #8224e3 !important;}\u00bb][vc_empty_space height=\u00bb50px\u00bb][\/vc_column_inner][\/vc_row_inner][vc_row_inner gap=\u00bb10&#8243;][vc_column_inner width=\u00bb1\/3&#8243;][vc_column_text]<\/p>\n<h4>Situado a 550 metros sobre el nivel del mar en orientaci\u00f3n sureste y sometido al r\u00e9gimen del alisio, el enclave tiene cierto inter\u00e9s ecol\u00f3gico.<\/h4>\n<p>La vegetaci\u00f3n potencial es term\u00f3fila, aunque nos encontramos muy pr\u00f3ximos al ecotono (zona de contacto) con la laurisilva. Esta singularidad permite cultivar plantas de diferentes pisos de vegetaci\u00f3n eligiendo la orientaci\u00f3n y el suelo m\u00e1s adecuados y aplicando un riego diferenciado a cada tipo de plantas.[\/vc_column_text][\/vc_column_inner][vc_column_inner width=\u00bb2\/3&#8243;][vc_single_image image=\u00bb1096&#8243; img_size=\u00bbfull\u00bb alignment=\u00bbright\u00bb][\/vc_column_inner][\/vc_row_inner][\/vc_column][\/vc_row][vc_row content_placement=\u00bbmiddle\u00bb][vc_column offset=\u00bbvc_hidden-lg\u00bb][vc_row_inner][vc_column_inner width=\u00bb2\/3&#8243;][\/vc_column_inner][vc_column_inner width=\u00bb1\/3&#8243; css=\u00bb.vc_custom_1617819900814{background-color: #8224e3 !important;}\u00bb][vc_empty_space height=\u00bb50px\u00bb][\/vc_column_inner][\/vc_row_inner][vc_row_inner gap=\u00bb10&#8243;][vc_column_inner width=\u00bb1\/2&#8243;][vc_column_text]<\/p>\n<h4>Situado a 550 metros sobre el nivel del mar en orientaci\u00f3n sureste y sometido al r\u00e9gimen del alisio, el enclave tiene cierto inter\u00e9s ecol\u00f3gico.<\/h4>\n<p>La vegetaci\u00f3n potencial es term\u00f3fila, aunque nos encontramos muy pr\u00f3ximos al ecotono (zona de contacto) con la laurisilva. Esta singularidad permite cultivar plantas de diferentes pisos de vegetaci\u00f3n eligiendo la orientaci\u00f3n y el suelo m\u00e1s adecuados y aplicando un riego diferenciado a cada tipo de plantas.[\/vc_column_text][\/vc_column_inner][vc_column_inner width=\u00bb1\/2&#8243;][vc_single_image image=\u00bb654&#8243; img_size=\u00bbfull\u00bb alignment=\u00bbright\u00bb][\/vc_column_inner][\/vc_row_inner][\/vc_column][\/vc_row][vc_row full_width=\u00bbstretch_row_content_no_spaces\u00bb gap=\u00bb20&#8243; css=\u00bb.vc_custom_1621423636878{padding-right: 15% !important;padding-left: 15% !important;background-color: #f2f2f2 !important;}\u00bb][vc_column width=\u00bb1\/2&#8243; offset=\u00bbvc_hidden-md vc_hidden-sm vc_hidden-xs\u00bb][vc_empty_space][vc_single_image image=\u00bb1103&#8243; img_size=\u00bbfull\u00bb][vc_empty_space][\/vc_column][vc_column width=\u00bb1\/2&#8243; offset=\u00bbvc_hidden-md vc_hidden-sm vc_hidden-xs\u00bb][vc_empty_space height=\u00bb50px\u00bb][vc_column_text]<\/p>\n<h4>El jard\u00edn est\u00e1 delimitado por grandes ejemplares de palmera canaria (<em>Phoenix canariensis<\/em>), bellas damas nativas, pero bastante \u2018agresivas\u2019 al competir por los recursos con las plantas de menor talla.<\/h4>\n<p>[\/vc_column_text][vc_column_text]Los diferentes espacios est\u00e1n conectados por veredas de hierba segada, pasos de troncos cortados y escaleras r\u00fasticas. Una pista de mayor anchura permite el tr\u00e1nsito de la maquinaria necesaria para ejecutar los trabajos de mantenimiento.<\/p>\n<p>Como elementos constructivos, adem\u00e1s de los muretes y escaleras de piedra, el jard\u00edn conserva unos estanques de hormig\u00f3n forrado de piedra para conseguir una integraci\u00f3n m\u00e1s natural. Funcionan como cabecera visual del peque\u00f1o barranco que discurre a trav\u00e9s la parte central, dando dinamismo al conjunto. Algunos bancos r\u00fasticos estrat\u00e9gicamente situados permiten disfrutar, al sol o a la sombra, de las diferentes composiciones vegetales.[\/vc_column_text][vc_empty_space][\/vc_column][\/vc_row][vc_row gap=\u00bb20&#8243; css=\u00bb.vc_custom_1620212199655{background-color: #f2f2f2 !important;}\u00bb][vc_column width=\u00bb1\/2&#8243; offset=\u00bbvc_hidden-lg\u00bb][vc_column_text]<\/p>\n<h4>El jard\u00edn est\u00e1 delimitado por grandes ejemplares de palmera canaria (<em>Phoenix canariensis<\/em>), bellas damas nativas, pero bastante \u2018agresivas\u2019 al competir por los recursos con las plantas de menor talla.<\/h4>\n<p>[\/vc_column_text][vc_single_image image=\u00bb1103&#8243; img_size=\u00bbfull\u00bb][\/vc_column][vc_column width=\u00bb1\/2&#8243; offset=\u00bbvc_hidden-lg\u00bb][vc_column_text]Los diferentes espacios est\u00e1n conectados por veredas de hierba segada, pasos de troncos cortados y escaleras r\u00fasticas. Una pista de mayor anchura permite el tr\u00e1nsito de la maquinaria necesaria para ejecutar los trabajos de mantenimiento.<\/p>\n<p>Como elementos constructivos, adem\u00e1s de los muretes y escaleras de piedra, el jard\u00edn conserva unos estanques de hormig\u00f3n forrado de piedra para conseguir una integraci\u00f3n m\u00e1s natural. Funcionan como cabecera visual del peque\u00f1o barranco que discurre a trav\u00e9s la parte central, dando dinamismo al conjunto. Algunos bancos r\u00fasticos estrat\u00e9gicamente situados permiten disfrutar, al sol o a la sombra, de las diferentes composiciones vegetales.[\/vc_column_text][\/vc_column][\/vc_row][vc_row][vc_column][vc_empty_space][\/vc_column][\/vc_row][vc_row][vc_column][vc_tta_tour][vc_tta_section title=\u00bbEl Pinar\u00bb tab_id=\u00bbpinar\u00bb][vc_column_text]<\/p>\n<p class=\"p1\"><span class=\"s1\">Aunque el principal protagonista de estas formaciones vegetales es el pino canario (<i>Pinus canariensis<\/i>), especie end\u00e9mica del archipi\u00e9lago, en el jard\u00edn est\u00e1n representados algunos arbustos caracter\u00edsticos de bella floraci\u00f3n como el codeso de monte (<i>Adenocarpus foliolosus<\/i>), el amagante (<i>Cistus symphytifolius<\/i>) y el tajinaste azul de Tenerife (<i>Echium virescens<\/i>). La pinocha cubre el suelo por completo, pero algunos pi\u00f1ones logran germinar sin problemas en primavera.<\/span><\/p>\n<p>[\/vc_column_text][vc_empty_space][vc_row_inner][vc_column_inner width=\u00bb1\/2&#8243;][vc_single_image image=\u00bb914&#8243; img_size=\u00bbfull\u00bb][\/vc_column_inner][vc_column_inner width=\u00bb1\/2&#8243;][vc_gallery type=\u00bbimage_grid\u00bb images=\u00bb909,912,913,916,919,917&#8243;][\/vc_column_inner][\/vc_row_inner][\/vc_tta_section][vc_tta_section title=\u00bbLa Laurisilva\u00bb tab_id=\u00bbLaurisilva\u00bb][vc_column_text]Ubicada en la terraza superior del jard\u00edn, los j\u00f3venes plantones de brezo (<em>Erica canariensis<\/em>) y faya (<em>Morella faya<\/em>) crecen de forma pausada bajo los grandes ejemplares preexistentes de palmera canaria (<em>Phoenix canariensis<\/em>) formando una pantalla frente al viento. La rica flora lauroide de follaje siempreverde est\u00e1 representada por ejemplares de otras especies como el barbusano (<em>Apollonias barbujana<\/em>), el vi\u00f1\u00e1tigo (<em>Persea indica<\/em>), el acebi\u00f1o (<em>Ilex canariensis<\/em>), el moc\u00e1n (<em>Visnea mocanera<\/em>), el palo blanco (<em>Picconia excelsa<\/em>), el follao (<em>Viburnum rigidum<\/em>) y el loro (<em>Laurus novocanariensis<\/em>).<\/p>\n<p>Tambi\u00e9n podemos encontrar especies arbustivas. Algunas crecen bien en los rincones m\u00e1s sombreados como la malfurada (<em>Hypericum grandifolium<\/em>); otras toleran exposiciones m\u00e1s luminosas como el retam\u00f3n (<em>Teline canariensis<\/em>). La mayor frecuencia de riego permite el desarrollo de algunas vivaces de sotobosque con interesante floraci\u00f3n, como la pata de gallo (<em>Geranium reuteri<\/em>) o la morgallana (<em>Ranunculus cortusifolius<\/em>).<\/p>\n<p>Encuentran aqu\u00ed su lugar algunas trepadoras y enredaderas como el emblem\u00e1tico bic\u00e1caro (<em>Canarina canariensis<\/em>), la espinosa zarzaparrilla (<em>Smilax aspera subsp. mauritanica<\/em>) y la hiedra canaria (<em>Hedera canariensis<\/em>), estupenda planta tapizante.[\/vc_column_text][vc_row_inner content_placement=\u00bbmiddle\u00bb][vc_column_inner][vc_empty_space][vc_single_image image=\u00bb666&#8243; img_size=\u00bbfull\u00bb][vc_gallery type=\u00bbimage_grid\u00bb images=\u00bb656,657,658,659,660,663,668,669,670,673,674,675,676,677,680,681,682,683&#8243; img_size=\u00bb100&#215;100&#8243;][\/vc_column_inner][\/vc_row_inner][\/vc_tta_section][vc_tta_section title=\u00bbEl Jard\u00edn del Barbusano\u00bb tab_id=\u00bbjardin-barbusano\u00bb][vc_column_text]<\/p>\n<p class=\"p1\"><span class=\"s1\">Este espacio en semisombra est\u00e1 conformado por diferentes terrazas de piedra natural. El barbusano (<i>Apollonias barbujana<\/i>) es un \u00e1rbol lauroide siempreverde caracter\u00edstico de las comunidades vegetales menos exigentes en agua de la laurisiliva. Encontramos a su alrededor diferentes especies end\u00e9micas acompa\u00f1antes, siendo protagonista absoluta la siempreviva de hojas grandes (<i>Limonium macrophyllum<\/i>) con sus inflorescencias azul-violeta.<\/span><\/p>\n<p class=\"p1\"><span class=\"s1\">Por el lateral se extiende un malpa\u00eds simulado coronado por un palo sangre (<i>Marcetella moquiniana<\/i>) y una sabina (<i>Juniperus turbinata <\/i>subsp.<i> canariensis<\/i>). <\/span><\/p>\n<p class=\"p1\"><span class=\"s1\">Como curiosidad podemos mencionar la presencia de la \u00fanica planta no nativa salvada del jard\u00edn anterior, un romero rastrero de enorme tama\u00f1o con llamativas flores azules cuyo ramaje cae a modo de cascada hasta el nivel inferior (<i>Rosmarinus officinalis<\/i> \u2018<i>Prostratus<\/i>\u2019).<\/span><\/p>\n<p>[\/vc_column_text][vc_row_inner content_placement=\u00bbmiddle\u00bb][vc_column_inner][vc_empty_space][vc_single_image image=\u00bb692&#8243; img_size=\u00bbfull\u00bb][vc_gallery type=\u00bbimage_grid\u00bb images=\u00bb684,689,690,693,694,695,696,685&#8243; img_size=\u00bb175&#215;175&#8243;][\/vc_column_inner][\/vc_row_inner][\/vc_tta_section][vc_tta_section title=\u00bbLas Pozas de Agua y el Barranco Seco\u00bb tab_id=\u00bbpozas-agua-barranco-seco\u00bb][vc_column_text]Desde el punto de vista paisaj\u00edstico, uno de los elementos canarios m\u00e1s representativo es el barranco. Por el discurre el agua estacionalmente tras las lluvias, quedando solo el rastro de piedras, arena y grava durante el verano. A veces el agua queda retenida en pozas a modo de peque\u00f1os \u2018oasis\u2019.<\/p>\n<p>El Barranco Seco quiere rendir un homenaje a este elemento natural. En las pozas de la cabecera, una con agua y otra con tierra h\u00fameda, crecen algunas especies acu\u00e1ticas como la juncia (<em>Cyperus<\/em> sp.), la berraza (<em>Helosciadium nodiflorum<\/em>) o la diminuta lenteja de agua (<em>Lemna gibba<\/em>).<\/p>\n<p>Su trazado irregular y con desniveles atraviesa diferentes espacios, interrumpiendo el paso por los caminos como sucede en la naturaleza. En sus m\u00e1rgenes crecen peque\u00f1os arbustos y vivaces nativas de vistosa floraci\u00f3n como la nevadilla (<em>Paronychia canariensis<\/em>) el faro (<em>Gonospermum fruticosum<\/em>), la madama de risco (<em>Allagopappus canariensis<\/em>) y la magarza (<em>Argyranthemum frutescens<\/em>).[\/vc_column_text][vc_row_inner content_placement=\u00bbmiddle\u00bb][vc_column_inner][vc_single_image image=\u00bb703&#8243; img_size=\u00bbfull\u00bb][vc_gallery type=\u00bbimage_grid\u00bb images=\u00bb697,698,699,700,701,702,704&#8243; img_size=\u00bb175&#215;175&#8243;][\/vc_column_inner][\/vc_row_inner][\/vc_tta_section][vc_tta_section title=\u00bbLa Vereda de los Guaidiles\u00bb tab_id=\u00bbvereda-guaidiles\u00bb][vc_column_text]Este sugerente sendero flanqueado por guaidiles (<em>Convolvulus floridus<\/em>) es el indiscutible coraz\u00f3n del jard\u00edn. Atravesando el barranco por un paso de losas, el camino nos permite disfrutar casi todo el a\u00f1o de la singular y variada flora term\u00f3fila.<\/p>\n<p>En primer t\u00e9rmino encontramos la malva de risco (<em>Lavatera acerifolia<\/em>), con sus vistosas flores blancas, con el centro entre rosado y fucsia, que nos recuerdan a las del hibisco. Al lado, un grupo de cebollas almorranas desnudas (\u00a1qui\u00e9n le puso el nombre!) o drimias (<em>Drimia hesperia<\/em>), curiosa bulbosa que pierde las hojas en verano, emitiendo entonces sus largas espigas florales que a veces superan el metro de altura.<\/p>\n<p>El camino discurre junto al murete de los g\u00f3ngaros (<em>Aeonium canariense<\/em> subsp. <em>canariense<\/em>), endemismo risquero de car\u00e1cter suculento en forma de roseta perfectamente adaptado al crecimiento entre las piedras.[\/vc_column_text][vc_row_inner content_placement=\u00bbmiddle\u00bb][vc_column_inner][vc_empty_space][vc_single_image image=\u00bb717&#8243; img_size=\u00bbfull\u00bb][vc_gallery type=\u00bbimage_grid\u00bb images=\u00bb705,706,707,708,711,712,715,716,718&#8243; img_size=\u00bb130&#215;130&#8243;][\/vc_column_inner][\/vc_row_inner][\/vc_tta_section][vc_tta_section title=\u00bbEl Jard\u00edn de Los Colores\u00bb tab_id=\u00bbjardin-colores\u00bb][vc_column_text]Esta composici\u00f3n de plantas term\u00f3filas fue una de las que plantaron primero los alumnos durante las pr\u00e1cticas de jardiner\u00eda. Alrededor del sobrio y siempreverde olivo silvestre o acebuche (<em>Olea cerasiformis<\/em>), se suceden las floraciones de las distintas especies. En diciembre florecen los precoces bejeques arb\u00f3reos (<em>Aeonium arboreum<\/em> subsp. <em>holochrysum<\/em>), siendo las cabezuelas rosadas de los rosalitos (<em>Pterocephalus dumetorus<\/em>) las que anuncian la entrada del verano. Es un espacio en el que poder disfrutar no solo del colorido de las flores, sino tambi\u00e9n de las diferentes texturas, formas, contrastes y cambios en el follaje.<\/p>\n<p>El verano es una etapa de reposo para muchas especies term\u00f3filas, perdiendo algunas sus hojas o cambiando estas de color. La \u2018oto\u00f1ada\u2019 de los granadillos (<em>Hypericum canariense<\/em>) es una de las curiosidades que nos brinda la estaci\u00f3n seca.[\/vc_column_text][vc_row_inner content_placement=\u00bbmiddle\u00bb][vc_column_inner][vc_empty_space][vc_single_image image=\u00bb727&#8243; img_size=\u00bbfull\u00bb][vc_gallery type=\u00bbimage_grid\u00bb images=\u00bb720,722,723,724,728,729,730,731&#8243; img_size=\u00bb175&#215;175&#8243;][\/vc_column_inner][\/vc_row_inner][\/vc_tta_section][vc_tta_section title=\u00bbEl Jard\u00edn del Tagasaste\u00bb tab_id=\u00bbjardin-tagasaste\u00bb][vc_column_text]Este peque\u00f1o rinc\u00f3n se organiza en torno a un ejemplar de tagasaste (<em>Chamaecytisus proliferus<\/em>), arbusto forrajero formado en copa mediante poda dirigida para darle otra presencia est\u00e9tica. Las peque\u00f1as flores amariposadas de color blanco-crema aparecen desde el invierno hasta el verano, impregnando el entorno con una sutil fragancia.<\/p>\n<p>Bajo su sombra protectora crecen los alhel\u00edes (<em>Erysimum virescens<\/em>), con sus vistosas espigas de flores rosa-magenta, las taragont\u00edas (<em>Dracunculus canariensis<\/em>), ar\u00e1ceas de esbeltas espatas de color blanco-verdoso, y las cruzadillas (<em>Hypericum reflexum<\/em>), de brillantes flores amarillas. Un paso japon\u00e9s construido a base de rolos de palmera facilita el acceso al contiguo pasillo de las jardineras.[\/vc_column_text][vc_row_inner content_placement=\u00bbmiddle\u00bb][vc_column_inner][vc_empty_space][vc_single_image image=\u00bb736&#8243; img_size=\u00bbfull\u00bb][vc_gallery type=\u00bbimage_grid\u00bb images=\u00bb732,733,737,738,739,741,743,746&#8243; img_size=\u00bb140&#215;140&#8243;][\/vc_column_inner][\/vc_row_inner][\/vc_tta_section][vc_tta_section title=\u00bbLa Banda Term\u00f3fila\u00bb tab_id=\u00bbbanda-termofila\u00bb][vc_column_text]Junto a la joven alineaci\u00f3n de palmera canaria plantada al este del jard\u00edn crecen especies muy adecuadas para espacios verdes sostenibles. Son plantas r\u00fasticas, que soportan el estr\u00e9s h\u00eddrico y necesitan de pocos cuidados. Algunas son de porte arb\u00f3reo como el cedro (<em>Juniperus cedrus<\/em> subsp. <em>cedrus<\/em>), antiguo ejemplar plantado en la primera etapa del jard\u00edn, o el alm\u00e1cigo (<em>Pistacia atlantica<\/em>) que suele perder las hojas al llegar el fr\u00edo; otras tienen biotipo arbustivo como el jazm\u00edn (<em>Jasminum odoratissimum<\/em>) y la retama (<em>Retama rhodorhizoides<\/em>), ambos con flores fragantes, o el jaguarzo (<em>Cistus monspeliensis<\/em> subsp. <em>canariensis<\/em>) y el incienso (<em>Artemisia thuscula<\/em>), con follajes muy arom\u00e1ticos.<\/p>\n<p>No podemos olvidarnos tampoco del drago (<em>Dracaena draco<\/em> subsp. <em>draco<\/em>) o del sufrido espinero (<em>Rhamnus crenulata<\/em>) con sus interesantes y brillantes bayas negras al madurar.[\/vc_column_text][vc_row_inner content_placement=\u00bbmiddle\u00bb][vc_column_inner][vc_empty_space][vc_single_image image=\u00bb766&#8243; img_size=\u00bbfull\u00bb][vc_gallery type=\u00bbimage_grid\u00bb images=\u00bb749,752,755,756,757,762,765,767,770,773&#8243; img_size=\u00bb140&#215;140&#8243;][\/vc_column_inner][\/vc_row_inner][\/vc_tta_section][vc_tta_section title=\u00bbEl Talud de la Costa\u00bb tab_id=\u00bbtalud-costa\u00bb][vc_column_text]En el talud practicado para la instalaci\u00f3n del dep\u00f3sito de riego podemos familiarizarnos con plantas de zonas c\u00e1lidas y secas, m\u00e1s pr\u00f3ximas a la costa. Algunas son suculentas f\u00e1cilmente reconocibles por su silueta como los cardones (<em>Euphorbia canariensis<\/em>) y las tabaibas dulces (<em>Euphorbia balsamifera<\/em> subsp. <em>balsamifera<\/em>). Otras suelen crecer en primera l\u00ednea de mar soportando la mares\u00eda, como el hinojo marino (<em>Crithmum maritimum<\/em>), las servilletas de mar (<em>Astydamia latifolia<\/em>) o el salado (<em>Schizogyne sericea<\/em>), este \u00faltimo con su caracter\u00edstico follaje gris-plateado.<\/p>\n<p>Se han incorporado recientemente al conjunto algunos balos (<em>Plocama pendula<\/em>), aulagas (<em>Launaea arborescens<\/em>) y cornicales (<em>Periploca laevigata<\/em>) con el fin de estudiar su comportamiento en condiciones ambientales algo menos favorables para estas especies.[\/vc_column_text][vc_row_inner content_placement=\u00bbmiddle\u00bb][vc_column_inner][vc_empty_space][vc_single_image image=\u00bb780&#8243; img_size=\u00bbfull\u00bb][vc_gallery type=\u00bbimage_grid\u00bb images=\u00bb774,777,781,784,785,788,789,792&#8243; img_size=\u00bb140&#215;140&#8243;][\/vc_column_inner][\/vc_row_inner][\/vc_tta_section][vc_tta_section title=\u00bbEl Rinc\u00f3n de las Arom\u00e1ticas\u00bb tab_id=\u00bbrincon-aromaticas\u00bb][vc_column_text]En la entrada del invernadero \u2018Copago\u2019 encontramos unos peque\u00f1os bancales con una veintena de especies arom\u00e1ticas y culinarias, la mayor\u00eda de ellas con propiedades medicinales: or\u00e9gano, menta, sidrera, salvia, ruda, toronjil, perejil, tomillo, romero, cilantro o ca\u00f1a santa son algunas de las que podemos reconocer si nos gusta la cocina. El jard\u00edn de plantas canarias se integra de esta manera en el entorno agron\u00f3mico y productivo de la Escuela de Ingenier\u00eda. Obs\u00e9rvalas, disfruta de sus aromas y esencias, aprende a identificarlas y diferenciarlas, pero, por favor, \u00a1no te las lleves![\/vc_column_text][vc_empty_space][vc_row_inner content_placement=\u00bbmiddle\u00bb][vc_column_inner width=\u00bb1\/2&#8243;][vc_single_image image=\u00bb800&#8243; img_size=\u00bbfull\u00bb][\/vc_column_inner][vc_column_inner width=\u00bb1\/2&#8243;][vc_gallery type=\u00bbimage_grid\u00bb images=\u00bb795,796,797,798,799,801,802,803,804,805,806,807,808,809,810&#8243; img_size=\u00bb100&#215;100&#8243;][\/vc_column_inner][\/vc_row_inner][\/vc_tta_section][vc_tta_section title=\u00bbLas Jardineras\u00bb tab_id=\u00bbjardineras\u00bb][vc_column_text]Uno de los aspectos a estudio en el Jard\u00edn Experimental es la adaptabilidad de las plantas al crecimiento en espacios limitados. Las amplias jardineras de obra ubicadas sobre el muro frente al aparcamiento principal permiten la coexistencia de varios ejemplares en un mismo espacio reducido. Tras proceder a la renovaci\u00f3n de la capa drenaje y la preparaci\u00f3n del sustrato, se estableci\u00f3 una composici\u00f3n con siete especies diferentes, entre ellas la madama de risco (<em>Allagopappus canariensis<\/em>), la nevadilla (<em>Paronychia canariensis<\/em>) y la siempreviva (<em>Limonium macrophyllum<\/em>).\u00a0 El conjunto se dise\u00f1\u00f3 para poder apreciarse tanto desde la parte superior del muro como desde el aparcamiento inferior, habi\u00e9ndose combinado diferentes biotipos, texturas y floraciones para dotarle de un mayor inter\u00e9s est\u00e9tico.[\/vc_column_text][vc_empty_space][vc_row_inner content_placement=\u00bbmiddle\u00bb][vc_column_inner width=\u00bb1\/2&#8243;][vc_single_image image=\u00bb815&#8243; img_size=\u00bbfull\u00bb][\/vc_column_inner][vc_column_inner width=\u00bb1\/2&#8243;][vc_gallery type=\u00bbimage_grid\u00bb images=\u00bb811,812,817,820,821,824&#8243; img_size=\u00bb150&#215;150&#8243;][\/vc_column_inner][\/vc_row_inner][\/vc_tta_section][\/vc_tta_tour][\/vc_column][\/vc_row]<\/p>\n","protected":false},"excerpt":{"rendered":"<p>[vc_row full_width=\u00bbstretch_row_content_no_spaces\u00bb][vc_column][rev_slider_vc alias=\u00bbheader_dj\u00bb][\/vc_column][\/vc_row][vc_row full_width=\u00bbstretch_row_content\u00bb gap=\u00bb15&#8243; content_placement=\u00bbmiddle\u00bb css=\u00bb.vc_custom_1621423463184{padding-left: 15% !important;}\u00bb][vc_column offset=\u00bbvc_hidden-md vc_hidden-sm vc_hidden-xs\u00bb][vc_row_inner][vc_column_inner width=\u00bb2\/3&#8243;][\/vc_column_inner][vc_column_inner width=\u00bb1\/3&#8243; css=\u00bb.vc_custom_1617819900814{background-color: #8224e3 !important;}\u00bb][vc_empty_space height=\u00bb50px\u00bb][\/vc_column_inner][\/vc_row_inner][vc_row_inner gap=\u00bb10&#8243;][vc_column_inner width=\u00bb1\/3&#8243;][vc_column_text] Situado a 550 metros sobre el nivel del mar en orientaci\u00f3n sureste y sometido al r\u00e9gimen del alisio, el enclave tiene cierto inter\u00e9s ecol\u00f3gico. La vegetaci\u00f3n potencial es term\u00f3fila, aunque nos encontramos muy pr\u00f3ximos al&#8230;<\/p>\n","protected":false},"author":37,"featured_media":0,"parent":0,"menu_order":0,"comment_status":"closed","ping_status":"closed","template":"templates\/template-frontpage.php","meta":[],"acf":[],"_links":{"self":[{"href":"https:\/\/www.ull.es\/centros\/jardin-experimental\/wp-json\/wp\/v2\/pages\/229"}],"collection":[{"href":"https:\/\/www.ull.es\/centros\/jardin-experimental\/wp-json\/wp\/v2\/pages"}],"about":[{"href":"https:\/\/www.ull.es\/centros\/jardin-experimental\/wp-json\/wp\/v2\/types\/page"}],"author":[{"embeddable":true,"href":"https:\/\/www.ull.es\/centros\/jardin-experimental\/wp-json\/wp\/v2\/users\/37"}],"replies":[{"embeddable":true,"href":"https:\/\/www.ull.es\/centros\/jardin-experimental\/wp-json\/wp\/v2\/comments?post=229"}],"version-history":[{"count":106,"href":"https:\/\/www.ull.es\/centros\/jardin-experimental\/wp-json\/wp\/v2\/pages\/229\/revisions"}],"predecessor-version":[{"id":1154,"href":"https:\/\/www.ull.es\/centros\/jardin-experimental\/wp-json\/wp\/v2\/pages\/229\/revisions\/1154"}],"wp:attachment":[{"href":"https:\/\/www.ull.es\/centros\/jardin-experimental\/wp-json\/wp\/v2\/media?parent=229"}],"curies":[{"name":"wp","href":"https:\/\/api.w.org\/{rel}","templated":true}]}}