{"id":231,"date":"2021-04-07T17:18:09","date_gmt":"2021-04-07T17:18:09","guid":{"rendered":"https:\/\/www.ull.es\/centros\/jardin-experimental\/?page_id=231"},"modified":"2021-05-19T11:01:46","modified_gmt":"2021-05-19T11:01:46","slug":"informacion-sobre-especies","status":"publish","type":"page","link":"https:\/\/www.ull.es\/centros\/jardin-experimental\/informacion-sobre-especies\/","title":{"rendered":"Informaci\u00f3n sobre especies"},"content":{"rendered":"<p>[vc_row full_width=\u00bbstretch_row_content_no_spaces\u00bb][vc_column][rev_slider_vc alias=\u00bbheader_ise\u00bb][\/vc_column][\/vc_row][vc_row][vc_column][vc_empty_space][\/vc_column][\/vc_row][vc_row content_placement=\u00bbmiddle\u00bb css=\u00bb.vc_custom_1617828678773{margin-top: 20px !important;margin-bottom: 20px !important;}\u00bb][vc_column width=\u00bb1\/4&#8243;][vc_icon icon_fontawesome=\u00bbfas fa-sign\u00bb color=\u00bbviolet\u00bb size=\u00bbxl\u00bb align=\u00bbcenter\u00bb][\/vc_column][vc_column width=\u00bb3\/4&#8243;][vc_column_text]<\/p>\n<h4 style=\"text-align: left\">Qui\u00e9n visite el jard\u00edn encontrar\u00e1 letreros junto a las plantas con una informaci\u00f3n b\u00e1sica relacionada con las especies representadas. En ellos figuran tanto el nombre cient\u00edfico de la especie como el nombre com\u00fan, la familia bot\u00e1nica a la que pertenece, as\u00ed como diferentes iconos y gr\u00e1ficos que reflejan la distribuci\u00f3n natural por islas, el grado de endemicidad y la ecolog\u00eda de la planta.<\/h4>\n<p>[\/vc_column_text][\/vc_column][\/vc_row][vc_row][vc_column][vc_separator color=\u00bbviolet\u00bb][\/vc_column][\/vc_row][vc_row content_placement=\u00bbmiddle\u00bb css=\u00bb.vc_custom_1617828687752{margin-top: 20px !important;margin-bottom: 20px !important;}\u00bb][vc_column width=\u00bb3\/4&#8243; offset=\u00bbvc_hidden-xs\u00bb][vc_column_text]<\/p>\n<h4 style=\"text-align: right\">Se han establecido, como pauta de referencia, tres categor\u00edas de uso en jardiner\u00eda. A cada especie se le asigna un icono de color verde, amarillo o rojo, teniendo en cuenta diferentes aspectos como son el grado de protecci\u00f3n del tax\u00f3n (especie o subespecie), si lo tiene, la categor\u00eda de endemicidad o el car\u00e1cter hibrid\u00f3geno del g\u00e9nero al que pertenece.<\/h4>\n<p>[\/vc_column_text][\/vc_column][vc_column width=\u00bb1\/4&#8243; offset=\u00bbvc_hidden-xs\u00bb][vc_icon icon_fontawesome=\u00bbfas fa-sitemap\u00bb color=\u00bbviolet\u00bb size=\u00bbxl\u00bb align=\u00bbcenter\u00bb][\/vc_column][\/vc_row][vc_row content_placement=\u00bbmiddle\u00bb css=\u00bb.vc_custom_1617840968750{margin-top: 20px !important;margin-bottom: 20px !important;}\u00bb][vc_column width=\u00bb1\/4&#8243; offset=\u00bbvc_hidden-lg vc_hidden-md vc_hidden-sm\u00bb][vc_icon icon_fontawesome=\u00bbfas fa-sitemap\u00bb color=\u00bbviolet\u00bb size=\u00bbxl\u00bb align=\u00bbcenter\u00bb][\/vc_column][vc_column width=\u00bb3\/4&#8243; offset=\u00bbvc_hidden-lg vc_hidden-md vc_hidden-sm\u00bb][vc_column_text]<\/p>\n<h4 style=\"text-align: left\">Se han establecido, como pauta de referencia, tres categor\u00edas de uso en jardiner\u00eda. A cada especie se le asigna un icono de color verde, amarillo o rojo, teniendo en cuenta diferentes aspectos como son el grado de protecci\u00f3n del tax\u00f3n (especie o subespecie), si lo tiene, la categor\u00eda de endemicidad o el car\u00e1cter hibrid\u00f3geno del g\u00e9nero al que pertenece.<\/h4>\n<p>[\/vc_column_text][\/vc_column][\/vc_row][vc_row][vc_column][vc_separator color=\u00bbviolet\u00bb][\/vc_column][\/vc_row][vc_row content_placement=\u00bbmiddle\u00bb css=\u00bb.vc_custom_1617828695051{margin-top: 20px !important;margin-bottom: 20px !important;}\u00bb][vc_column width=\u00bb1\/4&#8243;][vc_icon icon_fontawesome=\u00bbfas fa-info\u00bb color=\u00bbviolet\u00bb size=\u00bbxl\u00bb align=\u00bbcenter\u00bb][\/vc_column][vc_column width=\u00bb3\/4&#8243;][vc_column_text]<\/p>\n<h4 style=\"text-align: left\">El jard\u00edn cuenta adem\u00e1s con un panel informativo para poder interpretar los diferentes s\u00edmbolos y contenidos de los letreros y los criterios utilizados en su elaboraci\u00f3n. Hay que tener en cuenta que toda la informaci\u00f3n facilitada podr\u00eda requerir de actualizaciones puntuales por los cambios que se producen peri\u00f3dicamente en lo relativo a la nomenclatura, la distribuci\u00f3n geogr\u00e1fica o la normativa reguladora que afecte a las especies.<\/h4>\n<p>[\/vc_column_text][\/vc_column][\/vc_row][vc_row][vc_column][vc_gallery type=\u00bbimage_grid\u00bb images=\u00bb826,827,829&#8243; img_size=\u00bb275&#215;200&#8243;][\/vc_column][\/vc_row]<\/p>\n","protected":false},"excerpt":{"rendered":"<p>[vc_row full_width=\u00bbstretch_row_content_no_spaces\u00bb][vc_column][rev_slider_vc alias=\u00bbheader_ise\u00bb][\/vc_column][\/vc_row][vc_row][vc_column][vc_empty_space][\/vc_column][\/vc_row][vc_row content_placement=\u00bbmiddle\u00bb css=\u00bb.vc_custom_1617828678773{margin-top: 20px !important;margin-bottom: 20px !important;}\u00bb][vc_column width=\u00bb1\/4&#8243;][vc_icon icon_fontawesome=\u00bbfas fa-sign\u00bb color=\u00bbviolet\u00bb size=\u00bbxl\u00bb align=\u00bbcenter\u00bb][\/vc_column][vc_column width=\u00bb3\/4&#8243;][vc_column_text] Qui\u00e9n visite el jard\u00edn encontrar\u00e1 letreros junto a las plantas con una informaci\u00f3n b\u00e1sica relacionada con las especies representadas. En ellos figuran tanto el nombre cient\u00edfico de la especie como el nombre com\u00fan, la familia bot\u00e1nica a la que&#8230;<\/p>\n","protected":false},"author":37,"featured_media":0,"parent":0,"menu_order":0,"comment_status":"closed","ping_status":"closed","template":"templates\/template-frontpage.php","meta":[],"acf":[],"_links":{"self":[{"href":"https:\/\/www.ull.es\/centros\/jardin-experimental\/wp-json\/wp\/v2\/pages\/231"}],"collection":[{"href":"https:\/\/www.ull.es\/centros\/jardin-experimental\/wp-json\/wp\/v2\/pages"}],"about":[{"href":"https:\/\/www.ull.es\/centros\/jardin-experimental\/wp-json\/wp\/v2\/types\/page"}],"author":[{"embeddable":true,"href":"https:\/\/www.ull.es\/centros\/jardin-experimental\/wp-json\/wp\/v2\/users\/37"}],"replies":[{"embeddable":true,"href":"https:\/\/www.ull.es\/centros\/jardin-experimental\/wp-json\/wp\/v2\/comments?post=231"}],"version-history":[{"count":21,"href":"https:\/\/www.ull.es\/centros\/jardin-experimental\/wp-json\/wp\/v2\/pages\/231\/revisions"}],"predecessor-version":[{"id":1079,"href":"https:\/\/www.ull.es\/centros\/jardin-experimental\/wp-json\/wp\/v2\/pages\/231\/revisions\/1079"}],"wp:attachment":[{"href":"https:\/\/www.ull.es\/centros\/jardin-experimental\/wp-json\/wp\/v2\/media?parent=231"}],"curies":[{"name":"wp","href":"https:\/\/api.w.org\/{rel}","templated":true}]}}