{"id":237,"date":"2021-04-07T17:20:08","date_gmt":"2021-04-07T17:20:08","guid":{"rendered":"https:\/\/www.ull.es\/centros\/jardin-experimental\/?page_id=237"},"modified":"2021-05-20T12:27:30","modified_gmt":"2021-05-20T12:27:30","slug":"docencia","status":"publish","type":"page","link":"https:\/\/www.ull.es\/centros\/jardin-experimental\/docencia\/","title":{"rendered":"Docencia"},"content":{"rendered":"<p>[vc_row full_width=\u00bbstretch_row_content_no_spaces\u00bb][vc_column][rev_slider_vc alias=\u00bbheader_docencia\u00bb][\/vc_column][\/vc_row][vc_row][vc_column][vc_empty_space][\/vc_column][\/vc_row][vc_row full_width=\u00bbstretch_row_content\u00bb css=\u00bb.vc_custom_1621513648711{padding-right: 5% !important;padding-left: 5% !important;}\u00bb][vc_column][vc_empty_space height=\u00bb100px\u00bb][vc_column_text]<\/p>\n<h1>Desde hace ya algunos a\u00f1os, el Jard\u00edn Experimental viene siendo un espacio de apoyo a la actividad docente.<\/h1>\n<h4>Resulta ser un funcional campo de pruebas en donde los alumnos pueden poner en pr\u00e1ctica muchos de los conocimientos de jardiner\u00eda adquiridos sobre dise\u00f1o, replanteo, movimiento de tierras, plantaci\u00f3n y mantenimiento.<\/h4>\n<p>[\/vc_column_text][vc_empty_space height=\u00bb100px\u00bb][\/vc_column][\/vc_row][vc_row full_width=\u00bbstretch_row_content\u00bb gap=\u00bb20&#8243; content_placement=\u00bbmiddle\u00bb css=\u00bb.vc_custom_1618824083500{padding-right: 10% !important;padding-left: 10% !important;background-color: #efefef !important;}\u00bb][vc_column width=\u00bb1\/2&#8243;][vc_column_text]<\/p>\n<h4>Con periodicidad anual se viene celebrando un seminario\/taller sobre utilizaci\u00f3n de la flora aut\u00f3ctona con fines ornamentales.<\/h4>\n<p>El alumnado de la asignatura de Jardiner\u00eda y Paisajismo recibe una formaci\u00f3n b\u00e1sica sobre el tema bajo un enfoque participativo.<\/p>\n<p>El reconocimiento \u2018in situ\u2019 de numerosas especies nativas permite al alumnado familiarizarse con la flora aut\u00f3ctona y su gesti\u00f3n, identificando las necesidades y funcionalidades de las diferentes especies. Organizados por grupos de trabajo, realizan peque\u00f1as intervenciones en el jard\u00edn, contribuyendo a su ampliaci\u00f3n o renovaci\u00f3n.[\/vc_column_text][\/vc_column][vc_column width=\u00bb1\/2&#8243;][vc_gallery type=\u00bbimage_grid\u00bb images=\u00bb612,614,618,617&#8243; img_size=\u00bb250&#215;200&#8243;][vc_empty_space][\/vc_column][\/vc_row][vc_row content_placement=\u00bbmiddle\u00bb][vc_column offset=\u00bbvc_hidden-sm vc_hidden-xs\u00bb][vc_empty_space][vc_column_text]<\/p>\n<h2>Elaboraci\u00f3n de proyectos<\/h2>\n<h4>A finales de 2019 el Consejo de Gobierno de la Universidad de La Laguna aprob\u00f3 la concesi\u00f3n de los jardines del Campus Central al Ayuntamiento de La Laguna por 20 a\u00f1os.<\/h4>\n<p>Un proyecto de fin de carrera realizado por una alumna de la Escuela Polit\u00e9cnica aborda la renovaci\u00f3n de este espacio urbano utilizando un dise\u00f1o moderno y funcional. En \u00e9l se maneja un extenso cat\u00e1logo de especies aut\u00f3ctonas para organizar las composiciones vegetales de los diferentes espacios propuestos <a href=\"https:\/\/riull.ull.es\/xmlui\/handle\/915\/17161\" target=\"_blank\" rel=\"noopener\" target=\"_blank\" rel=\"noopener\">(PDF)<\/a>.[\/vc_column_text][vc_empty_space][vc_single_image image=\u00bb1049&#8243; img_size=\u00bbfull\u00bb alignment=\u00bbcenter\u00bb css_animation=\u00bbzoomIn\u00bb][\/vc_column][\/vc_row]<\/p>\n","protected":false},"excerpt":{"rendered":"<p>[vc_row full_width=\u00bbstretch_row_content_no_spaces\u00bb][vc_column][rev_slider_vc alias=\u00bbheader_docencia\u00bb][\/vc_column][\/vc_row][vc_row][vc_column][vc_empty_space][\/vc_column][\/vc_row][vc_row full_width=\u00bbstretch_row_content\u00bb css=\u00bb.vc_custom_1621513648711{padding-right: 5% !important;padding-left: 5% !important;}\u00bb][vc_column][vc_empty_space height=\u00bb100px\u00bb][vc_column_text] Desde hace ya algunos a\u00f1os, el Jard\u00edn Experimental viene siendo un espacio de apoyo a la actividad docente. Resulta ser un funcional campo de pruebas en donde los alumnos pueden poner en pr\u00e1ctica muchos de los conocimientos de jardiner\u00eda adquiridos sobre dise\u00f1o, replanteo, movimiento de&#8230;<\/p>\n","protected":false},"author":37,"featured_media":0,"parent":0,"menu_order":0,"comment_status":"closed","ping_status":"closed","template":"templates\/template-frontpage.php","meta":[],"acf":[],"_links":{"self":[{"href":"https:\/\/www.ull.es\/centros\/jardin-experimental\/wp-json\/wp\/v2\/pages\/237"}],"collection":[{"href":"https:\/\/www.ull.es\/centros\/jardin-experimental\/wp-json\/wp\/v2\/pages"}],"about":[{"href":"https:\/\/www.ull.es\/centros\/jardin-experimental\/wp-json\/wp\/v2\/types\/page"}],"author":[{"embeddable":true,"href":"https:\/\/www.ull.es\/centros\/jardin-experimental\/wp-json\/wp\/v2\/users\/37"}],"replies":[{"embeddable":true,"href":"https:\/\/www.ull.es\/centros\/jardin-experimental\/wp-json\/wp\/v2\/comments?post=237"}],"version-history":[{"count":58,"href":"https:\/\/www.ull.es\/centros\/jardin-experimental\/wp-json\/wp\/v2\/pages\/237\/revisions"}],"predecessor-version":[{"id":1140,"href":"https:\/\/www.ull.es\/centros\/jardin-experimental\/wp-json\/wp\/v2\/pages\/237\/revisions\/1140"}],"wp:attachment":[{"href":"https:\/\/www.ull.es\/centros\/jardin-experimental\/wp-json\/wp\/v2\/media?parent=237"}],"curies":[{"name":"wp","href":"https:\/\/api.w.org\/{rel}","templated":true}]}}