{"id":239,"date":"2021-04-07T17:20:20","date_gmt":"2021-04-07T17:20:20","guid":{"rendered":"https:\/\/www.ull.es\/centros\/jardin-experimental\/?page_id=239"},"modified":"2021-05-24T08:17:58","modified_gmt":"2021-05-24T08:17:58","slug":"investigacion","status":"publish","type":"page","link":"https:\/\/www.ull.es\/centros\/jardin-experimental\/investigacion\/","title":{"rendered":"Investigaci\u00f3n"},"content":{"rendered":"<p>[vc_row full_width=\u00bbstretch_row_content_no_spaces\u00bb][vc_column][rev_slider_vc alias=\u00bbheader_investigacion\u00bb][\/vc_column][\/vc_row][vc_row full_width=\u00bbstretch_row_content\u00bb css=\u00bb.vc_custom_1621513618986{padding-right: 5% !important;padding-left: 5% !important;}\u00bb][vc_column][vc_empty_space height=\u00bb100px\u00bb][vc_column_text]<\/p>\n<h1>La flora aut\u00f3ctona canaria ha sido objeto de m\u00faltiples estudios cient\u00edficos desde el punto de vista etnobot\u00e1nico, taxon\u00f3mico, ecol\u00f3gico y evolutivo. Ha despertado tambi\u00e9n gran inter\u00e9s dentro del campo de la fitoqu\u00edmica y la farmacolog\u00eda, pero, sorprendentemente, la investigaci\u00f3n aplicada para uso ornamental es m\u00e1s bien discreta.<\/h1>\n<p>[\/vc_column_text][vc_empty_space height=\u00bb50px\u00bb][\/vc_column][\/vc_row][vc_row full_width=\u00bbstretch_row_content\u00bb gap=\u00bb20&#8243; equal_height=\u00bbyes\u00bb content_placement=\u00bbtop\u00bb css=\u00bb.vc_custom_1620979359968{padding-right: 10% !important;padding-left: 10% !important;background-color: #efefef !important;}\u00bb][vc_column width=\u00bb1\/2&#8243;][vc_column_text]<\/p>\n<h3>En el jard\u00edn se realizan diferentes observaciones relacionadas con la biolog\u00eda de las especies<\/h3>\n<ul class=\"ul1\">\n<li class=\"li1\"><span class=\"s1\">Adaptabilidad de las plantas a diferentes condiciones ambientales<\/span><\/li>\n<li class=\"li1\"><span class=\"s1\">An\u00e1lisis de la capacidad de autopropagaci\u00f3n <\/span><\/li>\n<li class=\"li1\"><span class=\"s1\">Seguimiento de sus fases fenol\u00f3gicas<\/span><\/li>\n<\/ul>\n<p>[\/vc_column_text][vc_empty_space][\/vc_column][vc_column width=\u00bb1\/2&#8243;][vc_empty_space][vc_gallery type=\u00bbimage_grid\u00bb images=\u00bb631,1051&#8243; img_size=\u00bb200&#215;200&#8243;][vc_empty_space][\/vc_column][\/vc_row][vc_row full_width=\u00bbstretch_row_content\u00bb gap=\u00bb20&#8243; equal_height=\u00bbyes\u00bb content_placement=\u00bbtop\u00bb css=\u00bb.vc_custom_1621513374148{padding-right: 10% !important;padding-left: 10% !important;}\u00bb][vc_column width=\u00bb1\/2&#8243;][vc_gallery type=\u00bbimage_grid\u00bb images=\u00bb627,629,632,633&#8243; img_size=\u00bb150&#215;200&#8243;][vc_empty_space][\/vc_column][vc_column width=\u00bb1\/2&#8243;][vc_column_text]<\/p>\n<h3 class=\"p1\">Otros estudios son de tipo agron\u00f3mico<\/h3>\n<ul class=\"ul1\">\n<li class=\"li1\"><span class=\"s1\">Ensayos reproductivos<\/span><\/li>\n<li class=\"li1\"><span class=\"s1\">Incidencia y control de plagas y enfermedades<\/span><\/li>\n<li class=\"li1\"><span class=\"s1\">Pruebas de diferentes marcos de plantaci\u00f3n<\/span><\/li>\n<li class=\"li1\"><span class=\"s1\">Respuesta a diferentes tipos de poda<\/span><\/li>\n<\/ul>\n<p>[\/vc_column_text][vc_empty_space][\/vc_column][\/vc_row][vc_row full_width=\u00bbstretch_row_content\u00bb gap=\u00bb20&#8243; equal_height=\u00bbyes\u00bb content_placement=\u00bbtop\u00bb css=\u00bb.vc_custom_1620979359968{padding-right: 10% !important;padding-left: 10% !important;background-color: #efefef !important;}\u00bb][vc_column width=\u00bb1\/2&#8243;][vc_column_text]<\/p>\n<h3>La valoraci\u00f3n ornamental de las especies ocupa tambi\u00e9n un importante lugar<\/h3>\n<ul class=\"ul1\">\n<li class=\"li1\"><span class=\"s1\">Valoraci\u00f3n est\u00e9tica de distintos par\u00e1metros:<span class=\"Apple-converted-space\">\u00a0 <\/span>biotipo, h\u00e1bito de crecimiento, floraci\u00f3n, follaje, fructificaci\u00f3n, silueta, etc <\/span><\/li>\n<li class=\"li1\"><span class=\"s1\">Dise\u00f1o de composiciones vegetales<\/span><\/li>\n<li class=\"li1\"><span class=\"s1\">Estudio de compatibilidad de especies<\/span><\/li>\n<\/ul>\n<p>[\/vc_column_text][vc_empty_space][\/vc_column][vc_column width=\u00bb1\/2&#8243;][vc_empty_space][vc_gallery type=\u00bbimage_grid\u00bb images=\u00bb1053,628&#8243; img_size=\u00bb200&#215;200&#8243;][vc_empty_space][\/vc_column][\/vc_row][vc_row full_width=\u00bbstretch_row_content\u00bb content_placement=\u00bbmiddle\u00bb css=\u00bb.vc_custom_1621513705537{padding-right: 10% !important;padding-left: 10% !important;}\u00bb][vc_column offset=\u00bbvc_hidden-sm vc_hidden-xs\u00bb][vc_empty_space][vc_column_text]<\/p>\n<h3>Trabajos experimentales de fin de grado<\/h3>\n<h4>El alumnado de la Escuela Polit\u00e9cnica tiene la oportunidad de realizar estudios relacionados con la flora canaria.<\/h4>\n<p>Un trabajo sobre la reproducci\u00f3n vegetativa de la Madama de risco o mamita (<em>Allagopappus canariensis<\/em>), fue defendido recientemente (2020) por una alumna de la Escuela. Este interesante arbusto end\u00e9mico de profusa floraci\u00f3n amarilla se cultiva en el jard\u00edn experimental, siendo utilizable tanto en rocallas como en jardineras y tambi\u00e9n como planta cobertora.<a href=\"https:\/\/riull.ull.es\/xmlui\/handle\/915\/20656\" target=\"_blank\" rel=\"noopener\" target=\"_blank\" rel=\"noopener\">(PDF)<\/a>[\/vc_column_text][vc_empty_space][vc_row_inner][vc_column_inner width=\u00bb1\/4&#8243;][\/vc_column_inner][vc_column_inner width=\u00bb1\/2&#8243;][vc_single_image image=\u00bb1112&#8243; img_size=\u00bbfull\u00bb alignment=\u00bbcenter\u00bb][\/vc_column_inner][vc_column_inner width=\u00bb1\/4&#8243;][\/vc_column_inner][\/vc_row_inner][\/vc_column][\/vc_row]<\/p>\n","protected":false},"excerpt":{"rendered":"<p>[vc_row full_width=\u00bbstretch_row_content_no_spaces\u00bb][vc_column][rev_slider_vc alias=\u00bbheader_investigacion\u00bb][\/vc_column][\/vc_row][vc_row full_width=\u00bbstretch_row_content\u00bb css=\u00bb.vc_custom_1621513618986{padding-right: 5% !important;padding-left: 5% !important;}\u00bb][vc_column][vc_empty_space height=\u00bb100px\u00bb][vc_column_text] La flora aut\u00f3ctona canaria ha sido objeto de m\u00faltiples estudios cient\u00edficos desde el punto de vista etnobot\u00e1nico, taxon\u00f3mico, ecol\u00f3gico y evolutivo. Ha despertado tambi\u00e9n gran inter\u00e9s dentro del campo de la fitoqu\u00edmica y la farmacolog\u00eda, pero, sorprendentemente, la investigaci\u00f3n aplicada para uso ornamental es m\u00e1s&#8230;<\/p>\n","protected":false},"author":37,"featured_media":0,"parent":0,"menu_order":0,"comment_status":"closed","ping_status":"closed","template":"templates\/template-frontpage.php","meta":[],"acf":[],"_links":{"self":[{"href":"https:\/\/www.ull.es\/centros\/jardin-experimental\/wp-json\/wp\/v2\/pages\/239"}],"collection":[{"href":"https:\/\/www.ull.es\/centros\/jardin-experimental\/wp-json\/wp\/v2\/pages"}],"about":[{"href":"https:\/\/www.ull.es\/centros\/jardin-experimental\/wp-json\/wp\/v2\/types\/page"}],"author":[{"embeddable":true,"href":"https:\/\/www.ull.es\/centros\/jardin-experimental\/wp-json\/wp\/v2\/users\/37"}],"replies":[{"embeddable":true,"href":"https:\/\/www.ull.es\/centros\/jardin-experimental\/wp-json\/wp\/v2\/comments?post=239"}],"version-history":[{"count":38,"href":"https:\/\/www.ull.es\/centros\/jardin-experimental\/wp-json\/wp\/v2\/pages\/239\/revisions"}],"predecessor-version":[{"id":1153,"href":"https:\/\/www.ull.es\/centros\/jardin-experimental\/wp-json\/wp\/v2\/pages\/239\/revisions\/1153"}],"wp:attachment":[{"href":"https:\/\/www.ull.es\/centros\/jardin-experimental\/wp-json\/wp\/v2\/media?parent=239"}],"curies":[{"name":"wp","href":"https:\/\/api.w.org\/{rel}","templated":true}]}}