{"id":24,"date":"2021-03-29T10:01:55","date_gmt":"2021-03-29T10:01:55","guid":{"rendered":"https:\/\/www.ull.es\/centros\/jardin-experimental\/?page_id=24"},"modified":"2021-05-20T12:34:49","modified_gmt":"2021-05-20T12:34:49","slug":"conocenos","status":"publish","type":"page","link":"https:\/\/www.ull.es\/centros\/jardin-experimental\/conocenos\/","title":{"rendered":"Con\u00f3cenos"},"content":{"rendered":"<p>[vc_row full_width=\u00bbstretch_row_content_no_spaces\u00bb][vc_column][rev_slider_vc alias=\u00bbheader_conocenos\u00bb][\/vc_column][\/vc_row][vc_row][vc_column][vc_empty_space][\/vc_column][\/vc_row][vc_row full_width=\u00bbstretch_row_content\u00bb css=\u00bb.vc_custom_1621514061778{padding-right: 5% !important;padding-left: 5% !important;}\u00bb][vc_column width=\u00bb1\/2&#8243; css=\u00bb.vc_custom_1621436482125{border-right-width: 5px !important;border-right-color: #8224e3 !important;}\u00bb][vc_row_inner][vc_column_inner][vc_single_image image=\u00bb1125&#8243; img_size=\u00bbfull\u00bb alignment=\u00bbcenter\u00bb css_animation=\u00bbfadeInUp\u00bb][\/vc_column_inner][\/vc_row_inner][\/vc_column][vc_column width=\u00bb1\/2&#8243;][vc_empty_space][vc_row_inner equal_height=\u00bbyes\u00bb][vc_column_inner el_class=\u00bbcaja-facultad\u00bb width=\u00bb1\/2&#8243;][vc_icon icon_fontawesome=\u00bbfas fa-map-marker-alt\u00bb color=\u00bbwhite\u00bb background_style=\u00bbrounded\u00bb background_color=\u00bbviolet\u00bb align=\u00bbcenter\u00bb][vc_column_text]<\/p>\n<p style=\"text-align: center\">Escuela Polit\u00e9cnica Superior de Ingenier\u00eda<br \/>\nSecci\u00f3n de Ingenier\u00eda Agraria<br \/>\nCamino San Miguel de Geneto, 2<br \/>\n38296 San Crist\u00f3bal de La Laguna<\/p>\n<p>[\/vc_column_text][\/vc_column_inner][vc_column_inner el_class=\u00bbcaja-facultad\u00bb width=\u00bb1\/2&#8243;][vc_icon icon_fontawesome=\u00bbfar fa-clock\u00bb color=\u00bbwhite\u00bb background_style=\u00bbrounded\u00bb background_color=\u00bbviolet\u00bb align=\u00bbcenter\u00bb][vc_column_text]<\/p>\n<p style=\"text-align: center\">Lunes a viernes de 9:00 h a 19:00 h<br \/>\nCerrado en periodos vacacionales<br \/>\n(Navidad, Carnavales, Semana Santa y cierre de agosto).<\/p>\n<p>[\/vc_column_text][\/vc_column_inner][\/vc_row_inner][vc_row_inner][vc_column_inner el_class=\u00bbcaja-facultad\u00bb][vc_icon icon_fontawesome=\u00bbfas fa-envelope\u00bb color=\u00bbwhite\u00bb background_style=\u00bbrounded\u00bb background_color=\u00bbviolet\u00bb align=\u00bbcenter\u00bb][vc_column_text]<\/p>\n<p style=\"text-align: center\">Mar\u00eda Candelaria Vera Batista<br \/>\n<a href=\"mailto:cbatista@ull.edu.es\" target=\"_blank\" rel=\"noopener\">cbatista@ull.edu.es<\/a><\/p>\n<p style=\"text-align: center\">Jos\u00e9 Mar\u00eda Gonz\u00e1lez Arruti<br \/>\n<a href=\"mailto:jmgarru@ull.edu.es\" target=\"_blank\" rel=\"noopener\">jmgarru@ull.edu.es<\/a><\/p>\n<p>[\/vc_column_text][\/vc_column_inner][\/vc_row_inner][\/vc_column][\/vc_row]<\/p>\n","protected":false},"excerpt":{"rendered":"<p>[vc_row full_width=\u00bbstretch_row_content_no_spaces\u00bb][vc_column][rev_slider_vc alias=\u00bbheader_conocenos\u00bb][\/vc_column][\/vc_row][vc_row][vc_column][vc_empty_space][\/vc_column][\/vc_row][vc_row full_width=\u00bbstretch_row_content\u00bb css=\u00bb.vc_custom_1621514061778{padding-right: 5% !important;padding-left: 5% !important;}\u00bb][vc_column width=\u00bb1\/2&#8243; css=\u00bb.vc_custom_1621436482125{border-right-width: 5px !important;border-right-color: #8224e3 !important;}\u00bb][vc_row_inner][vc_column_inner][vc_single_image image=\u00bb1125&#8243; img_size=\u00bbfull\u00bb alignment=\u00bbcenter\u00bb css_animation=\u00bbfadeInUp\u00bb][\/vc_column_inner][\/vc_row_inner][\/vc_column][vc_column width=\u00bb1\/2&#8243;][vc_empty_space][vc_row_inner equal_height=\u00bbyes\u00bb][vc_column_inner el_class=\u00bbcaja-facultad\u00bb width=\u00bb1\/2&#8243;][vc_icon icon_fontawesome=\u00bbfas fa-map-marker-alt\u00bb color=\u00bbwhite\u00bb background_style=\u00bbrounded\u00bb background_color=\u00bbviolet\u00bb align=\u00bbcenter\u00bb][vc_column_text] Escuela Polit\u00e9cnica Superior de Ingenier\u00eda Secci\u00f3n de Ingenier\u00eda Agraria Camino San Miguel de Geneto, 2 38296 San Crist\u00f3bal de La Laguna [\/vc_column_text][\/vc_column_inner][vc_column_inner el_class=\u00bbcaja-facultad\u00bb width=\u00bb1\/2&#8243;][vc_icon icon_fontawesome=\u00bbfar fa-clock\u00bb&#8230;<\/p>\n","protected":false},"author":37,"featured_media":0,"parent":0,"menu_order":0,"comment_status":"closed","ping_status":"closed","template":"templates\/template-frontpage.php","meta":[],"acf":[],"_links":{"self":[{"href":"https:\/\/www.ull.es\/centros\/jardin-experimental\/wp-json\/wp\/v2\/pages\/24"}],"collection":[{"href":"https:\/\/www.ull.es\/centros\/jardin-experimental\/wp-json\/wp\/v2\/pages"}],"about":[{"href":"https:\/\/www.ull.es\/centros\/jardin-experimental\/wp-json\/wp\/v2\/types\/page"}],"author":[{"embeddable":true,"href":"https:\/\/www.ull.es\/centros\/jardin-experimental\/wp-json\/wp\/v2\/users\/37"}],"replies":[{"embeddable":true,"href":"https:\/\/www.ull.es\/centros\/jardin-experimental\/wp-json\/wp\/v2\/comments?post=24"}],"version-history":[{"count":33,"href":"https:\/\/www.ull.es\/centros\/jardin-experimental\/wp-json\/wp\/v2\/pages\/24\/revisions"}],"predecessor-version":[{"id":1149,"href":"https:\/\/www.ull.es\/centros\/jardin-experimental\/wp-json\/wp\/v2\/pages\/24\/revisions\/1149"}],"wp:attachment":[{"href":"https:\/\/www.ull.es\/centros\/jardin-experimental\/wp-json\/wp\/v2\/media?parent=24"}],"curies":[{"name":"wp","href":"https:\/\/api.w.org\/{rel}","templated":true}]}}