{"id":245,"date":"2021-04-07T17:21:50","date_gmt":"2021-04-07T17:21:50","guid":{"rendered":"https:\/\/www.ull.es\/centros\/jardin-experimental\/?page_id=245"},"modified":"2021-05-20T12:29:58","modified_gmt":"2021-05-20T12:29:58","slug":"construcciones","status":"publish","type":"page","link":"https:\/\/www.ull.es\/centros\/jardin-experimental\/construcciones\/","title":{"rendered":"Construcciones"},"content":{"rendered":"<p>[vc_row full_width=\u00bbstretch_row_content_no_spaces\u00bb][vc_column][rev_slider_vc alias=\u00bbheader_ec\u00bb][\/vc_column][\/vc_row][vc_row equal_height=\u00bbyes\u00bb content_placement=\u00bbmiddle\u00bb css=\u00bb.vc_custom_1618823672939{padding-top: 50px !important;padding-bottom: 50px !important;}\u00bb][vc_column width=\u00bb1\/2&#8243; offset=\u00bbvc_hidden-sm vc_hidden-xs\u00bb][vc_gallery type=\u00bbimage_grid\u00bb images=\u00bb601,602,603,604&#8243; img_size=\u00bb200&#215;200&#8243;][vc_empty_space][\/vc_column][vc_column width=\u00bb1\/2&#8243; offset=\u00bbvc_hidden-sm vc_hidden-xs\u00bb][vc_column_text]<\/p>\n<h4>El jard\u00edn dispone de sencillas escaleras, muretes y borduras de piedra para salvar los desniveles y delimitar los espacios de plantaci\u00f3n.<\/h4>\n<p>[\/vc_column_text][vc_column_text]Se utiliza para ello piedra de basalto vacuolar recogido en la propia finca de la Escuela, material tambi\u00e9n utilizado para decorar las pozas o construir el peque\u00f1o barranco. Para los pelda\u00f1os de las escaleras y el paso del barranco se han utilizado bloques tallados de tosca recuperados de antiguas construcciones cercanas.[\/vc_column_text][\/vc_column][\/vc_row][vc_row equal_height=\u00bbyes\u00bb content_placement=\u00bbtop\u00bb css=\u00bb.vc_custom_1620206209348{padding-top: 50px !important;padding-bottom: 50px !important;}\u00bb][vc_column width=\u00bb1\/2&#8243; offset=\u00bbvc_hidden-lg vc_hidden-md\u00bb][vc_column_text]<\/p>\n<h4>El jard\u00edn dispone de sencillas escaleras, muretes y borduras de piedra para salvar los desniveles y delimitar los espacios de plantaci\u00f3n.<\/h4>\n<p>[\/vc_column_text][vc_column_text]Se utiliza para ello piedra de basalto vacuolar recogido en la propia finca de la Escuela, material tambi\u00e9n utilizado para decorar las pozas o construir el peque\u00f1o barranco. Para los pelda\u00f1os de las escaleras y el paso del barranco se han utilizado bloques tallados de tosca recuperados de antiguas construcciones cercanas.[\/vc_column_text][\/vc_column][vc_column width=\u00bb1\/2&#8243; offset=\u00bbvc_hidden-lg vc_hidden-md\u00bb][vc_gallery type=\u00bbimage_grid\u00bb images=\u00bb601,602,603,604&#8243; img_size=\u00bb200&#215;200&#8243;][vc_empty_space][\/vc_column][\/vc_row][vc_row][vc_column][vc_separator color=\u00bbviolet\u00bb][\/vc_column][\/vc_row][vc_row equal_height=\u00bbyes\u00bb content_placement=\u00bbmiddle\u00bb css=\u00bb.vc_custom_1618823679427{padding-top: 50px !important;padding-bottom: 50px !important;}\u00bb][vc_column width=\u00bb1\/2&#8243;][vc_column_text]<\/p>\n<h4>Los materiales de origen vegetal procedentes de la finca y del propio jard\u00edn son reutilizados de diferentes maneras:<\/h4>\n<p>Los troncos se transforman en bancos, las est\u00edpites de <em>Washingtonia<\/em> cortadas en ruedas sirven como pasos japoneses y las vainas de las hojas de la palmera canaria funcionan como borduras para contener la tierra.[\/vc_column_text][\/vc_column][vc_column width=\u00bb1\/2&#8243;][vc_empty_space][vc_gallery type=\u00bbimage_grid\u00bb images=\u00bb605,608,607,606&#8243; img_size=\u00bb200&#215;200&#8243;][\/vc_column][\/vc_row]<\/p>\n","protected":false},"excerpt":{"rendered":"<p>[vc_row full_width=\u00bbstretch_row_content_no_spaces\u00bb][vc_column][rev_slider_vc alias=\u00bbheader_ec\u00bb][\/vc_column][\/vc_row][vc_row equal_height=\u00bbyes\u00bb content_placement=\u00bbmiddle\u00bb css=\u00bb.vc_custom_1618823672939{padding-top: 50px !important;padding-bottom: 50px !important;}\u00bb][vc_column width=\u00bb1\/2&#8243; offset=\u00bbvc_hidden-sm vc_hidden-xs\u00bb][vc_gallery type=\u00bbimage_grid\u00bb images=\u00bb601,602,603,604&#8243; img_size=\u00bb200&#215;200&#8243;][vc_empty_space][\/vc_column][vc_column width=\u00bb1\/2&#8243; offset=\u00bbvc_hidden-sm vc_hidden-xs\u00bb][vc_column_text] El jard\u00edn dispone de sencillas escaleras, muretes y borduras de piedra para salvar los desniveles y delimitar los espacios de plantaci\u00f3n. [\/vc_column_text][vc_column_text]Se utiliza para ello piedra de basalto vacuolar recogido en la propia finca de la&#8230;<\/p>\n","protected":false},"author":37,"featured_media":0,"parent":0,"menu_order":0,"comment_status":"closed","ping_status":"closed","template":"templates\/template-frontpage.php","meta":[],"acf":[],"_links":{"self":[{"href":"https:\/\/www.ull.es\/centros\/jardin-experimental\/wp-json\/wp\/v2\/pages\/245"}],"collection":[{"href":"https:\/\/www.ull.es\/centros\/jardin-experimental\/wp-json\/wp\/v2\/pages"}],"about":[{"href":"https:\/\/www.ull.es\/centros\/jardin-experimental\/wp-json\/wp\/v2\/types\/page"}],"author":[{"embeddable":true,"href":"https:\/\/www.ull.es\/centros\/jardin-experimental\/wp-json\/wp\/v2\/users\/37"}],"replies":[{"embeddable":true,"href":"https:\/\/www.ull.es\/centros\/jardin-experimental\/wp-json\/wp\/v2\/comments?post=245"}],"version-history":[{"count":19,"href":"https:\/\/www.ull.es\/centros\/jardin-experimental\/wp-json\/wp\/v2\/pages\/245\/revisions"}],"predecessor-version":[{"id":1143,"href":"https:\/\/www.ull.es\/centros\/jardin-experimental\/wp-json\/wp\/v2\/pages\/245\/revisions\/1143"}],"wp:attachment":[{"href":"https:\/\/www.ull.es\/centros\/jardin-experimental\/wp-json\/wp\/v2\/media?parent=245"}],"curies":[{"name":"wp","href":"https:\/\/api.w.org\/{rel}","templated":true}]}}