{"id":247,"date":"2021-04-07T17:22:06","date_gmt":"2021-04-07T17:22:06","guid":{"rendered":"https:\/\/www.ull.es\/centros\/jardin-experimental\/?page_id=247"},"modified":"2021-05-20T12:31:28","modified_gmt":"2021-05-20T12:31:28","slug":"gestion-de-especies","status":"publish","type":"page","link":"https:\/\/www.ull.es\/centros\/jardin-experimental\/gestion-de-especies\/","title":{"rendered":"Gesti\u00f3n de especies"},"content":{"rendered":"<p>[vc_row full_width=\u00bbstretch_row_content_no_spaces\u00bb][vc_column][rev_slider_vc alias=\u00bbheader_ge\u00bb][\/vc_column][\/vc_row][vc_row css=\u00bb.vc_custom_1618823188788{padding-top: 100px !important;padding-bottom: 100px !important;}\u00bb][vc_column][vc_row_inner][vc_column_inner width=\u00bb1\/3&#8243;][vc_column_text]<\/p>\n<h3>Especies Canarias por el mundo<\/h3>\n<p>[\/vc_column_text][vc_separator color=\u00bbviolet\u00bb][vc_column_text]<\/p>\n<h4>La utilizaci\u00f3n de plantas de la flora canaria en jardines se lleva realizando desde hace mucho tiempo en diferentes regiones del mundo.<\/h4>\n<p>Algunas especies fueron cultivadas en prestigiosos jardines europeos mucho antes que en el propio archipi\u00e9lago, gracias al valor otorgado a nuestra flora por los numerosos viajeros cient\u00edficos que se interesaron por la naturaleza de nuestras islas en siglos pasados.[\/vc_column_text][\/vc_column_inner][vc_column_inner width=\u00bb1\/3&#8243;][vc_gallery interval=\u00bb3&#8243; images=\u00bb581,582,583,584&#8243; img_size=\u00bb400&#215;200&#8243;][vc_empty_space height=\u00bb20px\u00bb][vc_column_text]Hoy en d\u00eda, como tantas actividades, la jardiner\u00eda se ve afectada por la globalizaci\u00f3n, comercializ\u00e1ndose las mismas especies ornamentales en los cinco continentes. La flora canaria tampoco queda al margen de este fen\u00f3meno ya que resulta muy apreciada por su singularidad e inter\u00e9s est\u00e9tico.[\/vc_column_text][\/vc_column_inner][vc_column_inner width=\u00bb1\/3&#8243;][vc_column_text]Es frecuente la presencia de palmeras y dragos canarios en avenidas, parques y jardines de muchos pa\u00edses, pero este fen\u00f3meno tambi\u00e9n afecta a otras especies; hoy es posible, por ejemplo, encontrar pininanas (<em>Echium pinana<\/em>), un tajinaste end\u00e9mico de La Palma, en jardines del sur de Inglaterra o en Australia, siemprevivas de Teno (<em>Limonium perezii<\/em>) en la costa de California o en Israel y bejeques de varias especies en la isla sur de Nueva Zelanda. Desafortunadamente, algunas de ellas se han convertido en aut\u00e9nticas \u2018invasoras\u2019, provocando graves problemas medioambientales.[\/vc_column_text][\/vc_column_inner][\/vc_row_inner][\/vc_column][\/vc_row][vc_row][vc_column][vc_separator color=\u00bbviolet\u00bb][\/vc_column][\/vc_row][vc_row equal_height=\u00bbyes\u00bb content_placement=\u00bbmiddle\u00bb][vc_column width=\u00bb1\/2&#8243; css=\u00bb.vc_custom_1620206312606{padding-top: 50px !important;padding-right: 50px !important;padding-bottom: 50px !important;padding-left: 50px !important;}\u00bb][vc_column_text]<\/p>\n<h3>Una actividad no exenta de riesgos<\/h3>\n<h4>La plantaci\u00f3n de especies aut\u00f3ctonas en jardines de las islas no es algo nuevo.\u00a0 Palmeras y dragos han embellecido m\u00faltiples rincones de \u00e1mbito p\u00fablico o privado desde hace siglos.<\/h4>\n<p>Tanto en jardines particulares como en humildes casas terreras se cultivaban desde anta\u00f1o siemprevivas (<em>Limonium<\/em>\u00a0spp.), bejeques (<em>Aeonium\u00a0<\/em>spp.) y l\u00e1grimas de la Virgen (<em>Pancratium canariense<\/em>).<\/p>\n<p>La introducci\u00f3n m\u00e1s generalizada de la flora nativa en los espacios verdes de las islas comenz\u00f3 a realizarse a finales del siglo pasado. El avance del conocimiento cient\u00edfico relacionado con la biolog\u00eda, distribuci\u00f3n y gen\u00e9tica de las especies puso de manifiesto los riesgos que esta pr\u00e1ctica pod\u00eda acarrear. La presencia de numerosos endemismos insulares y locales, con \u00e1reas de distribuci\u00f3n natural muy peque\u00f1as, junto con la gran variabilidad gen\u00e9tica entre poblaciones de la misma especie hicieron saltar todas las alarmas. El riesgo de hibridaci\u00f3n por coexistencia entre especies de algunos g\u00e9neros propensos o la contaminaci\u00f3n gen\u00e9tica de las poblaciones naturales por fecundaci\u00f3n cruzada con plantas cultivadas en los jardines oblig\u00f3 a aplicar normas de regulaci\u00f3n de la actividad mucho m\u00e1s restrictivas.[\/vc_column_text][\/vc_column][vc_column width=\u00bb1\/2&#8243; css=\u00bb.vc_custom_1620206307586{background-position: center !important;background-repeat: no-repeat !important;background-size: cover !important;}\u00bb][vc_gallery type=\u00bbimage_grid\u00bb images=\u00bb585,586,587,588,589,590,591,1058&#8243; img_size=\u00bb200&#215;200&#8243;][vc_empty_space][\/vc_column][\/vc_row][vc_row][vc_column][vc_separator color=\u00bbviolet\u00bb][\/vc_column][\/vc_row][vc_row equal_height=\u00bbyes\u00bb content_placement=\u00bbmiddle\u00bb][vc_column width=\u00bb1\/2&#8243; css=\u00bb.vc_custom_1620206348244{background-position: center !important;background-repeat: no-repeat !important;background-size: cover !important;}\u00bb offset=\u00bbvc_hidden-sm vc_hidden-xs\u00bb][vc_gallery type=\u00bbimage_grid\u00bb images=\u00bb592,593,594,595,596,1059&#8243; img_size=\u00bb200&#215;200&#8243;][vc_empty_space][\/vc_column][vc_column width=\u00bb1\/2&#8243; css=\u00bb.vc_custom_1620206354389{padding-top: 50px !important;padding-right: 50px !important;padding-bottom: 50px !important;padding-left: 50px !important;}\u00bb offset=\u00bbvc_hidden-sm vc_hidden-xs\u00bb][vc_column_text]<\/p>\n<h3>Gesti\u00f3n de especies<\/h3>\n<h4>La elecci\u00f3n de las especies utilizadas obedece a tres criterios principales: su adaptabilidad a las condiciones ambientales del lugar, la inexistencia de riesgos ambientales generados por su presencia y su potencial ornamental estimado.<\/h4>\n<p>No obstante, el patrimonio vegetal de<span class=\"s1\">l Jard\u00edn Experimental con Plantas Aut\u00f3ctonas de Tenerife<\/span> procede en parte del antiguo jard\u00edn de plantas canarias. Muchos ejemplares de especies hoy en d\u00eda protegidas, como el oro de risco (<em>Anagyris latifolia<\/em>) han podido ser, por suerte, conservados. Sin embargo, en conformidad con los criterios establecidos por las instituciones ambientales, se opt\u00f3 por eliminar todos aquellos taxones (especies o subespecies) procedentes de otras islas, para trabajar solamente con plantas nativas de Tenerife. Se renunci\u00f3 tambi\u00e9n a introducir o conservar aquellos endemismos locales propios de zonas alejadas de La Laguna, pertenecientes a g\u00e9neros propensos a la hibridaci\u00f3n.[\/vc_column_text][\/vc_column][\/vc_row][vc_row equal_height=\u00bbyes\u00bb content_placement=\u00bbmiddle\u00bb][vc_column width=\u00bb1\/2&#8243; css=\u00bb.vc_custom_1620206373266{background-position: center !important;background-repeat: no-repeat !important;background-size: cover !important;}\u00bb offset=\u00bbvc_hidden-lg vc_hidden-md\u00bb][vc_column_text]<\/p>\n<h3>Gesti\u00f3n de especies<\/h3>\n<h4>La elecci\u00f3n de las especies utilizadas obedece a tres criterios principales: su adaptabilidad a las condiciones ambientales del lugar, la inexistencia de riesgos ambientales generados por su presencia y su potencial ornamental estimado.<\/h4>\n<p>No obstante, el patrimonio vegetal de JEPAT procede en parte del antiguo jard\u00edn de plantas canarias. Muchos ejemplares de especies hoy en d\u00eda protegidas, como el oro de risco (<em>Anagyris latifolia<\/em>) han podido ser, por suerte, conservados. Sin embargo, en conformidad con los criterios establecidos por las instituciones ambientales, se opt\u00f3 por eliminar todos aquellos taxones (especies o subespecies) procedentes de otras islas, para trabajar solamente con plantas nativas de Tenerife. Se renunci\u00f3 tambi\u00e9n a introducir o conservar aquellos endemismos locales propios de zonas alejadas de La Laguna, pertenecientes a g\u00e9neros propensos a la hibridaci\u00f3n.[\/vc_column_text][\/vc_column][vc_column width=\u00bb1\/2&#8243; css=\u00bb.vc_custom_1620206416766{padding-top: 50px !important;padding-right: 50px !important;padding-bottom: 50px !important;padding-left: 50px !important;}\u00bb offset=\u00bbvc_hidden-lg vc_hidden-md\u00bb][vc_gallery type=\u00bbimage_grid\u00bb images=\u00bb592,593,594,595,596,1059&#8243; img_size=\u00bb200&#215;200&#8243;][vc_empty_space][\/vc_column][\/vc_row]<\/p>\n","protected":false},"excerpt":{"rendered":"<p>[vc_row full_width=\u00bbstretch_row_content_no_spaces\u00bb][vc_column][rev_slider_vc alias=\u00bbheader_ge\u00bb][\/vc_column][\/vc_row][vc_row css=\u00bb.vc_custom_1618823188788{padding-top: 100px !important;padding-bottom: 100px !important;}\u00bb][vc_column][vc_row_inner][vc_column_inner width=\u00bb1\/3&#8243;][vc_column_text] Especies Canarias por el mundo [\/vc_column_text][vc_separator color=\u00bbviolet\u00bb][vc_column_text] La utilizaci\u00f3n de plantas de la flora canaria en jardines se lleva realizando desde hace mucho tiempo en diferentes regiones del mundo. Algunas especies fueron cultivadas en prestigiosos jardines europeos mucho antes que en el propio archipi\u00e9lago, gracias al&#8230;<\/p>\n","protected":false},"author":37,"featured_media":0,"parent":0,"menu_order":0,"comment_status":"closed","ping_status":"closed","template":"templates\/template-frontpage.php","meta":[],"acf":[],"_links":{"self":[{"href":"https:\/\/www.ull.es\/centros\/jardin-experimental\/wp-json\/wp\/v2\/pages\/247"}],"collection":[{"href":"https:\/\/www.ull.es\/centros\/jardin-experimental\/wp-json\/wp\/v2\/pages"}],"about":[{"href":"https:\/\/www.ull.es\/centros\/jardin-experimental\/wp-json\/wp\/v2\/types\/page"}],"author":[{"embeddable":true,"href":"https:\/\/www.ull.es\/centros\/jardin-experimental\/wp-json\/wp\/v2\/users\/37"}],"replies":[{"embeddable":true,"href":"https:\/\/www.ull.es\/centros\/jardin-experimental\/wp-json\/wp\/v2\/comments?post=247"}],"version-history":[{"count":47,"href":"https:\/\/www.ull.es\/centros\/jardin-experimental\/wp-json\/wp\/v2\/pages\/247\/revisions"}],"predecessor-version":[{"id":1144,"href":"https:\/\/www.ull.es\/centros\/jardin-experimental\/wp-json\/wp\/v2\/pages\/247\/revisions\/1144"}],"wp:attachment":[{"href":"https:\/\/www.ull.es\/centros\/jardin-experimental\/wp-json\/wp\/v2\/media?parent=247"}],"curies":[{"name":"wp","href":"https:\/\/api.w.org\/{rel}","templated":true}]}}