{"id":249,"date":"2021-04-07T17:22:19","date_gmt":"2021-04-07T17:22:19","guid":{"rendered":"https:\/\/www.ull.es\/centros\/jardin-experimental\/?page_id=249"},"modified":"2021-05-19T14:49:06","modified_gmt":"2021-05-19T14:49:06","slug":"material-vegetal","status":"publish","type":"page","link":"https:\/\/www.ull.es\/centros\/jardin-experimental\/material-vegetal\/","title":{"rendered":"Material vegetal"},"content":{"rendered":"<p>[vc_row full_width=\u00bbstretch_row_content_no_spaces\u00bb][vc_column][rev_slider_vc alias=\u00bbheader_mv\u00bb][\/vc_column][\/vc_row][vc_row content_placement=\u00bbmiddle\u00bb css=\u00bb.vc_custom_1617838540990{padding-top: 50px !important;padding-bottom: 50px !important;}\u00bb][vc_column width=\u00bb1\/2&#8243;][vc_column_text]<\/p>\n<h4>En la primera etapa se propagaron diferentes especies en el marco de proyectos de embellecimiento de carreteras y miradores.<\/h4>\n<p>Ya en a\u00f1os posteriores fue el vivero La Tahonilla, del Cabildo Insular, el que proporcion\u00f3 los planteles. En 2016 se inici\u00f3 la producci\u00f3n para el autoabastecimiento, utilizando material reproductivo procedente del propio jard\u00edn, de la finca agr\u00edcola de la Escuela y de otros espacios ajardinados.[\/vc_column_text][vc_empty_space][\/vc_column][vc_column width=\u00bb1\/2&#8243;][vc_gallery type=\u00bbimage_grid\u00bb images=\u00bb573,574&#8243; img_size=\u00bb400&#215;200&#8243;][\/vc_column][\/vc_row][vc_row][vc_column][vc_separator color=\u00bbviolet\u00bb][\/vc_column][\/vc_row][vc_row content_placement=\u00bbmiddle\u00bb css=\u00bb.vc_custom_1617838548885{padding-top: 50px !important;padding-bottom: 50px !important;}\u00bb][vc_column width=\u00bb1\/2&#8243; offset=\u00bbvc_hidden-sm vc_hidden-xs\u00bb][vc_gallery type=\u00bbimage_grid\u00bb images=\u00bb575,576&#8243; img_size=\u00bb400&#215;200&#8243;][\/vc_column][vc_column width=\u00bb1\/2&#8243; offset=\u00bbvc_hidden-sm vc_hidden-xs\u00bb][vc_column_text]<\/p>\n<h4>El proyecto est\u00e1 enfocado hacia la sostenibilidad, la autosuficiencia y la econom\u00eda de los recursos. Se reutilizan macetas y contenedores, pero tambi\u00e9n se acondicionan bandejas, botellas de pl\u00e1stico y bricks de productos comerciales a modo de semilleros o contenedores.<\/h4>\n<p>Los sustratos se preparan en el propio vivero combinando diferentes materiales: tierra vegetal de las huertas, pic\u00f3n, compost vegetal de elaboraci\u00f3n propia, gravas procedentes de los filtros del sistema de riego, sustratos reciclados de otros cultivos, etc. La fertirrigaci\u00f3n, cuando es necesaria, se realiza utilizando \u2018sefel\u2019 (fertilizante l\u00edquido elaborado en la Escuela a partir de la fermentaci\u00f3n controlada de materiales org\u00e1nicos y minerales).[\/vc_column_text][\/vc_column][\/vc_row][vc_row equal_height=\u00bbyes\u00bb content_placement=\u00bbtop\u00bb css=\u00bb.vc_custom_1620206665610{padding-top: 50px !important;padding-bottom: 50px !important;}\u00bb][vc_column width=\u00bb1\/2&#8243; offset=\u00bbvc_hidden-lg vc_hidden-md\u00bb][vc_column_text]<\/p>\n<h4>El proyecto est\u00e1 enfocado hacia la sostenibilidad, la autosuficiencia y la econom\u00eda de los recursos. Se reutilizan macetas y contenedores, pero tambi\u00e9n se acondicionan bandejas, botellas de pl\u00e1stico y bricks de productos comerciales a modo de semilleros o contenedores.<\/h4>\n<p>Los sustratos se preparan en el propio vivero combinando diferentes materiales: tierra vegetal de las huertas, pic\u00f3n, compost vegetal de elaboraci\u00f3n propia, gravas procedentes de los filtros del sistema de riego, sustratos reciclados de otros cultivos, etc. La fertirrigaci\u00f3n, cuando es necesaria, se realiza utilizando \u2018sefel\u2019 (fertilizante l\u00edquido elaborado en la Escuela a partir de la fermentaci\u00f3n controlada de materiales org\u00e1nicos y minerales).[\/vc_column_text][vc_empty_space][\/vc_column][vc_column width=\u00bb1\/2&#8243; offset=\u00bbvc_hidden-lg vc_hidden-md\u00bb][vc_gallery type=\u00bbimage_grid\u00bb images=\u00bb575,576&#8243; img_size=\u00bb400&#215;200&#8243;][\/vc_column][\/vc_row][vc_row][vc_column][vc_separator color=\u00bbviolet\u00bb][\/vc_column][\/vc_row][vc_row content_placement=\u00bbmiddle\u00bb css=\u00bb.vc_custom_1617838555594{padding-top: 50px !important;padding-bottom: 50px !important;}\u00bb][vc_column width=\u00bb1\/2&#8243;][vc_column_text]<\/p>\n<h4>El jard\u00edn no tiene ninguna actividad comercial asociada y no cede plantas ni a particulares ni a otras entidades p\u00fablicas ni privadas.<\/h4>\n<p>Los ejemplares obtenidos en el vivero son plantados en el propio jard\u00edn para la reposici\u00f3n de marras o para el estudio del potencial ornamental de la especie correspondiente.[\/vc_column_text][vc_empty_space][\/vc_column][vc_column width=\u00bb1\/2&#8243;][vc_gallery type=\u00bbimage_grid\u00bb images=\u00bb577,578&#8243; img_size=\u00bb400&#215;200&#8243;][\/vc_column][\/vc_row]<\/p>\n","protected":false},"excerpt":{"rendered":"<p>[vc_row full_width=\u00bbstretch_row_content_no_spaces\u00bb][vc_column][rev_slider_vc alias=\u00bbheader_mv\u00bb][\/vc_column][\/vc_row][vc_row content_placement=\u00bbmiddle\u00bb css=\u00bb.vc_custom_1617838540990{padding-top: 50px !important;padding-bottom: 50px !important;}\u00bb][vc_column width=\u00bb1\/2&#8243;][vc_column_text] En la primera etapa se propagaron diferentes especies en el marco de proyectos de embellecimiento de carreteras y miradores. Ya en a\u00f1os posteriores fue el vivero La Tahonilla, del Cabildo Insular, el que proporcion\u00f3 los planteles. En 2016 se inici\u00f3 la producci\u00f3n para el autoabastecimiento,&#8230;<\/p>\n","protected":false},"author":37,"featured_media":0,"parent":0,"menu_order":0,"comment_status":"closed","ping_status":"closed","template":"templates\/template-frontpage.php","meta":[],"acf":[],"_links":{"self":[{"href":"https:\/\/www.ull.es\/centros\/jardin-experimental\/wp-json\/wp\/v2\/pages\/249"}],"collection":[{"href":"https:\/\/www.ull.es\/centros\/jardin-experimental\/wp-json\/wp\/v2\/pages"}],"about":[{"href":"https:\/\/www.ull.es\/centros\/jardin-experimental\/wp-json\/wp\/v2\/types\/page"}],"author":[{"embeddable":true,"href":"https:\/\/www.ull.es\/centros\/jardin-experimental\/wp-json\/wp\/v2\/users\/37"}],"replies":[{"embeddable":true,"href":"https:\/\/www.ull.es\/centros\/jardin-experimental\/wp-json\/wp\/v2\/comments?post=249"}],"version-history":[{"count":24,"href":"https:\/\/www.ull.es\/centros\/jardin-experimental\/wp-json\/wp\/v2\/pages\/249\/revisions"}],"predecessor-version":[{"id":1119,"href":"https:\/\/www.ull.es\/centros\/jardin-experimental\/wp-json\/wp\/v2\/pages\/249\/revisions\/1119"}],"wp:attachment":[{"href":"https:\/\/www.ull.es\/centros\/jardin-experimental\/wp-json\/wp\/v2\/media?parent=249"}],"curies":[{"name":"wp","href":"https:\/\/api.w.org\/{rel}","templated":true}]}}