{"id":1165,"date":"2022-07-21T10:45:39","date_gmt":"2022-07-21T10:45:39","guid":{"rendered":"https:\/\/www.ull.es\/centros\/jardin-flora-canaria\/?page_id=1165"},"modified":"2022-07-26T08:17:00","modified_gmt":"2022-07-26T08:17:00","slug":"ferula-linkii","status":"publish","type":"page","link":"https:\/\/www.ull.es\/centros\/jardin-flora-canaria\/ferula-linkii\/","title":{"rendered":"Ferula linkii"},"content":{"rendered":"<p>[vc_row gap=\u00bb5&#8243; equal_height=\u00bbyes\u00bb content_placement=\u00bbmiddle\u00bb][vc_column width=\u00bb1\/2&#8243;][vc_column_text]<\/p>\n<div>\n<h1 style=\"color: #45348e;margin-bottom: 15px\"><i>Apiaceae<\/i><\/h1>\n<\/div>\n<div>\n<h2 style=\"color: #0085c3\"><em>Ferula linkii<\/em> Webb<\/h2>\n<h2 style=\"color: #0085c3\">Ca\u00f1aheja, julan<\/h2>\n<\/div>\n<p>[\/vc_column_text][vc_single_image image=\u00bb1390&#8243; img_size=\u00bbfull\u00bb alignment=\u00bbcenter\u00bb el_class=\u00bbimagen-1&#8243;][\/vc_column][vc_column width=\u00bb1\/2&#8243; css=\u00bb.vc_custom_1658743990471{background-image: url(http:\/\/www.ull.es\/centros\/jardin-flora-canaria\/wp-content\/uploads\/sites\/31\/2022\/07\/1658415109157.jpg?id=1273) !important;background-position: center !important;background-repeat: no-repeat !important;background-size: cover !important;}\u00bb][vc_empty_space height=\u00bb300px\u00bb][\/vc_column][\/vc_row][vc_row][vc_column][vc_empty_space height=\u00bb30px\u00bb][\/vc_column][\/vc_row][vc_row equal_height=\u00bbyes\u00bb content_placement=\u00bbmiddle\u00bb][vc_column width=\u00bb2\/3&#8243;][vc_column_text]<span style=\"font-weight: 400\">La ca\u00f1aheja es una hierba end\u00e9mica de Canarias, de la familia del apio y con una ampl\u00edsima valencia ecol\u00f3gica, creciendo desde la costa hasta la base del Teide en la isla de Tenerife. Durante la \u00e9poca estival permanece bajo el suelo. Sus tallos florales pueden crecer m\u00e1s de 3 m de altura. Sus hojas tienen un peciolo que abraza al tallo, son verde oscuras, de gran tama\u00f1o y muy divididas, pudiendo superar el metro de alto. Sus flores son muy numerosas y est\u00e1n colocadas en inflorescencias terminales, en forma de paraguas, muy vistosas y de color amarillo. <\/span>[\/vc_column_text][\/vc_column][vc_column width=\u00bb1\/3&#8243; css=\u00bb.vc_custom_1658743911021{background-image: url(http:\/\/www.ull.es\/centros\/jardin-flora-canaria\/wp-content\/uploads\/sites\/31\/2022\/07\/1658414648270.jpg?id=1269) !important;background-position: center !important;background-repeat: no-repeat !important;background-size: cover !important;}\u00bb][vc_empty_space height=\u00bb300px\u00bb][\/vc_column][\/vc_row][vc_row disable_element=\u00bbyes\u00bb][vc_column][vc_tta_accordion active_section=\u00bb0&#8243; collapsible_all=\u00bbtrue\u00bb][vc_tta_section title=\u00bbM\u00e1s informaci\u00f3n\u00bb tab_id=\u00bbmas-informacion\u00bb][vc_row_inner][vc_column_inner width=\u00bb1\/2&#8243;][vc_column_text]<\/p>\n<h2 style=\"color: #0085c3\"><b><i>xxxxxxxxxxxx<\/i>.<\/b><\/h2>\n<h2 style=\"color: #0085c3\"><b>xxxxxxxxxxxxxx<\/b><\/h2>\n<p>[\/vc_column_text][vc_column_text]xxxxxxxxxxxxxxxxxx xxxxxxxxxxxxxxxxx xxxxxxxxxxxxxxxxx[\/vc_column_text][\/vc_column_inner][vc_column_inner width=\u00bb1\/2&#8243;][vc_single_image img_size=\u00bbfull\u00bb][\/vc_column_inner][\/vc_row_inner][vc_row_inner][vc_column_inner][vc_column_text]<b>xxxxxxxxxxxxxxxxxx<\/b>[\/vc_column_text][\/vc_column_inner][\/vc_row_inner][vc_row_inner equal_height=\u00bbyes\u00bb][vc_column_inner width=\u00bb1\/2&#8243;][vc_single_image img_size=\u00bbfull\u00bb][\/vc_column_inner][vc_column_inner width=\u00bb1\/2&#8243;][vc_single_image img_size=\u00bbfull\u00bb][\/vc_column_inner][\/vc_row_inner][\/vc_tta_section][\/vc_tta_accordion][\/vc_column][\/vc_row]<\/p>\n","protected":false},"excerpt":{"rendered":"<p>[vc_row gap=\u00bb5&#8243; equal_height=\u00bbyes\u00bb content_placement=\u00bbmiddle\u00bb][vc_column width=\u00bb1\/2&#8243;][vc_column_text] Apiaceae Ferula linkii Webb Ca\u00f1aheja, julan [\/vc_column_text][vc_single_image image=\u00bb1390&#8243; img_size=\u00bbfull\u00bb alignment=\u00bbcenter\u00bb el_class=\u00bbimagen-1&#8243;][\/vc_column][vc_column width=\u00bb1\/2&#8243; css=\u00bb.vc_custom_1658743990471{background-image: url(http:\/\/www.ull.es\/centros\/jardin-flora-canaria\/wp-content\/uploads\/sites\/31\/2022\/07\/1658415109157.jpg?id=1273) !important;background-position: center !important;background-repeat: no-repeat !important;background-size: cover !important;}\u00bb][vc_empty_space height=\u00bb300px\u00bb][\/vc_column][\/vc_row][vc_row][vc_column][vc_empty_space height=\u00bb30px\u00bb][\/vc_column][\/vc_row][vc_row equal_height=\u00bbyes\u00bb content_placement=\u00bbmiddle\u00bb][vc_column width=\u00bb2\/3&#8243;][vc_column_text]La ca\u00f1aheja es una hierba end\u00e9mica de Canarias, de la familia del apio y con una ampl\u00edsima valencia ecol\u00f3gica, creciendo desde la costa hasta la&#8230;<\/p>\n","protected":false},"author":35,"featured_media":0,"parent":0,"menu_order":0,"comment_status":"closed","ping_status":"closed","template":"templates\/template-no-title.php","meta":[],"acf":[],"_links":{"self":[{"href":"https:\/\/www.ull.es\/centros\/jardin-flora-canaria\/wp-json\/wp\/v2\/pages\/1165"}],"collection":[{"href":"https:\/\/www.ull.es\/centros\/jardin-flora-canaria\/wp-json\/wp\/v2\/pages"}],"about":[{"href":"https:\/\/www.ull.es\/centros\/jardin-flora-canaria\/wp-json\/wp\/v2\/types\/page"}],"author":[{"embeddable":true,"href":"https:\/\/www.ull.es\/centros\/jardin-flora-canaria\/wp-json\/wp\/v2\/users\/35"}],"replies":[{"embeddable":true,"href":"https:\/\/www.ull.es\/centros\/jardin-flora-canaria\/wp-json\/wp\/v2\/comments?post=1165"}],"version-history":[{"count":7,"href":"https:\/\/www.ull.es\/centros\/jardin-flora-canaria\/wp-json\/wp\/v2\/pages\/1165\/revisions"}],"predecessor-version":[{"id":1399,"href":"https:\/\/www.ull.es\/centros\/jardin-flora-canaria\/wp-json\/wp\/v2\/pages\/1165\/revisions\/1399"}],"wp:attachment":[{"href":"https:\/\/www.ull.es\/centros\/jardin-flora-canaria\/wp-json\/wp\/v2\/media?parent=1165"}],"curies":[{"name":"wp","href":"https:\/\/api.w.org\/{rel}","templated":true}]}}