{"id":1215,"date":"2022-07-21T10:57:48","date_gmt":"2022-07-21T10:57:48","guid":{"rendered":"https:\/\/www.ull.es\/centros\/jardin-flora-canaria\/?page_id=1215"},"modified":"2022-08-05T09:32:53","modified_gmt":"2022-08-05T09:32:53","slug":"rhamnus-glandulosa","status":"publish","type":"page","link":"https:\/\/www.ull.es\/centros\/jardin-flora-canaria\/rhamnus-glandulosa\/","title":{"rendered":"Rhamnus glandulosa"},"content":{"rendered":"<p>[vc_row gap=\u00bb5&#8243; equal_height=\u00bbyes\u00bb content_placement=\u00bbmiddle\u00bb][vc_column width=\u00bb1\/2&#8243;][vc_column_text]<\/p>\n<div>\n<h1 style=\"color: #45348e; margin-bottom: 15px;\"><em>Rhamnaceae<\/em><\/h1>\n<\/div>\n<div>\n<h2 style=\"color: #0085c3;\"><em>Rhamnus glandulosa<\/em> Aiton<\/h2>\n<h2 style=\"color: #0085c3;\">Sanguino, sangui\u00f1ero<\/h2>\n<\/div>\n<p>[\/vc_column_text][vc_single_image image=\u00bb1123&#8243; img_size=\u00bbfull\u00bb alignment=\u00bbcenter\u00bb el_class=\u00bbimagen-1&#8243;][\/vc_column][vc_column width=\u00bb1\/2&#8243; css=\u00bb.vc_custom_1659691851483{background-image: url(http:\/\/www.ull.es\/centros\/jardin-flora-canaria\/wp-content\/uploads\/sites\/31\/2022\/08\/1659380814896-scaled.jpg?id=1527) !important;background-position: center !important;background-repeat: no-repeat !important;background-size: cover !important;}\u00bb][vc_empty_space height=\u00bb300px\u00bb][\/vc_column][\/vc_row][vc_row][vc_column][vc_empty_space height=\u00bb30px\u00bb][\/vc_column][\/vc_row][vc_row equal_height=\u00bbyes\u00bb content_placement=\u00bbmiddle\u00bb][vc_column width=\u00bb2\/3&#8243;][vc_column_text]<span style=\"font-weight: 400;\">El sanguino es un \u00e1rbol end\u00e9mico de la regi\u00f3n Macaron\u00e9sica que puede llegar a crecer m\u00e1s de 10 m de altura. Se diferencia de sus otros cong\u00e9neres por ser arb\u00f3reo. Sus hojas son alternas y simples, ovadas, de borde regularmente dentado y con 6 &#8211; 8 gl\u00e1ndulas que resaltan junto al nervio medio. Sus flores de color verde amarillento se disponen en racimos terminales. Los frutos son drupas de color negro al madurar. <\/span>[\/vc_column_text][\/vc_column][vc_column width=\u00bb1\/3&#8243; css=\u00bb.vc_custom_1659691870269{background-image: url(http:\/\/www.ull.es\/centros\/jardin-flora-canaria\/wp-content\/uploads\/sites\/31\/2022\/08\/1659380814881-scaled.jpg?id=1526) !important;background-position: center !important;background-repeat: no-repeat !important;background-size: cover !important;}\u00bb][vc_empty_space height=\u00bb300px\u00bb][\/vc_column][\/vc_row][vc_row disable_element=\u00bbyes\u00bb][vc_column][vc_tta_accordion active_section=\u00bb0&#8243; collapsible_all=\u00bbtrue\u00bb][vc_tta_section title=\u00bbM\u00e1s informaci\u00f3n\u00bb tab_id=\u00bbmas-informacion\u00bb][vc_row_inner][vc_column_inner width=\u00bb1\/2&#8243;][vc_column_text]<\/p>\n<h2 style=\"color: #0085c3;\"><b><i>xxxxxxxxxxxx<\/i>.<\/b><\/h2>\n<h2 style=\"color: #0085c3;\"><b>xxxxxxxxxxxxxx<\/b><\/h2>\n<p>[\/vc_column_text][vc_column_text]xxxxxxxxxxxxxxxxxx xxxxxxxxxxxxxxxxx xxxxxxxxxxxxxxxxx[\/vc_column_text][\/vc_column_inner][vc_column_inner width=\u00bb1\/2&#8243;][vc_single_image img_size=\u00bbfull\u00bb][\/vc_column_inner][\/vc_row_inner][vc_row_inner][vc_column_inner][vc_column_text]<b>xxxxxxxxxxxxxxxxxx<\/b>[\/vc_column_text][\/vc_column_inner][\/vc_row_inner][vc_row_inner equal_height=\u00bbyes\u00bb][vc_column_inner width=\u00bb1\/2&#8243;][vc_single_image img_size=\u00bbfull\u00bb][\/vc_column_inner][vc_column_inner width=\u00bb1\/2&#8243;][vc_single_image img_size=\u00bbfull\u00bb][\/vc_column_inner][\/vc_row_inner][\/vc_tta_section][\/vc_tta_accordion][\/vc_column][\/vc_row]<\/p>\n","protected":false},"excerpt":{"rendered":"<p>[vc_row gap=\u00bb5&#8243; equal_height=\u00bbyes\u00bb content_placement=\u00bbmiddle\u00bb][vc_column width=\u00bb1\/2&#8243;][vc_column_text] Rhamnaceae Rhamnus glandulosa Aiton Sanguino, sangui\u00f1ero [\/vc_column_text][vc_single_image image=\u00bb1123&#8243; img_size=\u00bbfull\u00bb alignment=\u00bbcenter\u00bb el_class=\u00bbimagen-1&#8243;][\/vc_column][vc_column width=\u00bb1\/2&#8243; css=\u00bb.vc_custom_1659691851483{background-image: url(http:\/\/www.ull.es\/centros\/jardin-flora-canaria\/wp-content\/uploads\/sites\/31\/2022\/08\/1659380814896-scaled.jpg?id=1527) !important;background-position: center !important;background-repeat: no-repeat !important;background-size: cover !important;}\u00bb][vc_empty_space height=\u00bb300px\u00bb][\/vc_column][\/vc_row][vc_row][vc_column][vc_empty_space height=\u00bb30px\u00bb][\/vc_column][\/vc_row][vc_row equal_height=\u00bbyes\u00bb content_placement=\u00bbmiddle\u00bb][vc_column width=\u00bb2\/3&#8243;][vc_column_text]El sanguino es un \u00e1rbol end\u00e9mico de la regi\u00f3n Macaron\u00e9sica que puede llegar a crecer m\u00e1s de 10 m de altura. Se diferencia de sus&#8230;<\/p>\n","protected":false},"author":35,"featured_media":0,"parent":0,"menu_order":0,"comment_status":"closed","ping_status":"closed","template":"templates\/template-no-title.php","meta":[],"acf":[],"_links":{"self":[{"href":"https:\/\/www.ull.es\/centros\/jardin-flora-canaria\/wp-json\/wp\/v2\/pages\/1215"}],"collection":[{"href":"https:\/\/www.ull.es\/centros\/jardin-flora-canaria\/wp-json\/wp\/v2\/pages"}],"about":[{"href":"https:\/\/www.ull.es\/centros\/jardin-flora-canaria\/wp-json\/wp\/v2\/types\/page"}],"author":[{"embeddable":true,"href":"https:\/\/www.ull.es\/centros\/jardin-flora-canaria\/wp-json\/wp\/v2\/users\/35"}],"replies":[{"embeddable":true,"href":"https:\/\/www.ull.es\/centros\/jardin-flora-canaria\/wp-json\/wp\/v2\/comments?post=1215"}],"version-history":[{"count":3,"href":"https:\/\/www.ull.es\/centros\/jardin-flora-canaria\/wp-json\/wp\/v2\/pages\/1215\/revisions"}],"predecessor-version":[{"id":1529,"href":"https:\/\/www.ull.es\/centros\/jardin-flora-canaria\/wp-json\/wp\/v2\/pages\/1215\/revisions\/1529"}],"wp:attachment":[{"href":"https:\/\/www.ull.es\/centros\/jardin-flora-canaria\/wp-json\/wp\/v2\/media?parent=1215"}],"curies":[{"name":"wp","href":"https:\/\/api.w.org\/{rel}","templated":true}]}}