{"id":1233,"date":"2022-07-21T11:07:08","date_gmt":"2022-07-21T11:07:08","guid":{"rendered":"https:\/\/www.ull.es\/centros\/jardin-flora-canaria\/?page_id=1233"},"modified":"2022-08-05T08:52:59","modified_gmt":"2022-08-05T08:52:59","slug":"semele-androgyna","status":"publish","type":"page","link":"https:\/\/www.ull.es\/centros\/jardin-flora-canaria\/semele-androgyna\/","title":{"rendered":"Semele androgyna"},"content":{"rendered":"<p>[vc_row gap=\u00bb5&#8243; equal_height=\u00bbyes\u00bb content_placement=\u00bbmiddle\u00bb][vc_column width=\u00bb1\/2&#8243;][vc_column_text]<\/p>\n<div>\n<h1 style=\"color: #45348e; margin-bottom: 15px;\"><em>Asparagaceae<\/em><\/h1>\n<\/div>\n<div>\n<h2 style=\"color: #0085c3;\"><em>Semele androgyna<\/em> (L.) Kunth<\/h2>\n<h2 style=\"color: #0085c3;\">Gibalbera, alicac\u00e1n<\/h2>\n<\/div>\n<p>[\/vc_column_text][vc_single_image image=\u00bb1296&#8243; img_size=\u00bbfull\u00bb alignment=\u00bbcenter\u00bb el_class=\u00bbimagen-1&#8243;][\/vc_column][vc_column width=\u00bb1\/2&#8243; css=\u00bb.vc_custom_1659688405753{background-image: url(http:\/\/www.ull.es\/centros\/jardin-flora-canaria\/wp-content\/uploads\/sites\/31\/2022\/08\/1656591559888-scaled.jpg?id=1514) !important;background-position: center !important;background-repeat: no-repeat !important;background-size: cover !important;}\u00bb][vc_empty_space height=\u00bb300px\u00bb][\/vc_column][\/vc_row][vc_row][vc_column][vc_empty_space height=\u00bb30px\u00bb][\/vc_column][\/vc_row][vc_row equal_height=\u00bbyes\u00bb content_placement=\u00bbmiddle\u00bb][vc_column width=\u00bb2\/3&#8243;][vc_column_text]<span style=\"font-weight: 400;\">La gibalbera es una liana trepadora end\u00e9mica de la regi\u00f3n Macaron\u00e9sica que puede llegar a alcanzar los 10 m de largo. Sus \u201chojas\u201d son en realidad tallos transformados que se llaman cladodios. Los cladodios, que son laminares, cori\u00e1ceos y de contorno anchamente ovados, se encuentran dispuestos de forma alterna sobre el tallo, que es voluble y le permite trepar en los \u00e1rboles del monteverde. Su floraci\u00f3n es muy llamativa, ya que se produce en el borde de estos cladodios. Las flores tienen forma de estrella y son de color blanco amarillento. Los frutos son bayas de color rojo al madurar lo que hacen que esta especie sea muy llamativa durante la fructificaci\u00f3n.\u00a0\u00a0<\/span>[\/vc_column_text][\/vc_column][vc_column width=\u00bb1\/3&#8243; css=\u00bb.vc_custom_1659688417469{background-image: url(http:\/\/www.ull.es\/centros\/jardin-flora-canaria\/wp-content\/uploads\/sites\/31\/2022\/08\/Semele-androg.-fruto.jpg?id=1513) !important;background-position: center !important;background-repeat: no-repeat !important;background-size: cover !important;}\u00bb][vc_empty_space height=\u00bb300px\u00bb][\/vc_column][\/vc_row][vc_row disable_element=\u00bbyes\u00bb][vc_column][vc_tta_accordion active_section=\u00bb0&#8243; collapsible_all=\u00bbtrue\u00bb][vc_tta_section title=\u00bbM\u00e1s informaci\u00f3n\u00bb tab_id=\u00bbmas-informacion\u00bb][vc_row_inner][vc_column_inner width=\u00bb1\/2&#8243;][vc_column_text]<\/p>\n<h2 style=\"color: #0085c3;\"><b><i>xxxxxxxxxxxx<\/i>.<\/b><\/h2>\n<h2 style=\"color: #0085c3;\"><b>xxxxxxxxxxxxxx<\/b><\/h2>\n<p>[\/vc_column_text][vc_column_text]xxxxxxxxxxxxxxxxxx xxxxxxxxxxxxxxxxx xxxxxxxxxxxxxxxxx[\/vc_column_text][\/vc_column_inner][vc_column_inner width=\u00bb1\/2&#8243;][vc_single_image img_size=\u00bbfull\u00bb][\/vc_column_inner][\/vc_row_inner][vc_row_inner][vc_column_inner][vc_column_text]<b>xxxxxxxxxxxxxxxxxx<\/b>[\/vc_column_text][\/vc_column_inner][\/vc_row_inner][vc_row_inner equal_height=\u00bbyes\u00bb][vc_column_inner width=\u00bb1\/2&#8243;][vc_single_image img_size=\u00bbfull\u00bb][\/vc_column_inner][vc_column_inner width=\u00bb1\/2&#8243;][vc_single_image img_size=\u00bbfull\u00bb][\/vc_column_inner][\/vc_row_inner][\/vc_tta_section][\/vc_tta_accordion][\/vc_column][\/vc_row]<\/p>\n","protected":false},"excerpt":{"rendered":"<p>[vc_row gap=\u00bb5&#8243; equal_height=\u00bbyes\u00bb content_placement=\u00bbmiddle\u00bb][vc_column width=\u00bb1\/2&#8243;][vc_column_text] Asparagaceae Semele androgyna (L.) Kunth Gibalbera, alicac\u00e1n [\/vc_column_text][vc_single_image image=\u00bb1296&#8243; img_size=\u00bbfull\u00bb alignment=\u00bbcenter\u00bb el_class=\u00bbimagen-1&#8243;][\/vc_column][vc_column width=\u00bb1\/2&#8243; css=\u00bb.vc_custom_1659688405753{background-image: url(http:\/\/www.ull.es\/centros\/jardin-flora-canaria\/wp-content\/uploads\/sites\/31\/2022\/08\/1656591559888-scaled.jpg?id=1514) !important;background-position: center !important;background-repeat: no-repeat !important;background-size: cover !important;}\u00bb][vc_empty_space height=\u00bb300px\u00bb][\/vc_column][\/vc_row][vc_row][vc_column][vc_empty_space height=\u00bb30px\u00bb][\/vc_column][\/vc_row][vc_row equal_height=\u00bbyes\u00bb content_placement=\u00bbmiddle\u00bb][vc_column width=\u00bb2\/3&#8243;][vc_column_text]La gibalbera es una liana trepadora end\u00e9mica de la regi\u00f3n Macaron\u00e9sica que puede llegar a alcanzar los 10 m de largo. Sus \u201chojas\u201d son&#8230;<\/p>\n","protected":false},"author":35,"featured_media":0,"parent":0,"menu_order":0,"comment_status":"closed","ping_status":"closed","template":"templates\/template-no-title.php","meta":[],"acf":[],"_links":{"self":[{"href":"https:\/\/www.ull.es\/centros\/jardin-flora-canaria\/wp-json\/wp\/v2\/pages\/1233"}],"collection":[{"href":"https:\/\/www.ull.es\/centros\/jardin-flora-canaria\/wp-json\/wp\/v2\/pages"}],"about":[{"href":"https:\/\/www.ull.es\/centros\/jardin-flora-canaria\/wp-json\/wp\/v2\/types\/page"}],"author":[{"embeddable":true,"href":"https:\/\/www.ull.es\/centros\/jardin-flora-canaria\/wp-json\/wp\/v2\/users\/35"}],"replies":[{"embeddable":true,"href":"https:\/\/www.ull.es\/centros\/jardin-flora-canaria\/wp-json\/wp\/v2\/comments?post=1233"}],"version-history":[{"count":3,"href":"https:\/\/www.ull.es\/centros\/jardin-flora-canaria\/wp-json\/wp\/v2\/pages\/1233\/revisions"}],"predecessor-version":[{"id":1516,"href":"https:\/\/www.ull.es\/centros\/jardin-flora-canaria\/wp-json\/wp\/v2\/pages\/1233\/revisions\/1516"}],"wp:attachment":[{"href":"https:\/\/www.ull.es\/centros\/jardin-flora-canaria\/wp-json\/wp\/v2\/media?parent=1233"}],"curies":[{"name":"wp","href":"https:\/\/api.w.org\/{rel}","templated":true}]}}