{"id":1565,"date":"2022-10-03T11:31:17","date_gmt":"2022-10-03T11:31:17","guid":{"rendered":"https:\/\/www.ull.es\/centros\/jardin-flora-canaria\/?page_id=1565"},"modified":"2022-10-05T09:05:01","modified_gmt":"2022-10-05T09:05:01","slug":"islas-volcanicas-territorio-a-conquistar","status":"publish","type":"page","link":"https:\/\/www.ull.es\/centros\/jardin-flora-canaria\/islas-volcanicas-territorio-a-conquistar\/","title":{"rendered":"Islas volc\u00e1nicas: territorio a conquistar"},"content":{"rendered":"<p>[vc_row full_width=\u00bbstretch_row_content\u00bb el_class=\u00bbprincipio-marcha\u00bb][vc_column css=\u00bb.vc_custom_1588939369209{padding-top: 40px !important;}\u00bb][vc_custom_heading text=\u00bbIslas volc\u00e1nicas: territorio a conquistar\u00bb font_container=\u00bbtag:h2|text_align:center|color:%23ffffff\u00bb use_theme_fonts=\u00bbyes\u00bb css_animation=\u00bbfadeInDownBig\u00bb][\/vc_column][\/vc_row][vc_row][vc_column width=\u00bb1\/2&#8243;][vc_empty_space height=\u00bb60px\u00bb][vc_column_text]<span style=\"font-weight: 400\">Para poder entender la vida en las islas es necesario entender su origen. Existen varios <a href=\"https:\/\/www.ull.es\/centros\/jardin-flora-canaria\/wp-content\/uploads\/sites\/31\/2022\/10\/PDF-1.pdf\" target=\"_blank\" rel=\"noopener\" target=\"_blank\" rel=\"noopener\">tipos de islas<\/a> seg\u00fan su formaci\u00f3n. En el caso de Canarias, nadie discute la naturaleza volc\u00e1nica de las islas aunque todav\u00eda hoy existe controversia sobre su origen (<\/span><a href=\"https:\/\/www.gevic.net\/info\/contenidos\/mostrar_contenidos.php?idcat=22&amp;idcap=91&amp;idcon=528#:~:text=Se%20form%C3%B3%20por%20el%20choque,cada%20una%20de%20las%20Islas\" target=\"_blank\" rel=\"noopener\"><span style=\"font-weight: 400\">para saber m\u00e1s<\/span><\/a><span style=\"font-weight: 400\">).\u00a0<\/span><\/p>\n<p><span style=\"font-weight: 400\">Las Islas Canarias se originaron hace millones de a\u00f1os, algunas de ellas (<a href=\"https:\/\/www.ull.es\/centros\/jardin-flora-canaria\/wp-content\/uploads\/sites\/31\/2022\/10\/PDF-2.pdf\" target=\"_blank\" rel=\"noopener\" target=\"_blank\" rel=\"noopener\">paleocanarias<\/a>) se encuentran actualmente sumergidas en el Atl\u00e1ntico, tras haber dejado de emitir lava y ser erosionadas. El n\u00famero de islas emergidas actualmente es superior al esperable debido al pr\u00e1cticamente nulo efecto de la subsidencia (hundimiento de la placa oce\u00e1nica por el propio peso de las islas).\u00a0<\/span><\/p>\n<p><span style=\"font-weight: 400\">En las \u00faltimas d\u00e9cadas, las erupciones volc\u00e1nicas nos han recordado la naturaleza del archipi\u00e9lago, con la erupci\u00f3n submarina del volc\u00e1n Tagoro (El Hierro, 2011), y con la erupci\u00f3n suba\u00e9rea de Tajogaite (La Palma, 2021). Desde el momento en el que se enfr\u00eda la lava, tanto en el medio marino como en el terrestre, se inicia la<a href=\"https:\/\/www.ull.es\/centros\/jardin-flora-canaria\/wp-content\/uploads\/sites\/31\/2022\/10\/PDF-3.pdf\" target=\"_blank\" rel=\"noopener\" target=\"_blank\" rel=\"noopener\"> colonizaci\u00f3n<\/a> del nuevo territorio generado (<\/span><b>figura 1<\/b><span style=\"font-weight: 400\">).\u00a0<\/span>[\/vc_column_text][vc_empty_space height=\u00bb60px\u00bb][\/vc_column][vc_column width=\u00bb1\/2&#8243;][vc_empty_space height=\u00bb60px\u00bb][vc_single_image image=\u00bb1567&#8243; img_size=\u00bbfull\u00bb][vc_column_text]<b>Figura 1. <\/b><span style=\"font-weight: 400;font-size: 11px\">Colonizaci\u00f3n de terrenos volc\u00e1nicos pedregosos, pr\u00e1cticamente sin suelo, por parte de organismos primocolonizadores (en este caso, l\u00edquenes).<\/span>[\/vc_column_text][\/vc_column][\/vc_row]<\/p>\n","protected":false},"excerpt":{"rendered":"<p>[vc_row full_width=\u00bbstretch_row_content\u00bb el_class=\u00bbprincipio-marcha\u00bb][vc_column css=\u00bb.vc_custom_1588939369209{padding-top: 40px !important;}\u00bb][vc_custom_heading text=\u00bbIslas volc\u00e1nicas: territorio a conquistar\u00bb font_container=\u00bbtag:h2|text_align:center|color:%23ffffff\u00bb use_theme_fonts=\u00bbyes\u00bb css_animation=\u00bbfadeInDownBig\u00bb][\/vc_column][\/vc_row][vc_row][vc_column width=\u00bb1\/2&#8243;][vc_empty_space height=\u00bb60px\u00bb][vc_column_text]Para poder entender la vida en las islas es necesario entender su origen. Existen varios tipos de islas seg\u00fan su formaci\u00f3n. En el caso de Canarias, nadie discute la naturaleza volc\u00e1nica de las islas aunque todav\u00eda hoy existe controversia sobre&#8230;<\/p>\n","protected":false},"author":37,"featured_media":0,"parent":0,"menu_order":0,"comment_status":"closed","ping_status":"closed","template":"templates\/template-frontpage.php","meta":[],"acf":[],"_links":{"self":[{"href":"https:\/\/www.ull.es\/centros\/jardin-flora-canaria\/wp-json\/wp\/v2\/pages\/1565"}],"collection":[{"href":"https:\/\/www.ull.es\/centros\/jardin-flora-canaria\/wp-json\/wp\/v2\/pages"}],"about":[{"href":"https:\/\/www.ull.es\/centros\/jardin-flora-canaria\/wp-json\/wp\/v2\/types\/page"}],"author":[{"embeddable":true,"href":"https:\/\/www.ull.es\/centros\/jardin-flora-canaria\/wp-json\/wp\/v2\/users\/37"}],"replies":[{"embeddable":true,"href":"https:\/\/www.ull.es\/centros\/jardin-flora-canaria\/wp-json\/wp\/v2\/comments?post=1565"}],"version-history":[{"count":6,"href":"https:\/\/www.ull.es\/centros\/jardin-flora-canaria\/wp-json\/wp\/v2\/pages\/1565\/revisions"}],"predecessor-version":[{"id":1569,"href":"https:\/\/www.ull.es\/centros\/jardin-flora-canaria\/wp-json\/wp\/v2\/pages\/1565\/revisions\/1569"}],"wp:attachment":[{"href":"https:\/\/www.ull.es\/centros\/jardin-flora-canaria\/wp-json\/wp\/v2\/media?parent=1565"}],"curies":[{"name":"wp","href":"https:\/\/api.w.org\/{rel}","templated":true}]}}