{"id":1572,"date":"2022-10-03T12:06:20","date_gmt":"2022-10-03T12:06:20","guid":{"rendered":"https:\/\/www.ull.es\/centros\/jardin-flora-canaria\/?page_id=1572"},"modified":"2022-10-18T10:29:01","modified_gmt":"2022-10-18T10:29:01","slug":"islas-volcanicas-el-aislamiento-como-motor-de-la-evolucion","status":"publish","type":"page","link":"https:\/\/www.ull.es\/centros\/jardin-flora-canaria\/islas-volcanicas-el-aislamiento-como-motor-de-la-evolucion\/","title":{"rendered":"Islas volc\u00e1nicas: el aislamiento como motor de la evoluci\u00f3n"},"content":{"rendered":"<p>[vc_row full_width=\u00bbstretch_row_content\u00bb el_class=\u00bbprincipio-marcha\u00bb][vc_column css=\u00bb.vc_custom_1588939369209{padding-top: 40px !important;}\u00bb][vc_custom_heading text=\u00bbIslas volc\u00e1nicas: el aislamiento como motor de la evoluci\u00f3n\u00bb font_container=\u00bbtag:h2|text_align:center|color:%23ffffff\u00bb use_theme_fonts=\u00bbyes\u00bb css_animation=\u00bbfadeInDownBig\u00bb][\/vc_column][\/vc_row][vc_row equal_height=\u00bbyes\u00bb content_placement=\u00bbmiddle\u00bb][vc_column width=\u00bb1\/2&#8243;][vc_empty_space height=\u00bb60px\u00bb][vc_column_text]<span style=\"font-weight: 400;\">La gran mayor\u00eda de las plantas canarias presentan sus parientes m\u00e1s pr\u00f3ximos en regiones cercanas. Sin embargo, las plantas que en su momento llegaron a las islas tuvieron que adaptarse a un nuevo ambiente, evolucionando y mostrando, a lo largo de mucho tiempo, cambios gen\u00e9ticos, morfol\u00f3gicos, fisiol\u00f3gicos, qu\u00edmicos, ecol\u00f3gicos, etc. dando lugar a la flora actual de Canarias.<\/span><\/p>\n<p><span style=\"font-weight: 400;\">Los procesos que comprenden la evoluci\u00f3n de las especies se conocen con el nombre de filogenia. La filogenia puede ocurrir por anag\u00e9nesis (una especie evoluciona y da lugar a otra, desapareciendo la original) o por cladog\u00e9nesis (una especie evoluciona y da lugar a otras por ramificaci\u00f3n).<\/span><\/p>\n<p><span style=\"font-weight: 400;\">Seg\u00fan David Bramwell (1986), las m\u00e1s de 1200 plantas nativas y m\u00e1s de 500 end\u00e9micas conocidas de Canarias, surgieron de unas 186 \u201cplantas madres\u201d. Por tanto, debe haber sido el proceso de cladog\u00e9nesis el que mayor contribuci\u00f3n ha tenido en el origen de la flora canaria que actualmente conocemos.<\/span>[\/vc_column_text][vc_empty_space height=\u00bb30px\u00bb][\/vc_column][vc_column width=\u00bb1\/2&#8243;][vc_empty_space height=\u00bb60px\u00bb][vc_single_image image=\u00bb1731&#8243; img_size=\u00bbfull\u00bb][\/vc_column][\/vc_row][vc_row equal_height=\u00bbyes\u00bb content_placement=\u00bbmiddle\u00bb][vc_column width=\u00bb1\/2&#8243;][vc_empty_space height=\u00bb30px\u00bb][vc_single_image image=\u00bb1729&#8243; img_size=\u00bbfull\u00bb][vc_empty_space height=\u00bb60px\u00bb][\/vc_column][vc_column width=\u00bb1\/2&#8243;][vc_empty_space height=\u00bb30px\u00bb][vc_column_text]<span style=\"font-weight: 400;\">Para que el proceso de evoluci\u00f3n tenga lugar, los cambios en el material gen\u00e9tico (mutaciones) que se dan en los individuos se van acumulando a lo largo de las generaciones, hasta originar una variabilidad gen\u00e9tica (a veces conllevando cambios en su fisiolog\u00eda, bioqu\u00edmica, morfolog\u00eda, etc.) que se puede traducir en una serie de ventajas adaptativas:<\/span><\/p>\n<ul>\n<li style=\"font-weight: 400;\"><span style=\"font-weight: 400;\">mayor capacidad de supervivencia de los individuos en su ambiente,\u00a0<\/span><\/li>\n<li style=\"font-weight: 400;\"><span style=\"font-weight: 400;\">mayor capacidad para colonizar nuevos ambientes,\u00a0<\/span><\/li>\n<li style=\"font-weight: 400;\"><span style=\"font-weight: 400;\">mejor adaptaci\u00f3n ante cambios ambientales naturales (por ejemplo, un aumento de la aridez),<\/span><\/li>\n<li style=\"font-weight: 400;\"><span style=\"font-weight: 400;\">etc.\u00a0<\/span><\/li>\n<\/ul>\n<p><span style=\"font-weight: 400;\">As\u00ed, los individuos mejor adaptados al ambiente perpet\u00faan sus genes (y por tanto sus rasgos beneficiosos) en la descendencia (conllevando en algunas ocasiones el proceso de <a href=\"https:\/\/www.ull.es\/centros\/jardin-flora-canaria\/wp-content\/uploads\/sites\/31\/2022\/10\/PDF-4.pdf\" target=\"_blank\" rel=\"noopener\" target=\"_blank\" rel=\"noopener\">especiaci\u00f3n<\/a>), mientras que aquellos que no presentan rasgos beneficiosos para adaptarse al ambiente, tienen mayor problema para perpetuar sus genes en la poblaci\u00f3n, terminando por desaparecer. <\/span>[\/vc_column_text][\/vc_column][\/vc_row][vc_row][vc_column][vc_empty_space height=\u00bb30px\u00bb][vc_column_text]<\/p>\n<table>\n<tbody>\n<tr>\n<td style=\"background: linear-gradient(90deg, rgba(148,13,238,1) 0%, rgba(252,176,69,1) 100%); color: #ffffff;\"><b>En resumen\u2026<\/b><\/td>\n<\/tr>\n<tr>\n<td><span style=\"font-weight: 400;\">Cuando la di\u00e1spora de un tax\u00f3n llega a una isla y logra establecer poblaciones estables, no se diferencia de la planta origen continental, pero al adaptarse a este nuevo ambiente insular (con el paso del tiempo), y gracias a procesos naturales evolutivos, la poblaci\u00f3n o poblaciones comienzan a diferenciarse de los individuos originales, e incluso de los individuos de otras poblaciones coet\u00e1neas.\u00a0<\/span><\/p>\n<p><span style=\"font-weight: 400;\">En el caso en el que todos las poblaciones sean iguales, pero diferentes al tax\u00f3n original, se habla de anag\u00e9nesis y es la deriva gen\u00e9tica el motor m\u00e1s importante de especiaci\u00f3n en estos casos (ej.: <\/span><i><span style=\"font-weight: 400;\">Navaea phoenicea<\/span><\/i><span style=\"font-weight: 400;\">, <\/span><i><span style=\"font-weight: 400;\">Plocama pendula<\/span><\/i><span style=\"font-weight: 400;\">, <\/span><i><span style=\"font-weight: 400;\">Bosea yerbamora<\/span><\/i><span style=\"font-weight: 400;\">, etc.).\u00a0<\/span><\/p>\n<p><span style=\"font-weight: 400;\">En el caso en que las poblaciones divergieran entre s\u00ed, dando lugar a taxones diferentes, se hablar\u00eda de cladog\u00e9nesis o radiaci\u00f3n adaptativa, siendo la selecci\u00f3n natural el motor principal de este tipo de especiaci\u00f3n (ej.: <\/span><i><span style=\"font-weight: 400;\">Aeonium<\/span><\/i><span style=\"font-weight: 400;\">, <\/span><i><span style=\"font-weight: 400;\">Argyranthemum<\/span><\/i><span style=\"font-weight: 400;\">, <\/span><i><span style=\"font-weight: 400;\">Echium<\/span><\/i><span style=\"font-weight: 400;\">, <\/span><i><span style=\"font-weight: 400;\">Limonium<\/span><\/i><span style=\"font-weight: 400;\">, etc.).<\/span><\/td>\n<\/tr>\n<\/tbody>\n<\/table>\n<p>[\/vc_column_text][vc_empty_space][\/vc_column][\/vc_row]<\/p>\n","protected":false},"excerpt":{"rendered":"<p>[vc_row full_width=\u00bbstretch_row_content\u00bb el_class=\u00bbprincipio-marcha\u00bb][vc_column css=\u00bb.vc_custom_1588939369209{padding-top: 40px !important;}\u00bb][vc_custom_heading text=\u00bbIslas volc\u00e1nicas: el aislamiento como motor de la evoluci\u00f3n\u00bb font_container=\u00bbtag:h2|text_align:center|color:%23ffffff\u00bb use_theme_fonts=\u00bbyes\u00bb css_animation=\u00bbfadeInDownBig\u00bb][\/vc_column][\/vc_row][vc_row equal_height=\u00bbyes\u00bb content_placement=\u00bbmiddle\u00bb][vc_column width=\u00bb1\/2&#8243;][vc_empty_space height=\u00bb60px\u00bb][vc_column_text]La gran mayor\u00eda de las plantas canarias presentan sus parientes m\u00e1s pr\u00f3ximos en regiones cercanas. Sin embargo, las plantas que en su momento llegaron a las islas tuvieron que adaptarse a un nuevo ambiente,&#8230;<\/p>\n","protected":false},"author":37,"featured_media":0,"parent":0,"menu_order":0,"comment_status":"closed","ping_status":"closed","template":"templates\/template-frontpage.php","meta":[],"acf":[],"_links":{"self":[{"href":"https:\/\/www.ull.es\/centros\/jardin-flora-canaria\/wp-json\/wp\/v2\/pages\/1572"}],"collection":[{"href":"https:\/\/www.ull.es\/centros\/jardin-flora-canaria\/wp-json\/wp\/v2\/pages"}],"about":[{"href":"https:\/\/www.ull.es\/centros\/jardin-flora-canaria\/wp-json\/wp\/v2\/types\/page"}],"author":[{"embeddable":true,"href":"https:\/\/www.ull.es\/centros\/jardin-flora-canaria\/wp-json\/wp\/v2\/users\/37"}],"replies":[{"embeddable":true,"href":"https:\/\/www.ull.es\/centros\/jardin-flora-canaria\/wp-json\/wp\/v2\/comments?post=1572"}],"version-history":[{"count":16,"href":"https:\/\/www.ull.es\/centros\/jardin-flora-canaria\/wp-json\/wp\/v2\/pages\/1572\/revisions"}],"predecessor-version":[{"id":1732,"href":"https:\/\/www.ull.es\/centros\/jardin-flora-canaria\/wp-json\/wp\/v2\/pages\/1572\/revisions\/1732"}],"wp:attachment":[{"href":"https:\/\/www.ull.es\/centros\/jardin-flora-canaria\/wp-json\/wp\/v2\/media?parent=1572"}],"curies":[{"name":"wp","href":"https:\/\/api.w.org\/{rel}","templated":true}]}}