{"id":1593,"date":"2022-10-03T12:46:44","date_gmt":"2022-10-03T12:46:44","guid":{"rendered":"https:\/\/www.ull.es\/centros\/jardin-flora-canaria\/?page_id=1593"},"modified":"2022-10-05T10:09:06","modified_gmt":"2022-10-05T10:09:06","slug":"cardonal-tabaibal","status":"publish","type":"page","link":"https:\/\/www.ull.es\/centros\/jardin-flora-canaria\/cardonal-tabaibal\/","title":{"rendered":"Tabaibal cardonal"},"content":{"rendered":"<p>[vc_row full_width=\u00bbstretch_row_content\u00bb el_class=\u00bbprincipio-marcha\u00bb][vc_column css=\u00bb.vc_custom_1588939369209{padding-top: 40px !important;}\u00bb][vc_custom_heading text=\u00bbTabaibal cardonal\u00bb font_container=\u00bbtag:h2|text_align:center|color:%23ffffff\u00bb use_theme_fonts=\u00bbyes\u00bb css_animation=\u00bbfadeInDownBig\u00bb][\/vc_column][\/vc_row][vc_row content_placement=\u00bbmiddle\u00bb][vc_column width=\u00bb1\/2&#8243;][vc_empty_space height=\u00bb60px\u00bb][vc_column_text]<span style=\"font-weight: 400\">En la parte baja de las islas, <\/span><span style=\"font-weight: 400\">ligado a acantilados y puntas costeras venteadas en el norte y desde la costa hasta los 500 m de altura en el sur de las islas<\/span><span style=\"font-weight: 400\">, el matorral\u00a0 bajo que domina el paisaje se ha tenido que adaptar a un clima semi\u00e1rido, donde las precipitaciones son pocas y concentradas en un corto espacio de tiempo, abundando las largas sequ\u00edas.<\/span><\/p>\n<p><span style=\"font-weight: 400\">A este ecosistema se le llama Piso Basal o Cardonal-Tabaibal y se caracteriza por poseer precipitaciones anuales comprendidas entre los 50 \u2013 300 mm y una temperatura media anual por encima de los 19\u00baC. Posee una gran insolaci\u00f3n, suelos pedregoso-arcillosos, salinos y calc\u00e1reos. Las plantas que aqu\u00ed se desarrollan presentan una serie de <a href=\"https:\/\/www.ull.es\/centros\/jardin-flora-canaria\/wp-content\/uploads\/sites\/31\/2022\/10\/PDF-5.pdf\" target=\"_blank\" rel=\"noopener\" target=\"_blank\" rel=\"noopener\">adaptaciones<\/a> para sobrevivir.<\/span>[\/vc_column_text][vc_empty_space height=\u00bb60px\u00bb][\/vc_column][vc_column width=\u00bb1\/2&#8243;][vc_single_image image=\u00bb1704&#8243; img_size=\u00bbfull\u00bb][\/vc_column][\/vc_row][vc_row][vc_column width=\u00bb1\/2&#8243;][vc_single_image image=\u00bb1594&#8243; img_size=\u00bbfull\u00bb][\/vc_column][vc_column width=\u00bb1\/2&#8243;][vc_single_image image=\u00bb1705&#8243; img_size=\u00bbfull\u00bb][\/vc_column][\/vc_row][vc_row][vc_column][vc_empty_space][\/vc_column][\/vc_row]<\/p>\n","protected":false},"excerpt":{"rendered":"<p>[vc_row full_width=\u00bbstretch_row_content\u00bb el_class=\u00bbprincipio-marcha\u00bb][vc_column css=\u00bb.vc_custom_1588939369209{padding-top: 40px !important;}\u00bb][vc_custom_heading text=\u00bbTabaibal cardonal\u00bb font_container=\u00bbtag:h2|text_align:center|color:%23ffffff\u00bb use_theme_fonts=\u00bbyes\u00bb css_animation=\u00bbfadeInDownBig\u00bb][\/vc_column][\/vc_row][vc_row content_placement=\u00bbmiddle\u00bb][vc_column width=\u00bb1\/2&#8243;][vc_empty_space height=\u00bb60px\u00bb][vc_column_text]En la parte baja de las islas, ligado a acantilados y puntas costeras venteadas en el norte y desde la costa hasta los 500 m de altura en el sur de las islas, el matorral\u00a0 bajo que domina el paisaje se ha&#8230;<\/p>\n","protected":false},"author":37,"featured_media":0,"parent":0,"menu_order":0,"comment_status":"closed","ping_status":"closed","template":"templates\/template-frontpage.php","meta":[],"acf":[],"_links":{"self":[{"href":"https:\/\/www.ull.es\/centros\/jardin-flora-canaria\/wp-json\/wp\/v2\/pages\/1593"}],"collection":[{"href":"https:\/\/www.ull.es\/centros\/jardin-flora-canaria\/wp-json\/wp\/v2\/pages"}],"about":[{"href":"https:\/\/www.ull.es\/centros\/jardin-flora-canaria\/wp-json\/wp\/v2\/types\/page"}],"author":[{"embeddable":true,"href":"https:\/\/www.ull.es\/centros\/jardin-flora-canaria\/wp-json\/wp\/v2\/users\/37"}],"replies":[{"embeddable":true,"href":"https:\/\/www.ull.es\/centros\/jardin-flora-canaria\/wp-json\/wp\/v2\/comments?post=1593"}],"version-history":[{"count":4,"href":"https:\/\/www.ull.es\/centros\/jardin-flora-canaria\/wp-json\/wp\/v2\/pages\/1593\/revisions"}],"predecessor-version":[{"id":1706,"href":"https:\/\/www.ull.es\/centros\/jardin-flora-canaria\/wp-json\/wp\/v2\/pages\/1593\/revisions\/1706"}],"wp:attachment":[{"href":"https:\/\/www.ull.es\/centros\/jardin-flora-canaria\/wp-json\/wp\/v2\/media?parent=1593"}],"curies":[{"name":"wp","href":"https:\/\/api.w.org\/{rel}","templated":true}]}}