{"id":1598,"date":"2022-10-03T12:51:50","date_gmt":"2022-10-03T12:51:50","guid":{"rendered":"https:\/\/www.ull.es\/centros\/jardin-flora-canaria\/?page_id=1598"},"modified":"2022-10-05T10:13:06","modified_gmt":"2022-10-05T10:13:06","slug":"bosque-termoesclerofilo","status":"publish","type":"page","link":"https:\/\/www.ull.es\/centros\/jardin-flora-canaria\/bosque-termoesclerofilo\/","title":{"rendered":"Bosque termoescler\u00f3filo"},"content":{"rendered":"<p>[vc_row full_width=\u00bbstretch_row_content\u00bb el_class=\u00bbprincipio-marcha\u00bb][vc_column css=\u00bb.vc_custom_1588939369209{padding-top: 40px !important;}\u00bb][vc_custom_heading text=\u00bbBosque termoescler\u00f3filo\u00bb font_container=\u00bbtag:h2|text_align:center|color:%23ffffff\u00bb use_theme_fonts=\u00bbyes\u00bb css_animation=\u00bbfadeInDownBig\u00bb][\/vc_column][\/vc_row][vc_row content_placement=\u00bbmiddle\u00bb][vc_column width=\u00bb1\/2&#8243;][vc_empty_space height=\u00bb60px\u00bb][vc_column_text]<span style=\"font-weight: 400\">Desde la costa hasta los 350 m de altitud en el norte y desde los 500 a los 900 m en el sur de las islas se extiende uno de los ecosistemas m\u00e1s degradados y antropizados de Canarias, el bosque term\u00f3filo. La temperatura media anual oscila entre los 15 y 19\u00ba C y las lluvias se encuentran muy concentradas en el tiempo, predominando los largos periodos de sequ\u00eda (su precipitaci\u00f3n anual no supera los 400 mm). Los suelos se consideran neutros, no excesivamente h\u00famedos y muy arcillosos.\u00a0 Las plantas de este bosque abierto suelen presentar adaptaciones a la sequ\u00eda similares a las que presentan las plantas del cardonal-tabaibal.<\/span>[\/vc_column_text][\/vc_column][vc_column width=\u00bb1\/2&#8243;][vc_empty_space height=\u00bb60px\u00bb][vc_single_image image=\u00bb1707&#8243; img_size=\u00bbfull\u00bb][\/vc_column][\/vc_row][vc_row equal_height=\u00bbyes\u00bb content_placement=\u00bbmiddle\u00bb][vc_column width=\u00bb1\/2&#8243;][vc_single_image image=\u00bb1599&#8243; img_size=\u00bbfull\u00bb][vc_empty_space height=\u00bb30px\u00bb][\/vc_column][vc_column width=\u00bb1\/2&#8243;][vc_empty_space height=\u00bb30px\u00bb][vc_column_text]<span style=\"font-weight: 400\">En la actualidad, existen algunos reductos de este bosque, donde conviven numerosas especies arb\u00f3reas como alm\u00e1cigos, lentiscos, peralillos, acebuches, sabinas, dragos, palmeras, etc., siendo el cortejo de plantas arbustivas, subarbustivas y herb\u00e1ceas extraordinariamente rico en especies. <\/span>[\/vc_column_text][\/vc_column][\/vc_row][vc_row equal_height=\u00bbyes\u00bb content_placement=\u00bbmiddle\u00bb][vc_column width=\u00bb1\/2&#8243;][vc_empty_space height=\u00bb30px\u00bb][vc_column_text]<span style=\"font-weight: 400\">Adem\u00e1s, este diverso cortejo se enriquece a\u00fan m\u00e1s en las zonas de ecotono (zonas de transici\u00f3n o contacto entre dos comunidades vegetales) con el cardonal-tabaibal en su l\u00edmite altitudinal inferior y el monteverde (en el norte, con influencia del mar de nubes) y el pinar (en el sur), en su l\u00edmite superior.<\/span>[\/vc_column_text][\/vc_column][vc_column width=\u00bb1\/2&#8243;][vc_single_image image=\u00bb1608&#8243; img_size=\u00bb301&#215;400&#8243; alignment=\u00bbcenter\u00bb][vc_empty_space height=\u00bb30px\u00bb][\/vc_column][\/vc_row]<\/p>\n","protected":false},"excerpt":{"rendered":"<p>[vc_row full_width=\u00bbstretch_row_content\u00bb el_class=\u00bbprincipio-marcha\u00bb][vc_column css=\u00bb.vc_custom_1588939369209{padding-top: 40px !important;}\u00bb][vc_custom_heading text=\u00bbBosque termoescler\u00f3filo\u00bb font_container=\u00bbtag:h2|text_align:center|color:%23ffffff\u00bb use_theme_fonts=\u00bbyes\u00bb css_animation=\u00bbfadeInDownBig\u00bb][\/vc_column][\/vc_row][vc_row content_placement=\u00bbmiddle\u00bb][vc_column width=\u00bb1\/2&#8243;][vc_empty_space height=\u00bb60px\u00bb][vc_column_text]Desde la costa hasta los 350 m de altitud en el norte y desde los 500 a los 900 m en el sur de las islas se extiende uno de los ecosistemas m\u00e1s degradados y antropizados de Canarias, el bosque term\u00f3filo. La&#8230;<\/p>\n","protected":false},"author":37,"featured_media":0,"parent":0,"menu_order":0,"comment_status":"closed","ping_status":"closed","template":"templates\/template-frontpage.php","meta":[],"acf":[],"_links":{"self":[{"href":"https:\/\/www.ull.es\/centros\/jardin-flora-canaria\/wp-json\/wp\/v2\/pages\/1598"}],"collection":[{"href":"https:\/\/www.ull.es\/centros\/jardin-flora-canaria\/wp-json\/wp\/v2\/pages"}],"about":[{"href":"https:\/\/www.ull.es\/centros\/jardin-flora-canaria\/wp-json\/wp\/v2\/types\/page"}],"author":[{"embeddable":true,"href":"https:\/\/www.ull.es\/centros\/jardin-flora-canaria\/wp-json\/wp\/v2\/users\/37"}],"replies":[{"embeddable":true,"href":"https:\/\/www.ull.es\/centros\/jardin-flora-canaria\/wp-json\/wp\/v2\/comments?post=1598"}],"version-history":[{"count":6,"href":"https:\/\/www.ull.es\/centros\/jardin-flora-canaria\/wp-json\/wp\/v2\/pages\/1598\/revisions"}],"predecessor-version":[{"id":1708,"href":"https:\/\/www.ull.es\/centros\/jardin-flora-canaria\/wp-json\/wp\/v2\/pages\/1598\/revisions\/1708"}],"wp:attachment":[{"href":"https:\/\/www.ull.es\/centros\/jardin-flora-canaria\/wp-json\/wp\/v2\/media?parent=1598"}],"curies":[{"name":"wp","href":"https:\/\/api.w.org\/{rel}","templated":true}]}}