{"id":1603,"date":"2022-10-03T12:57:38","date_gmt":"2022-10-03T12:57:38","guid":{"rendered":"https:\/\/www.ull.es\/centros\/jardin-flora-canaria\/?page_id=1603"},"modified":"2022-10-05T10:14:42","modified_gmt":"2022-10-05T10:14:42","slug":"monteverde","status":"publish","type":"page","link":"https:\/\/www.ull.es\/centros\/jardin-flora-canaria\/monteverde\/","title":{"rendered":"Monteverde"},"content":{"rendered":"<p>[vc_row full_width=\u00bbstretch_row_content\u00bb el_class=\u00bbprincipio-marcha\u00bb][vc_column css=\u00bb.vc_custom_1588939369209{padding-top: 40px !important;}\u00bb][vc_custom_heading text=\u00bbMonteverde\u00bb font_container=\u00bbtag:h2|text_align:center|color:%23ffffff\u00bb use_theme_fonts=\u00bbyes\u00bb css_animation=\u00bbfadeInDownBig\u00bb][\/vc_column][\/vc_row][vc_row equal_height=\u00bbyes\u00bb content_placement=\u00bbmiddle\u00bb][vc_column width=\u00bb1\/2&#8243;][vc_empty_space height=\u00bb60px\u00bb][vc_column_text]<span style=\"font-weight: 400\">Ligado a la presencia del mar de nubes en el norte de las islas de mayor relieve, y entre los 350 m de altitud (o incluso desde los 300 m) y los 1.500 m se encuentra un bosque siempreverde conocido con el nombre de monteverde o laurisilva, nombre recibido por la forma de sus hojas, parecidas a las del laurel (lanceoladas).<\/span><\/p>\n<p><span style=\"font-weight: 400\">Este ambiente se encuentra caracterizado por una elevada humedad ambiental, debido al estancamiento de la nube que trae los vientos alisios cargados de humedad. Las precipitaciones son relativamente abundantes, oscilando entre los 500 y 1200 mm anuales, y se encuentran distribuidas a lo largo de todo el a\u00f1o, reforzadas por el mar de nubes, que puede llegar a aportar unos 1000 mm anuales de precipitaci\u00f3n oculta. Por su parte, las temperaturas son suaves, oscilando entre los 13 y 18\u00ba C, y la insolaci\u00f3n se encuentra reducida debido a la presencia del mar de nubes. Los suelos se caracterizan por ser muy ricos en materia org\u00e1nica.<\/span>[\/vc_column_text][\/vc_column][vc_column width=\u00bb1\/2&#8243;][vc_empty_space height=\u00bb60px\u00bb][vc_single_image image=\u00bb1709&#8243; img_size=\u00bbfull\u00bb][\/vc_column][\/vc_row][vc_row][vc_column][vc_empty_space height=\u00bb20px\u00bb][\/vc_column][\/vc_row][vc_row][vc_column width=\u00bb1\/2&#8243;][vc_single_image image=\u00bb1612&#8243; img_size=\u00bbfull\u00bb][\/vc_column][vc_column width=\u00bb1\/2&#8243;][vc_single_image image=\u00bb1611&#8243; img_size=\u00bbfull\u00bb][\/vc_column][\/vc_row][vc_row][vc_column][vc_empty_space height=\u00bb20px\u00bb][\/vc_column][\/vc_row][vc_row content_placement=\u00bbmiddle\u00bb][vc_column width=\u00bb1\/2&#8243;][vc_empty_space height=\u00bb20px\u00bb][vc_column_text]<span style=\"font-weight: 400\">El bosque presenta caracter\u00edsticas subtropicales, y existen varias <a href=\"https:\/\/www.ull.es\/centros\/jardin-flora-canaria\/wp-content\/uploads\/sites\/31\/2022\/10\/PDF-6.pdf\" target=\"_blank\" rel=\"noopener\" target=\"_blank\" rel=\"noopener\">comunidades diferenciables<\/a>, algunas de las cuales est\u00e1n fuertemente influenciadas por caracter\u00edsticas clim\u00e1ticas y otras, por caracter\u00edsticas del suelo.<\/span>[\/vc_column_text][vc_empty_space][\/vc_column][vc_column width=\u00bb1\/2&#8243;][vc_single_image image=\u00bb1604&#8243; img_size=\u00bbfull\u00bb][\/vc_column][\/vc_row]<\/p>\n","protected":false},"excerpt":{"rendered":"<p>[vc_row full_width=\u00bbstretch_row_content\u00bb el_class=\u00bbprincipio-marcha\u00bb][vc_column css=\u00bb.vc_custom_1588939369209{padding-top: 40px !important;}\u00bb][vc_custom_heading text=\u00bbMonteverde\u00bb font_container=\u00bbtag:h2|text_align:center|color:%23ffffff\u00bb use_theme_fonts=\u00bbyes\u00bb css_animation=\u00bbfadeInDownBig\u00bb][\/vc_column][\/vc_row][vc_row equal_height=\u00bbyes\u00bb content_placement=\u00bbmiddle\u00bb][vc_column width=\u00bb1\/2&#8243;][vc_empty_space height=\u00bb60px\u00bb][vc_column_text]Ligado a la presencia del mar de nubes en el norte de las islas de mayor relieve, y entre los 350 m de altitud (o incluso desde los 300 m) y los 1.500 m se encuentra un bosque siempreverde conocido con el&#8230;<\/p>\n","protected":false},"author":37,"featured_media":0,"parent":0,"menu_order":0,"comment_status":"closed","ping_status":"closed","template":"templates\/template-frontpage.php","meta":[],"acf":[],"_links":{"self":[{"href":"https:\/\/www.ull.es\/centros\/jardin-flora-canaria\/wp-json\/wp\/v2\/pages\/1603"}],"collection":[{"href":"https:\/\/www.ull.es\/centros\/jardin-flora-canaria\/wp-json\/wp\/v2\/pages"}],"about":[{"href":"https:\/\/www.ull.es\/centros\/jardin-flora-canaria\/wp-json\/wp\/v2\/types\/page"}],"author":[{"embeddable":true,"href":"https:\/\/www.ull.es\/centros\/jardin-flora-canaria\/wp-json\/wp\/v2\/users\/37"}],"replies":[{"embeddable":true,"href":"https:\/\/www.ull.es\/centros\/jardin-flora-canaria\/wp-json\/wp\/v2\/comments?post=1603"}],"version-history":[{"count":5,"href":"https:\/\/www.ull.es\/centros\/jardin-flora-canaria\/wp-json\/wp\/v2\/pages\/1603\/revisions"}],"predecessor-version":[{"id":1710,"href":"https:\/\/www.ull.es\/centros\/jardin-flora-canaria\/wp-json\/wp\/v2\/pages\/1603\/revisions\/1710"}],"wp:attachment":[{"href":"https:\/\/www.ull.es\/centros\/jardin-flora-canaria\/wp-json\/wp\/v2\/media?parent=1603"}],"curies":[{"name":"wp","href":"https:\/\/api.w.org\/{rel}","templated":true}]}}