{"id":1618,"date":"2022-10-03T15:47:11","date_gmt":"2022-10-03T15:47:11","guid":{"rendered":"https:\/\/www.ull.es\/centros\/jardin-flora-canaria\/?page_id=1618"},"modified":"2022-10-05T10:16:35","modified_gmt":"2022-10-05T10:16:35","slug":"pinar","status":"publish","type":"page","link":"https:\/\/www.ull.es\/centros\/jardin-flora-canaria\/pinar\/","title":{"rendered":"Pinar"},"content":{"rendered":"<p>[vc_row full_width=\u00bbstretch_row_content\u00bb el_class=\u00bbprincipio-marcha\u00bb][vc_column css=\u00bb.vc_custom_1588939369209{padding-top: 40px !important;}\u00bb][vc_custom_heading text=\u00bbPinar\u00bb font_container=\u00bbtag:h2|text_align:center|color:%23ffffff\u00bb use_theme_fonts=\u00bbyes\u00bb css_animation=\u00bbfadeInDownBig\u00bb][\/vc_column][\/vc_row][vc_row content_placement=\u00bbmiddle\u00bb][vc_column width=\u00bb1\/2&#8243;][vc_empty_space height=\u00bb60px\u00bb][vc_column_text]<span style=\"font-weight: 400\">Por encima de la influencia constante del mar de nubes en la vertiente norte (por encima de los 1500 m) y desde los 900 m en la vertiente sur, y hasta los 2000 m (en el norte) o 2200 m (en el sur) se desarrolla un bosque abierto caracterizado por una \u00fanica especie arb\u00f3rea, el pino canario.<\/span><\/p>\n<p><span style=\"font-weight: 400\">La temperatura media anual es relativamente fresca, con m\u00ednimas de 11 y m\u00e1ximas de 15\u00baC, con amplias variaciones diarias, la pluviometr\u00eda no es muy elevada, con valores anuales que oscilan entre los 450 y 600 mm, algunas en forma de nieve, y la insolaci\u00f3n es elevada.<\/span>[\/vc_column_text][\/vc_column][vc_column width=\u00bb1\/2&#8243;][vc_empty_space height=\u00bb50px\u00bb][vc_single_image image=\u00bb1711&#8243; img_size=\u00bbfull\u00bb][\/vc_column][\/vc_row][vc_row][vc_column][vc_single_image image=\u00bb1619&#8243; img_size=\u00bbfull\u00bb][vc_empty_space height=\u00bb20px\u00bb][\/vc_column][\/vc_row][vc_row content_placement=\u00bbmiddle\u00bb][vc_column width=\u00bb1\/2&#8243;][vc_single_image image=\u00bb1620&#8243; img_size=\u00bbfull\u00bb alignment=\u00bbcenter\u00bb][\/vc_column][vc_column width=\u00bb1\/2&#8243;][vc_empty_space height=\u00bb30px\u00bb][vc_column_text]<span style=\"font-weight: 400\">El suelo de este bosque puede ser muy diverso, pero en general se caracterizan por ser arenosos y pobres en materia org\u00e1nica. Quiz\u00e1s esta pueda ser la raz\u00f3n por la que su cortejo flor\u00edstico sea pobre en especies (fundamentalmente relegada al escob\u00f3n, el codeso de monte y las jaras), aunque algunos autores achacan esta baja diversidad a la herbivor\u00eda y a la elevada recurrencia de los incendios forestales. Sin embargo, en este bosque end\u00e9mico se puede considerar al fuego no intencionado como benefactor, pues favorece la germinaci\u00f3n de la mayor\u00eda de las especies acompa\u00f1antes.<\/span>[\/vc_column_text][\/vc_column][\/vc_row][vc_row][vc_column][vc_empty_space][\/vc_column][\/vc_row]<\/p>\n","protected":false},"excerpt":{"rendered":"<p>[vc_row full_width=\u00bbstretch_row_content\u00bb el_class=\u00bbprincipio-marcha\u00bb][vc_column css=\u00bb.vc_custom_1588939369209{padding-top: 40px !important;}\u00bb][vc_custom_heading text=\u00bbPinar\u00bb font_container=\u00bbtag:h2|text_align:center|color:%23ffffff\u00bb use_theme_fonts=\u00bbyes\u00bb css_animation=\u00bbfadeInDownBig\u00bb][\/vc_column][\/vc_row][vc_row content_placement=\u00bbmiddle\u00bb][vc_column width=\u00bb1\/2&#8243;][vc_empty_space height=\u00bb60px\u00bb][vc_column_text]Por encima de la influencia constante del mar de nubes en la vertiente norte (por encima de los 1500 m) y desde los 900 m en la vertiente sur, y hasta los 2000 m (en el norte) o 2200 m (en el sur)&#8230;<\/p>\n","protected":false},"author":37,"featured_media":0,"parent":0,"menu_order":0,"comment_status":"closed","ping_status":"closed","template":"templates\/template-frontpage.php","meta":[],"acf":[],"_links":{"self":[{"href":"https:\/\/www.ull.es\/centros\/jardin-flora-canaria\/wp-json\/wp\/v2\/pages\/1618"}],"collection":[{"href":"https:\/\/www.ull.es\/centros\/jardin-flora-canaria\/wp-json\/wp\/v2\/pages"}],"about":[{"href":"https:\/\/www.ull.es\/centros\/jardin-flora-canaria\/wp-json\/wp\/v2\/types\/page"}],"author":[{"embeddable":true,"href":"https:\/\/www.ull.es\/centros\/jardin-flora-canaria\/wp-json\/wp\/v2\/users\/37"}],"replies":[{"embeddable":true,"href":"https:\/\/www.ull.es\/centros\/jardin-flora-canaria\/wp-json\/wp\/v2\/comments?post=1618"}],"version-history":[{"count":9,"href":"https:\/\/www.ull.es\/centros\/jardin-flora-canaria\/wp-json\/wp\/v2\/pages\/1618\/revisions"}],"predecessor-version":[{"id":1713,"href":"https:\/\/www.ull.es\/centros\/jardin-flora-canaria\/wp-json\/wp\/v2\/pages\/1618\/revisions\/1713"}],"wp:attachment":[{"href":"https:\/\/www.ull.es\/centros\/jardin-flora-canaria\/wp-json\/wp\/v2\/media?parent=1618"}],"curies":[{"name":"wp","href":"https:\/\/api.w.org\/{rel}","templated":true}]}}