{"id":1629,"date":"2022-10-03T16:09:38","date_gmt":"2022-10-03T16:09:38","guid":{"rendered":"https:\/\/www.ull.es\/centros\/jardin-flora-canaria\/?page_id=1629"},"modified":"2022-10-05T10:18:22","modified_gmt":"2022-10-05T10:18:22","slug":"matorral-de-cumbre","status":"publish","type":"page","link":"https:\/\/www.ull.es\/centros\/jardin-flora-canaria\/matorral-de-cumbre\/","title":{"rendered":"Matorral de cumbre"},"content":{"rendered":"<p>[vc_row full_width=\u00bbstretch_row_content\u00bb el_class=\u00bbprincipio-marcha\u00bb][vc_column css=\u00bb.vc_custom_1588939369209{padding-top: 40px !important;}\u00bb][vc_custom_heading text=\u00bbMatorral de cumbre\u00bb font_container=\u00bbtag:h2|text_align:center|color:%23ffffff\u00bb use_theme_fonts=\u00bbyes\u00bb css_animation=\u00bbfadeInDownBig\u00bb][\/vc_column][\/vc_row][vc_row content_placement=\u00bbmiddle\u00bb][vc_column width=\u00bb1\/2&#8243;][vc_empty_space height=\u00bb60px\u00bb][vc_column_text]<span style=\"font-weight: 400\">Esta formaci\u00f3n vegetal solamente se encuentra en La Palma y Tenerife, las dos islas de mayor altitud del archipi\u00e9lago canario, entre los 2000 m (orientaci\u00f3n norte) o 2200 m (orientaci\u00f3n sur) y los 2900 m (orientaci\u00f3n norte) o 3100 m (orientaci\u00f3n sur), donde las <a href=\"https:\/\/www.ull.es\/centros\/jardin-flora-canaria\/wp-content\/uploads\/sites\/31\/2022\/10\/PDF-7.pdf\" target=\"_blank\" rel=\"noopener\" target=\"_blank\" rel=\"noopener\">condiciones ambientales son extremas<\/a>. La aridez es elevada y las escasas precipitaciones (entre 350 y 500 mm anuales) se dan mayoritariamente en forma de nieve. Las temperaturas medias anuales oscilan entre los 6 y 11\u00ba C presentando variaciones estacionales y diarias muy elevadas.<\/span>[\/vc_column_text][\/vc_column][vc_column width=\u00bb1\/2&#8243;][vc_empty_space height=\u00bb50px\u00bb][vc_single_image image=\u00bb1714&#8243; img_size=\u00bbfull\u00bb][\/vc_column][\/vc_row][vc_row][vc_column][vc_empty_space height=\u00bb20px\u00bb][\/vc_column][\/vc_row][vc_row content_placement=\u00bbmiddle\u00bb][vc_column width=\u00bb1\/2&#8243;][vc_single_image image=\u00bb1631&#8243; img_size=\u00bbfull\u00bb alignment=\u00bbcenter\u00bb][\/vc_column][vc_column width=\u00bb1\/2&#8243;][vc_empty_space height=\u00bb30px\u00bb][vc_column_text]<span style=\"font-weight: 400\">El representante arb\u00f3reo por excelencia de este ecosistema, es el cedro canario que debido a su localizaci\u00f3n y los fuertes vientos reinantes adquiere formas extremadamente retorcidas.<\/span>[\/vc_column_text][\/vc_column][\/vc_row][vc_row][vc_column][vc_empty_space height=\u00bb20px\u00bb][\/vc_column][\/vc_row][vc_row content_placement=\u00bbmiddle\u00bb][vc_column width=\u00bb1\/2&#8243;][vc_empty_space height=\u00bb60px\u00bb][vc_column_text]<span style=\"font-weight: 400\">En las zonas llanas y m\u00e1s protegidas se desarrolla un matorral donde dominan las leguminosas (retamas y codesos), que en las laderas, fisuras y escarpes rocosos, domina la vegetaci\u00f3n rup\u00edcola, y en la base de las laderas, donde se acumulan las rocas que se desprenden por gelifracci\u00f3n de la roca, se instala una vegetaci\u00f3n rup\u00edcola especializada en este tipo de sustratos altamente din\u00e1micos, la vegetaci\u00f3n gler\u00edcola, donde destaca, entre otras plantas, el tajinaste rojo, planta que recuerda a otras de alta monta\u00f1a de lugares tan remotos como Am\u00e9rica (ejemplo, por tanto, de <a href=\"https:\/\/www.ull.es\/centros\/jardin-flora-canaria\/wp-content\/uploads\/sites\/31\/2022\/10\/PDF-8.pdf\" target=\"_blank\" rel=\"noopener\" target=\"_blank\" rel=\"noopener\">convergencia evolutiva<\/a>).<\/span>[\/vc_column_text][\/vc_column][vc_column width=\u00bb1\/2&#8243;][vc_empty_space height=\u00bb50px\u00bb][vc_single_image image=\u00bb1630&#8243; img_size=\u00bbfull\u00bb][\/vc_column][\/vc_row][vc_row][vc_column][vc_empty_space height=\u00bb20px\u00bb][\/vc_column][\/vc_row][vc_row content_placement=\u00bbmiddle\u00bb][vc_column width=\u00bb1\/2&#8243;][vc_single_image image=\u00bb1634&#8243; img_size=\u00bbfull\u00bb alignment=\u00bbcenter\u00bb][\/vc_column][vc_column width=\u00bb1\/2&#8243;][vc_empty_space height=\u00bb30px\u00bb][vc_column_text]<span style=\"font-weight: 400\">En el l\u00edmite inferior de distribuci\u00f3n de esta comunidad arbustiva, se pueden encontrar pinos m\u00e1s o menos aislados conviviendo con codesos y retamas.<\/span>[\/vc_column_text][\/vc_column][\/vc_row][vc_row][vc_column][vc_empty_space height=\u00bb20px\u00bb][\/vc_column][\/vc_row][vc_row][vc_column width=\u00bb1\/3&#8243;][vc_single_image image=\u00bb1632&#8243; img_size=\u00bbfull\u00bb][\/vc_column][vc_column width=\u00bb1\/3&#8243;][vc_single_image image=\u00bb1633&#8243; img_size=\u00bbfull\u00bb][\/vc_column][vc_column width=\u00bb1\/3&#8243;][vc_single_image image=\u00bb1639&#8243; img_size=\u00bbfull\u00bb][\/vc_column][\/vc_row][vc_row][vc_column][vc_empty_space][\/vc_column][\/vc_row]<\/p>\n","protected":false},"excerpt":{"rendered":"<p>[vc_row full_width=\u00bbstretch_row_content\u00bb el_class=\u00bbprincipio-marcha\u00bb][vc_column css=\u00bb.vc_custom_1588939369209{padding-top: 40px !important;}\u00bb][vc_custom_heading text=\u00bbMatorral de cumbre\u00bb font_container=\u00bbtag:h2|text_align:center|color:%23ffffff\u00bb use_theme_fonts=\u00bbyes\u00bb css_animation=\u00bbfadeInDownBig\u00bb][\/vc_column][\/vc_row][vc_row content_placement=\u00bbmiddle\u00bb][vc_column width=\u00bb1\/2&#8243;][vc_empty_space height=\u00bb60px\u00bb][vc_column_text]Esta formaci\u00f3n vegetal solamente se encuentra en La Palma y Tenerife, las dos islas de mayor altitud del archipi\u00e9lago canario, entre los 2000 m (orientaci\u00f3n norte) o 2200 m (orientaci\u00f3n sur) y los 2900 m (orientaci\u00f3n norte) o 3100 m (orientaci\u00f3n&#8230;<\/p>\n","protected":false},"author":37,"featured_media":0,"parent":0,"menu_order":0,"comment_status":"closed","ping_status":"closed","template":"templates\/template-frontpage.php","meta":[],"acf":[],"_links":{"self":[{"href":"https:\/\/www.ull.es\/centros\/jardin-flora-canaria\/wp-json\/wp\/v2\/pages\/1629"}],"collection":[{"href":"https:\/\/www.ull.es\/centros\/jardin-flora-canaria\/wp-json\/wp\/v2\/pages"}],"about":[{"href":"https:\/\/www.ull.es\/centros\/jardin-flora-canaria\/wp-json\/wp\/v2\/types\/page"}],"author":[{"embeddable":true,"href":"https:\/\/www.ull.es\/centros\/jardin-flora-canaria\/wp-json\/wp\/v2\/users\/37"}],"replies":[{"embeddable":true,"href":"https:\/\/www.ull.es\/centros\/jardin-flora-canaria\/wp-json\/wp\/v2\/comments?post=1629"}],"version-history":[{"count":7,"href":"https:\/\/www.ull.es\/centros\/jardin-flora-canaria\/wp-json\/wp\/v2\/pages\/1629\/revisions"}],"predecessor-version":[{"id":1716,"href":"https:\/\/www.ull.es\/centros\/jardin-flora-canaria\/wp-json\/wp\/v2\/pages\/1629\/revisions\/1716"}],"wp:attachment":[{"href":"https:\/\/www.ull.es\/centros\/jardin-flora-canaria\/wp-json\/wp\/v2\/media?parent=1629"}],"curies":[{"name":"wp","href":"https:\/\/api.w.org\/{rel}","templated":true}]}}