{"id":1641,"date":"2022-10-03T16:23:00","date_gmt":"2022-10-03T16:23:00","guid":{"rendered":"https:\/\/www.ull.es\/centros\/jardin-flora-canaria\/?page_id=1641"},"modified":"2022-10-05T10:23:21","modified_gmt":"2022-10-05T10:23:21","slug":"comunidad-de-violetas","status":"publish","type":"page","link":"https:\/\/www.ull.es\/centros\/jardin-flora-canaria\/comunidad-de-violetas\/","title":{"rendered":"Comunidad de violetas"},"content":{"rendered":"<p>[vc_row full_width=\u00bbstretch_row_content\u00bb el_class=\u00bbprincipio-marcha\u00bb][vc_column css=\u00bb.vc_custom_1588939369209{padding-top: 40px !important;}\u00bb][vc_custom_heading text=\u00bbComunidad de violetas\u00bb font_container=\u00bbtag:h2|text_align:center|color:%23ffffff\u00bb use_theme_fonts=\u00bbyes\u00bb css_animation=\u00bbfadeInDownBig\u00bb][\/vc_column][\/vc_row][vc_row content_placement=\u00bbmiddle\u00bb][vc_column width=\u00bb1\/2&#8243;][vc_empty_space height=\u00bb60px\u00bb][vc_column_text]<span style=\"font-weight: 400\">En las mayores altitudes que la isla de Tenerife, por encima de los 2700 m en orientaci\u00f3n norte y de los 3000 m en orientaci\u00f3n sur, las condiciones ambientales son extremas (precipitaciones inferiores a 500 mm anuales, temperaturas que generalmente no sobrepasan los 8\u00ba C de media anual), el sustrato est\u00e1 formado por lavas sil\u00edceas, pedregales o campos de lapilli, y muy pocas plantas pueden sobrevivir.<\/span>[\/vc_column_text][\/vc_column][vc_column width=\u00bb1\/2&#8243;][vc_empty_space height=\u00bb50px\u00bb][vc_single_image image=\u00bb1717&#8243; img_size=\u00bbfull\u00bb][\/vc_column][\/vc_row][vc_row][vc_column][vc_empty_space height=\u00bb20px\u00bb][\/vc_column][\/vc_row][vc_row content_placement=\u00bbmiddle\u00bb][vc_column width=\u00bb1\/2&#8243;][vc_single_image image=\u00bb1644&#8243; img_size=\u00bbfull\u00bb alignment=\u00bbcenter\u00bb][\/vc_column][vc_column width=\u00bb1\/2&#8243;][vc_empty_space height=\u00bb30px\u00bb][vc_column_text]<span style=\"font-weight: 400\">Sin embargo, en este ambiente inh\u00f3spito, donde el paisaje se podr\u00eda definir como un desierto pedregoso, se encuentra un \u00faltimo piso de vegetaci\u00f3n caracterizado por la presencia de la violeta del Teide.<\/span>[\/vc_column_text][\/vc_column][\/vc_row][vc_row][vc_column][vc_empty_space height=\u00bb20px\u00bb][\/vc_column][\/vc_row][vc_row][vc_column width=\u00bb1\/2&#8243;][vc_single_image image=\u00bb1719&#8243; img_size=\u00bbfull\u00bb][\/vc_column][vc_column width=\u00bb1\/2&#8243;][vc_single_image image=\u00bb1642&#8243; img_size=\u00bbfull\u00bb][\/vc_column][\/vc_row][vc_row content_placement=\u00bbmiddle\u00bb][vc_column][vc_empty_space height=\u00bb60px\u00bb][vc_column_text]<span style=\"font-weight: 400\">Aunque originalmente esta comunidad fue descrita teniendo en cuenta a <\/span><i><span style=\"font-weight: 400\">Viola cheiranthifolia <\/span><\/i><span style=\"font-weight: 400\">(violeta del Teide) como \u00fanica especie caracter\u00edstica, actualmente se sabe de la existencia de dos violetas end\u00e9micas de las altas cumbres de la isla de Tenerife, siendo la violeta de Guajara (<\/span><i><span style=\"font-weight: 400\">Viola<\/span><\/i> <i><span style=\"font-weight: 400\">guaxarensis<\/span><\/i><span style=\"font-weight: 400\">) una especie descrita como novedad cient\u00edfica en 2020.<\/span>[\/vc_column_text][\/vc_column][\/vc_row][vc_row][vc_column][vc_empty_space][\/vc_column][\/vc_row]<\/p>\n","protected":false},"excerpt":{"rendered":"<p>[vc_row full_width=\u00bbstretch_row_content\u00bb el_class=\u00bbprincipio-marcha\u00bb][vc_column css=\u00bb.vc_custom_1588939369209{padding-top: 40px !important;}\u00bb][vc_custom_heading text=\u00bbComunidad de violetas\u00bb font_container=\u00bbtag:h2|text_align:center|color:%23ffffff\u00bb use_theme_fonts=\u00bbyes\u00bb css_animation=\u00bbfadeInDownBig\u00bb][\/vc_column][\/vc_row][vc_row content_placement=\u00bbmiddle\u00bb][vc_column width=\u00bb1\/2&#8243;][vc_empty_space height=\u00bb60px\u00bb][vc_column_text]En las mayores altitudes que la isla de Tenerife, por encima de los 2700 m en orientaci\u00f3n norte y de los 3000 m en orientaci\u00f3n sur, las condiciones ambientales son extremas (precipitaciones inferiores a 500 mm anuales, temperaturas que generalmente no&#8230;<\/p>\n","protected":false},"author":37,"featured_media":0,"parent":0,"menu_order":0,"comment_status":"closed","ping_status":"closed","template":"templates\/template-frontpage.php","meta":[],"acf":[],"_links":{"self":[{"href":"https:\/\/www.ull.es\/centros\/jardin-flora-canaria\/wp-json\/wp\/v2\/pages\/1641"}],"collection":[{"href":"https:\/\/www.ull.es\/centros\/jardin-flora-canaria\/wp-json\/wp\/v2\/pages"}],"about":[{"href":"https:\/\/www.ull.es\/centros\/jardin-flora-canaria\/wp-json\/wp\/v2\/types\/page"}],"author":[{"embeddable":true,"href":"https:\/\/www.ull.es\/centros\/jardin-flora-canaria\/wp-json\/wp\/v2\/users\/37"}],"replies":[{"embeddable":true,"href":"https:\/\/www.ull.es\/centros\/jardin-flora-canaria\/wp-json\/wp\/v2\/comments?post=1641"}],"version-history":[{"count":3,"href":"https:\/\/www.ull.es\/centros\/jardin-flora-canaria\/wp-json\/wp\/v2\/pages\/1641\/revisions"}],"predecessor-version":[{"id":1720,"href":"https:\/\/www.ull.es\/centros\/jardin-flora-canaria\/wp-json\/wp\/v2\/pages\/1641\/revisions\/1720"}],"wp:attachment":[{"href":"https:\/\/www.ull.es\/centros\/jardin-flora-canaria\/wp-json\/wp\/v2\/media?parent=1641"}],"curies":[{"name":"wp","href":"https:\/\/api.w.org\/{rel}","templated":true}]}}