{"id":1842,"date":"2022-10-24T13:51:16","date_gmt":"2022-10-24T13:51:16","guid":{"rendered":"https:\/\/www.ull.es\/centros\/jardin-flora-canaria\/?page_id=1842"},"modified":"2023-02-06T12:56:25","modified_gmt":"2023-02-06T12:56:25","slug":"pleiomeris-canariensis","status":"publish","type":"page","link":"https:\/\/www.ull.es\/centros\/jardin-flora-canaria\/pleiomeris-canariensis\/","title":{"rendered":"Pleiomeris canariensis"},"content":{"rendered":"<p>[vc_row gap=\u00bb5&#8243; equal_height=\u00bbyes\u00bb content_placement=\u00bbmiddle\u00bb][vc_column width=\u00bb1\/2&#8243;][vc_column_text]<\/p>\n<div>\n<h1 style=\"color: #45348e; margin-bottom: 15px;\"><em>Myrsinaceae<\/em><\/h1>\n<\/div>\n<div>\n<h2 style=\"color: #0085c3;\"><em>Pleiomeris canariensis<\/em> (Willd.) A. DC.<\/h2>\n<h2 style=\"color: #0085c3;\"><b>Delfino, saquitero<\/b><\/h2>\n<\/div>\n<p>[\/vc_column_text][vc_single_image image=\u00bb1123&#8243; img_size=\u00bbfull\u00bb alignment=\u00bbcenter\u00bb el_class=\u00bbimagen-1&#8243;][\/vc_column][vc_column width=\u00bb1\/2&#8243; css=\u00bb.vc_custom_1675688150498{background-image: url(http:\/\/www.ull.es\/centros\/jardin-flora-canaria\/wp-content\/uploads\/sites\/31\/2023\/02\/Pleiomeris-canariensis.jpg?id=2146) !important;background-position: center !important;background-repeat: no-repeat !important;background-size: cover !important;}\u00bb][vc_empty_space height=\u00bb300px\u00bb][\/vc_column][\/vc_row][vc_row][vc_column][vc_empty_space height=\u00bb30px\u00bb][\/vc_column][\/vc_row][vc_row equal_height=\u00bbyes\u00bb content_placement=\u00bbmiddle\u00bb][vc_column width=\u00bb2\/3&#8243;][vc_column_text]\u00c1rbol o arbusto siempreverde que no suele superar los 10 m de altura, aunque a veces puede llegar a alcanzar los 12 m. Curioso es la forma de multiplicarse, ya que en ocasiones lo hace a trav\u00e9s de brotes de ra\u00edz que salen a cierta distancia del \u00e1rbol madre. Hojas en disposici\u00f3n alterna, reunidas hacia los \u00e1pices de las ramas, de color verde-lustroso, grandes (casi como de magnolios), ovado-lanceoladas, obtusas y de margen revoluto. Sus flores brotan agrupadas en las ramas m\u00e1s j\u00f3venes (cauliflor\u00eda) son diminutas de color blanco verdoso. Sus frutos, bayas, son globosos de color rojo-violeta suave al madurar y comestibles.[\/vc_column_text][\/vc_column][vc_column width=\u00bb1\/3&#8243; css=\u00bb.vc_custom_1675688181737{background-image: url(http:\/\/www.ull.es\/centros\/jardin-flora-canaria\/wp-content\/uploads\/sites\/31\/2023\/02\/Pleiomeris-canariensis1.jpg?id=2147) !important;background-position: center !important;background-repeat: no-repeat !important;background-size: cover !important;}\u00bb][vc_empty_space height=\u00bb300px\u00bb][\/vc_column][\/vc_row][vc_row disable_element=\u00bbyes\u00bb][vc_column][vc_tta_accordion active_section=\u00bb0&#8243; collapsible_all=\u00bbtrue\u00bb][vc_tta_section title=\u00bbM\u00e1s informaci\u00f3n\u00bb tab_id=\u00bbmas-informacion\u00bb][vc_row_inner][vc_column_inner width=\u00bb1\/2&#8243;][vc_column_text]<\/p>\n<h2 style=\"color: #0085c3;\"><b><i>xxxxxxxxxxxx<\/i>.<\/b><\/h2>\n<h2 style=\"color: #0085c3;\"><b>xxxxxxxxxxxxxx<\/b><\/h2>\n<p>[\/vc_column_text][vc_column_text]xxxxxxxxxxxxxxxxxx xxxxxxxxxxxxxxxxx xxxxxxxxxxxxxxxxx[\/vc_column_text][\/vc_column_inner][vc_column_inner width=\u00bb1\/2&#8243;][vc_single_image img_size=\u00bbfull\u00bb][\/vc_column_inner][\/vc_row_inner][vc_row_inner][vc_column_inner][vc_column_text]<b>xxxxxxxxxxxxxxxxxx<\/b>[\/vc_column_text][\/vc_column_inner][\/vc_row_inner][vc_row_inner equal_height=\u00bbyes\u00bb][vc_column_inner width=\u00bb1\/2&#8243;][vc_single_image img_size=\u00bbfull\u00bb][\/vc_column_inner][vc_column_inner width=\u00bb1\/2&#8243;][vc_single_image img_size=\u00bbfull\u00bb][\/vc_column_inner][\/vc_row_inner][\/vc_tta_section][\/vc_tta_accordion][\/vc_column][\/vc_row]<\/p>\n","protected":false},"excerpt":{"rendered":"<p>[vc_row gap=\u00bb5&#8243; equal_height=\u00bbyes\u00bb content_placement=\u00bbmiddle\u00bb][vc_column width=\u00bb1\/2&#8243;][vc_column_text] Myrsinaceae Pleiomeris canariensis (Willd.) A. DC. Delfino, saquitero [\/vc_column_text][vc_single_image image=\u00bb1123&#8243; img_size=\u00bbfull\u00bb alignment=\u00bbcenter\u00bb el_class=\u00bbimagen-1&#8243;][\/vc_column][vc_column width=\u00bb1\/2&#8243; css=\u00bb.vc_custom_1675688150498{background-image: url(http:\/\/www.ull.es\/centros\/jardin-flora-canaria\/wp-content\/uploads\/sites\/31\/2023\/02\/Pleiomeris-canariensis.jpg?id=2146) !important;background-position: center !important;background-repeat: no-repeat !important;background-size: cover !important;}\u00bb][vc_empty_space height=\u00bb300px\u00bb][\/vc_column][\/vc_row][vc_row][vc_column][vc_empty_space height=\u00bb30px\u00bb][\/vc_column][\/vc_row][vc_row equal_height=\u00bbyes\u00bb content_placement=\u00bbmiddle\u00bb][vc_column width=\u00bb2\/3&#8243;][vc_column_text]\u00c1rbol o arbusto siempreverde que no suele superar los 10 m de altura, aunque a veces puede llegar a alcanzar los 12 m&#8230;.<\/p>\n","protected":false},"author":35,"featured_media":0,"parent":0,"menu_order":0,"comment_status":"closed","ping_status":"closed","template":"templates\/template-no-title.php","meta":[],"acf":[],"_links":{"self":[{"href":"https:\/\/www.ull.es\/centros\/jardin-flora-canaria\/wp-json\/wp\/v2\/pages\/1842"}],"collection":[{"href":"https:\/\/www.ull.es\/centros\/jardin-flora-canaria\/wp-json\/wp\/v2\/pages"}],"about":[{"href":"https:\/\/www.ull.es\/centros\/jardin-flora-canaria\/wp-json\/wp\/v2\/types\/page"}],"author":[{"embeddable":true,"href":"https:\/\/www.ull.es\/centros\/jardin-flora-canaria\/wp-json\/wp\/v2\/users\/35"}],"replies":[{"embeddable":true,"href":"https:\/\/www.ull.es\/centros\/jardin-flora-canaria\/wp-json\/wp\/v2\/comments?post=1842"}],"version-history":[{"count":4,"href":"https:\/\/www.ull.es\/centros\/jardin-flora-canaria\/wp-json\/wp\/v2\/pages\/1842\/revisions"}],"predecessor-version":[{"id":2226,"href":"https:\/\/www.ull.es\/centros\/jardin-flora-canaria\/wp-json\/wp\/v2\/pages\/1842\/revisions\/2226"}],"wp:attachment":[{"href":"https:\/\/www.ull.es\/centros\/jardin-flora-canaria\/wp-json\/wp\/v2\/media?parent=1842"}],"curies":[{"name":"wp","href":"https:\/\/api.w.org\/{rel}","templated":true}]}}