{"id":1868,"date":"2022-10-24T13:56:54","date_gmt":"2022-10-24T13:56:54","guid":{"rendered":"https:\/\/www.ull.es\/centros\/jardin-flora-canaria\/?page_id=1868"},"modified":"2023-02-03T14:39:50","modified_gmt":"2023-02-03T14:39:50","slug":"tamarix-canariensis","status":"publish","type":"page","link":"https:\/\/www.ull.es\/centros\/jardin-flora-canaria\/tamarix-canariensis\/","title":{"rendered":"Tamarix canariensis"},"content":{"rendered":"<p>[vc_row gap=\u00bb5&#8243; equal_height=\u00bbyes\u00bb content_placement=\u00bbmiddle\u00bb][vc_column width=\u00bb1\/2&#8243;][vc_column_text]<\/p>\n<div>\n<h1 style=\"color: #45348e; margin-bottom: 15px;\"><i>Tamaricaceae<\/i><\/h1>\n<\/div>\n<div>\n<h2 style=\"color: #0085c3;\"><i>Tamarix canariensis Willd.<\/i><\/h2>\n<h2 style=\"color: #0085c3;\">Tarajal canario<\/h2>\n<\/div>\n<p>[\/vc_column_text][vc_single_image image=\u00bb1539&#8243; img_size=\u00bbfull\u00bb alignment=\u00bbcenter\u00bb el_class=\u00bbimagen-1&#8243;][\/vc_column][vc_column width=\u00bb1\/2&#8243; css=\u00bb.vc_custom_1675435161095{background-image: url(http:\/\/www.ull.es\/centros\/jardin-flora-canaria\/wp-content\/uploads\/sites\/31\/2023\/02\/Tamarix-canariensis.jpg?id=2172) !important;background-position: center !important;background-repeat: no-repeat !important;background-size: cover !important;}\u00bb][vc_empty_space height=\u00bb300px\u00bb][\/vc_column][\/vc_row][vc_row][vc_column][vc_empty_space height=\u00bb30px\u00bb][\/vc_column][\/vc_row][vc_row equal_height=\u00bbyes\u00bb content_placement=\u00bbmiddle\u00bb][vc_column width=\u00bb2\/3&#8243;][vc_column_text]<span style=\"font-weight: 400;\">Arbolillo muy ramificado desde la base y que puede llegar a alcanzar el porte arb\u00f3reo, superando a veces los 6 m de altura. Hojas son muy peque\u00f1as, escuamiformes (como las escamas de un pescado), verde gris\u00e1ceo e imbricadas, superponi\u00e9ndose unas a otras a lo largo de los brotes tiernos (como las tejas en un tejado). Flores peque\u00f1as, pedunculadas, de color rosa, que se disponen en racimos terminales multifloros. Frutos en c\u00e1psulas provistas de muchas semillas pelosas. <\/span>[\/vc_column_text][\/vc_column][vc_column width=\u00bb1\/3&#8243; css=\u00bb.vc_custom_1675435179414{background-image: url(http:\/\/www.ull.es\/centros\/jardin-flora-canaria\/wp-content\/uploads\/sites\/31\/2023\/02\/Tamarix-canariensis1.jpg?id=2173) !important;background-position: center !important;background-repeat: no-repeat !important;background-size: cover !important;}\u00bb][vc_empty_space height=\u00bb300px\u00bb][\/vc_column][\/vc_row][vc_row disable_element=\u00bbyes\u00bb][vc_column][vc_tta_accordion active_section=\u00bb0&#8243; collapsible_all=\u00bbtrue\u00bb][vc_tta_section title=\u00bbM\u00e1s informaci\u00f3n\u00bb tab_id=\u00bbmas-informacion\u00bb][vc_row_inner][vc_column_inner width=\u00bb1\/2&#8243;][vc_column_text]<\/p>\n<h2 style=\"color: #0085c3;\"><b><i>xxxxxxxxxxxx<\/i>.<\/b><\/h2>\n<h2 style=\"color: #0085c3;\"><b>xxxxxxxxxxxxxx<\/b><\/h2>\n<p>[\/vc_column_text][vc_column_text]xxxxxxxxxxxxxxxxxx xxxxxxxxxxxxxxxxx xxxxxxxxxxxxxxxxx[\/vc_column_text][\/vc_column_inner][vc_column_inner width=\u00bb1\/2&#8243;][vc_single_image img_size=\u00bbfull\u00bb][\/vc_column_inner][\/vc_row_inner][vc_row_inner][vc_column_inner][vc_column_text]<b>xxxxxxxxxxxxxxxxxx<\/b>[\/vc_column_text][\/vc_column_inner][\/vc_row_inner][vc_row_inner equal_height=\u00bbyes\u00bb][vc_column_inner width=\u00bb1\/2&#8243;][vc_single_image img_size=\u00bbfull\u00bb][\/vc_column_inner][vc_column_inner width=\u00bb1\/2&#8243;][vc_single_image img_size=\u00bbfull\u00bb][\/vc_column_inner][\/vc_row_inner][\/vc_tta_section][\/vc_tta_accordion][\/vc_column][\/vc_row]<\/p>\n","protected":false},"excerpt":{"rendered":"<p>[vc_row gap=\u00bb5&#8243; equal_height=\u00bbyes\u00bb content_placement=\u00bbmiddle\u00bb][vc_column width=\u00bb1\/2&#8243;][vc_column_text] Tamaricaceae Tamarix canariensis Willd. Tarajal canario [\/vc_column_text][vc_single_image image=\u00bb1539&#8243; img_size=\u00bbfull\u00bb alignment=\u00bbcenter\u00bb el_class=\u00bbimagen-1&#8243;][\/vc_column][vc_column width=\u00bb1\/2&#8243; css=\u00bb.vc_custom_1675435161095{background-image: url(http:\/\/www.ull.es\/centros\/jardin-flora-canaria\/wp-content\/uploads\/sites\/31\/2023\/02\/Tamarix-canariensis.jpg?id=2172) !important;background-position: center !important;background-repeat: no-repeat !important;background-size: cover !important;}\u00bb][vc_empty_space height=\u00bb300px\u00bb][\/vc_column][\/vc_row][vc_row][vc_column][vc_empty_space height=\u00bb30px\u00bb][\/vc_column][\/vc_row][vc_row equal_height=\u00bbyes\u00bb content_placement=\u00bbmiddle\u00bb][vc_column width=\u00bb2\/3&#8243;][vc_column_text]Arbolillo muy ramificado desde la base y que puede llegar a alcanzar el porte arb\u00f3reo, superando a veces los 6 m de altura. Hojas son&#8230;<\/p>\n","protected":false},"author":35,"featured_media":0,"parent":0,"menu_order":0,"comment_status":"closed","ping_status":"closed","template":"templates\/template-no-title.php","meta":[],"acf":[],"_links":{"self":[{"href":"https:\/\/www.ull.es\/centros\/jardin-flora-canaria\/wp-json\/wp\/v2\/pages\/1868"}],"collection":[{"href":"https:\/\/www.ull.es\/centros\/jardin-flora-canaria\/wp-json\/wp\/v2\/pages"}],"about":[{"href":"https:\/\/www.ull.es\/centros\/jardin-flora-canaria\/wp-json\/wp\/v2\/types\/page"}],"author":[{"embeddable":true,"href":"https:\/\/www.ull.es\/centros\/jardin-flora-canaria\/wp-json\/wp\/v2\/users\/35"}],"replies":[{"embeddable":true,"href":"https:\/\/www.ull.es\/centros\/jardin-flora-canaria\/wp-json\/wp\/v2\/comments?post=1868"}],"version-history":[{"count":3,"href":"https:\/\/www.ull.es\/centros\/jardin-flora-canaria\/wp-json\/wp\/v2\/pages\/1868\/revisions"}],"predecessor-version":[{"id":2194,"href":"https:\/\/www.ull.es\/centros\/jardin-flora-canaria\/wp-json\/wp\/v2\/pages\/1868\/revisions\/2194"}],"wp:attachment":[{"href":"https:\/\/www.ull.es\/centros\/jardin-flora-canaria\/wp-json\/wp\/v2\/media?parent=1868"}],"curies":[{"name":"wp","href":"https:\/\/api.w.org\/{rel}","templated":true}]}}