{"id":1909,"date":"2022-10-25T10:39:06","date_gmt":"2022-10-25T10:39:06","guid":{"rendered":"https:\/\/www.ull.es\/centros\/jardin-flora-canaria\/?page_id=1909"},"modified":"2023-04-11T09:04:05","modified_gmt":"2023-04-11T09:04:05","slug":"plantas-para-ayudar-polinizadores","status":"publish","type":"page","link":"https:\/\/www.ull.es\/centros\/jardin-flora-canaria\/plantas-para-ayudar-polinizadores\/","title":{"rendered":"Plantas para ayudar a los polinizadores"},"content":{"rendered":"<p>[vc_row full_width=\u00bbstretch_row_content\u00bb el_class=\u00bbprincipio-marcha\u00bb][vc_column css=\u00bb.vc_custom_1588939369209{padding-top: 40px !important;}\u00bb][vc_custom_heading text=\u00bbPLANTAS PARA ATRAER A LOS POLINIZADORES\u00bb font_container=\u00bbtag:h2|text_align:center|color:%23ffffff\u00bb use_theme_fonts=\u00bbyes\u00bb css_animation=\u00bbfadeInDownBig\u00bb][\/vc_column][\/vc_row][vc_row content_placement=\u00bbmiddle\u00bb][vc_column width=\u00bb1\/2&#8243;][vc_empty_space height=\u00bb60px\u00bb][\/vc_column][vc_column width=\u00bb1\/2&#8243;][vc_empty_space height=\u00bb60px\u00bb][\/vc_column][\/vc_row][vc_row equal_height=\u00bbyes\u00bb content_placement=\u00bbmiddle\u00bb][vc_column][vc_column_text]<\/p>\n<p><span style=\"font-weight: 400;\">Aunque el objetivo principal de un jard\u00edn es disfrutar de la observaci\u00f3n de sus plantas, con el dise\u00f1o adecuado puede convertirse en un aut\u00e9ntico refugio de biodiversidad. La presencia de plantas con flores atrae a una comunidad de insectos polinizadores, que ser\u00e1 tanto m\u00e1s diversa cuanto mayor sea la variedad de flores disponibles. Cada especie de planta atrae a unos determinados polinizadores, de forma que hay especies que son m\u00e1s atractivas para abejas o para mariposas, y otras son preferidas por moscas, por ejemplo. Hay incluso plantas, llamadas super generalistas, cuyas flores reciben las visitas de un enorme espectro de insectos diferentes.<\/span>[\/vc_column_text][\/vc_column][\/vc_row][vc_row equal_height=\u00bbyes\u00bb content_placement=\u00bbmiddle\u00bb][vc_column][vc_single_image image=\u00bb2724&#8243; img_size=\u00bbfull\u00bb alignment=\u00bbcenter\u00bb][vc_empty_space height=\u00bb30px\u00bb][vc_column_text]<span style=\"font-weight: 400;\">Hemos plantado una gran variedad de especies nativas y end\u00e9micas, pues son las que mejor est\u00e1n adaptadas a nuestro clima y a nuestros polinizadores nativos, tras miles de a\u00f1os de evoluci\u00f3n conjunta. Por otro lado, hemos evitado usar plantas procedentes de otras islas, ya que pueden generar problemas de hibridaci\u00f3n, y hemos eliminado la mayor parte de plantas ornamentales ex\u00f3ticas, pues suelen ser m\u00e1s atractivas para los polinizadores introducidos que para los aut\u00f3ctonos y, en ciertos casos, podr\u00edan incluso llegar a escapar y expandirse en el medio natural. Y no solo son importantes las plantas cultivadas en el jard\u00edn, sino que tambi\u00e9n lo son muchas de las mal llamadas \u201cmalas hierbas\u201d que crecen espont\u00e1neamente, a las que hemos permitido su crecimiento controlado para aumentar la cantidad y diversidad de flores disponibles.<\/span>[\/vc_column_text][vc_empty_space height=\u00bb30px\u00bb][vc_btn title=\u00bb&#8216;Pl\u00e1ntate&#8217; para ayudar a los polinizadores canarios\u00bb color=\u00bbsuccess\u00bb size=\u00bblg\u00bb align=\u00bbcenter\u00bb button_block=\u00bbtrue\u00bb link=\u00bburl:https%3A%2F%2Fdrive.google.com%2Ffile%2Fd%2F1eTkq-XQ6qyapjZxQMwHxUwsyMNf7zfWg%2Fview%3Fusp%3Dshare_link|target:_blank\u00bb][vc_empty_space height=\u00bb30px\u00bb][vc_single_image image=\u00bb2723&#8243; img_size=\u00bbfull\u00bb alignment=\u00bbcenter\u00bb][vc_empty_space height=\u00bb30px\u00bb][vc_column_text]<span style=\"font-weight: 400;\">Entre las plantas del jard\u00edn m\u00e1s atractivas para los polinizadores se encuentran especies de la familia de las aster\u00e1ceas o compuestas, como la magarza (<\/span><i><span style=\"font-weight: 400;\">Argyranthemum frutescens<\/span><\/i><span style=\"font-weight: 400;\">) o el cerraj\u00f3n (<\/span><i><span style=\"font-weight: 400;\">Sonchus acaulis<\/span><\/i><span style=\"font-weight: 400;\">), y de la familia de las api\u00e1ceas o umbel\u00edferas, como la ca\u00f1aheja (<\/span><i><span style=\"font-weight: 400;\">Ferula linkii<\/span><\/i><span style=\"font-weight: 400;\">), el hinojo (<\/span><i><span style=\"font-weight: 400;\">Foeniculum vulgare<\/span><\/i><span style=\"font-weight: 400;\">) o la lechuga de mar (<\/span><i><span style=\"font-weight: 400;\">Astydamia latifolia<\/span><\/i><span style=\"font-weight: 400;\">). Tambi\u00e9n son visitadas con frecuencia la tabaiba amarga (<\/span><i><span style=\"font-weight: 400;\">Euphorbia lamarckii<\/span><\/i><span style=\"font-weight: 400;\">), la jara (<\/span><i><span style=\"font-weight: 400;\">Cistus monspeliensis<\/span><\/i><span style=\"font-weight: 400;\">), el alhel\u00ed de monte (<\/span><i><span style=\"font-weight: 400;\">Erysimum virescens<\/span><\/i><span style=\"font-weight: 400;\">) o el matorrisco (<\/span><i><span style=\"font-weight: 400;\">Lavandula canariensis<\/span><\/i><span style=\"font-weight: 400;\">). Entre las hierbas espont\u00e1neas del jard\u00edn son muy apetecidas por los polinizadores los cardos (<\/span><i><span style=\"font-weight: 400;\">Galactites tomentosus<\/span><\/i><span style=\"font-weight: 400;\">) o las cerrajas (Sonchus spp.).<\/span>[\/vc_column_text][vc_empty_space height=\u00bb30px\u00bb][\/vc_column][\/vc_row][vc_row][vc_column][vc_btn title=\u00bbJard\u00edn Canario: Campus Central\u00bb color=\u00bbpeacoc\u00bb size=\u00bblg\u00bb align=\u00bbcenter\u00bb button_block=\u00bbtrue\u00bb link=\u00bburl:https%3A%2F%2Fwww.ull.es%2Fcentros%2Fjardin-flora-canaria%2Fjardin-canario-campus-central%2F\u00bb][vc_empty_space height=\u00bb80px\u00bb][\/vc_column][\/vc_row]<\/p>\n","protected":false},"excerpt":{"rendered":"<p>[vc_row full_width=\u00bbstretch_row_content\u00bb el_class=\u00bbprincipio-marcha\u00bb][vc_column css=\u00bb.vc_custom_1588939369209{padding-top: 40px !important;}\u00bb][vc_custom_heading text=\u00bbPLANTAS PARA ATRAER A LOS POLINIZADORES\u00bb font_container=\u00bbtag:h2|text_align:center|color:%23ffffff\u00bb use_theme_fonts=\u00bbyes\u00bb css_animation=\u00bbfadeInDownBig\u00bb][\/vc_column][\/vc_row][vc_row content_placement=\u00bbmiddle\u00bb][vc_column width=\u00bb1\/2&#8243;][vc_empty_space height=\u00bb60px\u00bb][\/vc_column][vc_column width=\u00bb1\/2&#8243;][vc_empty_space height=\u00bb60px\u00bb][\/vc_column][\/vc_row][vc_row equal_height=\u00bbyes\u00bb content_placement=\u00bbmiddle\u00bb][vc_column][vc_column_text] Aunque el objetivo principal de un jard\u00edn es disfrutar de la observaci\u00f3n de sus plantas, con el dise\u00f1o adecuado puede convertirse en un aut\u00e9ntico refugio de biodiversidad. La presencia de plantas con flores&#8230;<\/p>\n","protected":false},"author":35,"featured_media":2724,"parent":0,"menu_order":0,"comment_status":"closed","ping_status":"closed","template":"templates\/template-frontpage.php","meta":[],"acf":[],"_links":{"self":[{"href":"https:\/\/www.ull.es\/centros\/jardin-flora-canaria\/wp-json\/wp\/v2\/pages\/1909"}],"collection":[{"href":"https:\/\/www.ull.es\/centros\/jardin-flora-canaria\/wp-json\/wp\/v2\/pages"}],"about":[{"href":"https:\/\/www.ull.es\/centros\/jardin-flora-canaria\/wp-json\/wp\/v2\/types\/page"}],"author":[{"embeddable":true,"href":"https:\/\/www.ull.es\/centros\/jardin-flora-canaria\/wp-json\/wp\/v2\/users\/35"}],"replies":[{"embeddable":true,"href":"https:\/\/www.ull.es\/centros\/jardin-flora-canaria\/wp-json\/wp\/v2\/comments?post=1909"}],"version-history":[{"count":7,"href":"https:\/\/www.ull.es\/centros\/jardin-flora-canaria\/wp-json\/wp\/v2\/pages\/1909\/revisions"}],"predecessor-version":[{"id":2831,"href":"https:\/\/www.ull.es\/centros\/jardin-flora-canaria\/wp-json\/wp\/v2\/pages\/1909\/revisions\/2831"}],"wp:featuredmedia":[{"embeddable":true,"href":"https:\/\/www.ull.es\/centros\/jardin-flora-canaria\/wp-json\/wp\/v2\/media\/2724"}],"wp:attachment":[{"href":"https:\/\/www.ull.es\/centros\/jardin-flora-canaria\/wp-json\/wp\/v2\/media?parent=1909"}],"curies":[{"name":"wp","href":"https:\/\/api.w.org\/{rel}","templated":true}]}}