{"id":1911,"date":"2022-10-25T10:39:56","date_gmt":"2022-10-25T10:39:56","guid":{"rendered":"https:\/\/www.ull.es\/centros\/jardin-flora-canaria\/?page_id=1911"},"modified":"2023-04-25T11:49:19","modified_gmt":"2023-04-25T11:49:19","slug":"importancia-de-la-sucesion-ecologica-en-el-jardin","status":"publish","type":"page","link":"https:\/\/www.ull.es\/centros\/jardin-flora-canaria\/importancia-de-la-sucesion-ecologica-en-el-jardin\/","title":{"rendered":"La importancia de la sucesi\u00f3n ecol\u00f3gica en el jard\u00edn"},"content":{"rendered":"<p>[vc_row full_width=\u00bbstretch_row_content\u00bb el_class=\u00bbprincipio-marcha\u00bb][vc_column css=\u00bb.vc_custom_1588939369209{padding-top: 40px !important;}\u00bb][vc_custom_heading text=\u00bbLA IMPORTANCIA DE LA SUCESI\u00d3N ECOL\u00d3GICA EN EL JARD\u00cdN\u00bb font_container=\u00bbtag:h2|text_align:center|color:%23ffffff\u00bb use_theme_fonts=\u00bbyes\u00bb css_animation=\u00bbfadeInDownBig\u00bb][\/vc_column][\/vc_row][vc_row content_placement=\u00bbmiddle\u00bb][vc_column width=\u00bb1\/2&#8243;][vc_empty_space height=\u00bb15px\u00bb][\/vc_column][vc_column width=\u00bb1\/2&#8243;][vc_empty_space height=\u00bb60px\u00bb][\/vc_column][\/vc_row][vc_row equal_height=\u00bbyes\u00bb content_placement=\u00bbmiddle\u00bb][vc_column width=\u00bb1\/2&#8243;][vc_single_image image=\u00bb2932&#8243; img_size=\u00bbfull\u00bb][vc_empty_space height=\u00bb30px\u00bb][\/vc_column][vc_column width=\u00bb1\/2&#8243;][vc_column_text]<span style=\"font-weight: 400;\">La <a href=\"https:\/\/drive.google.com\/file\/d\/1Wjan9xla17gl7MvZcIeeDHHh9A7292xz\/view?usp=share_link\" target=\"_blank\" rel=\"noopener\" target=\"_blank\" rel=\"noopener\"><strong>sucesi\u00f3n ecol\u00f3gica<\/strong><\/a> es un proceso de organizaci\u00f3n de un sistema natural complejo, en un biotopo, en el que se produce una secuencia de\u00a0cambios en las comunidades perceptibles en el tiempo y en el espacio. Se produce a trav\u00e9s de colonizaciones y extinciones locales de especies. Sus etapas son:<\/span><\/p>\n<ol>\n<li style=\"font-weight: 400;\" aria-level=\"2\"><span style=\"font-weight: 400;\">Preparaci\u00f3n del suelo.<\/span><\/li>\n<li style=\"font-weight: 400;\" aria-level=\"2\"><span style=\"font-weight: 400;\">Implantaci\u00f3n de las especies pioneras (bacterias, algas, hongos, insectos\u2026).<\/span><\/li>\n<li style=\"font-weight: 400;\" aria-level=\"2\"><span style=\"font-weight: 400;\">Formaci\u00f3n del suelo.<\/span><\/li>\n<li style=\"font-weight: 400;\" aria-level=\"2\"><span style=\"font-weight: 400;\">Asentamiento de las primeras especies herb\u00e1ceas.<\/span><\/li>\n<li style=\"font-weight: 400;\" aria-level=\"2\"><span style=\"font-weight: 400;\">Asentamiento de los primeros arbustos y \u00e1rboles.<\/span><\/li>\n<\/ol>\n<p>[\/vc_column_text][\/vc_column][\/vc_row][vc_row equal_height=\u00bbyes\u00bb content_placement=\u00bbmiddle\u00bb][vc_column width=\u00bb1\/2&#8243;][vc_empty_space height=\u00bb30px\u00bb][vc_column_text]<span style=\"font-weight: 400;\">La sucesi\u00f3n y la evoluci\u00f3n tienen tiempos\u00a0distintos, siendo generalmente m\u00e1s r\u00e1pida la sucesi\u00f3n ecol\u00f3gica que la evoluci\u00f3n. Ambos procesos tienden a favorecer la sucesi\u00f3n de especies generalistas por otras especializadas; en general, tienden a producir un aumento de complejidad del ecosistema. <\/span><span style=\"font-weight: 400;\">Durante las primeras etapas de la sucesi\u00f3n ecol\u00f3gica se presentan comunidades con\u00a0cadenas tr\u00f3ficas\u00a0sencillas y poca biodiversidad, pero que con el tiempo se van\u00a0transformando en ecosistemas complejos\u00a0donde existen m\u00e1s interacciones y una mayor riqueza y diversidad de seres vivos.<\/span>[\/vc_column_text][\/vc_column][vc_column width=\u00bb1\/2&#8243;][vc_single_image image=\u00bb2931&#8243; img_size=\u00bbfull\u00bb alignment=\u00bbcenter\u00bb][vc_empty_space height=\u00bb30px\u00bb][\/vc_column][\/vc_row][vc_row][vc_column][vc_empty_space height=\u00bb52px\u00bb][vc_btn title=\u00bbJard\u00edn Canario: Campus Central\u00bb color=\u00bbinfo\u00bb size=\u00bblg\u00bb align=\u00bbcenter\u00bb button_block=\u00bbtrue\u00bb link=\u00bburl:https%3A%2F%2Fwww.ull.es%2Fcentros%2Fjardin-flora-canaria%2Fjardin-canario-campus-central%2F|title:Jard%C3%ADn%20Canario%3A%20Campus%20Central\u00bb][vc_empty_space height=\u00bb52px\u00bb][\/vc_column][\/vc_row]<\/p>\n","protected":false},"excerpt":{"rendered":"<p>[vc_row full_width=\u00bbstretch_row_content\u00bb el_class=\u00bbprincipio-marcha\u00bb][vc_column css=\u00bb.vc_custom_1588939369209{padding-top: 40px !important;}\u00bb][vc_custom_heading text=\u00bbLA IMPORTANCIA DE LA SUCESI\u00d3N ECOL\u00d3GICA EN EL JARD\u00cdN\u00bb font_container=\u00bbtag:h2|text_align:center|color:%23ffffff\u00bb use_theme_fonts=\u00bbyes\u00bb css_animation=\u00bbfadeInDownBig\u00bb][\/vc_column][\/vc_row][vc_row content_placement=\u00bbmiddle\u00bb][vc_column width=\u00bb1\/2&#8243;][vc_empty_space height=\u00bb15px\u00bb][\/vc_column][vc_column width=\u00bb1\/2&#8243;][vc_empty_space height=\u00bb60px\u00bb][\/vc_column][\/vc_row][vc_row equal_height=\u00bbyes\u00bb content_placement=\u00bbmiddle\u00bb][vc_column width=\u00bb1\/2&#8243;][vc_single_image image=\u00bb2932&#8243; img_size=\u00bbfull\u00bb][vc_empty_space height=\u00bb30px\u00bb][\/vc_column][vc_column width=\u00bb1\/2&#8243;][vc_column_text]La sucesi\u00f3n ecol\u00f3gica es un proceso de organizaci\u00f3n de un sistema natural complejo, en un biotopo, en el que se produce una secuencia de\u00a0cambios en las&#8230;<\/p>\n","protected":false},"author":35,"featured_media":2534,"parent":0,"menu_order":0,"comment_status":"closed","ping_status":"closed","template":"templates\/template-frontpage.php","meta":[],"acf":[],"_links":{"self":[{"href":"https:\/\/www.ull.es\/centros\/jardin-flora-canaria\/wp-json\/wp\/v2\/pages\/1911"}],"collection":[{"href":"https:\/\/www.ull.es\/centros\/jardin-flora-canaria\/wp-json\/wp\/v2\/pages"}],"about":[{"href":"https:\/\/www.ull.es\/centros\/jardin-flora-canaria\/wp-json\/wp\/v2\/types\/page"}],"author":[{"embeddable":true,"href":"https:\/\/www.ull.es\/centros\/jardin-flora-canaria\/wp-json\/wp\/v2\/users\/35"}],"replies":[{"embeddable":true,"href":"https:\/\/www.ull.es\/centros\/jardin-flora-canaria\/wp-json\/wp\/v2\/comments?post=1911"}],"version-history":[{"count":6,"href":"https:\/\/www.ull.es\/centros\/jardin-flora-canaria\/wp-json\/wp\/v2\/pages\/1911\/revisions"}],"predecessor-version":[{"id":2975,"href":"https:\/\/www.ull.es\/centros\/jardin-flora-canaria\/wp-json\/wp\/v2\/pages\/1911\/revisions\/2975"}],"wp:featuredmedia":[{"embeddable":true,"href":"https:\/\/www.ull.es\/centros\/jardin-flora-canaria\/wp-json\/wp\/v2\/media\/2534"}],"wp:attachment":[{"href":"https:\/\/www.ull.es\/centros\/jardin-flora-canaria\/wp-json\/wp\/v2\/media?parent=1911"}],"curies":[{"name":"wp","href":"https:\/\/api.w.org\/{rel}","templated":true}]}}