{"id":1913,"date":"2022-10-25T10:41:09","date_gmt":"2022-10-25T10:41:09","guid":{"rendered":"https:\/\/www.ull.es\/centros\/jardin-flora-canaria\/?page_id=1913"},"modified":"2023-04-25T11:31:39","modified_gmt":"2023-04-25T11:31:39","slug":"bebederos-comederos-de-pajaros","status":"publish","type":"page","link":"https:\/\/www.ull.es\/centros\/jardin-flora-canaria\/bebederos-comederos-de-pajaros\/","title":{"rendered":"Bebederos y comederos de p\u00e1jaros"},"content":{"rendered":"<p>[vc_row full_width=\u00bbstretch_row_content\u00bb el_class=\u00bbprincipio-marcha\u00bb][vc_column css=\u00bb.vc_custom_1588939369209{padding-top: 40px !important;}\u00bb][vc_custom_heading text=\u00bbCOMEDEROS Y BEBEDEROS-DUCHAS PARA AVES URBANAS\u00bb font_container=\u00bbtag:h2|text_align:center|color:%23ffffff\u00bb use_theme_fonts=\u00bbyes\u00bb css_animation=\u00bbfadeInDownBig\u00bb][\/vc_column][\/vc_row][vc_row content_placement=\u00bbmiddle\u00bb][vc_column width=\u00bb1\/2&#8243;][vc_empty_space height=\u00bb15px\u00bb][\/vc_column][vc_column width=\u00bb1\/2&#8243;][vc_empty_space height=\u00bb60px\u00bb][\/vc_column][\/vc_row][vc_row equal_height=\u00bbyes\u00bb content_placement=\u00bbmiddle\u00bb][vc_column width=\u00bb1\/2&#8243;][vc_single_image image=\u00bb2938&#8243; img_size=\u00bbfull\u00bb][\/vc_column][vc_column width=\u00bb1\/2&#8243;][vc_column_text]<span style=\"font-weight: 400;\">En el Parque del Campus central hay<a href=\"https:\/\/drive.google.com\/file\/d\/1YR6p4Tw-OBAHJjpV01DQ3chr3bD9YkzD\/view?usp=share_link\" target=\"_blank\" rel=\"noopener\" target=\"_blank\" rel=\"noopener\"><strong> tres plataformas con comedero y bebedero para aves<\/strong><\/a> instaladas a dos metros de altura. Estos comederos tienen como objetivo seguir atrayendo a las aves y facilitando la alimentaci\u00f3n a las gran\u00edvoras cuando la disponibilidad de agua y alimento se reduce en la \u00e9poca estival.\u00a0<\/span><\/p>\n<p><span style=\"font-weight: 400;\">Su dise\u00f1o se compone de un poste lo suficientemente alto como para que los gatos y las ratas no puedan saltar desde el suelo hasta la plataforma, pues podr\u00edan depredar a las aves o su comida, en el caso de las ratas. El poste tambi\u00e9n es liso para evitar que escalen por \u00e9l.\u00a0<\/span><\/p>\n<p><span style=\"font-weight: 400;\">La plataforma tiene un techo para hacer sombra al recipiente donde se almacena el agua y que \u00e9sta no se caliente con el sol. La entrada a dicho recipiente dispone de una v\u00e1lvula cisterna de llenado autom\u00e1tico. Adjunto al bebedero se coloca un plato de barro que se rellena peri\u00f3dicamente con alpiste y otros granos apetecibles para las aves gran\u00edvoras. La plataforma tambi\u00e9n tiene un borde elevado para que el plato no se caiga en caso de que se mueva por el movimiento de las aves.<\/span>[\/vc_column_text][\/vc_column][\/vc_row][vc_row][vc_column css=\u00bb.vc_custom_1682414989875{margin-left: 50px !important;}\u00bb][vc_empty_space height=\u00bb52px\u00bb][vc_gallery type=\u00bbimage_grid\u00bb images=\u00bb2940,2939,2938,2937,2936,2935&#8243; img_size=\u00bb350 x 250&#8243; onclick=\u00bb\u00bb][vc_empty_space height=\u00bb52px\u00bb][\/vc_column][\/vc_row][vc_row][vc_column][vc_empty_space height=\u00bb52px\u00bb][vc_btn title=\u00bbJard\u00edn Canario: Campus Central\u00bb color=\u00bbinfo\u00bb size=\u00bblg\u00bb align=\u00bbcenter\u00bb button_block=\u00bbtrue\u00bb link=\u00bburl:https%3A%2F%2Fwww.ull.es%2Fcentros%2Fjardin-flora-canaria%2Fjardin-canario-campus-central%2F|title:Jard%C3%ADn%20Canario%3A%20Campus%20Central\u00bb][vc_empty_space][\/vc_column][\/vc_row]<\/p>\n","protected":false},"excerpt":{"rendered":"<p>[vc_row full_width=\u00bbstretch_row_content\u00bb el_class=\u00bbprincipio-marcha\u00bb][vc_column css=\u00bb.vc_custom_1588939369209{padding-top: 40px !important;}\u00bb][vc_custom_heading text=\u00bbCOMEDEROS Y BEBEDEROS-DUCHAS PARA AVES URBANAS\u00bb font_container=\u00bbtag:h2|text_align:center|color:%23ffffff\u00bb use_theme_fonts=\u00bbyes\u00bb css_animation=\u00bbfadeInDownBig\u00bb][\/vc_column][\/vc_row][vc_row content_placement=\u00bbmiddle\u00bb][vc_column width=\u00bb1\/2&#8243;][vc_empty_space height=\u00bb15px\u00bb][\/vc_column][vc_column width=\u00bb1\/2&#8243;][vc_empty_space height=\u00bb60px\u00bb][\/vc_column][\/vc_row][vc_row equal_height=\u00bbyes\u00bb content_placement=\u00bbmiddle\u00bb][vc_column width=\u00bb1\/2&#8243;][vc_single_image image=\u00bb2938&#8243; img_size=\u00bbfull\u00bb][\/vc_column][vc_column width=\u00bb1\/2&#8243;][vc_column_text]En el Parque del Campus central hay tres plataformas con comedero y bebedero para aves instaladas a dos metros de altura. Estos comederos tienen como objetivo seguir atrayendo a las&#8230;<\/p>\n","protected":false},"author":35,"featured_media":2712,"parent":0,"menu_order":0,"comment_status":"closed","ping_status":"closed","template":"templates\/template-frontpage.php","meta":[],"acf":[],"_links":{"self":[{"href":"https:\/\/www.ull.es\/centros\/jardin-flora-canaria\/wp-json\/wp\/v2\/pages\/1913"}],"collection":[{"href":"https:\/\/www.ull.es\/centros\/jardin-flora-canaria\/wp-json\/wp\/v2\/pages"}],"about":[{"href":"https:\/\/www.ull.es\/centros\/jardin-flora-canaria\/wp-json\/wp\/v2\/types\/page"}],"author":[{"embeddable":true,"href":"https:\/\/www.ull.es\/centros\/jardin-flora-canaria\/wp-json\/wp\/v2\/users\/35"}],"replies":[{"embeddable":true,"href":"https:\/\/www.ull.es\/centros\/jardin-flora-canaria\/wp-json\/wp\/v2\/comments?post=1913"}],"version-history":[{"count":7,"href":"https:\/\/www.ull.es\/centros\/jardin-flora-canaria\/wp-json\/wp\/v2\/pages\/1913\/revisions"}],"predecessor-version":[{"id":2968,"href":"https:\/\/www.ull.es\/centros\/jardin-flora-canaria\/wp-json\/wp\/v2\/pages\/1913\/revisions\/2968"}],"wp:featuredmedia":[{"embeddable":true,"href":"https:\/\/www.ull.es\/centros\/jardin-flora-canaria\/wp-json\/wp\/v2\/media\/2712"}],"wp:attachment":[{"href":"https:\/\/www.ull.es\/centros\/jardin-flora-canaria\/wp-json\/wp\/v2\/media?parent=1913"}],"curies":[{"name":"wp","href":"https:\/\/api.w.org\/{rel}","templated":true}]}}