{"id":1917,"date":"2022-10-25T10:45:11","date_gmt":"2022-10-25T10:45:11","guid":{"rendered":"https:\/\/www.ull.es\/centros\/jardin-flora-canaria\/?page_id=1917"},"modified":"2023-04-14T08:12:04","modified_gmt":"2023-04-14T08:12:04","slug":"no-estoy-muerta-estoy-descansando","status":"publish","type":"page","link":"https:\/\/www.ull.es\/centros\/jardin-flora-canaria\/no-estoy-muerta-estoy-descansando\/","title":{"rendered":"No estoy muerta estoy descansando"},"content":{"rendered":"<p>[vc_row full_width=\u00bbstretch_row_content\u00bb el_class=\u00bbprincipio-marcha\u00bb][vc_column css=\u00bb.vc_custom_1588939369209{padding-top: 40px !important;}\u00bb][vc_custom_heading text=\u00bbNO ESTOY MUERTA ESTOY DESCANSANDO\u00bb font_container=\u00bbtag:h2|text_align:center|color:%23ffffff\u00bb use_theme_fonts=\u00bbyes\u00bb css_animation=\u00bbfadeInDownBig\u00bb][\/vc_column][\/vc_row][vc_row equal_height=\u00bbyes\u00bb content_placement=\u00bbmiddle\u00bb][vc_column][vc_empty_space height=\u00bb30px\u00bb][vc_column_text]<span style=\"font-weight: 400;\">Las plantas presentan diversas estrategias que las ayudan a sobrevivir a las condiciones ambientales del lugar donde crecen, como hemos visto en las adaptaciones de las plantas. En este caso hablaremos de un proceso que sufren muchas especies de nuestra flora.<\/span><\/p>\n<p><span style=\"font-weight: 400;\">Estamos acostumbrados a ver fotos de paisajes de \u00e1rboles que al llegar el oto\u00f1o comienza a dejar secar su follaje para prepararse para los duros inviernos y no congelarse, son las llamadas especies caducas. En Canarias, las dos \u00fanicas especies que realizan este tipo de parada son <\/span><i><span style=\"font-weight: 400;\">Pistacia atlantica<\/span><\/i><span style=\"font-weight: 400;\"> (Alm\u00e1cigo) y <\/span><i><span style=\"font-weight: 400;\">Salix canariensis<\/span><\/i><span style=\"font-weight: 400;\"> (Sauce canario), aunque incluso estos dos \u00e1rboles no llegan a realizarla de manera total.<\/span><\/p>\n<p><span style=\"font-weight: 400;\">Sin embargo, las especies perennes, las no caducas, realizan una parada o descanso en los meses estivales cuando las condiciones de escasez de agua, elevadas insolaci\u00f3n e incidencia de los vientos, son m\u00e1s duras. Debido a estos factores dejan caer su follaje al suelo limitando con ello la evapotranspiraci\u00f3n y no morir por deshidrataci\u00f3n.<\/span><\/p>\n<p style=\"text-align: left;\"><span style=\"font-weight: 400;\">Por ello debemos de entender que en verano la mayor\u00eda de especies que componen este parque se encontrar\u00e1n en dicha parada estival, pareciendo un jard\u00edn seco, aunque no muerto.\u00a0<\/span><\/p>\n<p>[\/vc_column_text][vc_empty_space height=\u00bb30px\u00bb][vc_empty_space height=\u00bb30px\u00bb][\/vc_column][\/vc_row][vc_row equal_height=\u00bbyes\u00bb content_placement=\u00bbmiddle\u00bb][vc_column width=\u00bb1\/2&#8243;][vc_single_image image=\u00bb2852&#8243; img_size=\u00bb555PX X 313PX\u00bb alignment=\u00bbcenter\u00bb][\/vc_column][vc_column width=\u00bb1\/2&#8243;][vc_single_image image=\u00bb2851&#8243; img_size=\u00bbfull\u00bb alignment=\u00bbcenter\u00bb][\/vc_column][\/vc_row][vc_row equal_height=\u00bbyes\u00bb content_placement=\u00bbmiddle\u00bb][vc_column][vc_empty_space height=\u00bb30px\u00bb][vc_column_text]<\/p>\n<h4 style=\"text-align: center;\"><span style=\"font-weight: 400;\">Estas dos fotos han sido tomadas en enero, tras un oto\u00f1o lluvioso (izquierda) y tras un oto\u00f1o sin lluvias (derecha).<\/span><\/h4>\n<p>[\/vc_column_text][\/vc_column][\/vc_row][vc_row][vc_column][vc_empty_space height=\u00bb30px\u00bb][vc_btn title=\u00bbEl caso de canarias es muy particular\u00bb style=\u00bbclassic\u00bb color=\u00bbviolet\u00bb size=\u00bblg\u00bb align=\u00bbcenter\u00bb button_block=\u00bbtrue\u00bb link=\u00bburl:https%3A%2F%2Fdrive.google.com%2Ffile%2Fd%2F1vOFj-9tzEbCb0jHrLtZ1E_RZ2mIDi-ig%2Fview%3Fusp%3Dshare_link|title:El%20caso%20de%20canarias%20es%20muy%20particular%20|target:_blank\u00bb][vc_empty_space height=\u00bb30px\u00bb][vc_single_image image=\u00bb2850&#8243; img_size=\u00bbfull\u00bb alignment=\u00bbcenter\u00bb][vc_empty_space height=\u00bb30px\u00bb][vc_btn title=\u00bbJard\u00edn Canario: Campus Central\u00bb style=\u00bbclassic\u00bb color=\u00bbpeacoc\u00bb size=\u00bblg\u00bb align=\u00bbcenter\u00bb button_block=\u00bbtrue\u00bb link=\u00bburl:https%3A%2F%2Fwww.ull.es%2Fcentros%2Fjardin-flora-canaria%2Fjardin-canario-campus-central%2F|title:Volver%20a%20la%20p%C3%A1gina%20del%20jard%C3%ADn%20central\u00bb][vc_empty_space height=\u00bb30px\u00bb][vc_empty_space height=\u00bb30px\u00bb][\/vc_column][\/vc_row][vc_row][vc_column][\/vc_column][\/vc_row]<\/p>\n","protected":false},"excerpt":{"rendered":"<p>[vc_row full_width=\u00bbstretch_row_content\u00bb el_class=\u00bbprincipio-marcha\u00bb][vc_column css=\u00bb.vc_custom_1588939369209{padding-top: 40px !important;}\u00bb][vc_custom_heading text=\u00bbNO ESTOY MUERTA ESTOY DESCANSANDO\u00bb font_container=\u00bbtag:h2|text_align:center|color:%23ffffff\u00bb use_theme_fonts=\u00bbyes\u00bb css_animation=\u00bbfadeInDownBig\u00bb][\/vc_column][\/vc_row][vc_row equal_height=\u00bbyes\u00bb content_placement=\u00bbmiddle\u00bb][vc_column][vc_empty_space height=\u00bb30px\u00bb][vc_column_text]Las plantas presentan diversas estrategias que las ayudan a sobrevivir a las condiciones ambientales del lugar donde crecen, como hemos visto en las adaptaciones de las plantas. En este caso hablaremos de un proceso que sufren muchas especies de&#8230;<\/p>\n","protected":false},"author":35,"featured_media":2716,"parent":0,"menu_order":0,"comment_status":"closed","ping_status":"closed","template":"templates\/template-frontpage.php","meta":[],"acf":[],"_links":{"self":[{"href":"https:\/\/www.ull.es\/centros\/jardin-flora-canaria\/wp-json\/wp\/v2\/pages\/1917"}],"collection":[{"href":"https:\/\/www.ull.es\/centros\/jardin-flora-canaria\/wp-json\/wp\/v2\/pages"}],"about":[{"href":"https:\/\/www.ull.es\/centros\/jardin-flora-canaria\/wp-json\/wp\/v2\/types\/page"}],"author":[{"embeddable":true,"href":"https:\/\/www.ull.es\/centros\/jardin-flora-canaria\/wp-json\/wp\/v2\/users\/35"}],"replies":[{"embeddable":true,"href":"https:\/\/www.ull.es\/centros\/jardin-flora-canaria\/wp-json\/wp\/v2\/comments?post=1917"}],"version-history":[{"count":14,"href":"https:\/\/www.ull.es\/centros\/jardin-flora-canaria\/wp-json\/wp\/v2\/pages\/1917\/revisions"}],"predecessor-version":[{"id":2893,"href":"https:\/\/www.ull.es\/centros\/jardin-flora-canaria\/wp-json\/wp\/v2\/pages\/1917\/revisions\/2893"}],"wp:featuredmedia":[{"embeddable":true,"href":"https:\/\/www.ull.es\/centros\/jardin-flora-canaria\/wp-json\/wp\/v2\/media\/2716"}],"wp:attachment":[{"href":"https:\/\/www.ull.es\/centros\/jardin-flora-canaria\/wp-json\/wp\/v2\/media?parent=1917"}],"curies":[{"name":"wp","href":"https:\/\/api.w.org\/{rel}","templated":true}]}}