{"id":214,"date":"2019-05-27T12:12:05","date_gmt":"2019-05-27T12:12:05","guid":{"rendered":"http:\/\/www.ull.es\/centros\/jardin-botanico-wildpret\/?page_id=214"},"modified":"2025-06-25T10:11:37","modified_gmt":"2025-06-25T10:11:37","slug":"arboles","status":"publish","type":"page","link":"https:\/\/www.ull.es\/centros\/jardin-flora-canaria\/","title":{"rendered":"Inicio"},"content":{"rendered":"<p>[vc_row full_width=\u00bbstretch_row_content_no_spaces\u00bb][vc_column][rev_slider_vc alias=\u00bbslider-jardin-flora-canaria\u00bb][\/vc_column][\/vc_row][vc_row][vc_column][vc_empty_space][vc_column_text]<\/p>\n<p style=\"text-align: center;\"><strong>Canarias alberga una gran diversidad de h\u00e1bitats con diferentes tipos de vegetaci\u00f3n propia que responden a diferentes oleadas colonizadoras. Asociadas a ellas hay una rica flora con alta proporci\u00f3n de endemismos. Su alta biodiversidad confiere al archipi\u00e9lago una posici\u00f3n relevante en el hotspot Mediterr\u00e1neo<\/strong><\/p>\n<p style=\"text-align: center;\"><b>Marcelino del Arco Aguilar<\/b><span style=\"font-weight: 400;\"> (Catedr\u00e1tico de Bot\u00e1nica de la ULL)<\/span><\/p>\n<p>[\/vc_column_text][\/vc_column][\/vc_row][vc_row][vc_column][vc_empty_space height=\u00bb20px\u00bb][vc_column_text]<span style=\"font-weight: 400;\">Los <\/span><b><i>hotspot<\/i><\/b> <span style=\"font-weight: 400;\">o puntos calientes de biodiversidad del planeta, son aquellas regiones que contienen una biodiversidad end\u00e9mica muy rica, y que adem\u00e1s cuentan con un elevado porcentaje de biodiversidad amenazada<\/span>[\/vc_column_text][vc_single_image image=\u00bb1561&#8243; img_size=\u00bbfull\u00bb][vc_column_text]<\/p>\n<p style=\"text-align: center;\"><span style=\"font-weight: 400; font-size: 11px;\">Hotspot o puntos calientes de Biodiversidad mundial. <a href=\"https:\/\/www.conservation.org\/\" target=\"_blank\" rel=\"noopener\">Fuente<\/a><\/span><\/p>\n<p>[\/vc_column_text][vc_empty_space height=\u00bb20px\u00bb][vc_column_text]<span style=\"font-weight: 400;\">Canarias alberga una flora muy singular que tras llegar a las islas inici\u00f3 un proceso de evoluci\u00f3n complejo. Las oleadas colonizadoras se han sucedido constantemente, y no solo en el sentido continente-archipi\u00e9lago, sino tambi\u00e9n en el sentido contrario, como se sospecha que pudo ser el caso del g\u00e9nero <\/span><a href=\"http:\/\/www.ull.es\/centros\/jardin-flora-canaria\/wp-content\/uploads\/sites\/31\/2022\/10\/PDF-0_compressed.pdf\" target=\"_blank\" rel=\"noopener\" target=\"_blank\" rel=\"noopener\"><b>Echium, <\/b><\/a><span style=\"font-weight: 400;\">al que pertenecen los tajinastes, y que se encuentra actualmente en estudio. <\/span>[\/vc_column_text][\/vc_column][\/vc_row][vc_row full_width=\u00bbstretch_row\u00bb css=\u00bb.vc_custom_1653482577879{padding-right: 15% !important;padding-left: 15% !important;}\u00bb][vc_column][vc_empty_space][vc_row_inner][vc_column_inner width=\u00bb1\/2&#8243;][vc_column_text]<\/p>\n<h2 style=\"text-align: center; background: linear-gradient(90deg, rgba(148,13,238,1) 0%, rgba(252,176,69,1) 100%); color: #ffffff; padding: 16px;\"><a style=\"color: #ffffff; font-weight: 500; font-size: 23px;\" href=\"https:\/\/www.ull.es\/centros\/jardin-flora-canaria\/islas-volcanicas-territorio-a-conquistar\/\" target=\"_blank\" rel=\"noopener\">Islas volc\u00e1nicas: territorio a conquistar<\/a><\/h2>\n<p>[\/vc_column_text][\/vc_column_inner][vc_column_inner width=\u00bb1\/2&#8243;][vc_column_text]<\/p>\n<h2 style=\"text-align: center; background: linear-gradient(90deg, rgba(148,13,238,1) 0%, rgba(252,176,69,1) 100%); color: #ffffff; padding: 16px;\"><a style=\"color: #ffffff; font-weight: 500; font-size: 23px;\" href=\"https:\/\/www.ull.es\/centros\/jardin-flora-canaria\/islas-volcanicas-el-aislamiento-como-motor-de-la-evolucion\/\" target=\"_blank\" rel=\"noopener\">Islas volc\u00e1nicas: el aislamiento como motor de la evoluci\u00f3n<\/a><\/h2>\n<p>[\/vc_column_text][\/vc_column_inner][\/vc_row_inner][vc_empty_space][vc_row_inner][vc_column_inner width=\u00bb1\/2&#8243;][vc_column_text]<\/p>\n<h2 style=\"text-align: center; background: linear-gradient(90deg, rgba(148,13,238,1) 0%, rgba(252,176,69,1) 100%); color: #ffffff; padding: 16px;\"><a style=\"color: #ffffff; font-weight: 500; font-size: 23px;\" href=\"https:\/\/www.ull.es\/centros\/jardin-flora-canaria\/pisos-de-vegetacion-de-canarias\/\" target=\"_blank\" rel=\"noopener\">Pisos de vegetaci\u00f3n de Canarias<\/a><\/h2>\n<p>[\/vc_column_text][\/vc_column_inner][vc_column_inner width=\u00bb1\/2&#8243;][vc_column_text]<\/p>\n<h2 style=\"text-align: center; background: linear-gradient(90deg, rgba(148,13,238,1) 0%, rgba(252,176,69,1) 100%); color: #ffffff; padding: 16px;\"><a style=\"color: #ffffff; font-weight: 500; font-size: 23px;\" href=\"https:\/\/www.ull.es\/centros\/jardin-flora-canaria\/listado-floristico\/\" target=\"_blank\" rel=\"noopener\">Listado flor\u00edstico<\/a><\/h2>\n<p>[\/vc_column_text][\/vc_column_inner][\/vc_row_inner][vc_empty_space][vc_row_inner][vc_column_inner width=\u00bb1\/2&#8243;][vc_column_text]<\/p>\n<h2 style=\"text-align: center; background: linear-gradient(90deg, rgba(148,13,238,1) 0%, rgba(252,176,69,1) 100%); color: #ffffff; padding: 16px;\"><a style=\"color: #ffffff; font-weight: 500; font-size: 23px;\" href=\"https:\/\/www.ull.es\/centros\/jardin-flora-canaria\/jardin-canario-campus-central\/\" target=\"_blank\" rel=\"noopener\">Jard\u00edn Canario: Campus Central<\/a><\/h2>\n<p>[\/vc_column_text][\/vc_column_inner][vc_column_inner width=\u00bb1\/2&#8243;][\/vc_column_inner][\/vc_row_inner][\/vc_column][\/vc_row][vc_row][vc_column][vc_empty_space][\/vc_column][\/vc_row][vc_row css=\u00bb.vc_custom_1523383245901{margin-top: 30px !important;}\u00bb][vc_column width=\u00bb1\/3&#8243;][vc_column_text]<style>\n    .news-group .bg-size {\n        background-position: center;\n        background-size: cover;\n        width: 100%;\n        height: 48px;\n    }\n    .news-group .list-group-item-text {\n        font-size: 13px;\n    }\n    .news-group .col-md-3 {\n        padding-right: 0;\n    }\n    .news-group .list-group-item-date {\n        font-size: 11px;\n        color: #A4A4A4;\n        margin-bottom: 2px;\n        text-transform: uppercase;\n    }\n\n    .mensaje.alert-warning{\n        font-size: 12px;\n        margin: 14px !important;\n        padding: 4px 8px;\n        color: #cca60b;\n    }\n<\/style>\n\n<div class=\"panel panel-default\">\n    <div class=\"panel-heading\">\n        <h3 class=\"panel-title\">Noticias<\/h3>\n    <\/div>\n\n    <div class=\"list-group news-group\">\n                    <a href=\"https:\/\/www.ull.es\/portal\/noticias\/2026\/la-ull-inaugura-un-nuevo-invernadero-de-flora-canaria-en-el-dia-mundial-de-la-vida-silvestre\/\" class=\"list-group-item\">\n                <div class=\"row\">\n                    <div class=\"col-md-3\">\n                        <div class=\"bg-size\" style=\"background-image: url('https:\/\/www.ull.es\/portal\/noticias\/wp-content\/uploads\/sites\/13\/2026\/03\/Invernadero-Campus-Central-13-300x200.jpg');\"><\/div>\n                    <\/div>\n                    <div class=\"col-md-9\">\n                        <p class=\"list-group-item-date\">\n                            10 Mar 2026 - 15:13 UTC                        <\/p>\n                        <p class=\"list-group-item-text\">La ULL inaugura un nuevo invernadero de flora canaria en el D\u00eda Mundial de la Vida Silvestre<\/p>\n                    <\/div>\n                <\/div>\n            <\/a>\n                    <a href=\"https:\/\/www.ull.es\/portal\/noticias\/2026\/ull-registra-fuella-carbono-2024\/\" class=\"list-group-item\">\n                <div class=\"row\">\n                    <div class=\"col-md-3\">\n                        <div class=\"bg-size\" style=\"background-image: url('https:\/\/www.ull.es\/portal\/noticias\/wp-content\/uploads\/sites\/13\/2026\/03\/fotovolaica-piramide-300x200.jpg');\"><\/div>\n                    <\/div>\n                    <div class=\"col-md-9\">\n                        <p class=\"list-group-item-date\">\n                            05 Mar 2026 - 12:51 UTC                        <\/p>\n                        <p class=\"list-group-item-text\">La ULL registra su huella de carbono de 2024 en la Oficina Espa\u00f1ola de Cambio Clim\u00e1tico<\/p>\n                    <\/div>\n                <\/div>\n            <\/a>\n                    <a href=\"https:\/\/www.ull.es\/portal\/noticias\/2025\/alumnado-de-grados-de-la-ull-expone-proyectos-fruto-de-la-renovacion-pedagogica-y-la-sostenibilidad\/\" class=\"list-group-item\">\n                <div class=\"row\">\n                    <div class=\"col-md-3\">\n                        <div class=\"bg-size\" style=\"background-image: url('https:\/\/www.ull.es\/portal\/noticias\/wp-content\/uploads\/sites\/13\/2025\/12\/hibridacion-2-300x200.jpg');\"><\/div>\n                    <\/div>\n                    <div class=\"col-md-9\">\n                        <p class=\"list-group-item-date\">\n                            15 Dec 2025 - 11:41 UTC                        <\/p>\n                        <p class=\"list-group-item-text\">Alumnado de la ULL expone proyectos fruto de la renovaci\u00f3n pedag\u00f3gica y la sostenibilidad<\/p>\n                    <\/div>\n                <\/div>\n            <\/a>\n                    <a href=\"https:\/\/www.ull.es\/portal\/noticias\/2025\/ull-logra-reconocimiento-global-sostenibilidad-ambiental-ambito-universitario\/\" class=\"list-group-item\">\n                <div class=\"row\">\n                    <div class=\"col-md-3\">\n                        <div class=\"bg-size\" style=\"background-image: url('https:\/\/www.ull.es\/portal\/noticias\/wp-content\/uploads\/sites\/13\/2025\/10\/reconocimento-ull-sostenibilidad-300x200.jpg');\"><\/div>\n                    <\/div>\n                    <div class=\"col-md-9\">\n                        <p class=\"list-group-item-date\">\n                            31 Oct 2025 - 14:09 UTC                        <\/p>\n                        <p class=\"list-group-item-text\">La ULL logra por primera vez el reconocimiento global de sostenibilidad ambiental en el \u00e1mbito universitario espa\u00f1ol<\/p>\n                    <\/div>\n                <\/div>\n            <\/a>\n                    <a href=\"https:\/\/www.ull.es\/portal\/noticias\/2025\/el-proyecto-de-energia-fotovoltaica-de-la-ull-producira-un-tercio-de-la-electricidad-de-la-institucion-academica\/\" class=\"list-group-item\">\n                <div class=\"row\">\n                    <div class=\"col-md-3\">\n                        <div class=\"bg-size\" style=\"background-image: url('https:\/\/www.ull.es\/portal\/noticias\/wp-content\/uploads\/sites\/13\/2025\/08\/Ahorro-energetico-06-300x200.jpg');\"><\/div>\n                    <\/div>\n                    <div class=\"col-md-9\">\n                        <p class=\"list-group-item-date\">\n                            01 Aug 2025 - 13:32 UTC                        <\/p>\n                        <p class=\"list-group-item-text\">El proyecto de energ\u00eda fotovoltaica de la ULL producir\u00e1 un tercio de la electricidad de la instituci\u00f3n acad\u00e9mica<\/p>\n                    <\/div>\n                <\/div>\n            <\/a>\n            <\/div>\n    <div class=\"panel-footer\">\n        <a href=\"https:\/\/www.ull.es\/portal\/noticias\/?cat=5232\">M\u00c1S NOTICIAS <i class=\"fa fa-chevron-right\"><\/i><\/a>\n    <\/div>\n\n\n<\/div>[\/vc_column_text][\/vc_column][vc_column width=\u00bb1\/3&#8243;][vc_column_text]\n<style>\n    .events-group .bg-size {\n        background-position: center;\n        background-size: cover;\n        width: 100%;\n        height: 48px;\n    }\n    .events-group .list-group-item-text {\n        font-size: 13px;\n    }\n    .events-group .col-md-3 {\n        padding-right: 0;\n    }\n    .events-group .list-group-item-date {\n        font-size: 11px;\n        color: #A4A4A4;\n        margin-bottom: 2px;\n        text-transform: uppercase;\n    }\n\n    .mensaje.alert-warning{\n        font-size: 12px;\n        margin: 14px !important;\n        padding: 4px 8px;\n        color: #cca60b;\n    }\n\n<\/style>\n\n<div class=\"panel panel-default\">\n    <div class=\"panel-heading\">\n        <h3 class=\"panel-title\">Eventos<\/h3>\n    <\/div>\n\n    <div class=\"list-group events-group\">\n\n        <div class=\"mensaje alert alert-warning\">No hay eventos disponibles.<\/div>\n    <\/div>\n\n\n<\/div>\n[\/vc_column_text][\/vc_column][vc_column width=\u00bb1\/3&#8243;][vc_column_text]<\/p>\n<div class=\"wpb_wrapper\">\n<div class=\"wpb_text_column wpb_content_element \">\n<div class=\"wpb_wrapper\">\n<ul class=\"widget-box\">\n<li style=\"list-style-type: none;\">\n<ul class=\"widget-box\">\n<li class=\"contacto-header\">Informaci\u00f3n de contacto<\/li>\n<li>Servicio de Parques y Jardines<\/li>\n<li><i class=\"fa fa-map-marker\"><\/i> C\/ Profesor Jos\u00e9 Luis Moreno Becerra s\/n. Campus de Guajara.<br \/>\n38200. San Crist\u00f3bal de La Laguna. S\/C de Tenerife.<\/li>\n<li><i class=\"fa fa-phone\"><\/i>(+34) 922 31 74 64<\/li>\n<\/ul>\n<\/li>\n<\/ul>\n<\/div>\n<\/div>\n<\/div>\n<p>[\/vc_column_text][\/vc_column][\/vc_row]<\/p>\n","protected":false},"excerpt":{"rendered":"<p>[vc_row full_width=\u00bbstretch_row_content_no_spaces\u00bb][vc_column][rev_slider_vc alias=\u00bbslider-jardin-flora-canaria\u00bb][\/vc_column][\/vc_row][vc_row][vc_column][vc_empty_space][vc_column_text] Canarias alberga una gran diversidad de h\u00e1bitats con diferentes tipos de vegetaci\u00f3n propia que responden a diferentes oleadas colonizadoras. Asociadas a ellas hay una rica flora con alta proporci\u00f3n de endemismos. Su alta biodiversidad confiere al archipi\u00e9lago una posici\u00f3n relevante en el hotspot Mediterr\u00e1neo Marcelino del Arco Aguilar (Catedr\u00e1tico de Bot\u00e1nica de&#8230;<\/p>\n","protected":false},"author":37,"featured_media":0,"parent":0,"menu_order":0,"comment_status":"closed","ping_status":"closed","template":"templates\/template-frontpage.php","meta":[],"acf":[],"_links":{"self":[{"href":"https:\/\/www.ull.es\/centros\/jardin-flora-canaria\/wp-json\/wp\/v2\/pages\/214"}],"collection":[{"href":"https:\/\/www.ull.es\/centros\/jardin-flora-canaria\/wp-json\/wp\/v2\/pages"}],"about":[{"href":"https:\/\/www.ull.es\/centros\/jardin-flora-canaria\/wp-json\/wp\/v2\/types\/page"}],"author":[{"embeddable":true,"href":"https:\/\/www.ull.es\/centros\/jardin-flora-canaria\/wp-json\/wp\/v2\/users\/37"}],"replies":[{"embeddable":true,"href":"https:\/\/www.ull.es\/centros\/jardin-flora-canaria\/wp-json\/wp\/v2\/comments?post=214"}],"version-history":[{"count":54,"href":"https:\/\/www.ull.es\/centros\/jardin-flora-canaria\/wp-json\/wp\/v2\/pages\/214\/revisions"}],"predecessor-version":[{"id":2980,"href":"https:\/\/www.ull.es\/centros\/jardin-flora-canaria\/wp-json\/wp\/v2\/pages\/214\/revisions\/2980"}],"wp:attachment":[{"href":"https:\/\/www.ull.es\/centros\/jardin-flora-canaria\/wp-json\/wp\/v2\/media?parent=214"}],"curies":[{"name":"wp","href":"https:\/\/api.w.org\/{rel}","templated":true}]}}