{"id":2399,"date":"2023-03-09T09:52:09","date_gmt":"2023-03-09T09:52:09","guid":{"rendered":"https:\/\/www.ull.es\/centros\/jardin-flora-canaria\/?page_id=2399"},"modified":"2023-04-25T09:33:35","modified_gmt":"2023-04-25T09:33:35","slug":"jardin-canario-campus-central","status":"publish","type":"page","link":"https:\/\/www.ull.es\/centros\/jardin-flora-canaria\/jardin-canario-campus-central\/","title":{"rendered":"Jard\u00edn Canario: Campus Central"},"content":{"rendered":"<p>[vc_row full_width=\u00bbstretch_row_content_no_spaces\u00bb content_placement=\u00bbmiddle\u00bb css=\u00bb.vc_custom_1678722733090{background-position: center !important;background-repeat: no-repeat !important;background-size: contain !important;}\u00bb el_class=\u00bbprincipio-marchas\u00bb][vc_column][vc_custom_heading source=\u00bbpost_title\u00bb font_container=\u00bbtag:h2|text_align:center|color:%23ffffff\u00bb use_theme_fonts=\u00bbyes\u00bb css_animation=\u00bbfadeInDownBig\u00bb css=\u00bb.vc_custom_1678722761058{padding-top: 0px !important;padding-bottom: 0px !important;background-position: center !important;background-repeat: no-repeat !important;background-size: cover !important;}\u00bb][\/vc_column][\/vc_row][vc_row css=\u00bb.vc_custom_1678719902945{background-position: center !important;background-repeat: no-repeat !important;background-size: contain !important;}\u00bb][vc_column][vc_single_image image=\u00bb2406&#8243; img_size=\u00bbfull\u00bb][\/vc_column][\/vc_row][vc_row content_placement=\u00bbmiddle\u00bb css=\u00bb.vc_custom_1678719059193{padding-right: 0px !important;padding-left: 0px !important;}\u00bb][vc_column][vc_column_text]<\/p>\n<h2><a href=\"https:\/\/drive.google.com\/file\/d\/1zwMypG8l-QWVyzqEu-I0qsKNEZbic2bA\/view?usp=share_link\" target=\"_blank\" rel=\"noopener\" target=\"_blank\" rel=\"noopener\">Jard\u00edn Canario: Campus Central<\/a><\/h2>\n<p>El Servicio de Parques y Jardines de la Universidad de La Laguna crea lugares verdes, lo m\u00e1s naturales posibles y con una baja influencia humana. As\u00ed se cierra el ciclo natural de la vida dentro del espacio y le da el m\u00e1ximo valor a todos los elementos desde los m\u00e1s peque\u00f1os e invisibles que componen el suelo, hasta los m\u00e1s grandes y visibles, como un gran \u00e1rbol, d\u00e1ndole a todos los elementos la misma importancia.<\/p>\n<p>En este caso, se ha utilizado la vegetaci\u00f3n natural de la isla de Tenerife.<\/p>\n<p>En la Mesa de Interpretaci\u00f3n de los Pisos de Vegetaci\u00f3n de Canarias, donde se explica el origen y formaci\u00f3n de las islas Canarias, y en concreto al proceso de colonizaci\u00f3n y evoluci\u00f3n de las plantas en Canarias, se han descrito los seis tipos diferentes de pisos de vegetaci\u00f3n existentes en el archipi\u00e9lago.<\/p>\n<p>Desde hace cientos de a\u00f1os, naturalistas en su momento y cient\u00edficos de diferentes especialidades en otro, han visitado las islas Canarias, convirti\u00e9ndo las islas en un laboratorio natural.[\/vc_column_text][vc_empty_space height=\u00bb50px\u00bb][vc_column_text]<\/p>\n<h2 style=\"text-align: center; background: linear-gradient(90deg, rgba(148,13,238,1) 0%, rgba(252,176,69,1) 100%); color: #ffffff; padding: 16px;\"><a style=\"color: #ffffff; font-weight: 500; font-size: 23px;\" href=\"https:\/\/drive.google.com\/file\/d\/19RwuHelLSLVZuSDGk-Vo4jvuJfzknAsa\/view?usp=share_link\" target=\"_blank\" rel=\"noopener\" target=\"_blank\" rel=\"noopener\">Historia de Canarias<\/a><\/h2>\n<p>[\/vc_column_text][vc_empty_space height=\u00bb50px\u00bb][\/vc_column][\/vc_row][vc_row full_width=\u00bbstretch_row_content\u00bb content_placement=\u00bbmiddle\u00bb css=\u00bb.vc_custom_1678723310109{margin-right: 0px !important;margin-left: 0px !important;padding-right: 0px !important;padding-left: 0px !important;background-image: url(http:\/\/www.ull.es\/centros\/jardin-flora-canaria\/wp-content\/uploads\/sites\/31\/2023\/03\/Foto-mesa-mapa-interpretacion.jpg?id=2418) !important;background-position: center !important;background-repeat: no-repeat !important;background-size: cover !important;}\u00bb][vc_column][vc_empty_space height=\u00bb300px\u00bb][\/vc_column][\/vc_row][vc_row content_placement=\u00bbmiddle\u00bb css=\u00bb.vc_custom_1678719037577{padding-right: 0px !important;padding-left: 0px !important;}\u00bb][vc_column][vc_column_text]<\/p>\n<h4><\/h4>\n<p>Este <a href=\"https:\/\/drive.google.com\/file\/d\/1zwMypG8l-QWVyzqEu-I0qsKNEZbic2bA\/view?usp=share_link\" target=\"_blank\" rel=\"noopener\" target=\"_blank\" rel=\"noopener\"><strong>Parque Central<\/strong><\/a> se convierte en un modelo de jardiner\u00eda diferente, en la cual\u00a0 la menor antropizaci\u00f3n posible se convierte en una premisa de este espacio.[\/vc_column_text][vc_empty_space height=\u00bb50px\u00bb][vc_column_text]<\/p>\n<h2 style=\"text-align: center; background: linear-gradient(90deg, rgba(148,13,238,1) 0%, rgba(252,176,69,1) 100%); color: #ffffff; padding: 16px;\"><a style=\"color: #ffffff; font-weight: 500; font-size: 23px;\" href=\"https:\/\/drive.google.com\/file\/d\/1Ld8fxeftfDg1ZkDQrRLNJgEIEcQubHj6\/view?usp=share_link\" target=\"_blank\" rel=\"noopener\">Metodolog\u00eda de trabajo<\/a><\/h2>\n<p>[\/vc_column_text][vc_empty_space height=\u00bb50px\u00bb][vc_masonry_grid post_type=\u00bbids\u00bb element_width=\u00bb3&#8243; gap=\u00bb35&#8243; item=\u00bb481&#8243; initial_loading_animation=\u00bbnone\u00bb grid_id=\u00bbvc_gid:1682415184748-bd0e1a98bcb8661c74498dafb3ee1945-3&#8243; include=\u00bb1877, 1879, 1881, 1883&#8243;][vc_empty_space height=\u00bb50px\u00bb][\/vc_column][\/vc_row][vc_row css=\u00bb.vc_custom_1678981080026{padding-right: 0px !important;padding-bottom: 0px !important;padding-left: 0px !important;}\u00bb][vc_column][vc_masonry_grid post_type=\u00bbids\u00bb element_width=\u00bb3&#8243; gap=\u00bb35&#8243; item=\u00bb481&#8243; initial_loading_animation=\u00bbnone\u00bb grid_id=\u00bbvc_gid:1682415184806-8f1e7dcb3bcd089b6a6a80d427cbcfa8-1&#8243; include=\u00bb1885, 1887, 1889, 1891&#8243;][vc_empty_space height=\u00bb50px\u00bb][\/vc_column][\/vc_row][vc_row css=\u00bb.vc_custom_1678981080026{padding-right: 0px !important;padding-bottom: 0px !important;padding-left: 0px !important;}\u00bb][vc_column width=\u00bb3\/4&#8243;][vc_masonry_grid post_type=\u00bbids\u00bb gap=\u00bb35&#8243; item=\u00bb481&#8243; initial_loading_animation=\u00bbnone\u00bb grid_id=\u00bbvc_gid:1682415184866-486b2858f4366a8816b54f4dd413f4d4-4&#8243; include=\u00bb1893, 1895, 1897&#8243;][vc_empty_space height=\u00bb50px\u00bb][\/vc_column][vc_column width=\u00bb1\/4&#8243;][vc_masonry_grid post_type=\u00bbids\u00bb element_width=\u00bb12&#8243; gap=\u00bb35&#8243; item=\u00bb481&#8243; initial_loading_animation=\u00bbnone\u00bb grid_id=\u00bbvc_gid:1682415184919-ff3a9cf8f68796322848f1c82455f28f-1&#8243; include=\u00bb1899&#8243;][vc_empty_space height=\u00bb50px\u00bb][\/vc_column][\/vc_row][vc_row css=\u00bb.vc_custom_1678981080026{padding-right: 0px !important;padding-bottom: 0px !important;padding-left: 0px !important;}\u00bb][vc_column][vc_empty_space height=\u00bb50px\u00bb][vc_masonry_grid post_type=\u00bbids\u00bb element_width=\u00bb3&#8243; gap=\u00bb35&#8243; item=\u00bb481&#8243; initial_loading_animation=\u00bbnone\u00bb grid_id=\u00bbvc_gid:1682415185003-edad2def6f004c8a327b412320161f50-3&#8243; include=\u00bb1901, 1903&#8243;][vc_empty_space height=\u00bb100px\u00bb][\/vc_column][\/vc_row][vc_row full_width=\u00bbstretch_row_content_no_spaces\u00bb content_placement=\u00bbmiddle\u00bb css=\u00bb.vc_custom_1679315822594{background-image: url(http:\/\/www.ull.es\/centros\/jardin-flora-canaria\/wp-content\/uploads\/sites\/31\/2023\/02\/Pericallis-cruenta1.jpg?id=2127) !important;background-position: center !important;background-repeat: no-repeat !important;background-size: cover !important;}\u00bb][vc_column][vc_empty_space height=\u00bb200px\u00bb][\/vc_column][\/vc_row][vc_row][vc_column][vc_empty_space height=\u00bb100px\u00bb][\/vc_column][\/vc_row][vc_row][vc_column width=\u00bb2\/6&#8243;][vc_basic_grid post_type=\u00bbids\u00bb element_width=\u00bb6&#8243; gap=\u00bb35&#8243; item=\u00bb481&#8243; initial_loading_animation=\u00bbnone\u00bb grid_id=\u00bbvc_gid:1682415185160-21b5b680c08ec7a46e69d55d2acccc01-7&#8243; include=\u00bb1907, 1917&#8243; css=\u00bb.vc_custom_1681388076689{background-color: #ffffff !important;border-radius: 25px !important;}\u00bb][\/vc_column][vc_column width=\u00bb3\/6&#8243;][vc_basic_grid post_type=\u00bbids\u00bb gap=\u00bb20&#8243; item=\u00bb481&#8243; initial_loading_animation=\u00bbnone\u00bb grid_id=\u00bbvc_gid:1682415185206-c61bbee51bd4b1f30f3e137a61e63014-7&#8243; include=\u00bb1913, 1911, 1905&#8243; css=\u00bb.vc_custom_1682415208558{background-color: #ffffff !important;border-radius: 25px !important;}\u00bb][\/vc_column][vc_column width=\u00bb1\/6&#8243;][vc_basic_grid post_type=\u00bbids\u00bb element_width=\u00bb12&#8243; gap=\u00bb35&#8243; item=\u00bb481&#8243; initial_loading_animation=\u00bbnone\u00bb grid_id=\u00bbvc_gid:1682415185256-5b9f6b9c5bf365ac2cc187d9bc51a54d-0&#8243; include=\u00bb1909&#8243; css=\u00bb.vc_custom_1679329057057{background-color: #ffffff !important;border-radius: 25px !important;}\u00bb][\/vc_column][\/vc_row][vc_row][vc_column][vc_empty_space height=\u00bb50px\u00bb][vc_empty_space height=\u00bb100px\u00bb][\/vc_column][\/vc_row][vc_row full_width=\u00bbstretch_row_content_no_spaces\u00bb css=\u00bb.vc_custom_1679332022707{margin-bottom: -40px !important;background-image: url(http:\/\/www.ull.es\/centros\/jardin-flora-canaria\/wp-content\/uploads\/sites\/31\/2023\/03\/jack-b-sXXLJ4gdKYo-unsplash-1.jpg?id=2757) !important;background-position: center !important;background-repeat: no-repeat !important;background-size: cover !important;}\u00bb][vc_column][vc_empty_space height=\u00bb300px\u00bb][vc_empty_space height=\u00bb50px\u00bb][\/vc_column][\/vc_row]<\/p>\n","protected":false},"excerpt":{"rendered":"<p>[vc_row full_width=\u00bbstretch_row_content_no_spaces\u00bb content_placement=\u00bbmiddle\u00bb css=\u00bb.vc_custom_1678722733090{background-position: center !important;background-repeat: no-repeat !important;background-size: contain !important;}\u00bb el_class=\u00bbprincipio-marchas\u00bb][vc_column][vc_custom_heading source=\u00bbpost_title\u00bb font_container=\u00bbtag:h2|text_align:center|color:%23ffffff\u00bb use_theme_fonts=\u00bbyes\u00bb css_animation=\u00bbfadeInDownBig\u00bb css=\u00bb.vc_custom_1678722761058{padding-top: 0px !important;padding-bottom: 0px !important;background-position: center !important;background-repeat: no-repeat !important;background-size: cover !important;}\u00bb][\/vc_column][\/vc_row][vc_row css=\u00bb.vc_custom_1678719902945{background-position: center !important;background-repeat: no-repeat !important;background-size: contain !important;}\u00bb][vc_column][vc_single_image image=\u00bb2406&#8243; img_size=\u00bbfull\u00bb][\/vc_column][\/vc_row][vc_row content_placement=\u00bbmiddle\u00bb css=\u00bb.vc_custom_1678719059193{padding-right: 0px !important;padding-left: 0px !important;}\u00bb][vc_column][vc_column_text] Jard\u00edn Canario: Campus Central El Servicio de Parques y Jardines de la Universidad de&#8230;<\/p>\n","protected":false},"author":48,"featured_media":0,"parent":0,"menu_order":0,"comment_status":"closed","ping_status":"closed","template":"templates\/template-no-title.php","meta":[],"acf":[],"_links":{"self":[{"href":"https:\/\/www.ull.es\/centros\/jardin-flora-canaria\/wp-json\/wp\/v2\/pages\/2399"}],"collection":[{"href":"https:\/\/www.ull.es\/centros\/jardin-flora-canaria\/wp-json\/wp\/v2\/pages"}],"about":[{"href":"https:\/\/www.ull.es\/centros\/jardin-flora-canaria\/wp-json\/wp\/v2\/types\/page"}],"author":[{"embeddable":true,"href":"https:\/\/www.ull.es\/centros\/jardin-flora-canaria\/wp-json\/wp\/v2\/users\/48"}],"replies":[{"embeddable":true,"href":"https:\/\/www.ull.es\/centros\/jardin-flora-canaria\/wp-json\/wp\/v2\/comments?post=2399"}],"version-history":[{"count":91,"href":"https:\/\/www.ull.es\/centros\/jardin-flora-canaria\/wp-json\/wp\/v2\/pages\/2399\/revisions"}],"predecessor-version":[{"id":2950,"href":"https:\/\/www.ull.es\/centros\/jardin-flora-canaria\/wp-json\/wp\/v2\/pages\/2399\/revisions\/2950"}],"wp:attachment":[{"href":"https:\/\/www.ull.es\/centros\/jardin-flora-canaria\/wp-json\/wp\/v2\/media?parent=2399"}],"curies":[{"name":"wp","href":"https:\/\/api.w.org\/{rel}","templated":true}]}}