{"id":473,"date":"2019-09-23T09:34:41","date_gmt":"2019-09-23T09:34:41","guid":{"rendered":"http:\/\/www.ull.es\/centros\/jardin-botanico-wildpret\/?page_id=473"},"modified":"2023-03-20T10:20:32","modified_gmt":"2023-03-20T10:20:32","slug":"anagyris-latifolia","status":"publish","type":"page","link":"https:\/\/www.ull.es\/centros\/jardin-flora-canaria\/anagyris-latifolia\/","title":{"rendered":"Anagyris-latifolia"},"content":{"rendered":"<p>[vc_row gap=\u00bb5&#8243; equal_height=\u00bbyes\u00bb content_placement=\u00bbmiddle\u00bb][vc_column width=\u00bb1\/2&#8243;][vc_column_text]<\/p>\n<div>\n<h1 style=\"color: #45348e; margin-bottom: 15px;\"><i>Fabaceae<\/i><\/h1>\n<\/div>\n<div>\n<h2 style=\"color: #0085c3;\"><i>Anagyris latifolia<\/i><b> Brouss. ex Willd.<\/b><\/h2>\n<h2 style=\"color: #0085c3;\"><b>Oro de risco<\/b><\/h2>\n<\/div>\n<p>[\/vc_column_text][vc_single_image image=\u00bb1123&#8243; img_size=\u00bbfull\u00bb alignment=\u00bbcenter\u00bb el_class=\u00bbimagen-1&#8243;][\/vc_column][vc_column width=\u00bb1\/2&#8243; css=\u00bb.vc_custom_1658235114101{background-image: url(http:\/\/www.ull.es\/centros\/jardin-flora-canaria\/wp-content\/uploads\/sites\/31\/2022\/07\/oro-de-risco-13.jpg?id=1108) !important;background-position: center !important;background-repeat: no-repeat !important;background-size: cover !important;}\u00bb][vc_empty_space height=\u00bb300px\u00bb][\/vc_column][\/vc_row][vc_row][vc_column][vc_empty_space height=\u00bb30px\u00bb][\/vc_column][\/vc_row][vc_row equal_height=\u00bbyes\u00bb content_placement=\u00bbmiddle\u00bb][vc_column width=\u00bb2\/3&#8243;][vc_column_text]<span style=\"font-weight: 400;\">El oro de risco, llamado as\u00ed por sus espectaculares floraciones, es una especie end\u00e9mica de Canarias perteneciente a la familia de las leguminosas importantes por su capacidad de asociarse a las bacterias del g\u00e9nero <\/span><i><span style=\"font-weight: 400;\">Rhizobium<\/span><\/i><span style=\"font-weight: 400;\"> dando capacidad para enriquecer el suelo. Es un arbusto de gran porte pudiendo pasar de los 3m que se diferencia f\u00e1cil por tener hojas trifoliadas de gran tama\u00f1o. Es espectacular en su floraci\u00f3n y se cuentas por cientos cada a\u00f1o normalmente en diciembre. A veces esta floraci\u00f3n se produce sin ninguna hoja, pues sufre una parada en \u00e9poca estival durmiendo durante ese periodo, despertando con las primeras lluvias oto\u00f1ales. Gran productor de biomasa pues genera mucha cantidad de hojas y de gran tama\u00f1o que todos los a\u00f1os caen.<\/span>[\/vc_column_text][\/vc_column][vc_column width=\u00bb1\/3&#8243; css=\u00bb.vc_custom_1658148559751{background-image: url(http:\/\/www.ull.es\/centros\/jardin-flora-canaria\/wp-content\/uploads\/sites\/31\/2022\/07\/oro-de-risco-2jpg-scaled.jpg?id=1070) !important;background-position: center !important;background-repeat: no-repeat !important;background-size: cover !important;}\u00bb][vc_empty_space height=\u00bb300px\u00bb][\/vc_column][\/vc_row][vc_row][vc_column][vc_btn title=\u00bbM\u00e1s informaci\u00f3n\u00bb color=\u00bbprimary\u00bb css_animation=\u00bbtop-to-bottom\u00bb link=\u00bburl:https%3A%2F%2Fdrive.google.com%2Ffile%2Fd%2F1PXMs9FmeuuTYUfA3-BdYWtFZ5dT0oM-Z%2Fview%3Fusp%3Dshare_link|target:_blank|rel:nofollow\u00bb][\/vc_column][\/vc_row]<\/p>\n","protected":false},"excerpt":{"rendered":"<p>[vc_row gap=\u00bb5&#8243; equal_height=\u00bbyes\u00bb content_placement=\u00bbmiddle\u00bb][vc_column width=\u00bb1\/2&#8243;][vc_column_text] Fabaceae Anagyris latifolia Brouss. ex Willd. Oro de risco [\/vc_column_text][vc_single_image image=\u00bb1123&#8243; img_size=\u00bbfull\u00bb alignment=\u00bbcenter\u00bb el_class=\u00bbimagen-1&#8243;][\/vc_column][vc_column width=\u00bb1\/2&#8243; css=\u00bb.vc_custom_1658235114101{background-image: url(http:\/\/www.ull.es\/centros\/jardin-flora-canaria\/wp-content\/uploads\/sites\/31\/2022\/07\/oro-de-risco-13.jpg?id=1108) !important;background-position: center !important;background-repeat: no-repeat !important;background-size: cover !important;}\u00bb][vc_empty_space height=\u00bb300px\u00bb][\/vc_column][\/vc_row][vc_row][vc_column][vc_empty_space height=\u00bb30px\u00bb][\/vc_column][\/vc_row][vc_row equal_height=\u00bbyes\u00bb content_placement=\u00bbmiddle\u00bb][vc_column width=\u00bb2\/3&#8243;][vc_column_text]El oro de risco, llamado as\u00ed por sus espectaculares floraciones, es una especie end\u00e9mica de Canarias perteneciente a la familia de las&#8230;<\/p>\n","protected":false},"author":37,"featured_media":0,"parent":0,"menu_order":0,"comment_status":"closed","ping_status":"closed","template":"templates\/template-no-title.php","meta":[],"acf":[],"_links":{"self":[{"href":"https:\/\/www.ull.es\/centros\/jardin-flora-canaria\/wp-json\/wp\/v2\/pages\/473"}],"collection":[{"href":"https:\/\/www.ull.es\/centros\/jardin-flora-canaria\/wp-json\/wp\/v2\/pages"}],"about":[{"href":"https:\/\/www.ull.es\/centros\/jardin-flora-canaria\/wp-json\/wp\/v2\/types\/page"}],"author":[{"embeddable":true,"href":"https:\/\/www.ull.es\/centros\/jardin-flora-canaria\/wp-json\/wp\/v2\/users\/37"}],"replies":[{"embeddable":true,"href":"https:\/\/www.ull.es\/centros\/jardin-flora-canaria\/wp-json\/wp\/v2\/comments?post=473"}],"version-history":[{"count":58,"href":"https:\/\/www.ull.es\/centros\/jardin-flora-canaria\/wp-json\/wp\/v2\/pages\/473\/revisions"}],"predecessor-version":[{"id":2661,"href":"https:\/\/www.ull.es\/centros\/jardin-flora-canaria\/wp-json\/wp\/v2\/pages\/473\/revisions\/2661"}],"wp:attachment":[{"href":"https:\/\/www.ull.es\/centros\/jardin-flora-canaria\/wp-json\/wp\/v2\/media?parent=473"}],"curies":[{"name":"wp","href":"https:\/\/api.w.org\/{rel}","templated":true}]}}