{"id":195,"date":"2023-09-05T08:10:13","date_gmt":"2023-09-05T08:10:13","guid":{"rendered":"https:\/\/www.ull.es\/consejo-estudiantes\/?page_id=195"},"modified":"2025-05-19T08:58:18","modified_gmt":"2025-05-19T08:58:18","slug":"ceesca","status":"publish","type":"page","link":"https:\/\/www.ull.es\/consejo-estudiantes\/fr\/el-consejo\/ceesca\/","title":{"rendered":"CEESCA"},"content":{"rendered":"<div class=\"wp-block-stackable-columns alignfull stk-block-columns stk-block stk-8197580 stk-block-background\" data-block-id=\"8197580\"><style>.stk-8197580 {background-color:#905bae !important;padding-top:0px !important;padding-right:0px !important;padding-bottom:0px !important;padding-left:0px !important;margin-top:-40px !important;margin-bottom:0px !important;}.stk-8197580:before{background-color:#905bae !important;}.stk-8197580-column{max-width:1200px !important;min-width:auto !important;}<\/style><div class=\"stk-row stk-inner-blocks stk-block-content stk-content-align stk-8197580-column alignwide\">\n<div class=\"wp-block-stackable-column stk-block-column stk-column stk-block stk-3f7121b\" data-v=\"4\" data-block-id=\"3f7121b\"><div class=\"stk-column-wrapper stk-block-column__content stk-container stk-3f7121b-container stk--no-background stk--no-padding\"><div class=\"stk-block-content stk-inner-blocks stk-3f7121b-inner-blocks\">\n<div class=\"wp-block-stackable-heading stk-block-heading stk-block-heading--v2 stk-block stk-a7c2550\" id=\"ceesca\" data-block-id=\"a7c2550\"><style>.stk-a7c2550 {padding-top:20px !important;padding-right:20px !important;padding-bottom:20px !important;padding-left:20px !important;}.stk-a7c2550 .stk-block-heading__text{font-size:27px !important;color:#ffffff !important;font-weight:500 !important;}@media screen and (max-width: 1023px){.stk-a7c2550 .stk-block-heading__text{font-size:27px !important;}}<\/style><h1 class=\"stk-block-heading__text has-text-color\">CEESCA<\/h1><\/div>\n<\/div><\/div><\/div>\n<\/div><\/div>\n\n\n\n<div class=\"wp-block-stackable-columns alignfull stk-block-columns stk-block stk-c80c672 stk-block-background stk--has-background-overlay\" data-block-id=\"c80c672\"><style>.stk-c80c672 {background-color:linear-gradient(180deg,rgb(223,204,251) 0%,rgb(255,243,218) 81%) !important;padding-top:150px !important;padding-bottom:0px !important;margin-top:-30px !important;margin-bottom:0px !important;}.stk-c80c672:before{background-image:linear-gradient(180deg,rgb(223,204,251) 0%,rgb(255,243,218) 81%) !important;}.stk-c80c672-column{max-width:1200px !important;min-width:auto !important;--stk-column-gap:50px !important;flex-wrap:wrap !important;--stk-flex-grow:0 !important;}<\/style><div class=\"stk-row stk-inner-blocks stk-block-content stk-content-align stk-c80c672-column alignwide\">\n<div class=\"wp-block-stackable-column stk-block-column stk-column stk-block stk-9662813\" data-v=\"4\" data-block-id=\"9662813\"><style>.stk-9662813-inner-blocks{justify-content:center !important;}@media screen and (min-width: 768px){.stk-9662813 {flex:var(--stk-flex-grow, 1) 1 calc(50% - var(--stk-column-gap, 0px) * 1 \/ 2 ) !important;}}<\/style><div class=\"stk-column-wrapper stk-block-column__content stk-container stk-9662813-container stk--no-background stk--no-padding\"><div class=\"stk--column-flex stk-block-content stk-inner-blocks stk-9662813-inner-blocks\">\n<figure class=\"wp-block-image size-large\" data-block-type=\"core\"><img loading=\"lazy\" decoding=\"async\" width=\"1024\" height=\"385\" src=\"http:\/\/www.ull.es\/consejo-estudiantes\/wp-content\/uploads\/sites\/20\/2023\/09\/logo_CEUS-1024x385.png\" alt=\"\" class=\"wp-image-198\" srcset=\"https:\/\/www.ull.es\/consejo-estudiantes\/wp-content\/uploads\/sites\/20\/2023\/09\/logo_CEUS-1024x385.png 1024w, https:\/\/www.ull.es\/consejo-estudiantes\/wp-content\/uploads\/sites\/20\/2023\/09\/logo_CEUS-300x113.png 300w, https:\/\/www.ull.es\/consejo-estudiantes\/wp-content\/uploads\/sites\/20\/2023\/09\/logo_CEUS-768x289.png 768w, https:\/\/www.ull.es\/consejo-estudiantes\/wp-content\/uploads\/sites\/20\/2023\/09\/logo_CEUS-1536x578.png 1536w, https:\/\/www.ull.es\/consejo-estudiantes\/wp-content\/uploads\/sites\/20\/2023\/09\/logo_CEUS-375x141.png 375w, https:\/\/www.ull.es\/consejo-estudiantes\/wp-content\/uploads\/sites\/20\/2023\/09\/logo_CEUS-750x282.png 750w, https:\/\/www.ull.es\/consejo-estudiantes\/wp-content\/uploads\/sites\/20\/2023\/09\/logo_CEUS-1140x429.png 1140w, https:\/\/www.ull.es\/consejo-estudiantes\/wp-content\/uploads\/sites\/20\/2023\/09\/logo_CEUS.png 1600w\" sizes=\"auto, (max-width: 1024px) 100vw, 1024px\" \/><\/figure>\n<\/div><\/div><\/div>\n\n\n\n<div class=\"wp-block-stackable-column stk-block-column stk-column stk-block stk-0a8ba81\" data-v=\"4\" data-block-id=\"0a8ba81\"><style>.stk-0a8ba81-inner-blocks{justify-content:center !important;}.stk-0a8ba81 {align-items:center !important;display:flex !important;}@media screen and (min-width: 768px){.stk-0a8ba81 {flex:var(--stk-flex-grow, 1) 1 calc(50% - var(--stk-column-gap, 0px) * 1 \/ 2 ) !important;}}<\/style><div class=\"stk-column-wrapper stk-block-column__content stk-container stk-0a8ba81-container stk--no-background stk--no-padding\"><div class=\"stk--column-flex stk-block-content stk-inner-blocks stk-0a8ba81-inner-blocks\">\n<div class=\"wp-block-stackable-heading stk-block-heading stk-block-heading--v2 stk-block stk-852dbba\" id=\"ceesca\" data-block-id=\"852dbba\"><style>.stk-852dbba {margin-bottom:10px !important;}<\/style><h2 class=\"stk-block-heading__text\">CEESCA<\/h2><\/div>\n\n\n\n<div class=\"wp-block-stackable-text stk-block-text stk-block stk-256babf\" data-block-id=\"256babf\"><style>.stk-256babf {margin-bottom:0px !important;}<\/style><p class=\"stk-block-text__text\">Le Conseil des \u00c9tudiants de l&#039;Enseignement Sup\u00e9rieur des Canaries (CEESCA) est l&#039;organisme coll\u00e9gial repr\u00e9sentant les \u00e9tudiants de la Communaut\u00e9 Autonome des \u00celes Canaries, \u00e0 caract\u00e8re consultatif et d\u00e9lib\u00e9ratif. Organisme participatif qui rassemble des repr\u00e9sentants des \u00e9tudiants de l&#039;enseignement sup\u00e9rieur des \u00eeles Canaries (universitaires et non universitaires) pour transmettre leurs demandes et pr\u00e9occupations au gouvernement des \u00eeles Canaries.<\/p><\/div>\n<\/div><\/div><\/div>\n<\/div><\/div>\n\n\n\n<div class=\"wp-block-stackable-columns alignfull stk-block-columns stk-block stk-feb313a stk-block-background stk--has-background-overlay\" data-block-id=\"feb313a\"><style>.stk-feb313a {background-color:linear-gradient(0deg,rgb(223,204,251) 0%,rgb(255,243,218) 98%) !important;padding-top:50px !important;padding-bottom:150px !important;margin-top:-20px !important;margin-bottom:-80px !important;}.stk-feb313a:before{background-image:linear-gradient(0deg,rgb(223,204,251) 0%,rgb(255,243,218) 98%) !important;}.stk-feb313a-column{max-width:1200px !important;min-width:auto !important;--stk-column-gap:50px !important;flex-wrap:wrap !important;--stk-flex-grow:0 !important;}<\/style><div class=\"stk-row stk-inner-blocks stk-block-content stk-content-align stk-feb313a-column alignwide\">\n<div class=\"wp-block-stackable-column stk-block-column stk-column stk-block stk-d27da72\" data-v=\"4\" data-block-id=\"d27da72\"><style>.stk-d27da72-inner-blocks{justify-content:center !important;}.stk-d27da72 {align-items:center !important;display:flex !important;}@media screen and (min-width: 768px){.stk-d27da72 {flex:var(--stk-flex-grow, 1) 1 calc(50% - var(--stk-column-gap, 0px) * 1 \/ 2 ) !important;}}<\/style><div class=\"stk-column-wrapper stk-block-column__content stk-container stk-d27da72-container stk--no-background stk--no-padding\"><div class=\"stk--column-flex stk-block-content stk-inner-blocks stk-d27da72-inner-blocks\">\n<div class=\"wp-block-stackable-text stk-block-text stk-block stk-3133bb2\" data-block-id=\"3133bb2\"><style>.stk-3133bb2 {margin-bottom:0px !important;}<\/style><p class=\"stk-block-text__text\">L&#039;objectif principal de cet organisme est de g\u00e9n\u00e9rer des liens, du soutien et des espaces entre les diff\u00e9rentes institutions \u00e9ducatives pour aborder directement les politiques \u00e9ducatives, faire des propositions et \u00e9valuer les plans \u00e9ducatifs qui contribuent \u00e0 un nouveau mod\u00e8le d&#039;enseignement sup\u00e9rieur plus connect\u00e9 et align\u00e9 sur les exigences du nouvel Espace europ\u00e9en de l&#039;enseignement sup\u00e9rieur (EEES).<br>Le Conseil des \u00e9tudiants de l&#039;ULL compte deux repr\u00e9sentants au sein de cet organe.<\/p><\/div>\n<\/div><\/div><\/div>\n\n\n\n<div class=\"wp-block-stackable-column stk-block-column stk-column stk-block stk-4d7d5d5\" data-v=\"4\" data-block-id=\"4d7d5d5\"><style>.stk-4d7d5d5-inner-blocks{justify-content:center !important;}@media screen and (min-width: 768px){.stk-4d7d5d5 {flex:var(--stk-flex-grow, 1) 1 calc(50% - var(--stk-column-gap, 0px) * 1 \/ 2 ) !important;}}<\/style><div class=\"stk-column-wrapper stk-block-column__content stk-container stk-4d7d5d5-container stk--no-background stk--no-padding\"><div class=\"stk--column-flex stk-block-content stk-inner-blocks stk-4d7d5d5-inner-blocks\">\n<div class=\"wp-block-stackable-image stk-block-image stk-block stk-f40c91f\" data-block-id=\"f40c91f\"><figure><span class=\"stk-img-wrapper stk-image--shape-stretch\"><img loading=\"lazy\" decoding=\"async\" class=\"stk-img wp-image-199\" src=\"http:\/\/www.ull.es\/consejo-estudiantes\/wp-content\/uploads\/sites\/20\/2023\/09\/Creative-team-cuate.png\" width=\"1600\" height=\"1600\" srcset=\"https:\/\/www.ull.es\/consejo-estudiantes\/wp-content\/uploads\/sites\/20\/2023\/09\/Creative-team-cuate.png 1600w, https:\/\/www.ull.es\/consejo-estudiantes\/wp-content\/uploads\/sites\/20\/2023\/09\/Creative-team-cuate-300x300.png 300w, https:\/\/www.ull.es\/consejo-estudiantes\/wp-content\/uploads\/sites\/20\/2023\/09\/Creative-team-cuate-1024x1024.png 1024w, https:\/\/www.ull.es\/consejo-estudiantes\/wp-content\/uploads\/sites\/20\/2023\/09\/Creative-team-cuate-150x150.png 150w, https:\/\/www.ull.es\/consejo-estudiantes\/wp-content\/uploads\/sites\/20\/2023\/09\/Creative-team-cuate-768x768.png 768w, https:\/\/www.ull.es\/consejo-estudiantes\/wp-content\/uploads\/sites\/20\/2023\/09\/Creative-team-cuate-1536x1536.png 1536w, https:\/\/www.ull.es\/consejo-estudiantes\/wp-content\/uploads\/sites\/20\/2023\/09\/Creative-team-cuate-375x375.png 375w, https:\/\/www.ull.es\/consejo-estudiantes\/wp-content\/uploads\/sites\/20\/2023\/09\/Creative-team-cuate-750x750.png 750w, https:\/\/www.ull.es\/consejo-estudiantes\/wp-content\/uploads\/sites\/20\/2023\/09\/Creative-team-cuate-1140x1140.png 1140w, https:\/\/www.ull.es\/consejo-estudiantes\/wp-content\/uploads\/sites\/20\/2023\/09\/Creative-team-cuate-50x50.png 50w\" sizes=\"auto, (max-width: 1600px) 100vw, 1600px\" \/><\/span><\/figure><\/div>\n<\/div><\/div><\/div>\n<\/div><\/div>","protected":false},"excerpt":{"rendered":"<p>Le Conseil des \u00e9tudiants de l&#039;enseignement sup\u00e9rieur des Canaries (CEESCA) est l&#039;organe coll\u00e9gial repr\u00e9sentant les \u00e9tudiants de la Communaut\u00e9 autonome des Canaries, \u00e0 caract\u00e8re consultatif et d\u00e9lib\u00e9ratif. Cet organe participatif rassemble des repr\u00e9sentants des \u00e9tudiants de l&#039;enseignement sup\u00e9rieur des Canaries (universitaires et non universitaires) afin de transmettre leurs revendications et\u2026<\/p>","protected":false},"author":60,"featured_media":0,"parent":266,"menu_order":0,"comment_status":"closed","ping_status":"closed","template":"templates\/template-frontpage.php","meta":{"footnotes":""},"class_list":["post-195","page","type-page","status-publish","hentry"],"_links":{"self":[{"href":"https:\/\/www.ull.es\/consejo-estudiantes\/fr\/wp-json\/wp\/v2\/pages\/195","targetHints":{"allow":["GET"]}}],"collection":[{"href":"https:\/\/www.ull.es\/consejo-estudiantes\/fr\/wp-json\/wp\/v2\/pages"}],"about":[{"href":"https:\/\/www.ull.es\/consejo-estudiantes\/fr\/wp-json\/wp\/v2\/types\/page"}],"author":[{"embeddable":true,"href":"https:\/\/www.ull.es\/consejo-estudiantes\/fr\/wp-json\/wp\/v2\/users\/60"}],"replies":[{"embeddable":true,"href":"https:\/\/www.ull.es\/consejo-estudiantes\/fr\/wp-json\/wp\/v2\/comments?post=195"}],"version-history":[{"count":28,"href":"https:\/\/www.ull.es\/consejo-estudiantes\/fr\/wp-json\/wp\/v2\/pages\/195\/revisions"}],"predecessor-version":[{"id":667,"href":"https:\/\/www.ull.es\/consejo-estudiantes\/fr\/wp-json\/wp\/v2\/pages\/195\/revisions\/667"}],"up":[{"embeddable":true,"href":"https:\/\/www.ull.es\/consejo-estudiantes\/fr\/wp-json\/wp\/v2\/pages\/266"}],"wp:attachment":[{"href":"https:\/\/www.ull.es\/consejo-estudiantes\/fr\/wp-json\/wp\/v2\/media?parent=195"}],"curies":[{"name":"wp","href":"https:\/\/api.w.org\/{rel}","templated":true}]}}