{"id":229,"date":"2023-09-05T10:17:07","date_gmt":"2023-09-05T10:17:07","guid":{"rendered":"https:\/\/www.ull.es\/consejo-estudiantes\/?page_id=229"},"modified":"2025-06-10T07:35:18","modified_gmt":"2025-06-10T07:35:18","slug":"creup","status":"publish","type":"page","link":"https:\/\/www.ull.es\/consejo-estudiantes\/fr\/el-consejo\/creup\/","title":{"rendered":"CREUP"},"content":{"rendered":"<div class=\"wp-block-stackable-columns alignfull stk-block-columns stk-block stk-8197580 stk-block-background\" data-block-id=\"8197580\"><style>.stk-8197580 {background-color:#905bae !important;padding-top:0px !important;padding-right:0px !important;padding-bottom:0px !important;padding-left:0px !important;margin-top:-40px !important;margin-bottom:0px !important;}.stk-8197580:before{background-color:#905bae !important;}.stk-8197580-column{max-width:1200px !important;min-width:auto !important;}<\/style><div class=\"stk-row stk-inner-blocks stk-block-content stk-content-align stk-8197580-column alignwide\">\n<div class=\"wp-block-stackable-column stk-block-column stk-column stk-block stk-3f7121b\" data-v=\"4\" data-block-id=\"3f7121b\"><div class=\"stk-column-wrapper stk-block-column__content stk-container stk-3f7121b-container stk--no-background stk--no-padding\"><div class=\"stk-block-content stk-inner-blocks stk-3f7121b-inner-blocks\">\n<div class=\"wp-block-stackable-heading stk-block-heading stk-block-heading--v2 stk-block stk-a7c2550\" id=\"creup\" data-block-id=\"a7c2550\"><style>.stk-a7c2550 {padding-top:20px !important;padding-right:20px !important;padding-bottom:20px !important;padding-left:20px !important;}.stk-a7c2550 .stk-block-heading__text{font-size:27px !important;color:#ffffff !important;font-weight:500 !important;}@media screen and (max-width: 1023px){.stk-a7c2550 .stk-block-heading__text{font-size:27px !important;}}<\/style><h1 class=\"stk-block-heading__text has-text-color\">CREUP<\/h1><\/div>\n<\/div><\/div><\/div>\n<\/div><\/div>\n\n\n\n<div class=\"wp-block-stackable-columns alignfull stk-block-columns stk-block stk-c80c672 stk-block-background stk--has-background-overlay\" data-block-id=\"c80c672\"><style>.stk-c80c672 {background-color:linear-gradient(180deg,rgb(223,204,251) 0%,rgb(255,243,218) 81%) !important;padding-top:150px !important;padding-bottom:0px !important;margin-top:-40px !important;margin-bottom:0px !important;}.stk-c80c672:before{background-image:linear-gradient(180deg,rgb(223,204,251) 0%,rgb(255,243,218) 81%) !important;}.stk-c80c672-column{max-width:1200px !important;min-width:auto !important;--stk-column-gap:50px !important;flex-wrap:wrap !important;--stk-flex-grow:0 !important;}<\/style><div class=\"stk-row stk-inner-blocks stk-block-content stk-content-align stk-c80c672-column alignwide\">\n<div class=\"wp-block-stackable-column stk-block-column stk-column stk-block stk-9662813\" data-v=\"4\" data-block-id=\"9662813\"><style>.stk-9662813-inner-blocks{justify-content:center !important;}@media screen and (min-width: 768px){.stk-9662813 {flex:var(--stk-flex-grow, 1) 1 calc(50% - var(--stk-column-gap, 0px) * 1 \/ 2 ) !important;}}<\/style><div class=\"stk-column-wrapper stk-block-column__content stk-container stk-9662813-container stk--no-background stk--no-padding\"><div class=\"stk--column-flex stk-block-content stk-inner-blocks stk-9662813-inner-blocks\">\n<div class=\"wp-block-stackable-image stk-block-image stk-block stk-06e0192\" data-block-id=\"06e0192\"><figure><span class=\"stk-img-wrapper stk-image--shape-stretch\"><img loading=\"lazy\" decoding=\"async\" class=\"stk-img wp-image-678\" src=\"http:\/\/www.ull.es\/consejo-estudiantes\/wp-content\/uploads\/sites\/20\/2025\/05\/CREUP1-e1591381343480-1024x650-1-removebg-preview.png\" width=\"627\" height=\"398\" srcset=\"https:\/\/www.ull.es\/consejo-estudiantes\/wp-content\/uploads\/sites\/20\/2025\/05\/CREUP1-e1591381343480-1024x650-1-removebg-preview.png 627w, https:\/\/www.ull.es\/consejo-estudiantes\/wp-content\/uploads\/sites\/20\/2025\/05\/CREUP1-e1591381343480-1024x650-1-removebg-preview-300x190.png 300w, https:\/\/www.ull.es\/consejo-estudiantes\/wp-content\/uploads\/sites\/20\/2025\/05\/CREUP1-e1591381343480-1024x650-1-removebg-preview-18x12.png 18w, https:\/\/www.ull.es\/consejo-estudiantes\/wp-content\/uploads\/sites\/20\/2025\/05\/CREUP1-e1591381343480-1024x650-1-removebg-preview-375x238.png 375w\" sizes=\"auto, (max-width: 627px) 100vw, 627px\" \/><\/span><\/figure><\/div>\n<\/div><\/div><\/div>\n\n\n\n<div class=\"wp-block-stackable-column stk-block-column stk-column stk-block stk-0a8ba81\" data-v=\"4\" data-block-id=\"0a8ba81\"><style>.stk-0a8ba81-inner-blocks{justify-content:center !important;}.stk-0a8ba81 {align-items:center !important;display:flex !important;}@media screen and (min-width: 768px){.stk-0a8ba81 {flex:var(--stk-flex-grow, 1) 1 calc(50% - var(--stk-column-gap, 0px) * 1 \/ 2 ) !important;}}<\/style><div class=\"stk-column-wrapper stk-block-column__content stk-container stk-0a8ba81-container stk--no-background stk--no-padding\"><div class=\"stk--column-flex stk-block-content stk-inner-blocks stk-0a8ba81-inner-blocks\">\n<div class=\"wp-block-stackable-heading stk-block-heading stk-block-heading--v2 stk-block stk-852dbba\" id=\"creup\" data-block-id=\"852dbba\"><style>.stk-852dbba {margin-bottom:10px !important;}<\/style><h2 class=\"stk-block-heading__text\">CREUP<\/h2><\/div>\n\n\n\n<div class=\"wp-block-stackable-text stk-block-text stk-block stk-256babf\" data-block-id=\"256babf\"><style>.stk-256babf {margin-bottom:0px !important;}<\/style><p class=\"stk-block-text__text\">La Coordination des Repr\u00e9sentants \u00c9tudiants des Universit\u00e9s Publiques (CREUP) est l&#039;association nationale qui repr\u00e9sente plus d&#039;un million d&#039;\u00e9tudiants universitaires. Compos\u00e9e actuellement de 37 universit\u00e9s publiques et en constante croissance, elle porte depuis des ann\u00e9es la voix des \u00e9tudiants aupr\u00e8s des organismes d\u2019enseignement sup\u00e9rieur comp\u00e9tents, tant au niveau national qu\u2019international.<\/p><\/div>\n<\/div><\/div><\/div>\n<\/div><\/div>\n\n\n\n<div class=\"wp-block-stackable-columns alignfull stk-block-columns stk-block stk-feb313a stk-block-background stk--has-background-overlay\" data-block-id=\"feb313a\"><style>.stk-feb313a {background-color:linear-gradient(0deg,rgb(223,204,251) 0%,rgb(255,243,218) 98%) !important;padding-top:50px !important;padding-bottom:150px !important;margin-top:-50px !important;margin-bottom:-80px !important;}.stk-feb313a:before{background-image:linear-gradient(0deg,rgb(223,204,251) 0%,rgb(255,243,218) 98%) !important;}.stk-feb313a-column{max-width:1200px !important;min-width:auto !important;--stk-column-gap:50px !important;flex-wrap:wrap !important;--stk-flex-grow:0 !important;}<\/style><div class=\"stk-row stk-inner-blocks stk-block-content stk-content-align stk-feb313a-column alignwide\">\n<div class=\"wp-block-stackable-column stk-block-column stk-column stk-block stk-d27da72\" data-v=\"4\" data-block-id=\"d27da72\"><style>.stk-d27da72-inner-blocks{justify-content:center !important;}.stk-d27da72 {align-items:center !important;display:flex !important;}@media screen and (min-width: 768px){.stk-d27da72 {flex:var(--stk-flex-grow, 1) 1 calc(50% - var(--stk-column-gap, 0px) * 1 \/ 2 ) !important;}}<\/style><div class=\"stk-column-wrapper stk-block-column__content stk-container stk-d27da72-container stk--no-background stk--no-padding\"><div class=\"stk--column-flex stk-block-content stk-inner-blocks stk-d27da72-inner-blocks\">\n<div class=\"wp-block-stackable-text stk-block-text stk-block stk-3133bb2\" data-block-id=\"3133bb2\"><style>.stk-3133bb2 {margin-bottom:0px !important;}<\/style><p class=\"stk-block-text__text\">Le CREUP r\u00e9alise un important travail d\u2019information \u00e0 travers les r\u00e9seaux sociaux, des campagnes de sensibilisation et des \u00e9v\u00e9nements de formation, informant tous les \u00e9tudiants sur l\u2019\u00e9volution du syst\u00e8me \u00e9ducatif et favorisant ainsi leur sensibilisation aux questions \u00e9ducatives. Le Conseil des \u00e9tudiants de l&#039;ULL compte entre un et trois repr\u00e9sentants au sein de ce Comit\u00e9 de coordination.<\/p><\/div>\n<\/div><\/div><\/div>\n\n\n\n<div class=\"wp-block-stackable-column stk-block-column stk-column stk-block stk-4d7d5d5\" data-v=\"4\" data-block-id=\"4d7d5d5\"><style>.stk-4d7d5d5-inner-blocks{justify-content:center !important;}@media screen and (min-width: 768px){.stk-4d7d5d5 {flex:var(--stk-flex-grow, 1) 1 calc(50% - var(--stk-column-gap, 0px) * 1 \/ 2 ) !important;}}<\/style><div class=\"stk-column-wrapper stk-block-column__content stk-container stk-4d7d5d5-container stk--no-background stk--no-padding\"><div class=\"stk--column-flex stk-block-content stk-inner-blocks stk-4d7d5d5-inner-blocks\">\n<div class=\"wp-block-stackable-image stk-block-image stk-block stk-d118ffd\" data-block-id=\"d118ffd\"><style>.stk-d118ffd .stk-img-wrapper{width:70% !important;}<\/style><figure><span class=\"stk-img-wrapper stk-image--shape-stretch\"><img loading=\"lazy\" decoding=\"async\" class=\"stk-img wp-image-245\" src=\"http:\/\/www.ull.es\/consejo-estudiantes\/wp-content\/uploads\/sites\/20\/2023\/09\/Online-Review-cuate.png\" width=\"1600\" height=\"1600\" srcset=\"https:\/\/www.ull.es\/consejo-estudiantes\/wp-content\/uploads\/sites\/20\/2023\/09\/Online-Review-cuate.png 1600w, https:\/\/www.ull.es\/consejo-estudiantes\/wp-content\/uploads\/sites\/20\/2023\/09\/Online-Review-cuate-300x300.png 300w, https:\/\/www.ull.es\/consejo-estudiantes\/wp-content\/uploads\/sites\/20\/2023\/09\/Online-Review-cuate-1024x1024.png 1024w, https:\/\/www.ull.es\/consejo-estudiantes\/wp-content\/uploads\/sites\/20\/2023\/09\/Online-Review-cuate-150x150.png 150w, https:\/\/www.ull.es\/consejo-estudiantes\/wp-content\/uploads\/sites\/20\/2023\/09\/Online-Review-cuate-768x768.png 768w, https:\/\/www.ull.es\/consejo-estudiantes\/wp-content\/uploads\/sites\/20\/2023\/09\/Online-Review-cuate-1536x1536.png 1536w, https:\/\/www.ull.es\/consejo-estudiantes\/wp-content\/uploads\/sites\/20\/2023\/09\/Online-Review-cuate-375x375.png 375w, https:\/\/www.ull.es\/consejo-estudiantes\/wp-content\/uploads\/sites\/20\/2023\/09\/Online-Review-cuate-750x750.png 750w, https:\/\/www.ull.es\/consejo-estudiantes\/wp-content\/uploads\/sites\/20\/2023\/09\/Online-Review-cuate-1140x1140.png 1140w, https:\/\/www.ull.es\/consejo-estudiantes\/wp-content\/uploads\/sites\/20\/2023\/09\/Online-Review-cuate-50x50.png 50w\" sizes=\"auto, (max-width: 1600px) 100vw, 1600px\" \/><\/span><\/figure><\/div>\n<\/div><\/div><\/div>\n<\/div><\/div>\n\n\n\n<div class=\"wp-block-stackable-columns alignfull stk-block-columns stk-block stk-5bd36eb stk-block-background\" data-block-id=\"5bd36eb\"><style>.stk-5bd36eb {background-color:#e2d5f5 !important;padding-top:50px !important;padding-bottom:150px !important;margin-top:-50px !important;margin-bottom:-80px !important;}.stk-5bd36eb:before{background-color:#e2d5f5 !important;}.stk-5bd36eb-column{max-width:1200px !important;min-width:auto !important;--stk-column-gap:50px !important;flex-wrap:wrap !important;--stk-flex-grow:0 !important;}<\/style><div class=\"stk-row stk-inner-blocks stk-block-content stk-content-align stk-5bd36eb-column alignwide\">\n<div class=\"wp-block-stackable-column stk-block-column stk-column stk-block stk-b68fb18\" data-v=\"4\" data-block-id=\"b68fb18\"><style>.stk-b68fb18-inner-blocks{justify-content:center !important;}.stk-b68fb18 {align-items:center !important;display:flex !important;}<\/style><div class=\"stk-column-wrapper stk-block-column__content stk-container stk-b68fb18-container stk--no-background stk--no-padding\"><div class=\"stk--column-flex stk-block-content stk-inner-blocks stk-b68fb18-inner-blocks\">\n<div class=\"wp-block-stackable-carousel stk-block-carousel stk--is-slide stk--arrows-justify-space-between stk--arrows-align-center stk-block stk-c3862b9\" data-slides-to-show=\"\" data-block-id=\"c3862b9\"><div class=\"stk-block-carousel__content-wrapper\"><div class=\"stk-row stk-inner-blocks stk-block-content stk-block-carousel__slider-wrapper stk-content-align stk-c3862b9-column\"><div class=\"stk-block-carousel__slider\" role=\"list\" data-autoplay=\"4000\" data-label-slide-of=\"Slide %%d of %%d\">\n<div class=\"wp-block-stackable-column stk-block-column stk-column stk-block stk-fd3d5d1\" data-v=\"4\" data-block-id=\"fd3d5d1\"><div class=\"stk-column-wrapper stk-block-column__content stk-container stk-fd3d5d1-container stk--no-background stk--no-padding\"><div class=\"stk-block-content stk-inner-blocks stk-fd3d5d1-inner-blocks\">\n<div class=\"wp-block-stackable-image stk-block-image stk-block stk-66ffcad\" data-block-id=\"66ffcad\"><figure><span class=\"stk-img-wrapper stk-image--shape-stretch\"><img loading=\"lazy\" decoding=\"async\" class=\"stk-img wp-image-706\" src=\"http:\/\/www.ull.es\/consejo-estudiantes\/wp-content\/uploads\/sites\/20\/2025\/06\/4_.jpg\" width=\"1000\" height=\"563\" srcset=\"https:\/\/www.ull.es\/consejo-estudiantes\/wp-content\/uploads\/sites\/20\/2025\/06\/4_.jpg 1000w, https:\/\/www.ull.es\/consejo-estudiantes\/wp-content\/uploads\/sites\/20\/2025\/06\/4_-300x169.jpg 300w, https:\/\/www.ull.es\/consejo-estudiantes\/wp-content\/uploads\/sites\/20\/2025\/06\/4_-768x432.jpg 768w, https:\/\/www.ull.es\/consejo-estudiantes\/wp-content\/uploads\/sites\/20\/2025\/06\/4_-18x10.jpg 18w, https:\/\/www.ull.es\/consejo-estudiantes\/wp-content\/uploads\/sites\/20\/2025\/06\/4_-375x211.jpg 375w, https:\/\/www.ull.es\/consejo-estudiantes\/wp-content\/uploads\/sites\/20\/2025\/06\/4_-750x422.jpg 750w\" sizes=\"auto, (max-width: 1000px) 100vw, 1000px\" \/><\/span><\/figure><\/div>\n<\/div><\/div><\/div>\n\n\n\n<div class=\"wp-block-stackable-column stk-block-column stk-column stk-block stk-8daea50\" data-v=\"4\" data-block-id=\"8daea50\"><div class=\"stk-column-wrapper stk-block-column__content stk-container stk-8daea50-container stk--no-background stk--no-padding\"><div class=\"stk-block-content stk-inner-blocks stk-8daea50-inner-blocks\">\n<div class=\"wp-block-stackable-image stk-block-image stk-block stk-320cb24\" data-block-id=\"320cb24\"><figure><span class=\"stk-img-wrapper stk-image--shape-stretch\"><img loading=\"lazy\" decoding=\"async\" class=\"stk-img wp-image-715\" src=\"http:\/\/www.ull.es\/consejo-estudiantes\/wp-content\/uploads\/sites\/20\/2025\/06\/IMG_6195.jpg\" width=\"1000\" height=\"667\" srcset=\"https:\/\/www.ull.es\/consejo-estudiantes\/wp-content\/uploads\/sites\/20\/2025\/06\/IMG_6195.jpg 1000w, https:\/\/www.ull.es\/consejo-estudiantes\/wp-content\/uploads\/sites\/20\/2025\/06\/IMG_6195-300x200.jpg 300w, https:\/\/www.ull.es\/consejo-estudiantes\/wp-content\/uploads\/sites\/20\/2025\/06\/IMG_6195-768x512.jpg 768w, https:\/\/www.ull.es\/consejo-estudiantes\/wp-content\/uploads\/sites\/20\/2025\/06\/IMG_6195-18x12.jpg 18w, https:\/\/www.ull.es\/consejo-estudiantes\/wp-content\/uploads\/sites\/20\/2025\/06\/IMG_6195-375x250.jpg 375w, https:\/\/www.ull.es\/consejo-estudiantes\/wp-content\/uploads\/sites\/20\/2025\/06\/IMG_6195-750x500.jpg 750w\" sizes=\"auto, (max-width: 1000px) 100vw, 1000px\" \/><\/span><\/figure><\/div>\n<\/div><\/div><\/div>\n\n\n\n<div class=\"wp-block-stackable-column stk-block-column stk-column stk-block stk-fcd7266\" data-v=\"4\" data-block-id=\"fcd7266\"><div class=\"stk-column-wrapper stk-block-column__content stk-container stk-fcd7266-container stk--no-background stk--no-padding\"><div class=\"stk-block-content stk-inner-blocks stk-fcd7266-inner-blocks\">\n<div class=\"wp-block-stackable-image stk-block-image stk-block stk-7d05b67\" data-block-id=\"7d05b67\"><figure><span class=\"stk-img-wrapper stk-image--shape-stretch\"><img loading=\"lazy\" decoding=\"async\" class=\"stk-img wp-image-716\" src=\"http:\/\/www.ull.es\/consejo-estudiantes\/wp-content\/uploads\/sites\/20\/2025\/06\/IMG_6539.jpg\" width=\"1000\" height=\"667\" srcset=\"https:\/\/www.ull.es\/consejo-estudiantes\/wp-content\/uploads\/sites\/20\/2025\/06\/IMG_6539.jpg 1000w, https:\/\/www.ull.es\/consejo-estudiantes\/wp-content\/uploads\/sites\/20\/2025\/06\/IMG_6539-300x200.jpg 300w, https:\/\/www.ull.es\/consejo-estudiantes\/wp-content\/uploads\/sites\/20\/2025\/06\/IMG_6539-768x512.jpg 768w, https:\/\/www.ull.es\/consejo-estudiantes\/wp-content\/uploads\/sites\/20\/2025\/06\/IMG_6539-18x12.jpg 18w, https:\/\/www.ull.es\/consejo-estudiantes\/wp-content\/uploads\/sites\/20\/2025\/06\/IMG_6539-375x250.jpg 375w, https:\/\/www.ull.es\/consejo-estudiantes\/wp-content\/uploads\/sites\/20\/2025\/06\/IMG_6539-750x500.jpg 750w\" sizes=\"auto, (max-width: 1000px) 100vw, 1000px\" \/><\/span><\/figure><\/div>\n<\/div><\/div><\/div>\n<\/div><div class=\"stk-block-carousel__buttons\"><button class=\"stk-block-carousel__button stk-block-carousel__button__prev\" aria-label=\"Diapositive pr\u00e9c\u00e9dente\"><svg aria-hidden=\"true\" focusable=\"false\" data-prefix=\"fas\" data-icon=\"chevron-left\" class=\"svg-inline--fa fa-chevron-left\" xmlns=\"http:\/\/www.w3.org\/2000\/svg\" viewbox=\"0 0 320 512\" width=\"32\" height=\"32\"><path d=\"M34.52 239.03L228.87 44.69c9.37-9.37 24.57-9.37 33.94 0l22.67 22.67c9.36 9.36 9.37 24.52.04 33.9L131.49 256l154.02 154.75c9.34 9.38 9.32 24.54-.04 33.9l-22.67 22.67c-9.37 9.37-24.57 9.37-33.94 0L34.52 272.97c-9.37-9.37-9.37-24.57 0-33.94z\"><\/path><\/svg><\/button><button class=\"stk-block-carousel__button stk-block-carousel__button__next\" aria-label=\"Diapositive suivante\"><svg aria-hidden=\"true\" focusable=\"false\" data-prefix=\"fas\" data-icon=\"chevron-right\" class=\"svg-inline--fa fa-chevron-right\" xmlns=\"http:\/\/www.w3.org\/2000\/svg\" viewbox=\"0 0 320 512\" width=\"32\" height=\"32\"><path d=\"M285.476 272.971L91.132 467.314c-9.373 9.373-24.569 9.373-33.941 0l-22.667-22.667c-9.357-9.357-9.375-24.522-.04-33.901L188.505 256 34.484 101.255c-9.335-9.379-9.317-24.544.04-33.901l22.667-22.667c9.373-9.373 24.569-9.373 33.941 0L285.475 239.03c9.373 9.372 9.373 24.568.001 33.941z\"><\/path><\/svg><\/button><\/div><\/div><div class=\"stk-block-carousel__dots\" role=\"list\" data-label=\"Slide %%d\"><\/div><\/div><\/div>\n<\/div><\/div><\/div>\n<\/div><\/div>","protected":false},"excerpt":{"rendered":"<p>CREUP La Coordination des Repr\u00e9sentants \u00c9tudiants des Universit\u00e9s Publiques (CREUP) est l&#039;association nationale qui repr\u00e9sente plus d&#039;un million d&#039;\u00e9tudiants. Compos\u00e9e actuellement de 37 universit\u00e9s publiques et en constante croissance, elle porte depuis des ann\u00e9es la voix des \u00e9tudiants aupr\u00e8s des instances comp\u00e9tentes en mati\u00e8re d&#039;enseignement sup\u00e9rieur, tant au niveau national qu&#039;international.<\/p>","protected":false},"author":60,"featured_media":0,"parent":266,"menu_order":0,"comment_status":"closed","ping_status":"closed","template":"templates\/template-frontpage.php","meta":{"footnotes":""},"class_list":["post-229","page","type-page","status-publish","hentry"],"_links":{"self":[{"href":"https:\/\/www.ull.es\/consejo-estudiantes\/fr\/wp-json\/wp\/v2\/pages\/229","targetHints":{"allow":["GET"]}}],"collection":[{"href":"https:\/\/www.ull.es\/consejo-estudiantes\/fr\/wp-json\/wp\/v2\/pages"}],"about":[{"href":"https:\/\/www.ull.es\/consejo-estudiantes\/fr\/wp-json\/wp\/v2\/types\/page"}],"author":[{"embeddable":true,"href":"https:\/\/www.ull.es\/consejo-estudiantes\/fr\/wp-json\/wp\/v2\/users\/60"}],"replies":[{"embeddable":true,"href":"https:\/\/www.ull.es\/consejo-estudiantes\/fr\/wp-json\/wp\/v2\/comments?post=229"}],"version-history":[{"count":25,"href":"https:\/\/www.ull.es\/consejo-estudiantes\/fr\/wp-json\/wp\/v2\/pages\/229\/revisions"}],"predecessor-version":[{"id":750,"href":"https:\/\/www.ull.es\/consejo-estudiantes\/fr\/wp-json\/wp\/v2\/pages\/229\/revisions\/750"}],"up":[{"embeddable":true,"href":"https:\/\/www.ull.es\/consejo-estudiantes\/fr\/wp-json\/wp\/v2\/pages\/266"}],"wp:attachment":[{"href":"https:\/\/www.ull.es\/consejo-estudiantes\/fr\/wp-json\/wp\/v2\/media?parent=229"}],"curies":[{"name":"wp","href":"https:\/\/api.w.org\/{rel}","templated":true}]}}