{"id":111,"date":"2023-08-10T10:48:47","date_gmt":"2023-08-10T10:48:47","guid":{"rendered":"https:\/\/www.ull.es\/consejo-estudiantes\/?page_id=111"},"modified":"2025-09-10T11:28:37","modified_gmt":"2025-09-10T11:28:37","slug":"quienes-somos","status":"publish","type":"page","link":"https:\/\/www.ull.es\/consejo-estudiantes\/el-consejo\/quienes-somos\/","title":{"rendered":"Qui\u00e9nes somos"},"content":{"rendered":"\n<div class=\"wp-block-stackable-columns alignfull stk-block-columns stk-block stk-8197580 stk-block-background\" data-block-id=\"8197580\"><style>.stk-8197580 {background-color:#905bae !important;padding-top:0px !important;padding-right:0px !important;padding-bottom:0px !important;padding-left:0px !important;margin-top:-30px !important;margin-bottom:0px !important;}.stk-8197580:before{background-color:#905bae !important;}.stk-8197580-column{max-width:1200px !important;min-width:auto !important;}<\/style><div class=\"stk-row stk-inner-blocks stk-block-content stk-content-align stk-8197580-column alignwide\">\n<div class=\"wp-block-stackable-column stk-block-column stk-column stk-block stk-3f7121b\" data-v=\"4\" data-block-id=\"3f7121b\"><div class=\"stk-column-wrapper stk-block-column__content stk-container stk-3f7121b-container stk--no-background stk--no-padding\"><div class=\"stk-block-content stk-inner-blocks stk-3f7121b-inner-blocks\">\n<div class=\"wp-block-stackable-heading stk-block-heading stk-block-heading--v2 stk-block stk-a7c2550\" id=\"quienes-somos\" data-block-id=\"a7c2550\"><style>.stk-a7c2550 {padding-top:20px !important;padding-right:20px !important;padding-bottom:20px !important;padding-left:20px !important;}.stk-a7c2550 .stk-block-heading__text{font-size:27px !important;color:#ffffff !important;font-weight:500 !important;}@media screen and (max-width: 1023px){.stk-a7c2550 .stk-block-heading__text{font-size:27px !important;}}<\/style><h1 class=\"stk-block-heading__text has-text-color\">Qui\u00e9nes somos<\/h1><\/div>\n<\/div><\/div><\/div>\n<\/div><\/div>\n\n\n\n<div class=\"wp-block-stackable-columns alignfull stk-block-columns stk-block stk-c80c672 stk-block-background stk--has-background-overlay\" data-block-id=\"c80c672\"><style>.stk-c80c672 {background-color:linear-gradient(135deg,rgb(223,204,251) 0%,rgb(255,243,218) 100%) !important;padding-top:100px !important;padding-bottom:100px !important;margin-top:-30px !important;margin-bottom:-80px !important;}.stk-c80c672:before{background-image:linear-gradient(135deg,rgb(223,204,251) 0%,rgb(255,243,218) 100%) !important;}.stk-c80c672-column{max-width:1200px !important;min-width:auto !important;--stk-column-gap:50px !important;flex-wrap:wrap !important;--stk-flex-grow:0 !important;row-gap:50px !important;}<\/style><div class=\"stk-row stk-inner-blocks stk-block-content stk-content-align stk-c80c672-column alignwide\">\n<div class=\"wp-block-stackable-column stk-block-column stk-column stk-block stk-9662813\" data-v=\"4\" data-block-id=\"9662813\"><style>@media screen and (min-width: 768px){.stk-9662813 {flex:var(--stk-flex-grow, 1) 1 calc(50% - var(--stk-column-gap, 0px) * 1 \/ 2 ) !important;}}<\/style><div class=\"stk-column-wrapper stk-block-column__content stk-container stk-9662813-container stk--no-background stk--no-padding\"><div class=\"stk-block-content stk-inner-blocks stk-9662813-inner-blocks\">\n<figure class=\"wp-block-image size-large\" data-block-type=\"core\"><img loading=\"lazy\" decoding=\"async\" width=\"1024\" height=\"617\" src=\"http:\/\/www.ull.es\/consejo-estudiantes\/wp-content\/uploads\/sites\/20\/2023\/09\/Team-spirit-bro-e1695122416439-1024x617.png\" alt=\"\" class=\"wp-image-244\" srcset=\"https:\/\/www.ull.es\/consejo-estudiantes\/wp-content\/uploads\/sites\/20\/2023\/09\/Team-spirit-bro-e1695122416439-1024x617.png 1024w, https:\/\/www.ull.es\/consejo-estudiantes\/wp-content\/uploads\/sites\/20\/2023\/09\/Team-spirit-bro-e1695122416439-300x181.png 300w, https:\/\/www.ull.es\/consejo-estudiantes\/wp-content\/uploads\/sites\/20\/2023\/09\/Team-spirit-bro-e1695122416439-768x463.png 768w, https:\/\/www.ull.es\/consejo-estudiantes\/wp-content\/uploads\/sites\/20\/2023\/09\/Team-spirit-bro-e1695122416439-1536x925.png 1536w, https:\/\/www.ull.es\/consejo-estudiantes\/wp-content\/uploads\/sites\/20\/2023\/09\/Team-spirit-bro-e1695122416439-375x226.png 375w, https:\/\/www.ull.es\/consejo-estudiantes\/wp-content\/uploads\/sites\/20\/2023\/09\/Team-spirit-bro-e1695122416439-750x452.png 750w, https:\/\/www.ull.es\/consejo-estudiantes\/wp-content\/uploads\/sites\/20\/2023\/09\/Team-spirit-bro-e1695122416439-1140x687.png 1140w, https:\/\/www.ull.es\/consejo-estudiantes\/wp-content\/uploads\/sites\/20\/2023\/09\/Team-spirit-bro-e1695122416439.png 1600w\" sizes=\"auto, (max-width: 1024px) 100vw, 1024px\" \/><\/figure>\n<\/div><\/div><\/div>\n\n\n\n<div class=\"wp-block-stackable-column stk-block-column stk-column stk-block stk-0a8ba81\" data-v=\"4\" data-block-id=\"0a8ba81\"><style>.stk-0a8ba81-inner-blocks{justify-content:center !important;}.stk-0a8ba81 {align-items:center !important;display:flex !important;}@media screen and (min-width: 768px){.stk-0a8ba81 {flex:var(--stk-flex-grow, 1) 1 calc(50% - var(--stk-column-gap, 0px) * 1 \/ 2 ) !important;}}<\/style><div class=\"stk-column-wrapper stk-block-column__content stk-container stk-0a8ba81-container stk--no-background stk--no-padding\"><div class=\"stk--column-flex stk-block-content stk-inner-blocks stk-0a8ba81-inner-blocks\">\n<div class=\"wp-block-stackable-text stk-block-text stk-block stk-256babf\" data-block-id=\"256babf\"><style>.stk-256babf {margin-bottom:0px !important;}<\/style><p class=\"stk-block-text__text\">Somos el m\u00e1ximo \u00f3rgano de representaci\u00f3n y coordinaci\u00f3n estudiantil de car\u00e1cter consultivo, democr\u00e1tico, colegiado e independiente en la ULL.<\/p><\/div>\n\n\n\n<p data-block-type=\"core\">Actuamos en representaci\u00f3n de absolutamente todo el estudiantado de la Universidad de La Laguna a trav\u00e9s de representantes de las facultades, escuelas, centros adscritos, centros de alojamiento y grupos claustrales.<\/p>\n\n\n\n<p data-block-type=\"core\">Actuamos tambi\u00e9n de interlocutor entre el estudiantado y el equipo de gobierno, as\u00ed como en las instituciones con competencias en materia de universidades para garantizar nuestros derechos.<\/p>\n<\/div><\/div><\/div>\n\n\n\n<div class=\"wp-block-stackable-column stk-block-column stk-column stk-block stk-58e5d71\" data-v=\"4\" data-block-id=\"58e5d71\"><style>.stk-58e5d71-inner-blocks{justify-content:center !important;}.stk-58e5d71 {align-items:center !important;display:flex !important;}@media screen and (min-width: 768px){.stk-58e5d71 {flex:var(--stk-flex-grow, 1) 1 calc(100% - var(--stk-column-gap, 0px) * 0 \/ 1 ) !important;}}<\/style><div class=\"stk-column-wrapper stk-block-column__content stk-container stk-58e5d71-container stk--no-background stk--no-padding\"><div class=\"stk--column-flex stk-block-content stk-inner-blocks stk-58e5d71-inner-blocks\">\n<div class=\"wp-block-stackable-heading stk-block-heading stk-block-heading--v2 stk-block stk-4cfe763\" id=\"objetivos\" data-block-id=\"4cfe763\"><style>.stk-4cfe763 .stk-block-heading__text{font-size:27px !important;color:var(--stk-global-color-48383, #5c068c) !important;font-weight:500 !important;}@media screen and (max-width: 1023px){.stk-4cfe763 .stk-block-heading__text{font-size:27px !important;}}<\/style><h1 class=\"stk-block-heading__text has-text-color has-text-align-center\">&#8211; Objetivos &#8211;<\/h1><\/div>\n\n\n\n<div class=\"wp-block-stackable-icon-list stk-block-icon-list stk-block stk-ce155c2\" data-block-id=\"ce155c2\"><style>.stk-ce155c2 {--stk-icon-list-column-count:1 !important;--stk-icon-list-row-gap:35px !important;--stk-icon-list-marker-color:var(--stk-global-color-48383, #5c068c) !important;--stk-icon-list-icon-size:25px !important;}<\/style><svg style=\"display:none\"><defs><g id=\"stk-icon-list__icon-svg-def-ce155c2\"><svg xmlns=\"http:\/\/www.w3.org\/2000\/svg\" viewBox=\"0 0 190 190\"><polygon points=\"173.8,28.4 60.4,141.8 15.7,97.2 5.1,107.8 60.4,163 184.4,39 173.8,28.4\"\/><\/svg><\/g><\/defs><\/svg><ul class=\"stk-block-icon-list__ul stk-block-icon-list--column\">\n<li class=\"wp-block-stackable-icon-list-item stk-block-icon-list-item stk-block stk-1a14d51\" data-block-id=\"1a14d51\"><div class=\"stk-block-icon-list-item__content\"><span class=\"stk--svg-wrapper\"><div class=\"stk--inner-svg\"><svg xmlns=\"http:\/\/www.w3.org\/2000\/svg\" viewBox=\"0 0 448 512\" aria-hidden=\"true\" width=\"32\" height=\"32\"><path d=\"M192 0c17.7 0 32 14.3 32 32V144H160V32c0-17.7 14.3-32 32-32zM64 64c0-17.7 14.3-32 32-32s32 14.3 32 32v80H64V64zm192 0c0-17.7 14.3-32 32-32s32 14.3 32 32v96c0 17.7-14.3 32-32 32s-32-14.3-32-32V64zm96 64c0-17.7 14.3-32 32-32s32 14.3 32 32v64c0 17.7-14.3 32-32 32s-32-14.3-32-32V128zm-96 88l0-.6c9.4 5.4 20.3 8.6 32 8.6c13.2 0 25.4-4 35.6-10.8c8.7 24.9 32.5 42.8 60.4 42.8c11.7 0 22.6-3.1 32-8.6V256c0 52.3-25.1 98.8-64 128v96c0 17.7-14.3 32-32 32H160c-17.7 0-32-14.3-32-32V401.6c-17.3-7.9-33.2-18.8-46.9-32.5L69.5 357.5C45.5 333.5 32 300.9 32 267V240c0-35.3 28.7-64 64-64h88c22.1 0 40 17.9 40 40s-17.9 40-40 40H128c-8.8 0-16 7.2-16 16s7.2 16 16 16h56c39.8 0 72-32.2 72-72z\"><\/path><\/svg><\/div><\/span><span class=\"stk-block-icon-list-item__text\">Velar por los derechos y deberes del estudiantado con especial \u00e9nfasis en lo concerniente a su labor participativa.<\/span><\/div><\/li>\n\n\n\n<li class=\"wp-block-stackable-icon-list-item stk-block-icon-list-item stk-block stk-e212c06\" data-block-id=\"e212c06\"><div class=\"stk-block-icon-list-item__content\"><span class=\"stk--svg-wrapper\"><div class=\"stk--inner-svg\"><svg xmlns=\"http:\/\/www.w3.org\/2000\/svg\" viewBox=\"0 0 512 512\" aria-hidden=\"true\" width=\"32\" height=\"32\"><path d=\"M256 0c17.7 0 32 14.3 32 32V64h32c12.9 0 24.6 7.8 29.6 19.8s2.2 25.7-6.9 34.9l-64 64c-12.5 12.5-32.8 12.5-45.3 0l-64-64c-9.2-9.2-11.9-22.9-6.9-34.9s16.6-19.8 29.6-19.8h32V32c0-17.7 14.3-32 32-32zM169.4 393.4l64-64c12.5-12.5 32.8-12.5 45.3 0l64 64c9.2 9.2 11.9 22.9 6.9 34.9s-16.6 19.8-29.6 19.8H288v32c0 17.7-14.3 32-32 32s-32-14.3-32-32V448H192c-12.9 0-24.6-7.8-29.6-19.8s-2.2-25.7 6.9-34.9zM32 224H64V192c0-12.9 7.8-24.6 19.8-29.6s25.7-2.2 34.9 6.9l64 64c12.5 12.5 12.5 32.8 0 45.3l-64 64c-9.2 9.2-22.9 11.9-34.9 6.9s-19.8-16.6-19.8-29.6V288H32c-17.7 0-32-14.3-32-32s14.3-32 32-32zm297.4 54.6c-12.5-12.5-12.5-32.8 0-45.3l64-64c9.2-9.2 22.9-11.9 34.9-6.9s19.8 16.6 19.8 29.6v32h32c17.7 0 32 14.3 32 32s-14.3 32-32 32H448v32c0 12.9-7.8 24.6-19.8 29.6s-25.7 2.2-34.9-6.9l-64-64zM256 224a32 32 0 1 1 0 64 32 32 0 1 1 0-64z\"><\/path><\/svg><\/div><\/span><span class=\"stk-block-icon-list-item__text\">Servir de punto de encuentro para el estudiantado como un lugar de debate de sus reivindicaciones e inquietudes.<\/span><\/div><\/li>\n\n\n\n<li class=\"wp-block-stackable-icon-list-item stk-block-icon-list-item stk-block stk-c05288f\" data-block-id=\"c05288f\"><div class=\"stk-block-icon-list-item__content\"><span class=\"stk--svg-wrapper\"><div class=\"stk--inner-svg\"><svg xmlns=\"http:\/\/www.w3.org\/2000\/svg\" viewBox=\"0 0 640 512\" aria-hidden=\"true\" width=\"32\" height=\"32\"><path d=\"M323.4 85.2l-96.8 78.4c-16.1 13-19.2 36.4-7 53.1c12.9 17.8 38 21.3 55.3 7.8l99.3-77.2c7-5.4 17-4.2 22.5 2.8s4.2 17-2.8 22.5l-20.9 16.2L512 316.8V128h-.7l-3.9-2.5L434.8 79c-15.3-9.8-33.2-15-51.4-15c-21.8 0-43 7.5-60 21.2zm22.8 124.4l-51.7 40.2C263 274.4 217.3 268 193.7 235.6c-22.2-30.5-16.6-73.1 12.7-96.8l83.2-67.3c-11.6-4.9-24.1-7.4-36.8-7.4C234 64 215.7 69.6 200 80l-72 48V352h28.2l91.4 83.4c19.6 17.9 49.9 16.5 67.8-3.1c5.5-6.1 9.2-13.2 11.1-20.6l17 15.6c19.5 17.9 49.9 16.6 67.8-2.9c4.5-4.9 7.8-10.6 9.9-16.5c19.4 13 45.8 10.3 62.1-7.5c17.9-19.5 16.6-49.9-2.9-67.8l-134.2-123zM16 128c-8.8 0-16 7.2-16 16V352c0 17.7 14.3 32 32 32H64c17.7 0 32-14.3 32-32V128H16zM48 320a16 16 0 1 1 0 32 16 16 0 1 1 0-32zM544 128V352c0 17.7 14.3 32 32 32h32c17.7 0 32-14.3 32-32V144c0-8.8-7.2-16-16-16H544zm32 208a16 16 0 1 1 32 0 16 16 0 1 1 -32 0z\"><\/path><\/svg><\/div><\/span><span class=\"stk-block-icon-list-item__text\">Servir de punto de encuentro para el estudiantado como un lugar de debate de sus reivindicaciones e inquietudes.<\/span><\/div><\/li>\n\n\n\n<li class=\"wp-block-stackable-icon-list-item stk-block-icon-list-item stk-block stk-0443e6a\" data-block-id=\"0443e6a\"><div class=\"stk-block-icon-list-item__content\"><span class=\"stk--svg-wrapper\"><div class=\"stk--inner-svg\"><svg xmlns=\"http:\/\/www.w3.org\/2000\/svg\" viewBox=\"0 0 640 512\" aria-hidden=\"true\" width=\"32\" height=\"32\"><path d=\"M320 32c-8.1 0-16.1 1.4-23.7 4.1L15.8 137.4C6.3 140.9 0 149.9 0 160s6.3 19.1 15.8 22.6l57.9 20.9C57.3 229.3 48 259.8 48 291.9v28.1c0 28.4-10.8 57.7-22.3 80.8c-6.5 13-13.9 25.8-22.5 37.6C0 442.7-.9 448.3 .9 453.4s6 8.9 11.2 10.2l64 16c4.2 1.1 8.7 .3 12.4-2s6.3-6.1 7.1-10.4c8.6-42.8 4.3-81.2-2.1-108.7C90.3 344.3 86 329.8 80 316.5V291.9c0-30.2 10.2-58.7 27.9-81.5c12.9-15.5 29.6-28 49.2-35.7l157-61.7c8.2-3.2 17.5 .8 20.7 9s-.8 17.5-9 20.7l-157 61.7c-12.4 4.9-23.3 12.4-32.2 21.6l159.6 57.6c7.6 2.7 15.6 4.1 23.7 4.1s16.1-1.4 23.7-4.1L624.2 182.6c9.5-3.4 15.8-12.5 15.8-22.6s-6.3-19.1-15.8-22.6L343.7 36.1C336.1 33.4 328.1 32 320 32zM128 408c0 35.3 86 72 192 72s192-36.7 192-72L496.7 262.6 354.5 314c-11.1 4-22.8 6-34.5 6s-23.5-2-34.5-6L143.3 262.6 128 408z\"><\/path><\/svg><\/div><\/span><span class=\"stk-block-icon-list-item__text\">Servir de enlace entre la instituci\u00f3n y el colectivo estudiantil para la resoluci\u00f3n de conflictos y la puesta en conocimiento de asuntos que afectan a colectivos concretos y proponer soluciones a los \u00f3rganos competentes a partir de las demandas estudiantiles.<\/span><\/div><\/li>\n<\/ul><\/div>\n<\/div><\/div><\/div>\n<\/div><\/div>\n","protected":false},"excerpt":{"rendered":"<p>Qui\u00e9nes somos Somos el m\u00e1ximo \u00f3rgano de representaci\u00f3n y coordinaci\u00f3n estudiantil de car\u00e1cter consultivo, democr\u00e1tico, colegiado e independiente en la ULL. Actuamos en representaci\u00f3n de absolutamente todo el estudiantado de la Universidad de La Laguna a trav\u00e9s de representantes de las facultades, escuelas, centros adscritos, centros de alojamiento y grupos claustrales. Actuamos tambi\u00e9n de interlocutor&#8230;<\/p>\n","protected":false},"author":60,"featured_media":0,"parent":266,"menu_order":0,"comment_status":"closed","ping_status":"closed","template":"templates\/template-frontpage.php","meta":{"footnotes":""},"class_list":["post-111","page","type-page","status-publish","hentry"],"_links":{"self":[{"href":"https:\/\/www.ull.es\/consejo-estudiantes\/wp-json\/wp\/v2\/pages\/111","targetHints":{"allow":["GET"]}}],"collection":[{"href":"https:\/\/www.ull.es\/consejo-estudiantes\/wp-json\/wp\/v2\/pages"}],"about":[{"href":"https:\/\/www.ull.es\/consejo-estudiantes\/wp-json\/wp\/v2\/types\/page"}],"author":[{"embeddable":true,"href":"https:\/\/www.ull.es\/consejo-estudiantes\/wp-json\/wp\/v2\/users\/60"}],"replies":[{"embeddable":true,"href":"https:\/\/www.ull.es\/consejo-estudiantes\/wp-json\/wp\/v2\/comments?post=111"}],"version-history":[{"count":21,"href":"https:\/\/www.ull.es\/consejo-estudiantes\/wp-json\/wp\/v2\/pages\/111\/revisions"}],"predecessor-version":[{"id":763,"href":"https:\/\/www.ull.es\/consejo-estudiantes\/wp-json\/wp\/v2\/pages\/111\/revisions\/763"}],"up":[{"embeddable":true,"href":"https:\/\/www.ull.es\/consejo-estudiantes\/wp-json\/wp\/v2\/pages\/266"}],"wp:attachment":[{"href":"https:\/\/www.ull.es\/consejo-estudiantes\/wp-json\/wp\/v2\/media?parent=111"}],"curies":[{"name":"wp","href":"https:\/\/api.w.org\/{rel}","templated":true}]}}