{"id":356,"date":"2025-06-19T11:19:22","date_gmt":"2025-06-19T11:19:22","guid":{"rendered":"https:\/\/www.ull.es\/cultura\/aula-cultural-carpinteria\/?page_id=356"},"modified":"2025-07-14T10:52:16","modified_gmt":"2025-07-14T10:52:16","slug":"publicaciones","status":"publish","type":"page","link":"https:\/\/www.ull.es\/cultura\/aula-cultural-carpinteria\/publicaciones\/","title":{"rendered":"Publicaciones"},"content":{"rendered":"<style id=\"depicter-52-inline-pre-css\">\n\n.depicter-52:not(.depicter-ready){\n\theight:450px;\n}\n\n\/***** Tablet *****\/\n@media screen and (max-width: 1024px){\n\n.depicter-52:not(.depicter-ready){\n\theight:700px;\n}\n\n}\n\/***** Mobile *****\/\n@media screen and (max-width: 767px){\n\n.depicter-52:not(.depicter-ready){\n\theight:740px;\n}\n\n}\n<\/style>\n<div id=\"depicter-52\" class=\"depicter depicter-document depicter-revert depicter-52 depicter-layout-fullwidth\">\n\n<div class=\"depicter-loading-container depicter-loading dotFlashing-dark\"><div class=\"depicter-loading-dark depicter-dot-flashing\">\n   <span><\/span>\n   <span><\/span>\n   <span><\/span>\n<\/div>\n<\/div>\n<div id=\"depicter-52-section-1\" class=\"depicter-section depicter-52-section-1\" data-name=\"Section 1\" data-type=\"section\" data-local-id=\"section-1\" data-slideshow-duration=\"6\">\n<picture class=\"depicter-bg\">\n<source data-depicter-srcset=\"https:\/\/www.ull.es\/cultura\/aula-cultural-carpinteria\/wp-content\/uploads\/sites\/9\/2025\/06\/016_ARM_CUB__EXPO_ACTULL_2086_BR-768x512.jpg, https:\/\/www.ull.es\/cultura\/aula-cultural-carpinteria\/wp-content\/uploads\/sites\/9\/2025\/06\/016_ARM_CUB__EXPO_ACTULL_2086_BR.jpg 2x\" srcset=\"data:image\/gif;base64,R0lGODlhAQABAIAAAAAAAP\/\/\/yH5BAEAAAAALAAAAAABAAEAAAIBRAA7\" media=\"(max-width: 1024px)\" \/>\n\n<source data-depicter-srcset=\"https:\/\/www.ull.es\/cultura\/aula-cultural-carpinteria\/wp-content\/uploads\/sites\/9\/2025\/06\/016_ARM_CUB__EXPO_ACTULL_2086_BR.jpg, https:\/\/www.ull.es\/cultura\/aula-cultural-carpinteria\/wp-content\/uploads\/sites\/9\/2025\/06\/016_ARM_CUB__EXPO_ACTULL_2086_BR-1064x709.jpg 2x\" srcset=\"data:image\/gif;base64,R0lGODlhAQABAIAAAAAAAP\/\/\/yH5BAEAAAAALAAAAAABAAEAAAIBRAA7\" media=\"(min-width: 1025px)\" \/>\n<img decoding=\"async\" src=\"data:image\/gif;base64,R0lGODlhAQABAIAAAAAAAP\/\/\/yH5BAEAAAAALAAAAAABAAEAAAIBRAA7\" data-ken-burns=\"false\" data-tablet-ken-burns=\"false\" data-mobile-ken-burns=\"{'scale':1,'duration':'5000','focalPoint':{'x':0.5,'y':0.40000000000000002220446049250313080847263336181640625},'easing':'linear'}\" alt=\"\" data-depicter-src=\"https:\/\/www.ull.es\/cultura\/aula-cultural-carpinteria\/wp-content\/uploads\/sites\/9\/2025\/06\/016_ARM_CUB__EXPO_ACTULL_2086_BR.jpg\" data-object-fit=\"custom,,\" data-crop=\"{'focalPoint':{'x':0.5,'y':0.200000000000000011102230246251565404236316680908203125},'mediaSize':{'width':1792,'height':1194}}\" data-tablet-crop=\"{'focalPoint':{'x':0.5,'y':0.5},'mediaSize':{'width':1050.493653032440079186926595866680145263671875,'height':700}}\" data-mobile-crop=\"{'focalPoint':{'x':0.5,'y':0.5},'mediaSize':{'width':1110.521861777150888883625157177448272705078125,'height':740}}\" \/>\n<\/picture>\n\n\n<h2 id=\"depicter-52-element-3\" class=\"depicter-element depicter-layer depicter-52-element-3\" data-type=\"text\" data-wrap=\"true\" data-name=\"Text 1\" data-local-id=\"element-3\" data-offset=\"x:0px;y:115px;origin:tl\" data-tablet-offset=\"x:210px;y:300px;origin:tl\" data-mobile-offset=\"x:0px;y:215px;origin:tl\" data-width=\"730px,730px,360px\" data-height=\"auto,auto,auto\" data-responsive-scale=\"true,,\">Publicaciones<br><\/h2>\n<\/div>\n<\/div>\n<script>\n(window.depicterSetups = window.depicterSetups || []).push(function(){\n\tDepicter.basePath = 'https:\/\/www.ull.es\/cultura\/aula-cultural-carpinteria\/wp-content\/plugins\/depicter\/resources\/scripts\/player\/';\n\tconst dpPlayer = Depicter.setup('.depicter-52',\n\t\t{\"width\":[\"1200\",\"1024\",\"360\"],\"height\":[\"450\",\"700\",\"740\"],\"view\":\"basic\",\"keepAspectRatio\":true,\"preload\":0,\"layout\":\"fullwidth\",\"rtl\":false,\"initAfterAppear\":false,\"ajaxApiUrl\":\"https:\\\/\\\/www.ull.es\\\/cultura\\\/aula-cultural-carpinteria\\\/wp-admin\\\/admin-ajax.php\",\"viewOptions\":{\"loop\":true},\"slideshow\":{\"duration\":8,\"autostart\":true},\"mouseSwipe\":true,\"touchSwipe\":true,\"useWatermark\":false}\n\t);\n});\n<\/script>\n\n\n<div class=\"wp-block-stackable-columns stk-block-columns stk-block stk-8b29547\" data-block-id=\"8b29547\"><style>.stk-8b29547 {margin-top:5% !important;}<\/style><div class=\"stk-row stk-inner-blocks stk-block-content stk-content-align stk-8b29547-column\">\n<div class=\"wp-block-stackable-column stk-block-column stk-column stk-block stk-979442e\" data-v=\"4\" data-block-id=\"979442e\"><div class=\"stk-column-wrapper stk-block-column__content stk-container stk-979442e-container stk--no-background stk--no-padding\"><div class=\"stk-block-content stk-inner-blocks stk-979442e-inner-blocks\">\n<div class=\"wp-block-stackable-text stk-block-text stk-block stk-8b8b64f\" data-block-id=\"8b8b64f\"><p class=\"stk-block-text__text\">Esta p\u00e1gina pretende ser un portal donde queden registradas las referencias bibliogr\u00e1ficas de la producci\u00f3n cient\u00edfica, as\u00ed como los resultados de las investigaciones o trabajos realizados por los equipos de trabajo o de Investigaci\u00f3n. En este apartado la difusi\u00f3n de la investigaci\u00f3n y los conocimientos permitir\u00e1n dar a conocer todos esos aspectos.<\/p><\/div>\n\n\n\n<div class=\"wp-block-stackable-columns stk-block-columns stk-block stk-2205aa0\" data-block-id=\"2205aa0\"><style>.stk-2205aa0-column{--stk-column-gap:50px !important;}<\/style><div class=\"stk-row stk-inner-blocks stk-block-content stk-content-align stk-2205aa0-column\">\n<div class=\"wp-block-stackable-column stk-block-column stk-column stk-block stk-85a522b\" data-v=\"4\" data-block-id=\"85a522b\"><div class=\"stk-column-wrapper stk-block-column__content stk-container stk-85a522b-container stk--no-background stk--no-padding\"><div class=\"stk-block-content stk-inner-blocks stk-85a522b-inner-blocks\">\n<div class=\"wp-block-stackable-image stk-block-image stk-block stk-0022aa8\" data-block-id=\"0022aa8\"><style>.stk-0022aa8 .stk-img-wrapper{width:533px !important;}<\/style><figure><span class=\"stk-img-wrapper stk-image--shape-stretch\"><img loading=\"lazy\" decoding=\"async\" class=\"stk-img wp-image-306\" src=\"https:\/\/www.ull.es\/cultura\/aula-cultural-carpinteria\/wp-content\/uploads\/sites\/9\/2025\/06\/006_01_Puerta_interior_20200228_103240_001_BR.jpg\" width=\"531\" height=\"709\" srcset=\"https:\/\/www.ull.es\/cultura\/aula-cultural-carpinteria\/wp-content\/uploads\/sites\/9\/2025\/06\/006_01_Puerta_interior_20200228_103240_001_BR.jpg 531w, https:\/\/www.ull.es\/cultura\/aula-cultural-carpinteria\/wp-content\/uploads\/sites\/9\/2025\/06\/006_01_Puerta_interior_20200228_103240_001_BR-225x300.jpg 225w, https:\/\/www.ull.es\/cultura\/aula-cultural-carpinteria\/wp-content\/uploads\/sites\/9\/2025\/06\/006_01_Puerta_interior_20200228_103240_001_BR-9x12.jpg 9w, https:\/\/www.ull.es\/cultura\/aula-cultural-carpinteria\/wp-content\/uploads\/sites\/9\/2025\/06\/006_01_Puerta_interior_20200228_103240_001_BR-200x267.jpg 200w, https:\/\/www.ull.es\/cultura\/aula-cultural-carpinteria\/wp-content\/uploads\/sites\/9\/2025\/06\/006_01_Puerta_interior_20200228_103240_001_BR-375x501.jpg 375w\" sizes=\"auto, (max-width: 531px) 100vw, 531px\" \/><\/span><\/figure><\/div>\n<\/div><\/div><\/div>\n\n\n\n<div class=\"wp-block-stackable-column stk-block-column stk-column stk-block stk-d36be2c\" data-v=\"4\" data-block-id=\"d36be2c\"><div class=\"stk-column-wrapper stk-block-column__content stk-container stk-d36be2c-container stk--no-background stk--no-padding\"><div class=\"stk-block-content stk-inner-blocks stk-d36be2c-inner-blocks\">\n<div class=\"wp-block-stackable-image stk-block-image stk-block stk-e8f55ed\" data-block-id=\"e8f55ed\"><style>.stk-e8f55ed .stk-img-wrapper{width:533px !important;}<\/style><figure><span class=\"stk-img-wrapper stk-image--shape-stretch\"><img loading=\"lazy\" decoding=\"async\" class=\"stk-img wp-image-287\" src=\"https:\/\/www.ull.es\/cultura\/aula-cultural-carpinteria\/wp-content\/uploads\/sites\/9\/2025\/06\/001_Puerta_Maqueta_BR.jpg\" width=\"533\" height=\"709\" srcset=\"https:\/\/www.ull.es\/cultura\/aula-cultural-carpinteria\/wp-content\/uploads\/sites\/9\/2025\/06\/001_Puerta_Maqueta_BR.jpg 533w, https:\/\/www.ull.es\/cultura\/aula-cultural-carpinteria\/wp-content\/uploads\/sites\/9\/2025\/06\/001_Puerta_Maqueta_BR-226x300.jpg 226w, https:\/\/www.ull.es\/cultura\/aula-cultural-carpinteria\/wp-content\/uploads\/sites\/9\/2025\/06\/001_Puerta_Maqueta_BR-9x12.jpg 9w, https:\/\/www.ull.es\/cultura\/aula-cultural-carpinteria\/wp-content\/uploads\/sites\/9\/2025\/06\/001_Puerta_Maqueta_BR-200x266.jpg 200w, https:\/\/www.ull.es\/cultura\/aula-cultural-carpinteria\/wp-content\/uploads\/sites\/9\/2025\/06\/001_Puerta_Maqueta_BR-375x499.jpg 375w\" sizes=\"auto, (max-width: 533px) 100vw, 533px\" \/><\/span><\/figure><\/div>\n<\/div><\/div><\/div>\n<\/div><\/div>\n<\/div><\/div><\/div>\n<\/div><\/div>\n","protected":false},"excerpt":{"rendered":"<p>Esta p\u00e1gina pretende ser un portal donde queden registradas las referencias bibliogr\u00e1ficas de la producci\u00f3n cient\u00edfica, as\u00ed como los resultados de las investigaciones o trabajos realizados por los equipos de trabajo o de Investigaci\u00f3n. En este apartado la difusi\u00f3n de la investigaci\u00f3n y los conocimientos permitir\u00e1n dar a conocer todos esos aspectos.<\/p>\n","protected":false},"author":14,"featured_media":0,"parent":0,"menu_order":0,"comment_status":"closed","ping_status":"closed","template":"templates\/template-frontpage.php","meta":{"footnotes":""},"class_list":["post-356","page","type-page","status-publish","hentry"],"_links":{"self":[{"href":"https:\/\/www.ull.es\/cultura\/aula-cultural-carpinteria\/wp-json\/wp\/v2\/pages\/356","targetHints":{"allow":["GET"]}}],"collection":[{"href":"https:\/\/www.ull.es\/cultura\/aula-cultural-carpinteria\/wp-json\/wp\/v2\/pages"}],"about":[{"href":"https:\/\/www.ull.es\/cultura\/aula-cultural-carpinteria\/wp-json\/wp\/v2\/types\/page"}],"author":[{"embeddable":true,"href":"https:\/\/www.ull.es\/cultura\/aula-cultural-carpinteria\/wp-json\/wp\/v2\/users\/14"}],"replies":[{"embeddable":true,"href":"https:\/\/www.ull.es\/cultura\/aula-cultural-carpinteria\/wp-json\/wp\/v2\/comments?post=356"}],"version-history":[{"count":7,"href":"https:\/\/www.ull.es\/cultura\/aula-cultural-carpinteria\/wp-json\/wp\/v2\/pages\/356\/revisions"}],"predecessor-version":[{"id":645,"href":"https:\/\/www.ull.es\/cultura\/aula-cultural-carpinteria\/wp-json\/wp\/v2\/pages\/356\/revisions\/645"}],"wp:attachment":[{"href":"https:\/\/www.ull.es\/cultura\/aula-cultural-carpinteria\/wp-json\/wp\/v2\/media?parent=356"}],"curies":[{"name":"wp","href":"https:\/\/api.w.org\/{rel}","templated":true}]}}