{"id":372,"date":"2025-06-20T11:19:57","date_gmt":"2025-06-20T11:19:57","guid":{"rendered":"https:\/\/www.ull.es\/cultura\/aula-cultural-carpinteria\/?page_id=372"},"modified":"2025-07-14T10:36:12","modified_gmt":"2025-07-14T10:36:12","slug":"singularidades","status":"publish","type":"page","link":"https:\/\/www.ull.es\/cultura\/aula-cultural-carpinteria\/singularidades\/","title":{"rendered":"Singularidades"},"content":{"rendered":"<style id=\"depicter-35-inline-pre-css\">\n\n.depicter-35:not(.depicter-ready){\n\theight:450px;\n}\n\n\/***** Tablet *****\/\n@media screen and (max-width: 1024px){\n\n.depicter-35:not(.depicter-ready){\n\theight:700px;\n}\n\n}\n\/***** Mobile *****\/\n@media screen and (max-width: 767px){\n\n.depicter-35:not(.depicter-ready){\n\theight:740px;\n}\n\n}\n<\/style>\n<div id=\"depicter-35\" class=\"depicter depicter-document depicter-revert depicter-35 depicter-layout-fullwidth\">\n\n<div class=\"depicter-loading-container depicter-loading dotFlashing-dark\"><div class=\"depicter-loading-dark depicter-dot-flashing\">\n   <span><\/span>\n   <span><\/span>\n   <span><\/span>\n<\/div>\n<\/div>\n<div id=\"depicter-35-section-1\" class=\"depicter-section depicter-35-section-1\" data-name=\"Section 1\" data-type=\"section\" data-local-id=\"section-1\" data-slideshow-duration=\"6\">\n<picture class=\"depicter-bg\">\n<source data-depicter-srcset=\"https:\/\/www.ull.es\/cultura\/aula-cultural-carpinteria\/wp-content\/uploads\/sites\/9\/2025\/06\/010_20250428_121500_BR-768x346.jpg, https:\/\/www.ull.es\/cultura\/aula-cultural-carpinteria\/wp-content\/uploads\/sites\/9\/2025\/06\/010_20250428_121500_BR.jpg 2x\" srcset=\"data:image\/gif;base64,R0lGODlhAQABAIAAAAAAAP\/\/\/yH5BAEAAAAALAAAAAABAAEAAAIBRAA7\" media=\"(max-width: 1024px)\" \/>\n\n<source data-depicter-srcset=\"https:\/\/www.ull.es\/cultura\/aula-cultural-carpinteria\/wp-content\/uploads\/sites\/9\/2025\/06\/010_20250428_121500_BR.jpg, https:\/\/www.ull.es\/cultura\/aula-cultural-carpinteria\/wp-content\/uploads\/sites\/9\/2025\/06\/010_20250428_121500_BR-1678x756.jpg 2x\" srcset=\"data:image\/gif;base64,R0lGODlhAQABAIAAAAAAAP\/\/\/yH5BAEAAAAALAAAAAABAAEAAAIBRAA7\" media=\"(min-width: 1025px)\" \/>\n<img decoding=\"async\" src=\"data:image\/gif;base64,R0lGODlhAQABAIAAAAAAAP\/\/\/yH5BAEAAAAALAAAAAABAAEAAAIBRAA7\" data-ken-burns=\"false\" data-tablet-ken-burns=\"false\" data-mobile-ken-burns=\"{'scale':1,'duration':'5000','focalPoint':{'x':0.5,'y':0.40000000000000002220446049250313080847263336181640625},'easing':'linear'}\" alt=\"\" data-depicter-src=\"https:\/\/www.ull.es\/cultura\/aula-cultural-carpinteria\/wp-content\/uploads\/sites\/9\/2025\/06\/010_20250428_121500_BR.jpg\" data-object-fit=\"custom,,\" data-crop=\"{'focalPoint':{'x':0.5,'y':0.429999999999999993338661852249060757458209991455078125},'mediaSize':{'width':1792,'height':807}}\" data-tablet-crop=\"{'focalPoint':{'x':0.5,'y':0.5},'mediaSize':{'width':1553.703703703703695282456465065479278564453125,'height':700}}\" data-mobile-crop=\"{'focalPoint':{'x':0.5,'y':0.5},'mediaSize':{'width':1642.486772486772451884462498128414154052734375,'height':740}}\" \/>\n<\/picture>\n\n\n<h2 id=\"depicter-35-element-3\" class=\"depicter-element depicter-layer depicter-35-element-3\" data-type=\"text\" data-wrap=\"true\" data-name=\"Text 1\" data-local-id=\"element-3\" data-offset=\"x:0px;y:115px;origin:tl\" data-tablet-offset=\"x:210px;y:300px;origin:tl\" data-mobile-offset=\"x:0px;y:215px;origin:tl\" data-width=\"730px,730px,360px\" data-height=\"auto,auto,auto\" data-responsive-scale=\"true,,\">Singularidades<br><\/h2>\n<\/div>\n<\/div>\n<script>\n(window.depicterSetups = window.depicterSetups || []).push(function(){\n\tDepicter.basePath = 'https:\/\/www.ull.es\/cultura\/aula-cultural-carpinteria\/wp-content\/plugins\/depicter\/resources\/scripts\/player\/';\n\tconst dpPlayer = Depicter.setup('.depicter-35',\n\t\t{\"width\":[\"1200\",\"1024\",\"360\"],\"height\":[\"450\",\"700\",\"740\"],\"view\":\"basic\",\"keepAspectRatio\":true,\"preload\":0,\"layout\":\"fullwidth\",\"rtl\":false,\"initAfterAppear\":false,\"ajaxApiUrl\":\"https:\\\/\\\/www.ull.es\\\/cultura\\\/aula-cultural-carpinteria\\\/wp-admin\\\/admin-ajax.php\",\"viewOptions\":{\"loop\":true},\"slideshow\":{\"duration\":8,\"autostart\":true},\"mouseSwipe\":true,\"touchSwipe\":true,\"useWatermark\":false}\n\t);\n});\n<\/script>\n\n\n<div class=\"wp-block-stackable-columns stk-block-columns stk-block stk-3bd9b10\" data-block-id=\"3bd9b10\"><style>.stk-3bd9b10 {margin-top:4% !important;}<\/style><div class=\"stk-row stk-inner-blocks stk-block-content stk-content-align stk-3bd9b10-column\">\n<div class=\"wp-block-stackable-column stk-block-column stk-column stk-block stk-84c25e7\" data-v=\"4\" data-block-id=\"84c25e7\"><div class=\"stk-column-wrapper stk-block-column__content stk-container stk-84c25e7-container stk--no-background stk--no-padding\"><div class=\"stk-block-content stk-inner-blocks stk-84c25e7-inner-blocks\">\n<div class=\"wp-block-stackable-text stk-block-text stk-block stk-82ff0f8\" id=\"quienes-somos\" data-block-id=\"82ff0f8\"><style>.stk-82ff0f8 {margin-bottom:35px !important;}<\/style><p class=\"stk-block-text__text\">Este espacio cultural pretende mostrar una detallada y singular colecci\u00f3n de herramientas y utensilios carpinteros tradicionales que permitieron el desarrollo del oficio, as\u00ed como el estudio y posterior ejecuci\u00f3n de reproducciones a escala de elementos de carpinter\u00eda de armar y de taller representativos de la arquitectura tradicional en Canarias. Se pretende adem\u00e1s hacer especial \u00e9nfasis en las especies end\u00e9micas que se utilizaron con fines madereros en esta arquitectura, muy especialmente el <em>Pinus canariensis<\/em>, as\u00ed como todas aquellas extra\u00eddas del <em>Monteverde<\/em> canario.<\/p><\/div>\n\n\n\n<div class=\"wp-block-stackable-image stk-block-image stk-block stk-2dc2327\" id=\"quienes-somos\" data-block-id=\"2dc2327\"><figure><span class=\"stk-img-wrapper stk-image--shape-stretch\"><img loading=\"lazy\" decoding=\"async\" class=\"stk-img wp-image-303\" src=\"https:\/\/www.ull.es\/cultura\/aula-cultural-carpinteria\/wp-content\/uploads\/sites\/9\/2025\/06\/012_-EXPO-AUTULL-20250401_142024_BR.jpg\" width=\"1678\" height=\"756\" srcset=\"https:\/\/www.ull.es\/cultura\/aula-cultural-carpinteria\/wp-content\/uploads\/sites\/9\/2025\/06\/012_-EXPO-AUTULL-20250401_142024_BR.jpg 1678w, https:\/\/www.ull.es\/cultura\/aula-cultural-carpinteria\/wp-content\/uploads\/sites\/9\/2025\/06\/012_-EXPO-AUTULL-20250401_142024_BR-300x135.jpg 300w, https:\/\/www.ull.es\/cultura\/aula-cultural-carpinteria\/wp-content\/uploads\/sites\/9\/2025\/06\/012_-EXPO-AUTULL-20250401_142024_BR-1024x461.jpg 1024w, https:\/\/www.ull.es\/cultura\/aula-cultural-carpinteria\/wp-content\/uploads\/sites\/9\/2025\/06\/012_-EXPO-AUTULL-20250401_142024_BR-768x346.jpg 768w, https:\/\/www.ull.es\/cultura\/aula-cultural-carpinteria\/wp-content\/uploads\/sites\/9\/2025\/06\/012_-EXPO-AUTULL-20250401_142024_BR-1536x692.jpg 1536w, https:\/\/www.ull.es\/cultura\/aula-cultural-carpinteria\/wp-content\/uploads\/sites\/9\/2025\/06\/012_-EXPO-AUTULL-20250401_142024_BR-18x8.jpg 18w, https:\/\/www.ull.es\/cultura\/aula-cultural-carpinteria\/wp-content\/uploads\/sites\/9\/2025\/06\/012_-EXPO-AUTULL-20250401_142024_BR-200x90.jpg 200w, https:\/\/www.ull.es\/cultura\/aula-cultural-carpinteria\/wp-content\/uploads\/sites\/9\/2025\/06\/012_-EXPO-AUTULL-20250401_142024_BR-375x169.jpg 375w, https:\/\/www.ull.es\/cultura\/aula-cultural-carpinteria\/wp-content\/uploads\/sites\/9\/2025\/06\/012_-EXPO-AUTULL-20250401_142024_BR-750x338.jpg 750w, https:\/\/www.ull.es\/cultura\/aula-cultural-carpinteria\/wp-content\/uploads\/sites\/9\/2025\/06\/012_-EXPO-AUTULL-20250401_142024_BR-1140x514.jpg 1140w\" sizes=\"auto, (max-width: 1678px) 100vw, 1678px\" \/><\/span><\/figure><\/div>\n\n\n\n<p class=\"has-small-font-size\" id=\"quienes-somos\"><\/p>\n<\/div><\/div><\/div>\n<\/div><\/div>\n\n\n\n<p><\/p>\n","protected":false},"excerpt":{"rendered":"<p>Este espacio cultural pretende mostrar una detallada y singular colecci\u00f3n de herramientas y utensilios carpinteros tradicionales que permitieron el desarrollo del oficio, as\u00ed como el estudio y posterior ejecuci\u00f3n de reproducciones a escala de elementos de carpinter\u00eda de armar y de taller representativos de la arquitectura tradicional en Canarias. Se pretende adem\u00e1s hacer especial \u00e9nfasis&#8230;<\/p>\n","protected":false},"author":14,"featured_media":0,"parent":0,"menu_order":0,"comment_status":"closed","ping_status":"closed","template":"templates\/template-frontpage.php","meta":{"footnotes":""},"class_list":["post-372","page","type-page","status-publish","hentry"],"_links":{"self":[{"href":"https:\/\/www.ull.es\/cultura\/aula-cultural-carpinteria\/wp-json\/wp\/v2\/pages\/372","targetHints":{"allow":["GET"]}}],"collection":[{"href":"https:\/\/www.ull.es\/cultura\/aula-cultural-carpinteria\/wp-json\/wp\/v2\/pages"}],"about":[{"href":"https:\/\/www.ull.es\/cultura\/aula-cultural-carpinteria\/wp-json\/wp\/v2\/types\/page"}],"author":[{"embeddable":true,"href":"https:\/\/www.ull.es\/cultura\/aula-cultural-carpinteria\/wp-json\/wp\/v2\/users\/14"}],"replies":[{"embeddable":true,"href":"https:\/\/www.ull.es\/cultura\/aula-cultural-carpinteria\/wp-json\/wp\/v2\/comments?post=372"}],"version-history":[{"count":6,"href":"https:\/\/www.ull.es\/cultura\/aula-cultural-carpinteria\/wp-json\/wp\/v2\/pages\/372\/revisions"}],"predecessor-version":[{"id":636,"href":"https:\/\/www.ull.es\/cultura\/aula-cultural-carpinteria\/wp-json\/wp\/v2\/pages\/372\/revisions\/636"}],"wp:attachment":[{"href":"https:\/\/www.ull.es\/cultura\/aula-cultural-carpinteria\/wp-json\/wp\/v2\/media?parent=372"}],"curies":[{"name":"wp","href":"https:\/\/api.w.org\/{rel}","templated":true}]}}