{"id":375,"date":"2025-06-20T11:28:14","date_gmt":"2025-06-20T11:28:14","guid":{"rendered":"https:\/\/www.ull.es\/cultura\/aula-cultural-carpinteria\/?page_id=375"},"modified":"2025-07-14T13:00:00","modified_gmt":"2025-07-14T13:00:00","slug":"equipo-de-investigacion","status":"publish","type":"page","link":"https:\/\/www.ull.es\/cultura\/aula-cultural-carpinteria\/equipo-de-investigacion\/","title":{"rendered":"Equipo de investigaci\u00f3n"},"content":{"rendered":"<style id=\"depicter-37-inline-pre-css\">\n\n.depicter-37:not(.depicter-ready){\n\theight:450px;\n}\n\n\/***** Tablet *****\/\n@media screen and (max-width: 1024px){\n\n.depicter-37:not(.depicter-ready){\n\theight:700px;\n}\n\n}\n\/***** Mobile *****\/\n@media screen and (max-width: 767px){\n\n.depicter-37:not(.depicter-ready){\n\theight:740px;\n}\n\n}\n<\/style>\n<div id=\"depicter-37\" class=\"depicter depicter-document depicter-revert depicter-37 depicter-layout-fullwidth\">\n\n<div class=\"depicter-loading-container depicter-loading dotFlashing-dark\"><div class=\"depicter-loading-dark depicter-dot-flashing\">\n   <span><\/span>\n   <span><\/span>\n   <span><\/span>\n<\/div>\n<\/div>\n<div id=\"depicter-37-section-1\" class=\"depicter-section depicter-37-section-1\" data-name=\"Section 1\" data-type=\"section\" data-local-id=\"section-1\" data-slideshow-duration=\"6\">\n<picture class=\"depicter-bg\">\n<source data-depicter-srcset=\"https:\/\/www.ull.es\/cultura\/aula-cultural-carpinteria\/wp-content\/uploads\/sites\/9\/2025\/06\/010_20250428_121500_BR-768x346.jpg, https:\/\/www.ull.es\/cultura\/aula-cultural-carpinteria\/wp-content\/uploads\/sites\/9\/2025\/06\/010_20250428_121500_BR.jpg 2x\" srcset=\"data:image\/gif;base64,R0lGODlhAQABAIAAAAAAAP\/\/\/yH5BAEAAAAALAAAAAABAAEAAAIBRAA7\" media=\"(max-width: 1024px)\" \/>\n\n<source data-depicter-srcset=\"https:\/\/www.ull.es\/cultura\/aula-cultural-carpinteria\/wp-content\/uploads\/sites\/9\/2025\/06\/010_20250428_121500_BR.jpg, https:\/\/www.ull.es\/cultura\/aula-cultural-carpinteria\/wp-content\/uploads\/sites\/9\/2025\/06\/010_20250428_121500_BR-1678x756.jpg 2x\" srcset=\"data:image\/gif;base64,R0lGODlhAQABAIAAAAAAAP\/\/\/yH5BAEAAAAALAAAAAABAAEAAAIBRAA7\" media=\"(min-width: 1025px)\" \/>\n<img decoding=\"async\" src=\"data:image\/gif;base64,R0lGODlhAQABAIAAAAAAAP\/\/\/yH5BAEAAAAALAAAAAABAAEAAAIBRAA7\" data-ken-burns=\"false\" data-tablet-ken-burns=\"false\" data-mobile-ken-burns=\"{'scale':1,'duration':'5000','focalPoint':{'x':0.5,'y':0.40000000000000002220446049250313080847263336181640625},'easing':'linear'}\" alt=\"\" data-depicter-src=\"https:\/\/www.ull.es\/cultura\/aula-cultural-carpinteria\/wp-content\/uploads\/sites\/9\/2025\/06\/010_20250428_121500_BR.jpg\" data-object-fit=\"custom,,\" data-crop=\"{'focalPoint':{'x':0.5,'y':0.38000000000000000444089209850062616169452667236328125},'mediaSize':{'width':1792,'height':807}}\" data-tablet-crop=\"{'focalPoint':{'x':0.5,'y':0.5},'mediaSize':{'width':1553.703703703703695282456465065479278564453125,'height':700}}\" data-mobile-crop=\"{'focalPoint':{'x':0.5,'y':0.5},'mediaSize':{'width':1642.486772486772451884462498128414154052734375,'height':740}}\" \/>\n<\/picture>\n\n\n<h2 id=\"depicter-37-element-3\" class=\"depicter-element depicter-layer depicter-37-element-3\" data-type=\"text\" data-wrap=\"true\" data-name=\"Text 1\" data-local-id=\"element-3\" data-offset=\"x:0px;y:115px;origin:tl\" data-tablet-offset=\"x:210px;y:300px;origin:tl\" data-mobile-offset=\"x:0px;y:215px;origin:tl\" data-width=\"730px,730px,360px\" data-height=\"auto,auto,auto\" data-responsive-scale=\"true,,\">Equipo de investigaci\u00f3n<br><\/h2>\n<\/div>\n<\/div>\n<script>\n(window.depicterSetups = window.depicterSetups || []).push(function(){\n\tDepicter.basePath = 'https:\/\/www.ull.es\/cultura\/aula-cultural-carpinteria\/wp-content\/plugins\/depicter\/resources\/scripts\/player\/';\n\tconst dpPlayer = Depicter.setup('.depicter-37',\n\t\t{\"width\":[\"1200\",\"1024\",\"360\"],\"height\":[\"450\",\"700\",\"740\"],\"view\":\"basic\",\"keepAspectRatio\":true,\"preload\":0,\"layout\":\"fullwidth\",\"rtl\":false,\"initAfterAppear\":false,\"ajaxApiUrl\":\"https:\\\/\\\/www.ull.es\\\/cultura\\\/aula-cultural-carpinteria\\\/wp-admin\\\/admin-ajax.php\",\"viewOptions\":{\"loop\":true},\"slideshow\":{\"duration\":8,\"autostart\":true},\"mouseSwipe\":true,\"touchSwipe\":true,\"useWatermark\":false}\n\t);\n});\n<\/script>\n\n\n<div class=\"wp-block-stackable-columns stk-block-columns stk-block stk-3bd9b10\" data-block-id=\"3bd9b10\"><style>.stk-3bd9b10 {margin-top:4% !important;}<\/style><div class=\"stk-row stk-inner-blocks stk-block-content stk-content-align stk-3bd9b10-column\">\n<div class=\"wp-block-stackable-column stk-block-column stk-column stk-block stk-84c25e7\" data-v=\"4\" data-block-id=\"84c25e7\"><div class=\"stk-column-wrapper stk-block-column__content stk-container stk-84c25e7-container stk--no-background stk--no-padding\"><div class=\"stk-block-content stk-inner-blocks stk-84c25e7-inner-blocks\">\n<div class=\"wp-block-stackable-heading stk-block-heading stk-block-heading--v2 stk-block stk-eb8fd79\" id=\"quienes-somos\" data-block-id=\"eb8fd79\"><style>.stk-eb8fd79 .stk-block-heading__text{font-weight:400 !important;}<\/style><h1 class=\"stk-block-heading__text\"><\/h1><\/div>\n\n\n\n<div class=\"wp-block-stackable-text stk-block-text stk-block stk-6662992\" id=\"quienes-somos\" data-block-id=\"6662992\"><p class=\"stk-block-text__text\"><\/p><\/div>\n\n\n\n<div class=\"wp-block-stackable-columns stk-block-columns stk-block stk-d4d7d16\" data-block-id=\"d4d7d16\"><div class=\"stk-row stk-inner-blocks stk-block-content stk-content-align stk-d4d7d16-column\">\n<div class=\"wp-block-stackable-column stk-block-column stk-column stk-block stk-5eed5bd\" data-v=\"4\" data-block-id=\"5eed5bd\"><div class=\"stk-column-wrapper stk-block-column__content stk-container stk-5eed5bd-container stk--no-background stk--no-padding\"><div class=\"stk-block-content stk-inner-blocks stk-5eed5bd-inner-blocks\">\n<div class=\"wp-block-stackable-team-member stk-block-team-member stk-block stk-ecf3e24 is-style-default\" data-v=\"2\" data-block-id=\"ecf3e24\"><div class=\"stk-block-team-member__content stk-content-align stk-ecf3e24-column stk-container stk-ecf3e24-container stk-hover-parent\"><div class=\"stk-block-content stk-inner-blocks has-text-align-center stk-ecf3e24-inner-blocks\">\n<div class=\"wp-block-stackable-image stk-block-image stk-block stk-e1e15bc\" data-block-id=\"e1e15bc\"><style>.stk-e1e15bc .stk-img-wrapper{width:150px !important;height:150px !important;}.stk-e1e15bc .stk-img-wrapper img, .stk-e1e15bc .stk-img-wrapper::after, .stk-e1e15bc .stk-img-wrapper::before{mask-image:url('data:image\/svg+xml;base64,PHN2ZyB4bWxucz0iaHR0cDovL3d3dy53My5vcmcvMjAwMC9zdmciIHZpZXdCb3g9IjAgMCAxMDAgMTAwIiBwcmVzZXJ2ZUFzcGVjdFJhdGlvPSJub25lIj48Y2lyY2xlIGN4PSI1MCIgY3k9IjUwIiByPSI1MCI+PC9jaXJjbGU+PC9zdmc+') !important;-webkit-mask-image:url('data:image\/svg+xml;base64,PHN2ZyB4bWxucz0iaHR0cDovL3d3dy53My5vcmcvMjAwMC9zdmciIHZpZXdCb3g9IjAgMCAxMDAgMTAwIiBwcmVzZXJ2ZUFzcGVjdFJhdGlvPSJub25lIj48Y2lyY2xlIGN4PSI1MCIgY3k9IjUwIiByPSI1MCI+PC9jaXJjbGU+PC9zdmc+') !important;}<\/style><figure><span class=\"stk-img-wrapper stk-img--shape stk-image--shape-stretch\"><img loading=\"lazy\" decoding=\"async\" class=\"stk-img wp-image-338\" src=\"https:\/\/www.ull.es\/cultura\/aula-cultural-carpinteria\/wp-content\/uploads\/sites\/9\/2025\/06\/75c9664d6b7dfaa9901ab80420b1cc4cccf88889.jpg\" width=\"500\" height=\"500\" srcset=\"https:\/\/www.ull.es\/cultura\/aula-cultural-carpinteria\/wp-content\/uploads\/sites\/9\/2025\/06\/75c9664d6b7dfaa9901ab80420b1cc4cccf88889.jpg 500w, https:\/\/www.ull.es\/cultura\/aula-cultural-carpinteria\/wp-content\/uploads\/sites\/9\/2025\/06\/75c9664d6b7dfaa9901ab80420b1cc4cccf88889-300x300.jpg 300w, https:\/\/www.ull.es\/cultura\/aula-cultural-carpinteria\/wp-content\/uploads\/sites\/9\/2025\/06\/75c9664d6b7dfaa9901ab80420b1cc4cccf88889-150x150.jpg 150w, https:\/\/www.ull.es\/cultura\/aula-cultural-carpinteria\/wp-content\/uploads\/sites\/9\/2025\/06\/75c9664d6b7dfaa9901ab80420b1cc4cccf88889-12x12.jpg 12w, https:\/\/www.ull.es\/cultura\/aula-cultural-carpinteria\/wp-content\/uploads\/sites\/9\/2025\/06\/75c9664d6b7dfaa9901ab80420b1cc4cccf88889-200x200.jpg 200w, https:\/\/www.ull.es\/cultura\/aula-cultural-carpinteria\/wp-content\/uploads\/sites\/9\/2025\/06\/75c9664d6b7dfaa9901ab80420b1cc4cccf88889-375x375.jpg 375w, https:\/\/www.ull.es\/cultura\/aula-cultural-carpinteria\/wp-content\/uploads\/sites\/9\/2025\/06\/75c9664d6b7dfaa9901ab80420b1cc4cccf88889-50x50.jpg 50w\" sizes=\"auto, (max-width: 500px) 100vw, 500px\" \/><\/span><\/figure><\/div>\n\n\n\n<div class=\"wp-block-stackable-heading stk-block-heading stk-block-heading--v2 stk-block stk-c1ee1fb\" id=\"jose-manuel-alonso-lopez\" data-block-id=\"c1ee1fb\"><style>.stk-c1ee1fb .stk-block-heading__text{color:#5c068c !important;font-weight:400 !important;}<\/style><h3 class=\"stk-block-heading__text has-text-color\">Jos\u00e9 Manuel Alonso L\u00f3pez<\/h3><\/div>\n\n\n\n<div class=\"wp-block-stackable-subtitle stk-block-subtitle stk-block stk-d29f6d4\" data-block-id=\"d29f6d4\"><p class=\"stk-block-subtitle__text stk-subtitle\">Profesor Titular de Universidad<\/p><\/div>\n\n\n\n<div class=\"wp-block-stackable-text stk-block-text stk-block stk-f63ea40\" data-block-id=\"f63ea40\"><style>.stk-f63ea40 {margin-bottom:0px !important;}.stk-f63ea40 .stk-block-text__text{color:#5c068c !important;}<\/style><p class=\"stk-block-text__text has-text-color\"><a href=\"http:\/\/scholar.google.es\/citations?user=GaIYxpQAAAAJ&amp;hl=es\" target=\"_blank\" rel=\"noopener\">Google Acad\u00e9mi<\/a>co<\/p><\/div>\n\n\n\n<div class=\"wp-block-stackable-text stk-block-text stk-block stk-8a459d5\" data-block-id=\"8a459d5\"><style>.stk-8a459d5 .stk-block-text__text{color:#5c068c !important;}<\/style><p class=\"stk-block-text__text has-text-color\"><a href=\"https:\/\/portalciencia.ull.es\/investigadores\/81184\/detalle\" target=\"_blank\" rel=\"noopener\">Portal de Ciencia ULL<\/a><\/p><\/div>\n<\/div><\/div><\/div>\n<\/div><\/div><\/div>\n\n\n\n<div class=\"wp-block-stackable-column stk-block-column stk-column stk-block stk-a845f10\" data-v=\"4\" data-block-id=\"a845f10\"><div class=\"stk-column-wrapper stk-block-column__content stk-container stk-a845f10-container stk--no-background stk--no-padding\"><div class=\"stk-block-content stk-inner-blocks stk-a845f10-inner-blocks\">\n<div class=\"wp-block-stackable-team-member stk-block-team-member stk-block stk-019a2f5 is-style-default\" data-v=\"2\" data-block-id=\"019a2f5\"><div class=\"stk-block-team-member__content stk-content-align stk-019a2f5-column stk-container stk-019a2f5-container stk-hover-parent\"><div class=\"stk-block-content stk-inner-blocks has-text-align-center stk-019a2f5-inner-blocks\">\n<div class=\"wp-block-stackable-image stk-block-image stk-block stk-db16293\" data-block-id=\"db16293\"><style>.stk-db16293 .stk-img-wrapper{width:150px !important;height:150px !important;}.stk-db16293 .stk-img-wrapper img, .stk-db16293 .stk-img-wrapper::after, .stk-db16293 .stk-img-wrapper::before{mask-image:url('data:image\/svg+xml;base64,PHN2ZyB4bWxucz0iaHR0cDovL3d3dy53My5vcmcvMjAwMC9zdmciIHZpZXdCb3g9IjAgMCAxMDAgMTAwIiBwcmVzZXJ2ZUFzcGVjdFJhdGlvPSJub25lIj48Y2lyY2xlIGN4PSI1MCIgY3k9IjUwIiByPSI1MCI+PC9jaXJjbGU+PC9zdmc+') !important;-webkit-mask-image:url('data:image\/svg+xml;base64,PHN2ZyB4bWxucz0iaHR0cDovL3d3dy53My5vcmcvMjAwMC9zdmciIHZpZXdCb3g9IjAgMCAxMDAgMTAwIiBwcmVzZXJ2ZUFzcGVjdFJhdGlvPSJub25lIj48Y2lyY2xlIGN4PSI1MCIgY3k9IjUwIiByPSI1MCI+PC9jaXJjbGU+PC9zdmc+') !important;}<\/style><figure><span class=\"stk-img-wrapper stk-img--shape stk-image--shape-stretch\"><img loading=\"lazy\" decoding=\"async\" class=\"stk-img wp-image-337\" src=\"https:\/\/www.ull.es\/cultura\/aula-cultural-carpinteria\/wp-content\/uploads\/sites\/9\/2025\/06\/64252159a4870c36225ef2b212c3114e6a471212.jpg\" width=\"500\" height=\"500\" srcset=\"https:\/\/www.ull.es\/cultura\/aula-cultural-carpinteria\/wp-content\/uploads\/sites\/9\/2025\/06\/64252159a4870c36225ef2b212c3114e6a471212.jpg 500w, https:\/\/www.ull.es\/cultura\/aula-cultural-carpinteria\/wp-content\/uploads\/sites\/9\/2025\/06\/64252159a4870c36225ef2b212c3114e6a471212-300x300.jpg 300w, https:\/\/www.ull.es\/cultura\/aula-cultural-carpinteria\/wp-content\/uploads\/sites\/9\/2025\/06\/64252159a4870c36225ef2b212c3114e6a471212-150x150.jpg 150w, https:\/\/www.ull.es\/cultura\/aula-cultural-carpinteria\/wp-content\/uploads\/sites\/9\/2025\/06\/64252159a4870c36225ef2b212c3114e6a471212-12x12.jpg 12w, https:\/\/www.ull.es\/cultura\/aula-cultural-carpinteria\/wp-content\/uploads\/sites\/9\/2025\/06\/64252159a4870c36225ef2b212c3114e6a471212-200x200.jpg 200w, https:\/\/www.ull.es\/cultura\/aula-cultural-carpinteria\/wp-content\/uploads\/sites\/9\/2025\/06\/64252159a4870c36225ef2b212c3114e6a471212-375x375.jpg 375w, https:\/\/www.ull.es\/cultura\/aula-cultural-carpinteria\/wp-content\/uploads\/sites\/9\/2025\/06\/64252159a4870c36225ef2b212c3114e6a471212-50x50.jpg 50w\" sizes=\"auto, (max-width: 500px) 100vw, 500px\" \/><\/span><\/figure><\/div>\n\n\n\n<div class=\"wp-block-stackable-heading stk-block-heading stk-block-heading--v2 stk-block stk-6f3bdde\" id=\"eduardo-gonzalez-diaz\" data-block-id=\"6f3bdde\"><style>.stk-6f3bdde .stk-block-heading__text{color:#5c068c !important;font-weight:400 !important;}<\/style><h3 class=\"stk-block-heading__text has-text-color\">Eduardo Gonz\u00e1lez D\u00edaz<\/h3><\/div>\n\n\n\n<div class=\"wp-block-stackable-subtitle stk-block-subtitle stk-block stk-0216670\" data-block-id=\"0216670\"><p class=\"stk-block-subtitle__text stk-subtitle\">Profesor Titular de Universidad<\/p><\/div>\n\n\n\n<div class=\"wp-block-stackable-text stk-block-text stk-block stk-3e87f24\" data-block-id=\"3e87f24\"><style>.stk-3e87f24 {margin-bottom:0px !important;}.stk-3e87f24 .stk-block-text__text{color:#5c068c !important;}<\/style><p class=\"stk-block-text__text has-text-color\"><a href=\"http:\/\/scholar.google.es\/citations?user=oIbOyjIAAAAJ&amp;hl=es\" target=\"_blank\" rel=\"noopener\">Google Acad\u00e9mico<\/a><\/p><\/div>\n\n\n\n<div class=\"wp-block-stackable-text stk-block-text stk-block stk-ed91061\" data-block-id=\"ed91061\"><style>.stk-ed91061 .stk-block-text__text{color:#5c068c !important;}<\/style><p class=\"stk-block-text__text has-text-color\"><a href=\"https:\/\/portalciencia.ull.es\/investigadores\/81147\/detalle\" target=\"_blank\" rel=\"noopener\">Portal de Ciencia ULL<\/a><\/p><\/div>\n<\/div><\/div><\/div>\n<\/div><\/div><\/div>\n<\/div><\/div>\n<\/div><\/div><\/div>\n<\/div><\/div>\n","protected":false},"excerpt":{"rendered":"<p>Jos\u00e9 Manuel Alonso L\u00f3pez Profesor Titular de Universidad Google Acad\u00e9mico Portal de Ciencia ULL Eduardo Gonz\u00e1lez D\u00edaz Profesor Titular de Universidad Google Acad\u00e9mico Portal de Ciencia ULL<\/p>\n","protected":false},"author":14,"featured_media":0,"parent":0,"menu_order":0,"comment_status":"closed","ping_status":"closed","template":"templates\/template-frontpage.php","meta":{"footnotes":""},"class_list":["post-375","page","type-page","status-publish","hentry"],"_links":{"self":[{"href":"https:\/\/www.ull.es\/cultura\/aula-cultural-carpinteria\/wp-json\/wp\/v2\/pages\/375","targetHints":{"allow":["GET"]}}],"collection":[{"href":"https:\/\/www.ull.es\/cultura\/aula-cultural-carpinteria\/wp-json\/wp\/v2\/pages"}],"about":[{"href":"https:\/\/www.ull.es\/cultura\/aula-cultural-carpinteria\/wp-json\/wp\/v2\/types\/page"}],"author":[{"embeddable":true,"href":"https:\/\/www.ull.es\/cultura\/aula-cultural-carpinteria\/wp-json\/wp\/v2\/users\/14"}],"replies":[{"embeddable":true,"href":"https:\/\/www.ull.es\/cultura\/aula-cultural-carpinteria\/wp-json\/wp\/v2\/comments?post=375"}],"version-history":[{"count":6,"href":"https:\/\/www.ull.es\/cultura\/aula-cultural-carpinteria\/wp-json\/wp\/v2\/pages\/375\/revisions"}],"predecessor-version":[{"id":648,"href":"https:\/\/www.ull.es\/cultura\/aula-cultural-carpinteria\/wp-json\/wp\/v2\/pages\/375\/revisions\/648"}],"wp:attachment":[{"href":"https:\/\/www.ull.es\/cultura\/aula-cultural-carpinteria\/wp-json\/wp\/v2\/media?parent=375"}],"curies":[{"name":"wp","href":"https:\/\/api.w.org\/{rel}","templated":true}]}}