{"id":448,"date":"2025-06-25T06:18:42","date_gmt":"2025-06-25T06:18:42","guid":{"rendered":"https:\/\/www.ull.es\/cultura\/aula-cultural-carpinteria\/?page_id=448"},"modified":"2025-07-14T13:00:55","modified_gmt":"2025-07-14T13:00:55","slug":"contacto","status":"publish","type":"page","link":"https:\/\/www.ull.es\/cultura\/aula-cultural-carpinteria\/contacto\/","title":{"rendered":"Contacto"},"content":{"rendered":"<style id=\"depicter-54-inline-pre-css\">\n\n.depicter-54:not(.depicter-ready){\n\theight:450px;\n}\n\n\/***** Tablet *****\/\n@media screen and (max-width: 1024px){\n\n.depicter-54:not(.depicter-ready){\n\theight:700px;\n}\n\n}\n\/***** Mobile *****\/\n@media screen and (max-width: 767px){\n\n.depicter-54:not(.depicter-ready){\n\theight:740px;\n}\n\n}\n<\/style>\n<div id=\"depicter-54\" class=\"depicter depicter-document depicter-revert depicter-54 depicter-layout-fullwidth\">\n\n<div class=\"depicter-loading-container depicter-loading dotFlashing-dark\"><div class=\"depicter-loading-dark depicter-dot-flashing\">\n   <span><\/span>\n   <span><\/span>\n   <span><\/span>\n<\/div>\n<\/div>\n<div id=\"depicter-54-section-1\" class=\"depicter-section depicter-54-section-1\" data-name=\"Section 1\" data-type=\"section\" data-local-id=\"section-1\" data-slideshow-duration=\"6\">\n<picture class=\"depicter-bg\">\n<source data-depicter-srcset=\"https:\/\/www.ull.es\/cultura\/aula-cultural-carpinteria\/wp-content\/uploads\/sites\/9\/2025\/06\/007_Det_Cuarteron_MG_8705_BR-768x513.jpg, https:\/\/www.ull.es\/cultura\/aula-cultural-carpinteria\/wp-content\/uploads\/sites\/9\/2025\/06\/007_Det_Cuarteron_MG_8705_BR.jpg 2x\" srcset=\"data:image\/gif;base64,R0lGODlhAQABAIAAAAAAAP\/\/\/yH5BAEAAAAALAAAAAABAAEAAAIBRAA7\" media=\"(max-width: 1024px)\" \/>\n\n<source data-depicter-srcset=\"https:\/\/www.ull.es\/cultura\/aula-cultural-carpinteria\/wp-content\/uploads\/sites\/9\/2025\/06\/007_Det_Cuarteron_MG_8705_BR.jpg, https:\/\/www.ull.es\/cultura\/aula-cultural-carpinteria\/wp-content\/uploads\/sites\/9\/2025\/06\/007_Det_Cuarteron_MG_8705_BR-1062x709.jpg 2x\" srcset=\"data:image\/gif;base64,R0lGODlhAQABAIAAAAAAAP\/\/\/yH5BAEAAAAALAAAAAABAAEAAAIBRAA7\" media=\"(min-width: 1025px)\" \/>\n<img decoding=\"async\" src=\"data:image\/gif;base64,R0lGODlhAQABAIAAAAAAAP\/\/\/yH5BAEAAAAALAAAAAABAAEAAAIBRAA7\" data-ken-burns=\"false\" data-tablet-ken-burns=\"false\" data-mobile-ken-burns=\"{'scale':1,'duration':'5000','focalPoint':{'x':0.5,'y':0.40000000000000002220446049250313080847263336181640625},'easing':'linear'}\" alt=\"\" data-depicter-src=\"https:\/\/www.ull.es\/cultura\/aula-cultural-carpinteria\/wp-content\/uploads\/sites\/9\/2025\/06\/007_Det_Cuarteron_MG_8705_BR.jpg\" data-object-fit=\"custom,,\" data-crop=\"{'focalPoint':{'x':0.5,'y':0.440000000000000002220446049250313080847263336181640625},'mediaSize':{'width':1792,'height':1196}}\" data-tablet-crop=\"{'focalPoint':{'x':0.5,'y':0.5},'mediaSize':{'width':1048.519040902679762439220212399959564208984375,'height':700}}\" data-mobile-crop=\"{'focalPoint':{'x':0.5,'y':0.5},'mediaSize':{'width':1108.434414668547105975449085235595703125,'height':740}}\" \/>\n<\/picture>\n\n\n<h2 id=\"depicter-54-element-3\" class=\"depicter-element depicter-layer depicter-54-element-3\" data-type=\"text\" data-wrap=\"true\" data-name=\"Text 1\" data-local-id=\"element-3\" data-offset=\"x:0px;y:115px;origin:tl\" data-tablet-offset=\"x:210px;y:300px;origin:tl\" data-mobile-offset=\"x:0px;y:215px;origin:tl\" data-width=\"730px,730px,360px\" data-height=\"auto,auto,auto\" data-responsive-scale=\"true,,\">Contacto<br><\/h2>\n<\/div>\n<\/div>\n<script>\n(window.depicterSetups = window.depicterSetups || []).push(function(){\n\tDepicter.basePath = 'https:\/\/www.ull.es\/cultura\/aula-cultural-carpinteria\/wp-content\/plugins\/depicter\/resources\/scripts\/player\/';\n\tconst dpPlayer = Depicter.setup('.depicter-54',\n\t\t{\"width\":[\"1200\",\"1024\",\"360\"],\"height\":[\"450\",\"700\",\"740\"],\"view\":\"basic\",\"keepAspectRatio\":true,\"preload\":0,\"layout\":\"fullwidth\",\"rtl\":false,\"initAfterAppear\":false,\"ajaxApiUrl\":\"https:\\\/\\\/www.ull.es\\\/cultura\\\/aula-cultural-carpinteria\\\/wp-admin\\\/admin-ajax.php\",\"viewOptions\":{\"loop\":true},\"slideshow\":{\"duration\":8,\"autostart\":true},\"mouseSwipe\":true,\"touchSwipe\":true,\"useWatermark\":false}\n\t);\n});\n<\/script>\n\n\n<div class=\"wp-block-stackable-columns stk-block-columns stk-block stk-3bd9b10\" data-block-id=\"3bd9b10\"><style>.stk-3bd9b10 {margin-top:4% !important;}<\/style><div class=\"stk-row stk-inner-blocks stk-block-content stk-content-align stk-3bd9b10-column\">\n<div class=\"wp-block-stackable-column stk-block-column stk-column stk-block stk-84c25e7\" data-v=\"4\" data-block-id=\"84c25e7\"><div class=\"stk-column-wrapper stk-block-column__content stk-container stk-84c25e7-container stk--no-background stk--no-padding\"><div class=\"stk-block-content stk-inner-blocks stk-84c25e7-inner-blocks\">\n<div class=\"wp-block-stackable-heading stk-block-heading stk-block-heading--v2 stk-block stk-26de159\" data-block-id=\"26de159\"><style>.stk-26de159 .stk-block-heading__text{font-weight:400 !important;}<\/style><h1 class=\"stk-block-heading__text\"><\/h1><\/div>\n\n\n\n<div class=\"wp-block-stackable-heading stk-block-heading stk-block-heading--v2 stk-block stk-a6b0a7a\" id=\"strong-aula-cultural-de-carpinteria-tradicional-y-patrimonial-strong\" data-block-id=\"a6b0a7a\"><style>.stk-a6b0a7a .stk-block-heading__text{font-weight:400 !important;}<\/style><h2 class=\"stk-block-heading__text\"><strong>Aula Cultural de Carpinter\u00eda Tradicional y Patrimonial<\/strong><\/h2><\/div>\n\n\n\n<div class=\"wp-block-stackable-icon-list stk-block-icon-list stk-block stk-5afb4e3\" data-block-id=\"5afb4e3\"><style>.stk-5afb4e3 {--stk-icon-list-row-gap:15px !important;--stk-icon-list-marker-color:#5c068c !important;--stk-icon-list-icon-size:22px !important;}<\/style><svg style=\"display:none\"><defs><g id=\"stk-icon-list__icon-svg-def-5afb4e3\"><svg xmlns=\"http:\/\/www.w3.org\/2000\/svg\" viewBox=\"0 0 190 190\"><polygon points=\"173.8,28.4 60.4,141.8 15.7,97.2 5.1,107.8 60.4,163 184.4,39 173.8,28.4\" \/><\/svg><\/g><\/defs><\/svg><ul class=\"stk-block-icon-list__ul stk-block-icon-list--column\">\n<li class=\"wp-block-stackable-icon-list-item stk-block-icon-list-item stk-block stk-6c46c26\" data-block-id=\"6c46c26\"><div class=\"stk-block-icon-list-item__content\"><span class=\"stk--svg-wrapper\"><div class=\"stk--inner-svg\"><svg xmlns=\"http:\/\/www.w3.org\/2000\/svg\" viewBox=\"0 0 576 512\" aria-hidden=\"true\" width=\"32\" height=\"32\"><path d=\"M288 0H400c8.8 0 16 7.2 16 16V80c0 8.8-7.2 16-16 16H320.7l89.6 64H512c35.3 0 64 28.7 64 64V448c0 35.3-28.7 64-64 64H336V400c0-26.5-21.5-48-48-48s-48 21.5-48 48V512H64c-35.3 0-64-28.7-64-64V224c0-35.3 28.7-64 64-64H165.7L256 95.5V32c0-17.7 14.3-32 32-32zm48 240a48 48 0 1 0 -96 0 48 48 0 1 0 96 0zM80 224c-8.8 0-16 7.2-16 16v64c0 8.8 7.2 16 16 16h32c8.8 0 16-7.2 16-16V240c0-8.8-7.2-16-16-16H80zm368 16v64c0 8.8 7.2 16 16 16h32c8.8 0 16-7.2 16-16V240c0-8.8-7.2-16-16-16H464c-8.8 0-16 7.2-16 16zM80 352c-8.8 0-16 7.2-16 16v64c0 8.8 7.2 16 16 16h32c8.8 0 16-7.2 16-16V368c0-8.8-7.2-16-16-16H80zm384 0c-8.8 0-16 7.2-16 16v64c0 8.8 7.2 16 16 16h32c8.8 0 16-7.2 16-16V368c0-8.8-7.2-16-16-16H464z\"><\/path><\/svg><\/div><\/span><span class=\"stk-block-icon-list-item__text\">Escuela Polit\u00e9cnica Superior de Ingenier\u00eda (EPSI) Departamento de T\u00e9cnicas y Proyectos en Ingenier\u00eda y Arquitectura de la Universidad de La Laguna Secci\u00f3n de Arquitectura T\u00e9cnica<\/span><\/div><\/li>\n\n\n\n<li class=\"wp-block-stackable-icon-list-item stk-block-icon-list-item stk-block stk-8a017ab\" data-block-id=\"8a017ab\"><div class=\"stk-block-icon-list-item__content\"><span class=\"stk--svg-wrapper\"><div class=\"stk--inner-svg\"><svg xmlns=\"http:\/\/www.w3.org\/2000\/svg\" viewBox=\"0 0 384 512\" aria-hidden=\"true\" width=\"32\" height=\"32\"><path d=\"M215.7 499.2C267 435 384 279.4 384 192C384 86 298 0 192 0S0 86 0 192c0 87.4 117 243 168.3 307.2c12.3 15.3 35.1 15.3 47.4 0zM192 128a64 64 0 1 1 0 128 64 64 0 1 1 0-128z\"><\/path><\/svg><\/div><\/span><span class=\"stk-block-icon-list-item__text\">Avda: \u00c1ngel Guimer\u00e1 Jorge, s\/n. (Cruz de Piedra). CP 38204. La Laguna. Tenerife. Islas Canarias. Espa\u00f1a<\/span><\/div><\/li>\n\n\n\n<li class=\"wp-block-stackable-icon-list-item stk-block-icon-list-item stk-block stk-d799607\" data-block-id=\"d799607\"><div class=\"stk-block-icon-list-item__content\"><span class=\"stk--svg-wrapper\"><div class=\"stk--inner-svg\"><svg xmlns=\"http:\/\/www.w3.org\/2000\/svg\" viewBox=\"0 0 512 512\" aria-hidden=\"true\" width=\"32\" height=\"32\"><path d=\"M48 64C21.5 64 0 85.5 0 112c0 15.1 7.1 29.3 19.2 38.4L236.8 313.6c11.4 8.5 27 8.5 38.4 0L492.8 150.4c12.1-9.1 19.2-23.3 19.2-38.4c0-26.5-21.5-48-48-48H48zM0 176V384c0 35.3 28.7 64 64 64H448c35.3 0 64-28.7 64-64V176L294.4 339.2c-22.8 17.1-54 17.1-76.8 0L0 176z\"><\/path><\/svg><\/div><\/span><span class=\"stk-block-icon-list-item__text\">E-mail: actull@ull.edu.es<\/span><\/div><\/li>\n\n\n\n<li class=\"wp-block-stackable-icon-list-item stk-block-icon-list-item stk-block stk-506d29f\" data-block-id=\"506d29f\"><div class=\"stk-block-icon-list-item__content\"><span class=\"stk--svg-wrapper\"><div class=\"stk--inner-svg\"><svg xmlns=\"http:\/\/www.w3.org\/2000\/svg\" viewBox=\"0 0 448 512\" aria-hidden=\"true\" width=\"32\" height=\"32\"><path d=\"M416 32H31.9C14.3 32 0 46.5 0 64.3v383.4C0 465.5 14.3 480 31.9 480H416c17.6 0 32-14.5 32-32.3V64.3c0-17.8-14.4-32.3-32-32.3zM135.4 416H69V202.2h66.5V416zm-33.2-243c-21.3 0-38.5-17.3-38.5-38.5S80.9 96 102.2 96c21.2 0 38.5 17.3 38.5 38.5 0 21.3-17.2 38.5-38.5 38.5zm282.1 243h-66.4V312c0-24.8-.5-56.7-34.5-56.7-34.6 0-39.9 27-39.9 54.9V416h-66.4V202.2h63.7v29.2h.9c8.9-16.8 30.6-34.5 62.9-34.5 67.2 0 79.7 44.3 79.7 101.9V416z\"><\/path><\/svg><\/div><\/span><span class=\"stk-block-icon-list-item__text\"><a href=\"https:\/\/www.linkedin.com\/company\/aula-cultural-de-carpinter%C3%ADa-tradicional-y-patrimonial-actull-universidad-de-la-laguna\/?viewAsMember=true\" target=\"_blank\" rel=\"noopener\"><span style=\"color: #000000\" class=\"stk-highlight\">Linkedin<\/span><\/a><\/span><\/div><\/li>\n<\/ul><\/div>\n<\/div><\/div><\/div>\n<\/div><\/div>\n\n\n\n<div class=\"wp-block-stackable-columns stk-block-columns stk-block stk-6ff4a2a\" data-block-id=\"6ff4a2a\"><style>.stk-6ff4a2a {margin-bottom:25px !important;}<\/style><div class=\"stk-row stk-inner-blocks stk-block-content stk-content-align stk-6ff4a2a-column\">\n<div class=\"wp-block-stackable-column stk-block-column stk-column stk-block stk-5eea760\" data-v=\"4\" data-block-id=\"5eea760\"><div class=\"stk-column-wrapper stk-block-column__content stk-container stk-5eea760-container stk--no-background stk--no-padding\"><div class=\"stk-block-content stk-inner-blocks stk-5eea760-inner-blocks\">\n<div class=\"wp-block-stackable-icon-label stk-block-icon-label stk-block stk-3f28e36 stk-block-background\" data-block-id=\"3f28e36\"><style>.stk-3f28e36 {background-color:#5c068c !important;border-top-left-radius:5px !important;border-top-right-radius:5px !important;overflow:hidden !important;border-style:solid !important;border-top-width:1px !important;border-right-width:1px !important;border-bottom-width:0px !important;border-left-width:1px !important;padding-top:10px !important;padding-bottom:10px !important;margin-bottom:0px !important;}.stk-3f28e36:before{background-color:#5c068c !important;}<\/style><div class=\"stk-row stk-inner-blocks stk-block-content\">\n<div class=\"wp-block-stackable-heading stk-block-heading stk-block-heading--v2 stk-block stk-1edfb9d\" id=\"despacho\" data-block-id=\"1edfb9d\"><style>.stk-1edfb9d .stk-block-heading__text{color:#ffffff !important;}<\/style><h4 class=\"stk-block-heading__text has-text-color\">Despacho<\/h4><\/div>\n\n\n\n<div class=\"wp-block-stackable-icon stk-block-icon has-text-align-left stk-block stk-e2b741d\" data-block-id=\"e2b741d\"><style>.stk-e2b741d .stk--svg-wrapper .stk--inner-svg svg:last-child{height:24px !important;width:24px !important;}.stk-e2b741d .stk--svg-wrapper .stk--inner-svg svg:last-child, .stk-e2b741d .stk--svg-wrapper .stk--inner-svg svg:last-child :is(g, path, rect, polygon, ellipse){fill:#ffffff !important;}<\/style><span class=\"stk--svg-wrapper\"><div class=\"stk--inner-svg\"><svg style=\"height:0;width:0\"><defs><linearGradient id=\"linear-gradient-e2b741d\" x1=\"0\" x2=\"100%\" y1=\"0\" y2=\"0\"><stop offset=\"0%\" style=\"stop-opacity:1;stop-color:var(--linear-gradient-e-2-b-741-d-color-1)\"><\/stop><stop offset=\"100%\" style=\"stop-opacity:1;stop-color:var(--linear-gradient-e-2-b-741-d-color-2)\"><\/stop><\/linearGradient><\/defs><\/svg><svg xmlns=\"http:\/\/www.w3.org\/2000\/svg\" viewBox=\"0 0 512 512\" aria-hidden=\"true\" width=\"32\" height=\"32\"><path d=\"M184 48H328c4.4 0 8 3.6 8 8V96H176V56c0-4.4 3.6-8 8-8zm-56 8V96H64C28.7 96 0 124.7 0 160v96H192 320 512V160c0-35.3-28.7-64-64-64H384V56c0-30.9-25.1-56-56-56H184c-30.9 0-56 25.1-56 56zM512 288H320v32c0 17.7-14.3 32-32 32H224c-17.7 0-32-14.3-32-32V288H0V416c0 35.3 28.7 64 64 64H448c35.3 0 64-28.7 64-64V288z\"><\/path><\/svg><\/div><\/span><\/div>\n<\/div><\/div>\n\n\n\n<div class=\"wp-block-stackable-heading stk-block-heading stk-block-heading--v2 stk-block stk-41ab78d\" id=\"segunda-planta-edificio-epsi-de-204\" data-block-id=\"41ab78d\"><style>.stk-41ab78d {border-bottom-right-radius:5px !important;border-bottom-left-radius:5px !important;overflow:hidden !important;border-style:solid !important;border-color:#000000 !important;border-top-width:0px !important;border-right-width:1px !important;border-bottom-width:1px !important;border-left-width:1px !important;padding-top:25px !important;padding-bottom:25px !important;padding-left:10px !important;margin-bottom:0px !important;}.stk-41ab78d .stk-block-heading__text{color:#000000 !important;font-weight:400 !important;}<\/style><h3 class=\"stk-block-heading__text has-text-color\">Segunda Planta edificio EPSI, DE-204<\/h3><\/div>\n<\/div><\/div><\/div>\n\n\n\n<div class=\"wp-block-stackable-column stk-block-column stk-column stk-block stk-b408b1f\" data-v=\"4\" data-block-id=\"b408b1f\"><div class=\"stk-column-wrapper stk-block-column__content stk-container stk-b408b1f-container stk--no-background stk--no-padding\"><div class=\"stk-block-content stk-inner-blocks stk-b408b1f-inner-blocks\">\n<div class=\"wp-block-stackable-icon-label stk-block-icon-label stk-block stk-7c49800 stk-block-background\" data-block-id=\"7c49800\"><style>.stk-7c49800 {background-color:#5c068c !important;border-top-left-radius:5px !important;border-top-right-radius:5px !important;overflow:hidden !important;border-style:solid !important;border-top-width:1px !important;border-right-width:1px !important;border-bottom-width:0px !important;border-left-width:1px !important;padding-top:10px !important;padding-bottom:10px !important;margin-bottom:0px !important;}.stk-7c49800:before{background-color:#5c068c !important;}<\/style><div class=\"stk-row stk-inner-blocks stk-block-content\">\n<div class=\"wp-block-stackable-heading stk-block-heading stk-block-heading--v2 stk-block stk-25d1a8e\" id=\"exposicion\" data-block-id=\"25d1a8e\"><style>.stk-25d1a8e .stk-block-heading__text{color:#ffffff !important;}<\/style><h4 class=\"stk-block-heading__text has-text-color\">Exposici\u00f3n<\/h4><\/div>\n\n\n\n<div class=\"wp-block-stackable-icon stk-block-icon has-text-align-left stk-block stk-36584e6\" data-block-id=\"36584e6\"><style>.stk-36584e6 .stk--svg-wrapper .stk--inner-svg svg:last-child{height:24px !important;width:24px !important;}.stk-36584e6 .stk--svg-wrapper .stk--inner-svg svg:last-child, .stk-36584e6 .stk--svg-wrapper .stk--inner-svg svg:last-child :is(g, path, rect, polygon, ellipse){fill:#ffffff !important;}<\/style><span class=\"stk--svg-wrapper\"><div class=\"stk--inner-svg\"><svg style=\"height:0;width:0\"><defs><linearGradient id=\"linear-gradient-36584e6\" x1=\"0\" x2=\"100%\" y1=\"0\" y2=\"0\"><stop offset=\"0%\" style=\"stop-opacity:1;stop-color:var(--linear-gradient-36584-e-6-color-1)\"><\/stop><stop offset=\"100%\" style=\"stop-opacity:1;stop-color:var(--linear-gradient-36584-e-6-color-2)\"><\/stop><\/linearGradient><\/defs><\/svg><svg xmlns=\"http:\/\/www.w3.org\/2000\/svg\" viewBox=\"0 0 512 512\" aria-hidden=\"true\" width=\"32\" height=\"32\"><path d=\"M243.4 2.6l-224 96c-14 6-21.8 21-18.7 35.8S16.8 160 32 160v8c0 13.3 10.7 24 24 24H456c13.3 0 24-10.7 24-24v-8c15.2 0 28.3-10.7 31.3-25.6s-4.8-29.9-18.7-35.8l-224-96c-8-3.4-17.2-3.4-25.2 0zM128 224H64V420.3c-.6 .3-1.2 .7-1.8 1.1l-48 32c-11.7 7.8-17 22.4-12.9 35.9S17.9 512 32 512H480c14.1 0 26.5-9.2 30.6-22.7s-1.1-28.1-12.9-35.9l-48-32c-.6-.4-1.2-.7-1.8-1.1V224H384V416H344V224H280V416H232V224H168V416H128V224zM256 64a32 32 0 1 1 0 64 32 32 0 1 1 0-64z\"><\/path><\/svg><\/div><\/span><\/div>\n<\/div><\/div>\n\n\n\n<div class=\"wp-block-stackable-heading stk-block-heading stk-block-heading--v2 stk-block stk-eaf3770\" id=\"planta-baja-edificio-epsi-sd-102\" data-block-id=\"eaf3770\"><style>.stk-eaf3770 {border-bottom-right-radius:5px !important;border-bottom-left-radius:5px !important;overflow:hidden !important;border-style:solid !important;border-color:#000000 !important;border-top-width:0px !important;border-right-width:1px !important;border-bottom-width:1px !important;border-left-width:1px !important;padding-top:25px !important;padding-bottom:25px !important;padding-left:10px !important;margin-bottom:0px !important;}.stk-eaf3770 .stk-block-heading__text{color:#000000 !important;font-weight:400 !important;}<\/style><h3 class=\"stk-block-heading__text has-text-color\">Planta baja edificio EPSI, SD-102<\/h3><\/div>\n<\/div><\/div><\/div>\n<\/div><\/div>\n\n\n\n<div class=\"wp-block-stackable-image stk-block-image stk-block stk-2dc2327\" id=\"quienes-somos\" data-block-id=\"2dc2327\"><style>.stk-2dc2327 {overflow:hidden !important;}.stk-2dc2327 .stk-img-wrapper img{transform:scale(0.99) !important;border-radius:5px !important;}<\/style><figure><span class=\"stk-img-wrapper stk-image--shape-stretch\"><img loading=\"lazy\" decoding=\"async\" class=\"stk-img wp-image-304\" src=\"https:\/\/www.ull.es\/cultura\/aula-cultural-carpinteria\/wp-content\/uploads\/sites\/9\/2025\/06\/011_20250506_134310_BR.jpg\" width=\"1678\" height=\"756\" srcset=\"https:\/\/www.ull.es\/cultura\/aula-cultural-carpinteria\/wp-content\/uploads\/sites\/9\/2025\/06\/011_20250506_134310_BR.jpg 1678w, https:\/\/www.ull.es\/cultura\/aula-cultural-carpinteria\/wp-content\/uploads\/sites\/9\/2025\/06\/011_20250506_134310_BR-300x135.jpg 300w, https:\/\/www.ull.es\/cultura\/aula-cultural-carpinteria\/wp-content\/uploads\/sites\/9\/2025\/06\/011_20250506_134310_BR-1024x461.jpg 1024w, https:\/\/www.ull.es\/cultura\/aula-cultural-carpinteria\/wp-content\/uploads\/sites\/9\/2025\/06\/011_20250506_134310_BR-768x346.jpg 768w, https:\/\/www.ull.es\/cultura\/aula-cultural-carpinteria\/wp-content\/uploads\/sites\/9\/2025\/06\/011_20250506_134310_BR-1536x692.jpg 1536w, https:\/\/www.ull.es\/cultura\/aula-cultural-carpinteria\/wp-content\/uploads\/sites\/9\/2025\/06\/011_20250506_134310_BR-18x8.jpg 18w, https:\/\/www.ull.es\/cultura\/aula-cultural-carpinteria\/wp-content\/uploads\/sites\/9\/2025\/06\/011_20250506_134310_BR-200x90.jpg 200w, https:\/\/www.ull.es\/cultura\/aula-cultural-carpinteria\/wp-content\/uploads\/sites\/9\/2025\/06\/011_20250506_134310_BR-375x169.jpg 375w, https:\/\/www.ull.es\/cultura\/aula-cultural-carpinteria\/wp-content\/uploads\/sites\/9\/2025\/06\/011_20250506_134310_BR-750x338.jpg 750w, https:\/\/www.ull.es\/cultura\/aula-cultural-carpinteria\/wp-content\/uploads\/sites\/9\/2025\/06\/011_20250506_134310_BR-1140x514.jpg 1140w\" sizes=\"auto, (max-width: 1678px) 100vw, 1678px\" \/><\/span><figcaption class=\"stk-img-figcaption\"><\/figcaption><\/figure><\/div>\n","protected":false},"excerpt":{"rendered":"<p>Aula Cultural de Carpinter\u00eda Tradicional y Patrimonial Despacho Segunda Planta edificio EPSI, DE-204 Exposici\u00f3n Planta baja edificio EPSI, SD-102<\/p>\n","protected":false},"author":14,"featured_media":0,"parent":0,"menu_order":0,"comment_status":"closed","ping_status":"closed","template":"templates\/template-frontpage.php","meta":{"footnotes":""},"class_list":["post-448","page","type-page","status-publish","hentry"],"_links":{"self":[{"href":"https:\/\/www.ull.es\/cultura\/aula-cultural-carpinteria\/wp-json\/wp\/v2\/pages\/448","targetHints":{"allow":["GET"]}}],"collection":[{"href":"https:\/\/www.ull.es\/cultura\/aula-cultural-carpinteria\/wp-json\/wp\/v2\/pages"}],"about":[{"href":"https:\/\/www.ull.es\/cultura\/aula-cultural-carpinteria\/wp-json\/wp\/v2\/types\/page"}],"author":[{"embeddable":true,"href":"https:\/\/www.ull.es\/cultura\/aula-cultural-carpinteria\/wp-json\/wp\/v2\/users\/14"}],"replies":[{"embeddable":true,"href":"https:\/\/www.ull.es\/cultura\/aula-cultural-carpinteria\/wp-json\/wp\/v2\/comments?post=448"}],"version-history":[{"count":12,"href":"https:\/\/www.ull.es\/cultura\/aula-cultural-carpinteria\/wp-json\/wp\/v2\/pages\/448\/revisions"}],"predecessor-version":[{"id":650,"href":"https:\/\/www.ull.es\/cultura\/aula-cultural-carpinteria\/wp-json\/wp\/v2\/pages\/448\/revisions\/650"}],"wp:attachment":[{"href":"https:\/\/www.ull.es\/cultura\/aula-cultural-carpinteria\/wp-json\/wp\/v2\/media?parent=448"}],"curies":[{"name":"wp","href":"https:\/\/api.w.org\/{rel}","templated":true}]}}