{"id":2,"date":"2021-05-20T07:38:05","date_gmt":"2021-05-20T07:38:05","guid":{"rendered":"https:\/\/www.ull.es\/cultura\/colectivos-universitarios\/?page_id=2"},"modified":"2026-02-23T14:27:23","modified_gmt":"2026-02-23T14:27:23","slug":"inicio","status":"publish","type":"page","link":"https:\/\/www.ull.es\/cultura\/colectivos-universitarios\/fr\/","title":{"rendered":"Commencer"},"content":{"rendered":"<style id=\"depicter-1-inline-pre-css\">\n\n.depicter-1:not(.depicter-ready){\n\theight:400px;\n}\n\n\/***** Tablet *****\/\n@media screen and (max-width: 1024px){\n\n.depicter-1:not(.depicter-ready){\n\theight:700px;\n}\n\n}\n\/***** Mobile *****\/\n@media screen and (max-width: 767px){\n\n.depicter-1:not(.depicter-ready){\n\theight:360px;\n}\n\n}\n<\/style>\n<div id=\"depicter-1\" class=\"depicter depicter-document depicter-revert depicter-1 depicter-layout-fullwidth\">\n\n<div class=\"depicter-loading-container depicter-loading dotFlashing-dark\"><div class=\"depicter-loading-dark depicter-dot-flashing\">\n   <span><\/span>\n   <span><\/span>\n   <span><\/span>\n<\/div>\n<\/div>\n<div id=\"depicter-1-section-1\" class=\"depicter-section depicter-1-section-1\" data-name=\"Section 1\" data-type=\"section\" data-local-id=\"section-1\">\n<picture class=\"depicter-bg\">\n<source data-depicter-srcset=\"https:\/\/www.ull.es\/cultura\/colectivos-universitarios\/wp-content\/uploads\/sites\/4\/2021\/06\/teatro-768x512.jpg, https:\/\/www.ull.es\/cultura\/colectivos-universitarios\/wp-content\/uploads\/sites\/4\/2021\/06\/teatro.jpg 2x\" srcset=\"data:image\/gif;base64,R0lGODlhAQABAIAAAAAAAP\/\/\/yH5BAEAAAAALAAAAAABAAEAAAIBRAA7\" media=\"(max-width: 1024px)\" \/>\n\n<source data-depicter-srcset=\"https:\/\/www.ull.es\/cultura\/colectivos-universitarios\/wp-content\/uploads\/sites\/4\/2021\/06\/teatro.jpg, https:\/\/www.ull.es\/cultura\/colectivos-universitarios\/wp-content\/uploads\/sites\/4\/2021\/06\/teatro-2001x1333.jpg 2x\" srcset=\"data:image\/gif;base64,R0lGODlhAQABAIAAAAAAAP\/\/\/yH5BAEAAAAALAAAAAABAAEAAAIBRAA7\" media=\"(min-width: 1025px)\" \/>\n<img decoding=\"async\" src=\"data:image\/gif;base64,R0lGODlhAQABAIAAAAAAAP\/\/\/yH5BAEAAAAALAAAAAABAAEAAAIBRAA7\" alt=\"\" data-depicter-src=\"https:\/\/www.ull.es\/cultura\/colectivos-universitarios\/wp-content\/uploads\/sites\/4\/2021\/06\/teatro.jpg\" \/>\n<\/picture>\n\n\n<h3 id=\"depicter-1-element-3\" class=\"depicter-element depicter-layer depicter-1-element-3\" data-type=\"text\" data-wrap=\"true\" data-name=\"Text 1\" data-local-id=\"element-3\" data-offset=\"x:186px;y:91px;origin:tl\" data-tablet-offset=\"x:360px;y:196px;origin:tl\" data-mobile-offset=\"x:47px;y:81px;origin:tl\" data-width=\"auto,auto,auto\" data-height=\"auto,auto,auto\" data-responsive-scale=\"true,,\">Universidad de  La Laguna<\/h3>\n\n<div id=\"depicter-1-element-4\" class=\"depicter-element depicter-layer depicter-1-element-4\" data-type=\"shape\" data-wrap=\"true\" data-name=\"Shape 1\" data-local-id=\"element-4\" data-offset=\"x:195px;y:134px;origin:tl\" data-tablet-offset=\"x:428px;y:239px;origin:tl\" data-mobile-offset=\"x:48px;y:114px;origin:tl\" data-width=\"130px,130px,265px\" data-height=\"2px,2px,2px\" data-responsive-scale=\"true,,\" data-frame-class=\"depicter-1-element-4-frame\"><\/div>\n\n<h1 id=\"depicter-1-element-5\" class=\"depicter-element depicter-layer depicter-1-element-5\" data-type=\"text\" data-wrap=\"true\" data-name=\"Text 2\" data-local-id=\"element-5\" data-offset=\"x:186px;y:148px;origin:tl\" data-tablet-offset=\"x:151px;y:260px;origin:tl\" data-mobile-offset=\"x:48px;y:142px;origin:tl\" data-width=\"auto,auto,auto\" data-height=\"auto,auto,auto\" data-responsive-scale=\"true,,\">Colectivos<br>Universitarios<\/h1>\n<\/div>\n<\/div>\n<script>\n(window.depicterSetups = window.depicterSetups || []).push(function(){\n\tDepicter.basePath = 'https:\/\/www.ull.es\/cultura\/colectivos-universitarios\/wp-content\/plugins\/depicter\/resources\/scripts\/player\/';\n\tconst dpPlayer = Depicter.setup('.depicter-1',\n\t\t{\"width\":[\"1200\",\"1024\",\"360\"],\"height\":[\"400\",\"700\",\"360\"],\"view\":\"basic\",\"keepAspectRatio\":true,\"preload\":0,\"layout\":\"fullwidth\",\"rtl\":false,\"initAfterAppear\":false,\"ajaxApiUrl\":\"https:\\\/\\\/www.ull.es\\\/cultura\\\/colectivos-universitarios\\\/wp-admin\\\/admin-ajax.php\",\"mouseSwipe\":true,\"touchSwipe\":true,\"useWatermark\":false}\n\t);\n});\n<\/script>\n\n\n<div style=\"height:15px\" aria-hidden=\"true\" class=\"wp-block-spacer\"><\/div>\n\n\n\n<div class=\"wp-block-stackable-columns stk-block-columns stk-block stk-56ecda6\" data-block-id=\"56ecda6\"><style>.stk-56ecda6 {box-shadow:0px 1px 12px 0px #7a7a7a !important;padding-top:1% !important;padding-right:1% !important;padding-bottom:3% !important;padding-left:1% !important;}<\/style><div class=\"stk-row stk-inner-blocks stk-block-content stk-content-align stk-56ecda6-column\">\n<div class=\"wp-block-stackable-column stk-block-column stk-column stk-block stk-0255f4c\" data-v=\"4\" data-block-id=\"0255f4c\"><div class=\"stk-column-wrapper stk-block-column__content stk-container stk-0255f4c-container stk--no-background stk--no-padding\"><div class=\"stk-block-content stk-inner-blocks stk-0255f4c-inner-blocks\">\n<h2 class=\"wp-block-heading has-text-align-center has-white-color has-luminous-vivid-amber-background-color has-text-color has-background has-link-color wp-elements-bc53d544ef72bb1536a3c7f69efa6684\" style=\"font-style:normal;font-weight:300\">Colectivos Culturales Universitarios<\/h2>\n<\/div><\/div><\/div>\n<\/div><\/div>\n\n\n\n<details class=\"wp-block-details estilo-tabs is-layout-flow wp-block-details-is-layout-flow\"><summary>Grupos de teatro universitario<\/summary>\n<div style=\"height:15px\" aria-hidden=\"true\" class=\"wp-block-spacer\"><\/div>\n\n\n\n<p><strong>Agrupaci\u00f3n de Teatro de Filolog\u00eda<\/strong><br><strong>Direci\u00f3n:<\/strong> Jos\u00e9 Antonio Ramos Arteaga<br><strong>Localizaci\u00f3n:<\/strong> Facultad de Filolog\u00eda \u00b7 Campus de Guajara 38271 La Laguna<\/p>\n\n\n\n<p><strong>Apeiron Teatro<\/strong><br><strong>Direcci\u00f3n:<\/strong> Iraides \/Sergio<\/p>\n\n\n\n<p><strong>Teatrejo<\/strong><br><strong>Direcci\u00f3n:<\/strong> Manuel Garc\u00eda Garc\u00eda<br><strong>Tel\u00e9fono:<\/strong> 922 32 28 46<\/p>\n\n\n\n<p><strong>Teatro 13<\/strong><br><strong>Direcci\u00f3n:<\/strong> Abraham G\u00f3mez Rosales<\/p>\n\n\n\n<p><strong>Troysteatro<\/strong><br><strong>Direcci\u00f3n:<\/strong> Antonio Fumero M\u00e9ndez<\/p>\n<\/details>\n\n\n\n<div style=\"height:15px\" aria-hidden=\"true\" class=\"wp-block-spacer\"><\/div>\n\n\n\n<details class=\"wp-block-details estilo-tabs is-layout-flow wp-block-details-is-layout-flow\"><summary>Tunas<\/summary>\n<div style=\"height:15px\" aria-hidden=\"true\" class=\"wp-block-spacer\"><\/div>\n\n\n\n<p><strong>Tuna de Arquitectura T\u00e9cnica<\/strong><\/p>\n\n\n\n<p><strong>Tuna de Derecho<\/strong><\/p>\n\n\n\n<p><strong>Tuna de Distrito de la Universidad de La Laguna<\/strong><br>&nbsp;P\u00e1gina web:&nbsp;<a href=\"http:\/\/tunadistritolalaguna.com\/\" target=\"_blank\" rel=\"noreferrer noopener\" target=\"_blank\" rel=\"noopener\">www.tunadistritolalaguna.com<\/a><\/p>\n\n\n\n<p><strong>Tuna de Econ\u00f3micas y Empresariales<\/strong><\/p>\n\n\n\n<p><strong>Tuna de Farmacia<\/strong><\/p>\n\n\n\n<p><strong>Tuna Femenina de Distrito de la Universidad de La Laguna<\/strong><br>&nbsp;P\u00e1gina web:&nbsp;<a href=\"http:\/\/www.tunafemenina.es\/\" target=\"_blank\" rel=\"noreferrer noopener\" target=\"_blank\" rel=\"noopener\">www.tunafemenina.es<\/a><\/p>\n\n\n\n<p><strong>Tuna de Filolog\u00eda<\/strong><\/p>\n\n\n\n<p><strong>Tuna de Inform\u00e1tica<\/strong><\/p>\n\n\n\n<p><strong>Tuna de Ingenieros T\u00e9cnicos Agr\u00edcolas<\/strong><\/p>\n\n\n\n<p><strong>Tuna de Medicina<\/strong><\/p>\n<\/details>\n\n\n\n<div style=\"height:15px\" aria-hidden=\"true\" class=\"wp-block-spacer\"><\/div>\n\n\n\n<details class=\"wp-block-details estilo-tabs is-layout-flow wp-block-details-is-layout-flow\"><summary>Bandas, coros y corales<\/summary>\n<div style=\"height:15px\" aria-hidden=\"true\" class=\"wp-block-spacer\"><\/div>\n\n\n\n<p><strong>Camerata Lacunensis<\/strong><br><strong>Direcci\u00f3n:<\/strong>&nbsp;Francisco Jos\u00e9 Herrero<br><strong>Tel\u00e9fono:<\/strong>&nbsp;678 75 69 54 (director) \/ 52 (actuaciones)<\/p>\n\n\n\n<div style=\"height:15px\" aria-hidden=\"true\" class=\"wp-block-spacer\"><\/div>\n\n\n\n<p><strong>Coro Polif\u00f3nico<\/strong><br><strong>Direcci\u00f3n:<\/strong>&nbsp;Julio Chinea Pedraza<br><strong>Tel\u00e9fono:<\/strong>&nbsp;628 26 76 68<br><strong><a href=\"https:\/\/www.ull.es\/portal\/coro-polifonico\/\" data-type=\"link\" data-id=\"https:\/\/www.ull.es\/portal\/coro-polifonico\/\" target=\"_blank\" rel=\"noopener\">P\u00e1gina web<\/a><\/strong><\/p>\n\n\n\n<div style=\"height:15px\" aria-hidden=\"true\" class=\"wp-block-spacer\"><\/div>\n\n\n\n<p><strong>Coral Universitaria<\/strong><br><strong>Direcci\u00f3n:<\/strong>&nbsp;Juan Ignacio Oliva Cruz<br><strong>Tel\u00e9fono:<\/strong>&nbsp;922 26 36 43<br><strong>Correo electr\u00f3nico:<\/strong>&nbsp;<a href=\"mailto:jioliva@ull.es\" target=\"_blank\" rel=\"noreferrer noopener\" target=\"_blank\" rel=\"noopener\">jioliva@ull.es<\/a><\/p>\n\n\n\n<div style=\"height:15px\" aria-hidden=\"true\" class=\"wp-block-spacer\"><\/div>\n\n\n\n<div style=\"height:15px\" aria-hidden=\"true\" class=\"wp-block-spacer\"><\/div>\n\n\n\n<p><strong>Banda Sinf\u00f3nica de la Universidad de La Laguna<\/strong><br><strong>Presidente: <\/strong>Eduardo Pe\u00f1a<br><strong>Direcci\u00f3n:<\/strong>&nbsp;Paraninfo Universitario<br><strong>Tel\u00e9fono:<\/strong>&nbsp;689 44 51 07<br><strong>Correo electr\u00f3nico:<\/strong>&nbsp;bandaull@ull.es<br><a href=\"https:\/\/www.facebook.com\/bandaull?locale=es_ES\" data-type=\"link\" data-id=\"https:\/\/www.facebook.com\/bandaull?locale=es_ES\" target=\"_blank\" rel=\"noreferrer noopener\" target=\"_blank\" rel=\"noopener\"><strong>Facebook<\/strong><\/a><br><strong><a href=\"https:\/\/www.instagram.com\/bandaull\/\" data-type=\"link\" data-id=\"https:\/\/www.instagram.com\/bandaull\/\" target=\"_blank\" rel=\"noreferrer noopener\" target=\"_blank\" rel=\"noopener\">Instagram<\/a><\/strong><\/p>\n<\/details>\n\n\n\n<div style=\"height:15px\" aria-hidden=\"true\" class=\"wp-block-spacer\"><\/div>\n\n\n\n<details class=\"wp-block-details estilo-tabs is-layout-flow wp-block-details-is-layout-flow\"><summary>Agrupaciones Folcl\u00f3ricas<\/summary>\n<div style=\"height:15px\" aria-hidden=\"true\" class=\"wp-block-spacer\"><\/div>\n\n\n\n<p><strong>Agrupaci\u00f3n Folcl\u00f3rica Universitaria<\/strong><br><strong>Direcci\u00f3n:<\/strong>&nbsp;Eva Rodr\u00edguez<br><strong>Correo electr\u00f3nico:<\/strong>&nbsp;<a href=\"mailto:grupoafu@ull.es\" target=\"_blank\" rel=\"noreferrer noopener\" target=\"_blank\" rel=\"noopener\">grupoafu@ull.es<\/a><br><strong>P\u00e1gina Web:<\/strong>&nbsp;<a href=\"http:\/\/afulalaguna.blogspot.com.es\/\" target=\"_blank\" rel=\"noreferrer noopener\" target=\"_blank\" rel=\"noopener\">afulalaguna.blogspot.com<\/a><\/p>\n\n\n\n<div style=\"height:15px\" aria-hidden=\"true\" class=\"wp-block-spacer\"><\/div>\n\n\n\n<p><strong>Grupo Folkl\u00f3rico de la Facultad de Educaci\u00f3n<\/strong><br><strong>Direcci\u00f3n:<\/strong>&nbsp;Manuel Lorenzo Perera<br><strong>Tel\u00e9fono:<\/strong>&nbsp;922 319 674<\/p>\n<\/details>\n\n\n\n<div style=\"height:15px\" aria-hidden=\"true\" class=\"wp-block-spacer\"><\/div>\n\n\n\n<div class=\"wp-block-uagb-separator uagb-block-36ac2d5a\"><div class=\"uagb-separator-spacing-wrapper\"><div class=\"wp-block-uagb-separator__inner\" style=\"--my-background-image:\"><\/div><\/div><\/div>\n","protected":false},"excerpt":{"rendered":"<p>Groupes culturels universitaires<\/p>","protected":false},"author":2,"featured_media":0,"parent":0,"menu_order":0,"comment_status":"closed","ping_status":"open","template":"templates\/template-frontpage.php","meta":{"footnotes":""},"class_list":["post-2","page","type-page","status-publish","hentry"],"_links":{"self":[{"href":"https:\/\/www.ull.es\/cultura\/colectivos-universitarios\/fr\/wp-json\/wp\/v2\/pages\/2","targetHints":{"allow":["GET"]}}],"collection":[{"href":"https:\/\/www.ull.es\/cultura\/colectivos-universitarios\/fr\/wp-json\/wp\/v2\/pages"}],"about":[{"href":"https:\/\/www.ull.es\/cultura\/colectivos-universitarios\/fr\/wp-json\/wp\/v2\/types\/page"}],"author":[{"embeddable":true,"href":"https:\/\/www.ull.es\/cultura\/colectivos-universitarios\/fr\/wp-json\/wp\/v2\/users\/2"}],"replies":[{"embeddable":true,"href":"https:\/\/www.ull.es\/cultura\/colectivos-universitarios\/fr\/wp-json\/wp\/v2\/comments?post=2"}],"version-history":[{"count":58,"href":"https:\/\/www.ull.es\/cultura\/colectivos-universitarios\/fr\/wp-json\/wp\/v2\/pages\/2\/revisions"}],"predecessor-version":[{"id":119,"href":"https:\/\/www.ull.es\/cultura\/colectivos-universitarios\/fr\/wp-json\/wp\/v2\/pages\/2\/revisions\/119"}],"wp:attachment":[{"href":"https:\/\/www.ull.es\/cultura\/colectivos-universitarios\/fr\/wp-json\/wp\/v2\/media?parent=2"}],"curies":[{"name":"wp","href":"https:\/\/api.w.org\/{rel}","templated":true}]}}